{"id":11541,"date":"2024-06-05T09:44:42","date_gmt":"2024-06-05T07:44:42","guid":{"rendered":"https:\/\/mirrix.be\/?page_id=11541"},"modified":"2025-08-12T19:07:07","modified_gmt":"2025-08-12T17:07:07","slug":"cookie-richtlinie","status":"publish","type":"page","link":"https:\/\/mirrix.be\/de\/cookie-richtlinie\/","title":{"rendered":"Cookie-Richtlinie"},"content":{"rendered":"\t\t<div data-elementor-type=\"wp-page\" data-elementor-id=\"11541\" class=\"elementor elementor-11541 elementor-314\" data-elementor-post-type=\"page\">\n\t\t\t\t<div class=\"elementor-element elementor-element-739f1534 e-flex e-con-boxed e-con e-parent\" data-id=\"739f1534\" data-element_type=\"container\" data-e-type=\"container\" data-settings=\"{&quot;jet_parallax_layout_list&quot;:[]}\">\n\t\t\t\t\t<div class=\"e-con-inner\">\n\t\t\t\t<div class=\"elementor-element elementor-element-475b35b elementor-widget elementor-widget-heading\" data-id=\"475b35b\" data-element_type=\"widget\" data-e-type=\"widget\" data-widget_type=\"heading.default\">\n\t\t\t\t<div class=\"elementor-widget-container\">\n\t\t\t\t\t<h1 class=\"elementor-heading-title elementor-size-default\">Cookie-Richtlinie<\/h1>\t\t\t\t<\/div>\n\t\t\t\t<\/div>\n\t\t\t\t<div class=\"elementor-element elementor-element-14c89aae elementor-widget elementor-widget-shortcode\" data-id=\"14c89aae\" data-element_type=\"widget\" data-e-type=\"widget\" data-widget_type=\"shortcode.default\">\n\t\t\t\t<div class=\"elementor-widget-container\">\n\t\t\t\t\t\t\t<div class=\"elementor-shortcode\">Diese Cookie-Richtlinie wurde zuletzt am 04.07.2025 aktualisiert und gilt f\u00fcr B\u00fcrger und Personen mit rechtm\u00e4\u00dfigem Wohnsitz im Europ\u00e4ischen Wirtschaftsraum und in der Schweiz.\n1. Einleitung\nAuf unserer Website https:\/\/mirrix.be (im Folgenden: \u201edie Website\u201c) werden Cookies und andere verwandte Techniken verwendet. (Im Folgenden werden alle Techniken der Einfachheit halber als \u201eCookies\u201c bezeichnet). Cookies werden auch \u00fcber von uns beauftragte Dritte gesetzt. Im folgenden Dokument informieren wir Sie \u00fcber die Verwendung von Cookies auf unserer Website.\n2. Was sind Cookies?\nEin Cookie ist eine einfache kleine Datei, die mit den Seiten dieser Website mitgesendet und von Ihrem Browser auf der Festplatte Ihres Computers oder eines anderen Ger\u00e4ts gespeichert wird. Die darin gespeicherten Informationen k\u00f6nnen bei einem sp\u00e4teren Besuch wieder an unsere Server oder die der betreffenden Dritten zur\u00fcckgesendet werden.\n3. Was sind Skripte?\nEin Skript ist ein St\u00fcck Programmcode, das verwendet wird, um unsere Website ordnungsgem\u00e4\u00df funktionieren zu lassen und interaktiv zu gestalten. Dieser Code wird auf unserem Server oder auf Ihrem Ger\u00e4t ausgef\u00fchrt.\n4. Was ist ein Web-Beacon?\nEin Web-Beacon (auch Pixel-Tag) ist ein kleines, unsichtbares St\u00fcck Text oder Bild auf einer Website, das verwendet wird, um den Traffic auf einer Website zu erfassen. Zu diesem Zweck werden mit Hilfe von Web-Beacons verschiedene Daten von Ihnen gespeichert.\n5. Cookies\n5.1 Technische oder funktionale Cookies\nEinige Cookies sorgen daf\u00fcr, dass bestimmte Teile der Website ordnungsgem\u00e4\u00df funktionieren und dass Ihre Pr\u00e4ferenzen gespeichert bleiben. Durch das Setzen von funktionalen Cookies erleichtern wir Ihnen den Besuch unserer Website. So m\u00fcssen Sie bei einem Besuch unserer Website nicht wiederholt dieselben Informationen eingeben und beispielsweise bleiben die Artikel in Ihrem Warenkorb bis zur Bezahlung gespeichert. Wir k\u00f6nnen diese Cookies ohne Ihre Zustimmung setzen.\n5.2 Statistik-Cookies\nWir verwenden Statistik-Cookies, um das Erlebnis f\u00fcr unsere Nutzer zu optimieren. Mithilfe von Statistik-Cookies erhalten wir Einblicke in die Nutzung unserer Website. Wir bitten Sie um Ihre Zustimmung zum Setzen von Statistik-Cookies.\n5.3 Marketing-\/Tracking-Cookies\nMarketing-\/Tracking-Cookies sind Cookies oder jede andere Form der lokalen Speicherung, die verwendet werden, um Nutzerprofile zu erstellen, mit dem Ziel, Werbung anzuzeigen oder den Nutzer auf dieser oder verschiedenen Websites f\u00fcr \u00e4hnliche Marketingzwecke zu verfolgen.\n6. Gesetzte Cookies\nGoogle Fonts\nMarketing\nZustimmung zum Dienst google-fonts \nGoogle reCAPTCHA\nMarketing, Funktional\nZustimmung zum Dienst google-recaptcha \nComplianz\nFunktional\nZustimmung zum Dienst complianz \nWistia\nStatistiken, Marketing\nZustimmung zum Dienst wistia \nElementor\nStatistiken (anonym)\nZustimmung zum Dienst Elementor \nWordPress\nFunktional\nZustimmung zum Dienst WordPress \nWordfence\nFunktional\nZustimmung zum Dienst Wordfence \nBurst Statistics\nStatistiken (anonym)\nZustimmung zum Dienst Burst Statistics \nSonstiges\nZweck wird gepr\u00fcft\nZustimmung zum Dienst Verschiedenes \n7. Zustimmung\nWenn Sie unsere Website zum ersten Mal besuchen, zeigen wir Ihnen ein Pop-up-Fenster mit Erl\u00e4uterungen zu Cookies an. Sobald Sie auf \u201eEinstellungen speichern\u201d klicken, geben Sie uns Ihre Zustimmung zur Verwendung der Kategorien von Cookies und Plug-ins, die Sie im Pop-up-Fenster ausgew\u00e4hlt haben und die in der Cookie-Richtlinie beschrieben sind. Sie k\u00f6nnen das Setzen von Cookies \u00fcber Ihren Browser deaktivieren, m\u00fcssen jedoch ber\u00fccksichtigen, dass unsere Website dann m\u00f6glicherweise nicht mehr optimal funktioniert.\n7.1 Verwalten Sie Ihre Cookie-Einwilligung\nFunktional Immer aktiv \nEinstellungen Einstellungen \nStatistiken Statistiken \nMarketing Marketing \n8. Cookies aktivieren\/deaktivieren und l\u00f6schen\n\u00dcber Ihren Internetbrowser k\u00f6nnen Sie Cookies automatisch oder manuell l\u00f6schen. Sie k\u00f6nnen auch festlegen, dass bestimmte Cookies nicht gesetzt werden d\u00fcrfen. Eine weitere M\u00f6glichkeit besteht darin, Ihren Internetbrowser so einzustellen, dass Sie eine Meldung erhalten, wenn ein Cookie gesetzt wird. Weitere Informationen zu diesen M\u00f6glichkeiten finden Sie in den Anweisungen der Hilfefunktion Ihres Browsers.\nBitte beachten Sie: Unsere Website funktioniert m\u00f6glicherweise nicht optimal, wenn alle Cookies deaktiviert sind. Wenn Sie die Cookies in Ihrem Browser l\u00f6schen, werden sie nach Ihrer Zustimmung bei einem erneuten Besuch unserer Website erneut gesetzt.\n9. Ihre Rechte in Bezug auf personenbezogene Daten\nSie haben die folgenden Rechte in Bezug auf Ihre personenbezogenen Daten:\n\u2022 Sie haben das Recht zu erfahren, warum Ihre personenbezogenen Daten ben\u00f6tigt werden, was mit ihnen geschieht und wie lange sie gespeichert werden.\n\u2022 Recht auf Einsicht: Sie k\u00f6nnen einen Antrag auf Einsicht in die Daten stellen, die wir von Ihnen verarbeiten.\n\u2022 Recht auf Berichtigung und Erg\u00e4nzung: Sie haben das Recht, Ihre personenbezogenen Daten jederzeit zu erg\u00e4nzen, zu berichtigen, zu l\u00f6schen oder zu sperren.\n\u2022 Wenn Sie uns die Einwilligung zur Verarbeitung Ihrer Daten erteilt haben, haben Sie das Recht, diese Einwilligung zu widerrufen und Ihre personenbezogenen Daten l\u00f6schen zu lassen.\n\u2022 Recht auf Daten\u00fcbertragbarkeit: Sie haben das Recht, alle Ihre personenbezogenen Daten anzufordern.\n10. Kontaktinformationen\nBei Fragen und\/oder Anmerkungen zu unserer Cookie-Richtlinie und dieser Erkl\u00e4rung k\u00f6nnen Sie uns \u00fcber die folgenden Kontaktinformationen erreichen:\nWeefweelde\nMeerbos 18, 9260 Wichelen\nBelgien\nWebsite: https:\/\/mirrix.be\nE-Mail: info@mirrix.eu\nDiese Cookie-Richtlinie wurde am 06.08.2025 mit cookiedatabase.org synchronisiert.\n<\/div>\n\t\t\t\t\t\t<\/div>\n\t\t\t\t<\/div>\n\t\t\t\t\t<\/div>\n\t\t\t\t<\/div>\n\t\t\t\t<\/div>\n\t\t","protected":false},"excerpt":{"rendered":"<p>Cookie-Richtlinie Diese Cookie-Richtlinie wurde zuletzt am 04.07.2025 aktualisiert und gilt f\u00fcr B\u00fcrger und Personen mit rechtm\u00e4\u00dfigem Wohnsitz im Europ\u00e4ischen Wirtschaftsraum und in der Schweiz. 1. Einleitung Auf unserer Website https:\/\/mirrix.be (im Folgenden: \u201edie Website\u201c) werden Cookies und andere verwandte Techniken verwendet. (Im Folgenden werden alle Techniken der Einfachheit halber als \u201eCookies\u201c bezeichnet). Cookies werden auch [&hellip;]<\/p>\n","protected":false},"author":2,"featured_media":0,"parent":0,"menu_order":0,"comment_status":"closed","ping_status":"closed","template":"","meta":{"footnotes":""},"class_list":["post-11541","page","type-page","status-publish","hentry"],"_links":{"self":[{"href":"https:\/\/mirrix.be\/de\/wp-json\/wp\/v2\/pages\/11541","targetHints":{"allow":["GET"]}}],"collection":[{"href":"https:\/\/mirrix.be\/de\/wp-json\/wp\/v2\/pages"}],"about":[{"href":"https:\/\/mirrix.be\/de\/wp-json\/wp\/v2\/types\/page"}],"author":[{"embeddable":true,"href":"https:\/\/mirrix.be\/de\/wp-json\/wp\/v2\/users\/2"}],"replies":[{"embeddable":true,"href":"https:\/\/mirrix.be\/de\/wp-json\/wp\/v2\/comments?post=11541"}],"version-history":[{"count":0,"href":"https:\/\/mirrix.be\/de\/wp-json\/wp\/v2\/pages\/11541\/revisions"}],"wp:attachment":[{"href":"https:\/\/mirrix.be\/de\/wp-json\/wp\/v2\/media?parent=11541"}],"curies":[{"name":"wp","href":"https:\/\/api.w.org\/{rel}","templated":true}]}}