{"id":11575,"date":"2024-09-17T14:09:51","date_gmt":"2024-09-17T12:09:51","guid":{"rendered":"https:\/\/mirrix.be\/?page_id=11575"},"modified":"2025-08-13T11:03:47","modified_gmt":"2025-08-13T09:03:47","slug":"rueckgaberecht","status":"publish","type":"page","link":"https:\/\/mirrix.be\/de\/rueckgaberecht\/","title":{"rendered":"Widerrufsrecht"},"content":{"rendered":"\t\t<div data-elementor-type=\"wp-page\" data-elementor-id=\"11575\" class=\"elementor elementor-11575 elementor-5032\" data-elementor-post-type=\"page\">\n\t\t\t\t<div class=\"elementor-element elementor-element-d92fbd6 e-flex e-con-boxed e-con e-parent\" data-id=\"d92fbd6\" data-element_type=\"container\" data-e-type=\"container\" data-settings=\"{&quot;jet_parallax_layout_list&quot;:[]}\">\n\t\t\t\t\t<div class=\"e-con-inner\">\n\t\t<div class=\"elementor-element elementor-element-6bacb33 e-con-full e-flex e-con e-child\" data-id=\"6bacb33\" data-element_type=\"container\" data-e-type=\"container\" data-settings=\"{&quot;jet_parallax_layout_list&quot;:[]}\">\n\t\t\t\t<div class=\"elementor-element elementor-element-1d580b1 elementor-widget elementor-widget-heading\" data-id=\"1d580b1\" data-element_type=\"widget\" data-e-type=\"widget\" data-widget_type=\"heading.default\">\n\t\t\t\t<div class=\"elementor-widget-container\">\n\t\t\t\t\t<h1 class=\"elementor-heading-title elementor-size-default\">Widerrufsrecht<\/h1>\t\t\t\t<\/div>\n\t\t\t\t<\/div>\n\t\t\t\t<div class=\"elementor-element elementor-element-3a3f728 elementor-widget elementor-widget-text-editor\" data-id=\"3a3f728\" data-element_type=\"widget\" data-e-type=\"widget\" data-widget_type=\"text-editor.default\">\n\t\t\t\t<div class=\"elementor-widget-container\">\n\t\t\t\t\t\t\t\t\t<p>Die Bestimmungen dieses Artikels gelten nur f\u00fcr Kunden, die in ihrer Eigenschaft als Verbraucher Artikel online bei Marka BV kaufen.<\/p><p>Der Kunde hat das Recht, den Vertrag innerhalb einer Frist von 14 Kalendertagen ohne Angabe von Gr\u00fcnden zu widerrufen.<\/p><p>Die Widerrufsfrist betr\u00e4gt 14 Kalendertage ab dem Tag, an dem der Kunde oder ein vom Kunden benannter Dritter, der nicht der Bef\u00f6rderer ist, die Ware physisch in Besitz nimmt. Erfolgt die Lieferung der Gesamtbestellung in Teillieferungen, gilt das Datum des Eingangs des jeweiligen Artikels und nicht das Datum des Eingangs der gesamten Bestellung.<\/p><p>Bei Vertr\u00e4gen \u00fcber die regelm\u00e4\u00dfige Lieferung von Waren w\u00e4hrend eines bestimmten Zeitraums gilt das Datum, an dem der Kunde oder ein vom Kunden benannter Dritter, der nicht der Bef\u00f6rderer ist, die erste Ware physisch in Besitz nimmt.<\/p><p>Um das Widerrufsrecht auszu\u00fcben, muss der Kunde Marka BV, Meerbos 18, 9260 Wichelen, Belgien, durch eine eindeutige schriftliche Erkl\u00e4rung per Einschreiben oder per E-Mail mit der Option \u201eZustellungsbest\u00e4tigung\u201d \u00fcber seine Entscheidung, den Vertrag zu widerrufen, informieren. Erfolgt dies per E-Mail, muss der Kunde den Nachweis \u00fcber den Versand aufbewahren, um ihn auf einfache Anfrage von Marka BV vorlegen zu k\u00f6nnen. Der Kunde kann hierf\u00fcr ein Muster-Widerrufsformular verwenden, das auf einfache Anfrage bei Marka BV angefordert werden kann, ist jedoch nicht dazu verpflichtet.<\/p><p>Um die Widerrufsfrist einzuhalten, muss der Kunde seine Mitteilung \u00fcber die Aus\u00fcbung seines Widerrufsrechts vor Ablauf der Widerrufsfrist absenden.<\/p><p>Der Kunde muss die Waren unverz\u00fcglich, sp\u00e4testens jedoch innerhalb von 14 Kalendertagen nach dem Tag, an dem er Marka BV seine Entscheidung zum Widerruf des Vertrags mitgeteilt hat, an Marka BV zur\u00fccksenden oder \u00fcbergeben. Der Kunde ist rechtzeitig, wenn er die Waren vor Ablauf der Frist von 14 Kalendertagen zur\u00fccksendet.<\/p><p>Die unmittelbaren Kosten der R\u00fccksendung der Waren tr\u00e4gt der Kunde.<\/p><p>Der Kunde wird gebeten, die Artikel in ihrem urspr\u00fcnglichen Zustand und in ihrer Originalverpackung mit allen mitgelieferten Zubeh\u00f6rteilen und Gebrauchsanweisungen zur\u00fcckzusenden. Wenn das zur\u00fcckgesandte Produkt in irgendeiner Weise an Wert verloren hat, beh\u00e4lt sich Marka BV das Recht vor, den Kunden haftbar zu machen und Schadensersatz f\u00fcr jede Wertminderung der Waren zu verlangen, die auf eine \u00fcber die Feststellung der Art, der Eigenschaften und der Funktionsweise der Waren hinausgehende Nutzung durch den Kunden zur\u00fcckzuf\u00fchren ist.<\/p><p>Alle zur\u00fcckgesandten Artikel werden sorgf\u00e4ltig gepr\u00fcft. Dabei gilt der Grundsatz, dass der Verbraucher den Artikel nur so pr\u00fcfen darf, wie er es in einem Gesch\u00e4ft tun d\u00fcrfte. Zur\u00fcckgesandte Artikel d\u00fcrfen nicht benutzt worden sein. Wenn ein Artikel durch die Benutzung durch den Kunden an Wert verloren hat, wird dies dem Kunden in Rechnung gestellt.<\/p><p>Wenn der Kunde den Vertrag widerruft, erstattet Marka BV alle bis zu diesem Zeitpunkt vom Kunden erhaltenen Zahlungen, einschlie\u00dflich der Standardversandkosten, sp\u00e4testens 14 Tage<\/p><p>nach Erhalt aller Waren oder nach Nachweis der R\u00fccksendung der Waren durch den Kunden, je nachdem, welcher Zeitpunkt fr\u00fcher liegt.<\/p><p>Eventuelle zus\u00e4tzliche Kosten, die dadurch entstehen, dass der Kunde eine andere als die von Marka BV angebotene g\u00fcnstigste Standardlieferung gew\u00e4hlt hat, werden nicht erstattet.<\/p><p>Marka BV erstattet dem Kunden den Kaufpreis mit dem gleichen Zahlungsmittel, mit dem der Kunde die urspr\u00fcngliche Transaktion get\u00e4tigt hat, es sei denn, der Kunde hat ausdr\u00fccklich etwas anderes vereinbart; in jedem Fall werden dem Kunden f\u00fcr eine solche R\u00fcckerstattung keine Kosten berechnet.<\/p><p>Der Kunde kann das Widerrufsrecht nicht aus\u00fcben f\u00fcr:<\/p><p>\u2022 die Lieferung von Waren, die nach Kundenspezifikationen angefertigt wurden oder eindeutig auf die pers\u00f6nlichen Bed\u00fcrfnisse zugeschnitten sind;<\/p><p>\u2022 die Lieferung von Waren, die nach der Lieferung aufgrund ihrer Beschaffenheit untrennbar mit anderen Produkten vermischt wurden;<\/p><p>\u2022 Vertr\u00e4ge, bei denen der Kunde Marka BV ausdr\u00fccklich gebeten hat, ihn zu besuchen, um dort dringende Reparaturen oder Wartungsarbeiten durchzuf\u00fchren;<\/p><p>\u2022 Vertr\u00e4ge, die w\u00e4hrend einer \u00f6ffentlichen Versteigerung geschlossen wurden<\/p><div id=\"ConnectiveDocSignExtentionInstalled\" data-extension-version=\"1.0.4\">\u00a0<\/div>\t\t\t\t\t\t\t\t<\/div>\n\t\t\t\t<\/div>\n\t\t\t\t<\/div>\n\t\t\t\t\t<\/div>\n\t\t\t\t<\/div>\n\t\t\t\t<\/div>\n\t\t","protected":false},"excerpt":{"rendered":"<p>Widerrufsrecht Die Bestimmungen dieses Artikels gelten nur f\u00fcr Kunden, die in ihrer Eigenschaft als Verbraucher Artikel online bei Marka BV kaufen. Der Kunde hat das Recht, den Vertrag innerhalb einer Frist von 14 Kalendertagen ohne Angabe von Gr\u00fcnden zu widerrufen. Die Widerrufsfrist betr\u00e4gt 14 Kalendertage ab dem Tag, an dem der Kunde oder ein vom [&hellip;]<\/p>\n","protected":false},"author":2,"featured_media":0,"parent":0,"menu_order":0,"comment_status":"closed","ping_status":"closed","template":"","meta":{"footnotes":""},"class_list":["post-11575","page","type-page","status-publish","hentry"],"_links":{"self":[{"href":"https:\/\/mirrix.be\/de\/wp-json\/wp\/v2\/pages\/11575","targetHints":{"allow":["GET"]}}],"collection":[{"href":"https:\/\/mirrix.be\/de\/wp-json\/wp\/v2\/pages"}],"about":[{"href":"https:\/\/mirrix.be\/de\/wp-json\/wp\/v2\/types\/page"}],"author":[{"embeddable":true,"href":"https:\/\/mirrix.be\/de\/wp-json\/wp\/v2\/users\/2"}],"replies":[{"embeddable":true,"href":"https:\/\/mirrix.be\/de\/wp-json\/wp\/v2\/comments?post=11575"}],"version-history":[{"count":0,"href":"https:\/\/mirrix.be\/de\/wp-json\/wp\/v2\/pages\/11575\/revisions"}],"wp:attachment":[{"href":"https:\/\/mirrix.be\/de\/wp-json\/wp\/v2\/media?parent=11575"}],"curies":[{"name":"wp","href":"https:\/\/api.w.org\/{rel}","templated":true}]}}