{"id":12986,"date":"2024-06-04T09:30:59","date_gmt":"2024-06-04T07:30:59","guid":{"rendered":"https:\/\/mirrix.be\/datenschutz-2\/"},"modified":"2025-08-31T21:01:10","modified_gmt":"2025-08-31T19:01:10","slug":"datenschutz-2","status":"publish","type":"page","link":"https:\/\/mirrix.be\/de\/datenschutz-2\/","title":{"rendered":"Datenschutz"},"content":{"rendered":"\t\t<div data-elementor-type=\"wp-page\" data-elementor-id=\"12986\" class=\"elementor elementor-12986 elementor-3\" data-elementor-post-type=\"page\">\n\t\t\t\t<div class=\"elementor-element elementor-element-2132d0d e-flex e-con-boxed e-con e-parent\" data-id=\"2132d0d\" data-element_type=\"container\" data-e-type=\"container\" data-settings=\"{&quot;jet_parallax_layout_list&quot;:[]}\">\n\t\t\t\t\t<div class=\"e-con-inner\">\n\t\t<div class=\"elementor-element elementor-element-41a228d e-con-full e-flex e-con e-child\" data-id=\"41a228d\" data-element_type=\"container\" data-e-type=\"container\" data-settings=\"{&quot;jet_parallax_layout_list&quot;:[]}\">\n\t\t\t\t<div class=\"elementor-element elementor-element-a139fe0 elementor-widget elementor-widget-heading\" data-id=\"a139fe0\" data-element_type=\"widget\" data-e-type=\"widget\" data-widget_type=\"heading.default\">\n\t\t\t\t<div class=\"elementor-widget-container\">\n\t\t\t\t\t<h1 class=\"elementor-heading-title elementor-size-default\">Datenschutz<\/h1>\t\t\t\t<\/div>\n\t\t\t\t<\/div>\n\t\t\t\t<div class=\"elementor-element elementor-element-c22e65f elementor-widget elementor-widget-text-editor\" data-id=\"c22e65f\" data-element_type=\"widget\" data-e-type=\"widget\" data-widget_type=\"text-editor.default\">\n\t\t\t\t<div class=\"elementor-widget-container\">\n\t\t\t\t\t\t\t\t\t<p>Diese Website ist Eigentum von <strong>Marka BV<\/strong>. Durch den Zugriff auf und die Nutzung der Website erkl\u00e4ren Sie sich ausdr\u00fccklich einverstanden mit den folgenden allgemeinen Gesch\u00e4ftsbedingungen. <\/p><p><strong>Adres: <\/strong><span class=\"cmplz-contact-address\">Meerbos 18, 9260 wichelen; Belgien<\/span><br><strong>E-mail: <\/strong>info@mirrix.eu<br><strong>VAT: <\/strong>BE0662 681 729<\/p>\t\t\t\t\t\t\t\t<\/div>\n\t\t\t\t<\/div>\n\t\t\t\t<div class=\"elementor-element elementor-element-523e85e elementor-widget elementor-widget-heading\" data-id=\"523e85e\" data-element_type=\"widget\" data-e-type=\"widget\" data-widget_type=\"heading.default\">\n\t\t\t\t<div class=\"elementor-widget-container\">\n\t\t\t\t\t<h4 class=\"elementor-heading-title elementor-size-default\">Personenbezogene Daten, die wir verarbeiten<\/h4>\t\t\t\t<\/div>\n\t\t\t\t<\/div>\n\t\t\t\t<div class=\"elementor-element elementor-element-4869ad3 elementor-widget elementor-widget-text-editor\" data-id=\"4869ad3\" data-element_type=\"widget\" data-e-type=\"widget\" data-widget_type=\"text-editor.default\">\n\t\t\t\t<div class=\"elementor-widget-container\">\n\t\t\t\t\t\t\t\t\t<p>Mirrix EU verarbeitet Ihre personenbezogenen Daten dadurch, dass Sie unsere Dienstleistungen nutzen und\/oder weil Sie diese Daten selbst an uns \u00fcbermitteln.<\/p><p>Nachstehend finden Sie eine \u00dcbersicht \u00fcber die personenbezogenen Daten, die wir verarbeiten:<\/p><ul><li>Vorname- und Nachname<\/li><li>E-Mail-Adresse<\/li><li>Telefon Nummer<\/li><li>Firmenname, Adresse Angaben Unternehmen, Umsatzsteuer-Identifikationsnummer<\/li><li>Internetbrowser und Ger\u00e4t Typ<\/li><\/ul>\t\t\t\t\t\t\t\t<\/div>\n\t\t\t\t<\/div>\n\t\t\t\t<div class=\"elementor-element elementor-element-187ab1f elementor-widget elementor-widget-heading\" data-id=\"187ab1f\" data-element_type=\"widget\" data-e-type=\"widget\" data-widget_type=\"heading.default\">\n\t\t\t\t<div class=\"elementor-widget-container\">\n\t\t\t\t\t<h4 class=\"elementor-heading-title elementor-size-default\">Besondere und\/oder sensible personenbezogene Daten, die wir verarbeiten<\/h4>\t\t\t\t<\/div>\n\t\t\t\t<\/div>\n\t\t\t\t<div class=\"elementor-element elementor-element-058b661 elementor-widget elementor-widget-text-editor\" data-id=\"058b661\" data-element_type=\"widget\" data-e-type=\"widget\" data-widget_type=\"text-editor.default\">\n\t\t\t\t<div class=\"elementor-widget-container\">\n\t\t\t\t\t\t\t\t\t<p>Unsere Website und\/oder Dienstleistung hat nicht die Absicht, Daten zu sammeln \u00fcber Website-Besucher, die j\u00fcnger als 16 Jahre sind. Es sei denn, sie haben die Zustimmung ihrer Eltern oder Erziehungsberechtigten. Wir k\u00f6nnen jedoch nicht kontrollieren, ob ein Besucher \u00e4lter als 16 ist. Wir empfehlen Eltern daher auch sich zu engagieren bei den Online-Aktivit\u00e4ten ihrer Kinder zu sein, um so zu verhindern dass Daten \u00fcber Kinder gesammelt werden ohne elterliche Zustimmung. Wenn Sie \u00fcberzeugt sind, dass wir ohne diese Einwilligung personenbezogene Daten haben gesammelt \u00fcber einen Minderj\u00e4hrigen, kontaktieren Sie uns bitte unter dieser E-Mail-Adresse: <a href=\"mailto:info@wmirrix.eu\">info@mirrix.eu<\/a>. dann l\u00f6schen wir diese Informationen.    <\/p>\t\t\t\t\t\t\t\t<\/div>\n\t\t\t\t<\/div>\n\t\t\t\t<div class=\"elementor-element elementor-element-55a57f3 elementor-widget elementor-widget-heading\" data-id=\"55a57f3\" data-element_type=\"widget\" data-e-type=\"widget\" data-widget_type=\"heading.default\">\n\t\t\t\t<div class=\"elementor-widget-container\">\n\t\t\t\t\t<h4 class=\"elementor-heading-title elementor-size-default\">Zu welchem Zweck und auf Grundlage welcher Rechtsgrundlage wir personenbezogene Daten verarbeiten<\/h4>\t\t\t\t<\/div>\n\t\t\t\t<\/div>\n\t\t\t\t<div class=\"elementor-element elementor-element-f839d98 elementor-widget elementor-widget-text-editor\" data-id=\"f839d98\" data-element_type=\"widget\" data-e-type=\"widget\" data-widget_type=\"text-editor.default\">\n\t\t\t\t<div class=\"elementor-widget-container\">\n\t\t\t\t\t\t\t\t\t<ul><li>Mirrix EU verarbeitet Ihre personenbezogenen Daten f\u00fcr die folgenden Zwecke:<\/li><li>Versand von unserem Newsletter und\/oder Werbeprospekt<\/li><li>Sie k\u00f6nnen anrufen oder eine E-Mail senden wenn dies notwendig ist um unsere Dienstleistungen auszuf\u00fchren zu k\u00f6nnen durchzuf\u00fchren<\/li><li>Sie \u00fcber \u00c4nderungen an unseren Dienstleistungen und Produkten informieren<\/li><li>Om goederen en diensten bij je af te leveren<\/li><li>Mirrix EU analyseert jouw gedrag op de website om daarmee de website te verbeteren en het aanbod van producten en diensten af te stemmen op jouw voorkeuren.<\/li><\/ul><p>Sie sind nicht verpflichtet Ihre personenbezogenen Daten freiwillig anzugeben, aber es ist logisch, dass es bringung bestimmter Dienstleistungen unm\u00f6glich wird, wenn Sie die Verarbeitung verweigern.<\/p>\t\t\t\t\t\t\t\t<\/div>\n\t\t\t\t<\/div>\n\t\t\t\t<div class=\"elementor-element elementor-element-d1b4df9 elementor-widget elementor-widget-heading\" data-id=\"d1b4df9\" data-element_type=\"widget\" data-e-type=\"widget\" data-widget_type=\"heading.default\">\n\t\t\t\t<div class=\"elementor-widget-container\">\n\t\t\t\t\t<h4 class=\"elementor-heading-title elementor-size-default\">Wie lange wir personenbezogene Daten aufbewahren<\/h4>\t\t\t\t<\/div>\n\t\t\t\t<\/div>\n\t\t\t\t<div class=\"elementor-element elementor-element-2d5879a elementor-widget elementor-widget-text-editor\" data-id=\"2d5879a\" data-element_type=\"widget\" data-e-type=\"widget\" data-widget_type=\"text-editor.default\">\n\t\t\t\t<div class=\"elementor-widget-container\">\n\t\t\t\t\t\t\t\t\t<p>Mirrix EU speichert Ihre personenbezogenen Daten nicht l\u00e4nger als unbedingt erforderlich ist um die Zwecke zu erreichen, f\u00fcr die Ihre Daten erhoben werden. Wir wenden die folgenden Aufbewahrungsfristen f\u00fcr die folgenden (Kategorien) personenbezogener Daten an: <\/p><ul><li>Solange Sie Kunde sind bei Weefweelde, werden Ihre Daten gespeichert.<\/li><li>Wenn man kein Kunde mehr ist, werden personenbezogene Daten innerhalb von 3 Monaten gel\u00f6scht, mit Ausnahme der Daten, die Weefweelde gesetzlich aufbewahren muss, wie beispielsweise Rechnungen und buchhalterische Dokumente.<\/li><li>Bei einem Interessenten werden die personenbezogenen Daten 3 Monate nach dem letzten Kontakt gel\u00f6scht.<\/li><\/ul>\t\t\t\t\t\t\t\t<\/div>\n\t\t\t\t<\/div>\n\t\t\t\t<div class=\"elementor-element elementor-element-3d387b6 elementor-widget elementor-widget-heading\" data-id=\"3d387b6\" data-element_type=\"widget\" data-e-type=\"widget\" data-widget_type=\"heading.default\">\n\t\t\t\t<div class=\"elementor-widget-container\">\n\t\t\t\t\t<h4 class=\"elementor-heading-title elementor-size-default\">Weitergabe von personenbezogenen Daten an Dritte<\/h4>\t\t\t\t<\/div>\n\t\t\t\t<\/div>\n\t\t\t\t<div class=\"elementor-element elementor-element-6f1d6d9 elementor-widget elementor-widget-text-editor\" data-id=\"6f1d6d9\" data-element_type=\"widget\" data-e-type=\"widget\" data-widget_type=\"text-editor.default\">\n\t\t\t\t<div class=\"elementor-widget-container\">\n\t\t\t\t\t\t\t\t\t<p>Mirrix EU gibt ausschlie\u00dflich Daten an Dritte und nur, wenn dies notwendig ist a10&gt; f\u00fcr die Ausf\u00fchrung von unserem Vertrag mit Ihnen oder um eine gesetzliche Verpflichtung zu erf\u00fcllen eine gesetzliche Verpflichtung<\/p>\t\t\t\t\t\t\t\t<\/div>\n\t\t\t\t<\/div>\n\t\t\t\t<div class=\"elementor-element elementor-element-faf0358 elementor-widget elementor-widget-heading\" data-id=\"faf0358\" data-element_type=\"widget\" data-e-type=\"widget\" data-widget_type=\"heading.default\">\n\t\t\t\t<div class=\"elementor-widget-container\">\n\t\t\t\t\t<h4 class=\"elementor-heading-title elementor-size-default\">Daten einsehen, \u00e4ndern oder l\u00f6schen<\/h4>\t\t\t\t<\/div>\n\t\t\t\t<\/div>\n\t\t\t\t<div class=\"elementor-element elementor-element-f6572e7 elementor-widget elementor-widget-text-editor\" data-id=\"f6572e7\" data-element_type=\"widget\" data-e-type=\"widget\" data-widget_type=\"text-editor.default\">\n\t\t\t\t<div class=\"elementor-widget-container\">\n\t\t\t\t\t\t\t\t\t<p>Sie haben das Recht, Ihre personenbezogenen Daten einzusehen, zu korrigieren oder zu l\u00f6schen. Dar\u00fcber hinaus haben Sie das Recht auf deine etwaige Einwilligung f\u00fcr die Datenverarbeitung in zu widerrufen oder Widerspruch einzulegen die Verarbeitung Ihrer personenbezogenen Daten durch Weefweelde und haben Sie das Recht auf Daten\u00fcbertragbarkeit. Das bedeutet dass Sie bei uns eine Anfrage einreichen k\u00f6nnen um die personenbezogenen Daten wir von Ihnen verf\u00fcgen in einer Computerdatei an Sie oder eine andere Person durch Sie genannte Organisation, zu senden.  <\/p><p>Je kunt een verzoek tot inzage, correctie, verwijdering, gegevensoverdraging van je persoonsgegevens of verzoek tot intrekking van je toestemming of bezwaar op de verwerking van jouw persoonsgegevens sturen naar <a href=\"mailto:info@mirrix.eu\">info@mirrix.eu<\/a>.<\/p><p>Um sicher zu sein dass es die Antrag auf Einsichtnahme durch Sie gestellt wurde, bitten wir Sie eine Kopie Ihres Ausweises entweder per E-Mail an<a href=\"mailto:info@mirrix.eu\"> info@mirrix.eu<\/a>, per Post an Meerbos 18, 9260 Wichelen, Belgien, mit Beif\u00fcgung einer Kopie Ihres Personalausweises. Wir antworten so schnell m\u00f6glich, innerhalb von vier Wochen auf Ihre Anfrage. <\/p><p>Weefweelde m\u00f6chte dich ebenfalls darauf hinweisen , dass du die M\u00f6glichkeit hast, eine eine Beschwerde bei der belgischen Datenschutzkommission einzureichen: Kommission f\u00fcr den Schutz der pers\u00f6nlichen Sph\u00e4re, Drukpersstraat 35, 1000 Br\u00fcssel, Tel. +32 (0)2 274 48 00, Fax +32 (0)2 274 48 35, E-Mail: <a href=\"mailto:commission@privacycommission.be\">commission@privacycommission.be<\/a>.<\/p>\t\t\t\t\t\t\t\t<\/div>\n\t\t\t\t<\/div>\n\t\t\t\t<div class=\"elementor-element elementor-element-f894ef0 elementor-widget elementor-widget-heading\" data-id=\"f894ef0\" data-element_type=\"widget\" data-e-type=\"widget\" data-widget_type=\"heading.default\">\n\t\t\t\t<div class=\"elementor-widget-container\">\n\t\t\t\t\t<h4 class=\"elementor-heading-title elementor-size-default\">Wie wir personenbezogene Daten sch\u00fctzen<\/h4>\t\t\t\t<\/div>\n\t\t\t\t<\/div>\n\t\t\t\t<div class=\"elementor-element elementor-element-653ba67 elementor-widget elementor-widget-text-editor\" data-id=\"653ba67\" data-element_type=\"widget\" data-e-type=\"widget\" data-widget_type=\"text-editor.default\">\n\t\t\t\t<div class=\"elementor-widget-container\">\n\t\t\t\t\t\t\t\t\t<p>Weefweelde nimmt den Schutz Ihrer Daten ernst und ergreift geeignete Ma\u00dfnahmen um Missbrauch zu verhindern. Wenn Sie die Idee haben, dass Ihre Daten dennoch nicht gut gesichert sind oder es Hinweise auf Missbrauch gibt, nehmen Sie dann Kontakt \u00fcber <a href=\"mailto:info@mirrix.eu\">info@mirrix.eu<\/a> auf. <\/p><p><em>Zuletzt ge\u00e4ndert am 5. Juni 2024. <\/em><\/p>\t\t\t\t\t\t\t\t<\/div>\n\t\t\t\t<\/div>\n\t\t\t\t<\/div>\n\t\t\t\t\t<\/div>\n\t\t\t\t<\/div>\n\t\t\t\t<\/div>\n\t\t","protected":false},"excerpt":{"rendered":"<p>Datenschutz Diese Website ist Eigentum von Marka BV. Durch den Zugriff auf und die Nutzung der Website erkl\u00e4ren Sie sich ausdr\u00fccklich einverstanden mit den folgenden allgemeinen Gesch\u00e4ftsbedingungen. Adres: Meerbos 18, 9260 wichelen; BelgienE-mail: info@mirrix.euVAT: BE0662 681 729 Personenbezogene Daten, die wir verarbeiten Mirrix EU verarbeitet Ihre personenbezogenen Daten dadurch, dass Sie unsere Dienstleistungen nutzen und\/oder [&hellip;]<\/p>\n","protected":false},"author":1,"featured_media":0,"parent":0,"menu_order":0,"comment_status":"closed","ping_status":"closed","template":"","meta":{"footnotes":""},"class_list":["post-12986","page","type-page","status-publish","hentry"],"_links":{"self":[{"href":"https:\/\/mirrix.be\/de\/wp-json\/wp\/v2\/pages\/12986","targetHints":{"allow":["GET"]}}],"collection":[{"href":"https:\/\/mirrix.be\/de\/wp-json\/wp\/v2\/pages"}],"about":[{"href":"https:\/\/mirrix.be\/de\/wp-json\/wp\/v2\/types\/page"}],"author":[{"embeddable":true,"href":"https:\/\/mirrix.be\/de\/wp-json\/wp\/v2\/users\/1"}],"replies":[{"embeddable":true,"href":"https:\/\/mirrix.be\/de\/wp-json\/wp\/v2\/comments?post=12986"}],"version-history":[{"count":0,"href":"https:\/\/mirrix.be\/de\/wp-json\/wp\/v2\/pages\/12986\/revisions"}],"wp:attachment":[{"href":"https:\/\/mirrix.be\/de\/wp-json\/wp\/v2\/media?parent=12986"}],"curies":[{"name":"wp","href":"https:\/\/api.w.org\/{rel}","templated":true}]}}