{"id":10080,"date":"2024-09-12T18:29:04","date_gmt":"2024-09-12T16:29:04","guid":{"rendered":"https:\/\/mirrix.be\/big-sister-webrahmen-16%e2%80%b3-40-cm-leistungsstark-leicht-und-vielseitig\/"},"modified":"2025-08-19T17:27:09","modified_gmt":"2025-08-19T15:27:09","slug":"big-sister-webrahmen-40-cm","status":"publish","type":"product","link":"https:\/\/mirrix.be\/de\/big-sister-webrahmen-40-cm\/","title":{"rendered":"Big Sister Webrahmen 16\u2033 = 40 cm \u2013 Leistungsstark, leicht und vielseitig"},"content":{"rendered":"<h2>Wie viel kannst du mit dem Big Sister weben?<\/h2>\n<p>Die effektive Webbreite betr\u00e4gt 33 cm.<\/p>\n<p>Je nach Version und ob du den Litzenheber verwendest:<\/p>\n<table>\n<thead>\n<tr>\n<td width=\"116\">Ohne Litzenheber<\/td>\n<td width=\"158\">Mit Litzenheber<\/td>\n<\/tr>\n<\/thead>\n<tbody>\n<tr>\n<td width=\"116\">90 cm (standard)<\/td>\n<td width=\"158\">80 cm (standard)<\/td>\n<\/tr>\n<tr>\n<td width=\"116\">130 cm (verl\u00e4ngert )<\/td>\n<td width=\"158\">120 cm (verl\u00e4ngert )<\/td>\n<\/tr>\n<\/tbody>\n<\/table>\n<p>Diese Webl\u00e4ngen ber\u00fccksichtigen bereits einen kleinen Verlust an Kettf\u00e4den am Anfang und Ende des Gewebes.<\/p>\n<p>\ud83d\udca1 Tipp: Beginne mit dem Litzenheber und entferne ihn am Ende, um die volle L\u00e4nge auszunutzen.<\/p>\n<h2>Was ist in der Box?<\/h2>\n<p>Der Box enth\u00e4lt:<\/p>\n<ul>\n<li>Big Sister Webrahmen<\/li>\n<li>Litzenheber<\/li>\n<li>Einstellschl\u00fcssel (flach) und Inbusschl\u00fcssel<\/li>\n<li>Obere Litzenleiste<\/li>\n<li>4 Litzen aus Aluminium (3, 5, 5,5 und 7 Federn\/cm)<\/li>\n<\/ul>\n<p>&nbsp;<\/p>\n<p>\ud83d\udca1 Tipp: Du kannst deine Kettf\u00e4den weiter auseinander platzieren, indem du sie z.\u202fB. \u00fcber jede zweite, dritte oder vierte Spirale der Litze f\u00fchrst<\/p>\n<h2>Materialien<\/h2>\n<ul>\n<li>Obere und untere Balken: eloxiertes Aluminium<\/li>\n<li>Seitenstangen: Stahl und Kupfer<\/li>\n<li>Klammern: Ahornholz<\/li>\n<\/ul>\n<h2>Optionales Zubeh\u00f6r<\/h2>\n<ul>\n<li>Harvey-St\u00e4nder<\/li>\n<li>Zus\u00e4tzlicher Kettstangen-Kit<\/li>\n<li>Zus\u00e4tzliche Litzen<\/li>\n<li>Verl\u00e4ngerte Fu\u00dfst\u00fctzen<\/li>\n<li>Kit f\u00fcr untere Litzen<\/li>\n<li>Texsolv-Kordeln (zum Befestigen der Kettf\u00e4den)<\/li>\n<li>Gewindestangen f\u00fcr +25 cm zus\u00e4tzliche Webl\u00e4nge<\/li>\n<\/ul>\n<p>&nbsp;<\/p>\n<p>\ud83d\udd0e Neugierig auf <u>weitere Mirrix-Modelle<\/u>? Sieh dir den <a href=\"https:\/\/mirrix.be\/de\/little-guy-webrahmen-12-30-cm\/\" target=\"_blank\" rel=\"noopener\">Little Guy <\/a>oder den <a href=\"https:\/\/mirrix.be\/de\/zeus-webrahmen-38-97-cm\/\" target=\"_blank\" rel=\"noopener\">Zeus<\/a> an. <\/p>\n<h2>Warum Weefweelde?<\/h2>\n<p><a href=\"https:\/\/mirrix.be\/\" target=\"_blank\" rel=\"noopener\">Weefweelde<\/a> ist der offizielle Vertriebspartner f\u00fcr <a href=\"https:\/\/mirrixlooms.com\/\" target=\"_blank\" rel=\"noopener\">Mirrix-Webrahmen<\/a> in Belgien und dar\u00fcber hinaus. Wir bieten Ihnen:<\/p>\n<ul>\n<li>Fachkundige Beratung<\/li>\n<li>Schnelle Lieferung ab Lager in Belgien<\/li>\n<li>Anleitungen und pers\u00f6nliche Unterst\u00fctzung<\/li>\n<\/ul>\n<h2>Videos: So starten Sie mit Ihrem Webrahmen<\/h2>\n<p>M\u00f6chten Sie wissen, wie man einen Big Sister-Webrahmen richtig aufbaut?<\/p>\n<p>In unseren Tutorials erf\u00e4hrst du, wie du deinen Lani Webstuhl korrekt aufbaust:<\/p>\n<ul>\n<li><a href=\"https:\/\/www.youtube.com\/watch?v=BGB6Ufs28tk\" target=\"_blank\" rel=\"noopener\">Aufziehen mit durchgehender Kette f\u00fcr Gobelinweberei<\/a><\/li>\n<li><a href=\"https:\/\/www.youtube.com\/watch?v=exP6cEOiaFo\" target=\"_blank\" rel=\"noopener\">Aufziehen mit durchgehender Kette f\u00fcr Perlenweben<\/a><\/li>\n<li><a href=\"https:\/\/youtu.be\/OqjyKEI8dVM\" target=\"_blank\" rel=\"noopener\">Perlenweben mit und ohne Litzenheber<\/a><\/li>\n<\/ul>\n","protected":false},"excerpt":{"rendered":"<p>Der <strong>Big Siste<\/strong>r Webrahmen ist das beliebteste Modell der Mirrix-Reihe.<\/p>\n<p>Er ist kompakt genug f\u00fcr dein Wohnzimmer oder Atelier, bietet aber dennoch genug Kraft f\u00fcr gr\u00f6\u00dfere Webprojekte.<\/p>\n<p>Durch das durchdachte Design ist das Weben einfach und angenehm \u2013 ideal f\u00fcr Schmuck, Perlenarbeiten oder kleine Wandteppiche. <\/p>\n<p>Dieser Webrahmen eignet sich perfekt f\u00fcr den Einsatz zu Hause oder unterwegs.<\/p>\n<p>Mit einer Breite von 40 cm und einem Gewicht von nur 2 bis 2,5 kg ist er leicht zu transportieren.<\/p>\n<p>Du kannst ihn \u00fcberall aufstellen, ohne auf Stabilit\u00e4t oder Pr\u00e4zision zu verzichten. Und dank der einklappbaren, integrierten F\u00fc\u00dfe l\u00e4sst sich der Rahmen auch platzsparend verstauen. <\/p>\n<p>Du hast die Wahl: Standardmodell oder eine verl\u00e4ngerte Version mit zus\u00e4tzlicher Webl\u00e4nge. Jeder Big Sister wird standardm\u00e4\u00dfig mit dem praktischen Litzenheber von Mirrix geliefert. Du brauchst ihn nicht? Dann kannst du ihn einfach abnehmen.   <\/p>\n<p>Was ist der Unterschied? Die <strong>verl\u00e4ngerte Version<\/strong> bietet bis zu <strong>25 cm zus\u00e4tzliche Webl\u00e4nge<\/strong> \u2013 ideal f\u00fcr gr\u00f6\u00dfere Projekte.  <\/p>\n","protected":false},"featured_media":19755,"template":"","meta":[],"product_brand":[],"product_cat":[359],"product_tag":[],"merk":[],"class_list":{"0":"post-10080","1":"product","2":"type-product","3":"status-publish","4":"has-post-thumbnail","6":"product_cat-mirrix-standwebrahmen-de","8":"first","9":"instock","10":"sale","11":"featured","12":"taxable","13":"shipping-taxable","14":"purchasable","15":"product-type-variable"},"_links":{"self":[{"href":"https:\/\/mirrix.be\/de\/wp-json\/wp\/v2\/product\/10080","targetHints":{"allow":["GET"]}}],"collection":[{"href":"https:\/\/mirrix.be\/de\/wp-json\/wp\/v2\/product"}],"about":[{"href":"https:\/\/mirrix.be\/de\/wp-json\/wp\/v2\/types\/product"}],"wp:featuredmedia":[{"embeddable":true,"href":"https:\/\/mirrix.be\/de\/wp-json\/wp\/v2\/media\/19755"}],"wp:attachment":[{"href":"https:\/\/mirrix.be\/de\/wp-json\/wp\/v2\/media?parent=10080"}],"wp:term":[{"taxonomy":"product_brand","embeddable":true,"href":"https:\/\/mirrix.be\/de\/wp-json\/wp\/v2\/product_brand?post=10080"},{"taxonomy":"product_cat","embeddable":true,"href":"https:\/\/mirrix.be\/de\/wp-json\/wp\/v2\/product_cat?post=10080"},{"taxonomy":"product_tag","embeddable":true,"href":"https:\/\/mirrix.be\/de\/wp-json\/wp\/v2\/product_tag?post=10080"},{"taxonomy":"merk","embeddable":true,"href":"https:\/\/mirrix.be\/de\/wp-json\/wp\/v2\/merk?post=10080"}],"curies":[{"name":"wp","href":"https:\/\/api.w.org\/{rel}","templated":true}]}}