{"id":10321,"date":"2024-08-28T14:37:22","date_gmt":"2024-08-28T12:37:22","guid":{"rendered":"https:\/\/mirrix.be\/lani-webrahmen-8-kompakt-und-praezise-fuer-feines-weben\/"},"modified":"2025-08-21T09:18:02","modified_gmt":"2025-08-21T07:18:02","slug":"lani-webrahmen-kompakt","status":"publish","type":"product","link":"https:\/\/mirrix.be\/de\/lani-webrahmen-kompakt\/","title":{"rendered":"Lani-Webrahmen 12&#8243; \u2013 Kompakt und pr\u00e4zise f\u00fcr feines Weben"},"content":{"rendered":"<h2>Warum den Lani w\u00e4hlen?<\/h2>\n<p><strong>Volle Leistung im Mini-Format<\/strong><\/p>\n<p>Der Lani Loom ist wie ein echter Mirrix-Webrahmen gebaut, jedoch in handlichem Format.<\/p>\n<p>Robustes Aluminium, Edelstahlstangen und ein optionaler Litzenheber machen dieses Ger\u00e4t zu einem zuverl\u00e4ssigen Partner f\u00fcr Pr\u00e4zisionsarbeiten.<\/p>\n<p><strong>Arbeiten mit oder ohne Litzenheber<\/strong><\/p>\n<p>Mit dem einzigartigen Litzenheber von Mirrix bewegen sich abwechselnde Kettf\u00e4den automatisch nach vorne oder hinten. Das macht Ihre Arbeit nicht nur schneller, sondern sorgt auch daf\u00fcr, dass die F\u00e4den stets korrekt liegen. <\/p>\n<p>&nbsp;<\/p>\n<p>\ud83d\udca1 Tipp: Weben Sie zun\u00e4chst mit dem Litzenheber und entfernen Sie ihn erst ganz am Ende. So nutzen Sie die volle L\u00e4nge und den Komfort optimal aus. <\/p>\n<h2><\/h2>\n<h2><\/h2>\n<h2>Technische Daten \u2013 Lani Webrahmen<\/h2>\n<table>\n<thead>\n<tr>\n<td><strong>Merkmal<\/strong><\/td>\n<td><strong>Wert<\/strong><\/td>\n<\/tr>\n<\/thead>\n<tbody>\n<tr>\n<td>Webbreite<\/td>\n<td>Maximal 13 cm<\/td>\n<\/tr>\n<tr>\n<td>Webl\u00e4nge (mit Kette)<\/td>\n<td>66 cm ohne Litzenheber, 55 cm mit Litzenheber<\/td>\n<\/tr>\n<tr>\n<td>Breite des Webrahmens<\/td>\n<td>20 cm<\/td>\n<\/tr>\n<tr>\n<td>Gewicht<\/td>\n<td>1,35 kg ohne Litzenheber \u2013 1,65 kg mit Litzenheber<\/td>\n<\/tr>\n<tr>\n<td>Mitgelieferte K\u00e4mme<\/td>\n<td>3, 5, 5,5 und 7 F\u00e4den\/cm<\/td>\n<\/tr>\n<tr>\n<td>Materialien<\/td>\n<td>Eloxiertes Aluminium, Edelstahl, Kupfer<\/td>\n<\/tr>\n<tr>\n<td><\/td>\n<td><\/td>\n<\/tr>\n<\/tbody>\n<\/table>\n<p>&nbsp;<\/p>\n<p>&nbsp;<\/p>\n<p>\u27a1\ufe0f M\u00f6chten Sie lieber ein einfacheres (und g\u00fcnstigeres) Modell mit austauschbaren K\u00e4mmen, aber ohne M\u00f6glichkeit f\u00fcr einen Litzenheber? Sehen Sie sich auch den <a href=\"https:\/\/mirrix.be\/de\/chloe-pocket-loom-13-20-cm\/\">Chloe Pocket Loom <\/a>an. <\/p>\n<p>&nbsp;<\/p>\n<h2>Was ist in der Box des Lani Loom enthalten?<\/h2>\n<ul>\n<li>Lani Loom webrahmen<\/li>\n<li>4 Federn zur Aufteilung der F\u00e4den in 4 verschiedenen Abst\u00e4nden (3 \u2013 5 \u2013 5,5 \u2013 7 F\u00e4den\/cm)<\/li>\n<li>Gedruckte, klare Anleitung<\/li>\n<\/ul>\n<p>&nbsp;<\/p>\n<h2>Zubeh\u00f6r und Erweiterungen<\/h2>\n<p><strong>Sie k\u00f6nnen den Webstuhl erweitern mit:<\/strong><\/p>\n<ul>\n<li>Litzenheber<\/li>\n<li>Spule mit Texsolv-Schn\u00fcren zum Anbinden der Kettf\u00e4den<\/li>\n<li>Zus\u00e4tzliche Federn und Kettst\u00e4be<\/li>\n<li>Gewindestangen und untere Federn<\/li>\n<\/ul>\n<p>&nbsp;<\/p>\n<h2>Warum bei Weefweelde bestellen?<\/h2>\n<p><a href=\"https:\/\/weefweelde.be\/\" target=\"_blank\" rel=\"noopener\">Weefweelde<\/a> ist der offizielle Vertriebspartner f\u00fcr <a href=\"https:\/\/mirrixlooms.com\/\" target=\"_blank\" rel=\"noopener\">Mirrix-Webst\u00fchle<\/a> in der EU. Sie erhalten:<\/p>\n<ul>\n<li>Schneller Versand aus Belgien<\/li>\n<li>Englischsprachiger Support<\/li>\n<li>Praxisorientierte Erfahrung aus erster Hand<\/li>\n<\/ul>\n<h2><\/h2>\n<h2>Videos: So starten Sie mit Ihrem Webrahmen<\/h2>\n<p>M\u00f6chten Sie wissen, wie Sie den Lani Webstuhl richtig aufbauen? In unseren Tutorials erf\u00e4hrst du, wie du deinen Lani Webstuhl korrekt aufbaust:<\/p>\n<ul>\n<li>Aufziehen mit durchgehender Kette<\/li>\n<li>Aufziehen mit dem No-Finish-Kit und zus\u00e4tzlicher Kettstange<\/li>\n<li>Weben mit Perlen<\/li>\n<\/ul>\n<p>&nbsp;<\/p>\n<p>\u27a1\ufe0f Fragen? Kontaktieren Sie uns \u00fcber unsere <a href=\"https:\/\/mirrix.be\/de\/kontakt\/\">Kontaktseite<\/a> <\/p>\n<p>&nbsp;<\/p>\n","protected":false},"excerpt":{"rendered":"<p>Der <strong>Lani Loom<\/strong> ist ein leistungsstarker, kompakter Webstuhl f\u00fcr Perlenarbeiten und kleine Tapisserien.<\/p>\n<p>Mit einer maximalen Webbreite von 13 cm ist dieser Mini-Mirrix-Webstuhl ideal f\u00fcr alle, die mobil weben m\u00f6chten, ohne auf Qualit\u00e4t zu verzichten.<\/p>\n<p>Sie entscheiden selbst, ob Sie mit oder ohne Litzenheber arbeiten m\u00f6chten.<\/p>\n<p>&nbsp;<\/p>\n","protected":false},"featured_media":10334,"template":"","meta":[],"product_brand":[],"product_cat":[359],"product_tag":[402,360,400,401,399],"merk":[176],"class_list":{"0":"post-10321","1":"product","2":"type-product","3":"status-publish","4":"has-post-thumbnail","6":"product_cat-mirrix-standwebrahmen-de","7":"product_tag-armbander","8":"product_tag-mirrix-de","9":"product_tag-mirrix-lani-loom-de","10":"product_tag-perlen","11":"product_tag-wandteppich","12":"merk-mirrix","14":"first","15":"instock","16":"sale","17":"taxable","18":"shipping-taxable","19":"purchasable","20":"product-type-variable"},"_links":{"self":[{"href":"https:\/\/mirrix.be\/de\/wp-json\/wp\/v2\/product\/10321","targetHints":{"allow":["GET"]}}],"collection":[{"href":"https:\/\/mirrix.be\/de\/wp-json\/wp\/v2\/product"}],"about":[{"href":"https:\/\/mirrix.be\/de\/wp-json\/wp\/v2\/types\/product"}],"wp:featuredmedia":[{"embeddable":true,"href":"https:\/\/mirrix.be\/de\/wp-json\/wp\/v2\/media\/10334"}],"wp:attachment":[{"href":"https:\/\/mirrix.be\/de\/wp-json\/wp\/v2\/media?parent=10321"}],"wp:term":[{"taxonomy":"product_brand","embeddable":true,"href":"https:\/\/mirrix.be\/de\/wp-json\/wp\/v2\/product_brand?post=10321"},{"taxonomy":"product_cat","embeddable":true,"href":"https:\/\/mirrix.be\/de\/wp-json\/wp\/v2\/product_cat?post=10321"},{"taxonomy":"product_tag","embeddable":true,"href":"https:\/\/mirrix.be\/de\/wp-json\/wp\/v2\/product_tag?post=10321"},{"taxonomy":"merk","embeddable":true,"href":"https:\/\/mirrix.be\/de\/wp-json\/wp\/v2\/merk?post=10321"}],"curies":[{"name":"wp","href":"https:\/\/api.w.org\/{rel}","templated":true}]}}