{"id":10374,"date":"2025-03-19T14:33:05","date_gmt":"2025-03-19T13:33:05","guid":{"rendered":"https:\/\/mirrix.be\/lily-loom-48-122-cm\/"},"modified":"2026-01-04T22:38:19","modified_gmt":"2026-01-04T21:38:19","slug":"lily-loom-48-122-cm","status":"publish","type":"product","link":"https:\/\/mirrix.be\/de\/lily-loom-48-122-cm\/","title":{"rendered":"Lily Loom 48&#8243; = 122 cm"},"content":{"rendered":"<h2>Warum den Lily Loom w\u00e4hlen?<\/h2>\n<p><strong>Gro\u00df und dennoch kompakt<\/strong><\/p>\n<p>Der Webrahmen ist 122 cm breit, wiegt aber nur 8,9 kg. Die ausklappbaren Standf\u00fc\u00dfe sorgen f\u00fcr zus\u00e4tzliche Stabilit\u00e4t beim Weben und erm\u00f6glichen eine platzsparende Aufbewahrung danach.<\/p>\n<p>Dank der au\u00dfergew\u00f6hnlichen Breite k\u00f6nnen Sie mehrere Tapisserie- oder Perlenarbeiten nebeneinander weben.<\/p>\n<p><strong>Komfortabel und pr\u00e4zise<\/strong><\/p>\n<p>Sie weben vertikal mit einem verl\u00e4ngerten Litzenheber, der f\u00fcr eine gro\u00dfz\u00fcgige \u00d6ffnung (Fach) sorgt. So arbeiten Sie ergonomisch und pr\u00e4zise, auch bei gr\u00f6\u00dferen Projekten.<\/p>\n<p>\u27a1\ufe0f Sie m\u00f6chten lieber ein etwas kleineres Modell? Sehen Sie sich den <a href=\"https:\/\/mirrix.be\/de\/zeus-webrahmen-38-97-cm\/\">Zeus Loom<\/a> an.<\/p>\n<p>&nbsp;<\/p>\n<h2>Wie viel k\u00f6nnen Sie mit dem Lily Loom weben?<\/h2>\n<p>&nbsp;<\/p>\n<table>\n<thead>\n<tr>\n<td>Mit Litzenheber<\/td>\n<td>Bis zu 205 cm<\/td>\n<\/tr>\n<\/thead>\n<tbody>\n<tr>\n<td>Ohne Litzenheber<\/td>\n<td>Bis zu 216 cm<\/td>\n<\/tr>\n<\/tbody>\n<\/table>\n<p>&nbsp;<\/p>\n<p>Diese Webl\u00e4ngen ber\u00fccksichtigen bereits einen kleinen Verlust an Kettf\u00e4den am Anfang und Ende des Gewebes.<\/p>\n<p>\ud83d\udca1 Tipp: Entfernen Sie den Litzenheber erst ganz am Ende Ihrer Kette und beenden Sie das letzte St\u00fcck ohne. So nutzen Sie fast die gesamte L\u00e4nge von 216 cm.<\/p>\n<p>&nbsp;<\/p>\n<h2>Lieferumfang<\/h2>\n<ul>\n<li>Lily Loom Webstuhl mit verl\u00e4ngertem Litzenheber<\/li>\n<li>Griff f\u00fcr Litzenheber, Flacher Einstellschl\u00fcssel und Inbusschl\u00fcssel<\/li>\n<li>Obere Litzenleiste und 4 Litzen aus Aluminium (3, 4, 5 und 5,5 F\u00e4den\/cm)<\/li>\n<li>Gedruckte Anleitung<\/li>\n<\/ul>\n<p>&nbsp;<\/p>\n<h2>Technische Daten des Lily Loom<\/h2>\n<p>&nbsp;<\/p>\n<table>\n<thead>\n<tr>\n<td width=\"158\">Merkmal<\/td>\n<td width=\"245\">Waarde<\/td>\n<\/tr>\n<\/thead>\n<tbody>\n<tr>\n<td width=\"158\">Webbreite<\/td>\n<td width=\"245\">115 cm<\/td>\n<\/tr>\n<tr>\n<td width=\"158\">Maximale Webl\u00e4nge<\/td>\n<td width=\"245\">216 cm<\/td>\n<\/tr>\n<tr>\n<td width=\"158\">Breite des Webrahmens<\/td>\n<td width=\"245\">122 cm<\/td>\n<\/tr>\n<tr>\n<td width=\"158\">Gewicht<\/td>\n<td width=\"245\">8,9 kg<\/td>\n<\/tr>\n<\/tbody>\n<\/table>\n<p>&nbsp;<\/p>\n<h2>Bestellung und Lieferung des Lily Loom<\/h2>\n<p>Das Lily wird auf Bestellung angefertigt.<\/p>\n<p>Rechnen Sie mit drei Wochen von der Bestellung bis zur Lieferung zu Ihnen nach Hause.<\/p>\n<p>&nbsp;<\/p>\n<h2>Zus\u00e4tzliche Optionen<\/h2>\n<ul>\n<li>2 Packungen Texsolv-Schn\u00fcre zum Anbinden der Kettf\u00e4den<\/li>\n<li>Zus\u00e4tzliche Kettst\u00e4be und Federn<\/li>\n<li>Kit f\u00fcr untere Litzen<\/li>\n<\/ul>\n<h2>Materialien<\/h2>\n<ul>\n<li>Tr\u00e4ger aus Aluminium<\/li>\n<li>Seitliche Stangen aus Stahl und Kupfer<\/li>\n<\/ul>\n<ul>\n<li>Klammern aus Ahornholz<\/li>\n<\/ul>\n<p>&nbsp;<\/p>\n<h2>Warum Weefweelde?<\/h2>\n<p><a href=\"https:\/\/weefweelde.be\/\" target=\"_blank\" rel=\"noopener\">Weefweelde<\/a> ist offizieller Vertriebspartner f\u00fcr <a href=\"https:\/\/mirrixlooms.com\/\" target=\"_blank\" rel=\"noopener\">Mirrix-Webst\u00fchle <\/a>in der EU.<\/p>\n<p>Bei uns zu bestellen bedeutet<\/p>\n<ul>\n<li>Schnellen Versand aus Belgien<\/li>\n<li>Pers\u00f6nliche und fachkundige Beratung<\/li>\n<li>Eigene Praxiserfahrung mit allen Modellen<\/li>\n<\/ul>\n<p>&nbsp;<\/p>\n<h2>Videos: So starten Sie mit Ihrem Webrahmen<\/h2>\n<p>M\u00f6chten Sie wissen, wie Sie den Lily Loom korrekt aufbauen? In unseren Tutorials erf\u00e4hrst du, wie du deinen Lani Webstuhl korrekt aufbaust:<\/p>\n<ul>\n<li>Aufziehen mit durchgehender Kette f\u00fcr Gobelin<\/li>\n<li>Aufziehen mit durchgehender Kette f\u00fcr Perlenweben<\/li>\n<li>Perlenweben mit und ohne Litzenheber<\/li>\n<\/ul>\n<p>&nbsp;<\/p>\n<p>&nbsp;<\/p>\n<p>\u27a1\ufe0f Fragen? Kontaktieren Sie uns \u00fcber unsere <a href=\"https:\/\/mirrix.be\/de\/kontakt\/\">Kontaktseite<\/a><\/p>\n","protected":false},"excerpt":{"rendered":"<p>Der <b>Lily Loom<\/b> ist der gr\u00f6\u00dfte Mirrix-Webrahmen, jedoch gleichzeitig \u00fcberraschend kompakt und leicht zu transportieren.<\/p>\n<p>Kein anderer Tapisserie-Webrahmen vereint eine so gro\u00dfe Webfl\u00e4che mit einer so praktischen Gr\u00f6\u00dfe und Flexibilit\u00e4t.<\/p>\n<p>Mit einer Webbreite von 115 cm und einer Webl\u00e4nge von bis zu 216 cm eignet sich dieser Webstuhl ideal f\u00fcr gro\u00dfe Wandteppiche.<\/p>\n<p>Dank seines intelligenten Designs mit klappbaren Beinen l\u00e4sst er sich dennoch leicht verstauen.<\/p>\n<p>Ideal f\u00fcr diejenigen, die keinen Bodenwebstuhl w\u00fcnschen, aber dennoch professionelle und erschwingliche Ergebnisse erzielen m\u00f6chten.<\/p>\n","protected":false},"featured_media":10375,"template":"","meta":[],"product_brand":[],"product_cat":[359],"product_tag":[],"merk":[],"class_list":{"0":"post-10374","1":"product","2":"type-product","3":"status-publish","4":"has-post-thumbnail","6":"product_cat-mirrix-standwebrahmen-de","8":"first","9":"onbackorder","10":"sale","11":"taxable","12":"shipping-taxable","13":"purchasable","14":"product-type-variable"},"_links":{"self":[{"href":"https:\/\/mirrix.be\/de\/wp-json\/wp\/v2\/product\/10374","targetHints":{"allow":["GET"]}}],"collection":[{"href":"https:\/\/mirrix.be\/de\/wp-json\/wp\/v2\/product"}],"about":[{"href":"https:\/\/mirrix.be\/de\/wp-json\/wp\/v2\/types\/product"}],"wp:featuredmedia":[{"embeddable":true,"href":"https:\/\/mirrix.be\/de\/wp-json\/wp\/v2\/media\/10375"}],"wp:attachment":[{"href":"https:\/\/mirrix.be\/de\/wp-json\/wp\/v2\/media?parent=10374"}],"wp:term":[{"taxonomy":"product_brand","embeddable":true,"href":"https:\/\/mirrix.be\/de\/wp-json\/wp\/v2\/product_brand?post=10374"},{"taxonomy":"product_cat","embeddable":true,"href":"https:\/\/mirrix.be\/de\/wp-json\/wp\/v2\/product_cat?post=10374"},{"taxonomy":"product_tag","embeddable":true,"href":"https:\/\/mirrix.be\/de\/wp-json\/wp\/v2\/product_tag?post=10374"},{"taxonomy":"merk","embeddable":true,"href":"https:\/\/mirrix.be\/de\/wp-json\/wp\/v2\/merk?post=10374"}],"curies":[{"name":"wp","href":"https:\/\/api.w.org\/{rel}","templated":true}]}}