{"id":10429,"date":"2024-09-10T14:53:16","date_gmt":"2024-09-10T12:53:16","guid":{"rendered":"https:\/\/mirrix.be\/little-guy-webrahmen-12%e2%80%b3-30-cm-kompakt-vielseitig-und-leistungsstark\/"},"modified":"2025-08-19T19:54:35","modified_gmt":"2025-08-19T17:54:35","slug":"little-guy-webrahmen-12-30-cm","status":"publish","type":"product","link":"https:\/\/mirrix.be\/de\/little-guy-webrahmen-12-30-cm\/","title":{"rendered":"Little Guy Webrahmen 12\u2033 = 30 cm \u2013 Kompakt, vielseitig und leistungsstark"},"content":{"rendered":"<h2>Warum den Little Guy w\u00e4hlen?<\/h2>\n<p>Der Little Guy bietet Ihnen eine enorme Vielseitigkeit. Sie arbeiten bequem mit Garn, Perlen oder beidem. <\/p>\n<p>Der Litzenheber ist im Lieferumfang enthalten, kann aber entfernt werden, um am Ende Ihrer Arbeit mehr Flexibilit\u00e4t zu bieten.<\/p>\n<p>Dank des cleveren Designs mit einklappbaren Standf\u00fc\u00dfen l\u00e4sst er sich leicht verstauen.<\/p>\n<h3><\/h3>\n<h2>Welche Gr\u00f6\u00dfen sind verf\u00fcgbar?<\/h2>\n<table>\n<thead>\n<tr>\n<td width=\"167\">Modell<\/td>\n<td width=\"143\">Webl\u00e4nge mit Litzenheber<\/td>\n<td width=\"119\">Ohne Litzenheber<\/td>\n<\/tr>\n<\/thead>\n<tbody>\n<tr>\n<td width=\"167\">Standard (30 cm hoch)<\/td>\n<td width=\"143\">55 cm<\/td>\n<td width=\"119\">65 cm<\/td>\n<\/tr>\n<tr>\n<td width=\"167\">Verl\u00e4ngert modell<\/td>\n<td width=\"143\">80 cm<\/td>\n<td width=\"119\">90 cm<\/td>\n<\/tr>\n<\/tbody>\n<\/table>\n<p><strong>Weefbreedte<\/strong>: 23 cm<br \/>\n<strong>Rahmenbreite<\/strong>: 30 cm<br \/>\n<strong>Gewicht<\/strong>: 1,6 &#8211; 1,9 kg je nach Ausf\u00fchrung<\/p>\n<h3><\/h3>\n<p>\ud83d\udca1Tipp: Entferne den Litzenheber am Ende, um die volle Webl\u00e4nge zu nutzen.<\/p>\n<p>&nbsp;<\/p>\n<p>\u27a1\ufe0f Sie m\u00f6chten lieber einen kompakteren Webrahmen? Dann sehen Sie sich auch den <a href=\"https:\/\/mirrix.be\/de\/lani-webrahmen-kompakt\/\" target=\"_blank\" rel=\"noopener\">Lani Loom<\/a> an. <\/p>\n<h2><\/h2>\n<h2>Lieferumfang<\/h2>\n<ul>\n<li>Mirrix Little Guy Webrahmen mit Litzenheber<\/li>\n<li>Einstellschl\u00fcssel (flach) und Inbusschl\u00fcssel<\/li>\n<li>Obere Litzenleiste<\/li>\n<li>4 Litzen aus Aluminium (3, 5, 5,5 und 7 F\u00e4den\/cm)<\/li>\n<li>Gedruckte, klare Anleitung<\/li>\n<\/ul>\n<h2><\/h2>\n<h2>Optionales Zubeh\u00f6r<\/h2>\n<ul>\n<li>Gro\u00dfer St\u00e4nder<\/li>\n<li>Zus\u00e4tzliche Kettst\u00e4be und Federn<\/li>\n<li>Kit f\u00fcr untere Litzen<\/li>\n<li>Texsolv-Kordeln zum Befestigen der Kettf\u00e4den<\/li>\n<li>Verl\u00e4ngerte Fu\u00dfst\u00fctzen<\/li>\n<\/ul>\n<h2><\/h2>\n<h2>Materialien<\/h2>\n<ul>\n<li>Tr\u00e4ger aus Aluminium<\/li>\n<li>Seitliche Stangen aus Stahl und Kupfer<\/li>\n<li>Klammern aus Ahornholz<\/li>\n<\/ul>\n<h2><\/h2>\n<h2>Warum bei Weefweelde kaufen?<\/h2>\n<p><a href=\"https:\/\/mirrixlooms.com\/\" target=\"_blank\" rel=\"noopener\">Weefweelde<\/a> ist der offizielle Vertriebspartner f\u00fcr <a href=\"https:\/\/mirrix.be\/\">Mirrix-Webrahmen<\/a> in der EU. Du profitierst von:  <\/p>\n<ul>\n<li>Schnellen Versand aus Belgien<\/li>\n<li>Pers\u00f6nlicher Beratung und Unterst\u00fctzung<\/li>\n<li>Eigener Web-Erfahrung mit allen Modellen<\/li>\n<\/ul>\n<p>&nbsp;<\/p>\n<h2>Videos: So starten Sie mit Ihrem Webrahmen<\/h2>\n<p>M\u00f6chten Sie wissen, wie Sie den Little Guy 12\u201d-Webrahmen richtig aufbauen?<\/p>\n<p>In unseren Tutorials erf\u00e4hrst du, wie du deinen Lani Webstuhl korrekt aufbaust:<\/p>\n<ul>\n<li>Aufziehen mit durchgehender Kette<\/li>\n<li>Aufziehen mit dem No-Finish-Kit und zus\u00e4tzlicher Kettstange<\/li>\n<li>Weben mit Perlen<\/li>\n<\/ul>\n<p>&nbsp;<\/p>\n<p>\u27a1\ufe0f Fragen? Kontaktiere uns \u00fcber unsere <a href=\"https:\/\/mirrix.be\/de\/kontakt\/\" target=\"_blank\" rel=\"noopener\">Kontaktseite<\/a> <\/p>\n","protected":false},"excerpt":{"rendered":"<p>Der <strong>Little Guy<\/strong> ist ein kompakter, aber leistungsstarker Webrahmen mit einer effektiven Webbreite von 23 cm.<\/p>\n<p>Er vereint Mobilit\u00e4t mit hoher Funktionalit\u00e4t und eignet sich sowohl f\u00fcr das Perlenweben als auch f\u00fcr das Weben mit Garn \u2013 oder f\u00fcr beides zugleich.<\/p>\n<p>Du kannst ihn bequem auf dem Scho\u00df oder auf dem Tisch im Stehen verwenden.<\/p>\n<p>Mit dem cleveren Litzenheber von Mirrix webst du schnell und pr\u00e4zise.<\/p>\n<p>Den Little Guy gibt es in zwei Versionen: die Standardversion und die verl\u00e4ngerte Version, die 25 cm zus\u00e4tzliche Webl\u00e4nge bietet.<\/p>\n","protected":false},"featured_media":19720,"template":"","meta":[],"product_brand":[],"product_cat":[359],"product_tag":[360,401,407,408,409,399],"merk":[],"class_list":{"0":"post-10429","1":"product","2":"type-product","3":"status-publish","4":"has-post-thumbnail","6":"product_cat-mirrix-standwebrahmen-de","7":"product_tag-mirrix-de","8":"product_tag-perlen","9":"product_tag-perlenweben","10":"product_tag-tapisserie-de","11":"product_tag-wanddecoratie-de","12":"product_tag-wandteppich","14":"first","15":"instock","16":"sale","17":"taxable","18":"shipping-taxable","19":"purchasable","20":"product-type-variable"},"_links":{"self":[{"href":"https:\/\/mirrix.be\/de\/wp-json\/wp\/v2\/product\/10429","targetHints":{"allow":["GET"]}}],"collection":[{"href":"https:\/\/mirrix.be\/de\/wp-json\/wp\/v2\/product"}],"about":[{"href":"https:\/\/mirrix.be\/de\/wp-json\/wp\/v2\/types\/product"}],"wp:featuredmedia":[{"embeddable":true,"href":"https:\/\/mirrix.be\/de\/wp-json\/wp\/v2\/media\/19720"}],"wp:attachment":[{"href":"https:\/\/mirrix.be\/de\/wp-json\/wp\/v2\/media?parent=10429"}],"wp:term":[{"taxonomy":"product_brand","embeddable":true,"href":"https:\/\/mirrix.be\/de\/wp-json\/wp\/v2\/product_brand?post=10429"},{"taxonomy":"product_cat","embeddable":true,"href":"https:\/\/mirrix.be\/de\/wp-json\/wp\/v2\/product_cat?post=10429"},{"taxonomy":"product_tag","embeddable":true,"href":"https:\/\/mirrix.be\/de\/wp-json\/wp\/v2\/product_tag?post=10429"},{"taxonomy":"merk","embeddable":true,"href":"https:\/\/mirrix.be\/de\/wp-json\/wp\/v2\/merk?post=10429"}],"curies":[{"name":"wp","href":"https:\/\/api.w.org\/{rel}","templated":true}]}}