{"id":10621,"date":"2024-09-15T19:18:35","date_gmt":"2024-09-15T17:18:35","guid":{"rendered":"https:\/\/mirrix.be\/zach-webrahmen-22%e2%80%b3-55-cm-leichtgewicht-fuer-grosse-projekte\/"},"modified":"2025-11-17T15:16:14","modified_gmt":"2025-11-17T14:16:14","slug":"zach-webrahmen-22-55-cm","status":"publish","type":"product","link":"https:\/\/mirrix.be\/de\/zach-webrahmen-22-55-cm\/","title":{"rendered":"Zach-Webrahmen 22\u2033 = 55 cm \u2013 Leichtgewicht f\u00fcr gro\u00dfe Projekte"},"content":{"rendered":"<h2>Was macht den Zach besonders?<\/h2>\n<p>Leichtgewicht f\u00fcr gro\u00dfe Webprojekte.<\/p>\n<p>Mit nur 3,2 kg ist der Zach einfach zu bewegen, aber stabil genug f\u00fcr intensives Arbeiten.<\/p>\n<p>&nbsp;<\/p>\n<p>\u27a1\ufe0f Lieber noch kleiner und leichter? Dann werfen Sie einen Blick auf den <a href=\"https:\/\/mirrix.be\/de\/little-guy-webrahmen-12-30-cm\/\" target=\"_blank\" rel=\"noopener\">Little Guy.<\/a><\/p>\n<p>&nbsp;<\/p>\n<p>Der Litzenheber ist standardm\u00e4\u00dfig enthalten.<\/p>\n<p>Der Litzenheber hebt abwechselnd die Kettf\u00e4den an \u2013 das macht das Weben schneller, pr\u00e4ziser und ergonomischer.<\/p>\n<p>Die verl\u00e4ngerte Version vergr\u00f6\u00dfert den Webschlitz (shed) von 2 cm auf 4 cm.<\/p>\n<p>Wie alle Mirrix-Modelle eignet sich auch der Zach hervorragend f\u00fcr <strong>Perlenweben<\/strong>. Dank seiner Breite von 48 cm lassen sich sogar mehrere kleinere Projekte <strong>nebeneinander<\/strong> realisieren.<\/p>\n<h2><\/h2>\n<h2>Technische Daten \u2013 Zach<\/h2>\n<table>\n<thead>\n<tr>\n<td>Merkmal<\/td>\n<td>Standard<\/td>\n<td colspan=\"2\">Verl\u00e4ngert<\/td>\n<\/tr>\n<\/thead>\n<tbody>\n<tr>\n<td>Webbreite<\/td>\n<td colspan=\"2\" width=\"129\">48 cm<\/td>\n<td colspan=\"2\">48 cm<\/td>\n<\/tr>\n<tr>\n<td>Webl\u00e4nge mit Litzenheber<\/td>\n<td colspan=\"2\" width=\"129\">120 cm<\/td>\n<td colspan=\"2\">145 cm<\/td>\n<\/tr>\n<tr>\n<td>Webl\u00e4nge ohne Litzenheber<\/td>\n<td>130 cm<\/td>\n<td colspan=\"2\">155 cm<\/td>\n<\/tr>\n<tr>\n<td>Gewicht<\/td>\n<td>3,2 kg<\/td>\n<td colspan=\"2\">2 kg<\/td>\n<\/tr>\n<tr>\n<td>Gesamtbreite des Rahmens<\/td>\n<td>55 cm<\/td>\n<td colspan=\"2\">55 cm<\/td>\n<\/tr>\n<tr>\n<td><\/td>\n<td><\/td>\n<td colspan=\"2\"><\/td>\n<\/tr>\n<tr>\n<td width=\"167\"><\/td>\n<td width=\"95\"><\/td>\n<td width=\"36\"><\/td>\n<td width=\"55\"><\/td>\n<td width=\"3\"><\/td>\n<\/tr>\n<\/tbody>\n<\/table>\n<p>&nbsp;<\/p>\n<p>Die Webl\u00e4ngen ber\u00fccksichtigen bereits einen kleinen Verlust an Kettf\u00e4den zu Beginn und Ende.<\/p>\n<p>&nbsp;<\/p>\n<p>\ud83d\udca1 Tipp: Beginnen Sie mit dem Litzenheber und entfernen Sie ihn am Ende, um die volle Webl\u00e4nge von bis zu 130 cm zu nutzen.<\/p>\n<h2><\/h2>\n<p>&nbsp;<\/p>\n<h2>Lieferumfang<\/h2>\n<ul>\n<li>Zach-Webrahmen<\/li>\n<li>Litzenheber mit Griff<\/li>\n<li>Flacher Einstellschl\u00fcssel und Inbusschl\u00fcssel<\/li>\n<li>Vier Federn (3, 5, 5,5 und 7 F\u00e4den\/cm)<\/li>\n<li>Obere Federleiste<\/li>\n<li>Gedruckte Anleitung<\/li>\n<\/ul>\n<h2><\/h2>\n<h2>Erweiterbares Zubeh\u00f6r<\/h2>\n<ul>\n<li>Harvey-St\u00e4nder<\/li>\n<li>Verl\u00e4ngerte Fu\u00dfst\u00fctzen<\/li>\n<li>Zus\u00e4tzliche Federn und Kettst\u00e4be<\/li>\n<li>Kit f\u00fcr untere Litzen<\/li>\n<li>Texsolv-Kordeln<\/li>\n<\/ul>\n<h2><\/h2>\n<h2>Materialien<\/h2>\n<ul>\n<li>Tr\u00e4ger aus Aluminium<\/li>\n<li>St\u00e4be aus Kupfer und Stahl<\/li>\n<li>Klammern aus Ahornholz<\/li>\n<\/ul>\n<h2><\/h2>\n<h2>Warum bei Weefweelde kaufen?<\/h2>\n<p><a href=\"https:\/\/mirrix.be\/\" target=\"_blank\" rel=\"noopener\">Weefweelde<\/a> ist der offizielle Vertriebspartner f\u00fcr <a href=\"https:\/\/mirrixlooms.com\/\" target=\"_blank\" rel=\"noopener\">Mirrix-Webrahmen<\/a> in der EU. Sie profitieren von:<\/p>\n<ul>\n<li>Schneller Versand aus Belgien<\/li>\n<li>Pers\u00f6nlicher Beratung und Unterst\u00fctzung<\/li>\n<li>Praktischer Webexpertise<\/li>\n<\/ul>\n<h2><\/h2>\n<h2>Videos: So starten Sie mit Ihrem Webrahmen<\/h2>\n<p>M\u00f6chten Sie wissen, wie Sie den Zach-Webrahmen richtig aufbauen? Sehen Sie sich die folgenden Videos mit klaren Anleitungen an f\u00fcr:<\/p>\n<ul>\n<li>Aufziehen mit durchgehender Kette f\u00fcr Gobelin<\/li>\n<li>Aufziehen mit durchgehender Kette f\u00fcr Perlenweben<\/li>\n<li>Perlenweben mit und ohne Litzenheber<\/li>\n<\/ul>\n<p>&nbsp;<\/p>\n<p>\u27a1\ufe0f Fragen? Kontaktieren Sie uns \u00fcber unsere <a href=\"https:\/\/mirrix.be\/de\/kontakt\/\" target=\"_blank\" rel=\"noopener\">Kontaktseite<\/a><\/p>\n<p>&nbsp;<\/p>\n","protected":false},"excerpt":{"rendered":"<p>Der <strong>Zach<\/strong>-Webrahmen von Mirrix ist ideal f\u00fcr gr\u00f6\u00dfere Webprojekte.<\/p>\n<p>Mit einer Webbreite von 48 cm und einer Webl\u00e4nge von bis zu 155 cm bietet er eine beeindruckende Leistung in einem \u00fcberraschend leichten Format.<\/p>\n<p>Er ist leicht zu transportieren und wird standardm\u00e4\u00dfig mit dem bew\u00e4hrten Litzenheber von Mirrix geliefert.<\/p>\n<p>Dank der integrierten, klappbaren F\u00fc\u00dfe l\u00e4sst er sich auch einfach verstauen.<\/p>\n","protected":false},"featured_media":10622,"template":"","meta":[],"product_brand":[],"product_cat":[359,398],"product_tag":[],"merk":[],"class_list":{"0":"post-10621","1":"product","2":"type-product","3":"status-publish","4":"has-post-thumbnail","6":"product_cat-mirrix-standwebrahmen-de","7":"product_cat-mirrix-standwebrahmen","9":"first","10":"instock","11":"sale","12":"taxable","13":"shipping-taxable","14":"purchasable","15":"product-type-variable"},"_links":{"self":[{"href":"https:\/\/mirrix.be\/de\/wp-json\/wp\/v2\/product\/10621","targetHints":{"allow":["GET"]}}],"collection":[{"href":"https:\/\/mirrix.be\/de\/wp-json\/wp\/v2\/product"}],"about":[{"href":"https:\/\/mirrix.be\/de\/wp-json\/wp\/v2\/types\/product"}],"wp:featuredmedia":[{"embeddable":true,"href":"https:\/\/mirrix.be\/de\/wp-json\/wp\/v2\/media\/10622"}],"wp:attachment":[{"href":"https:\/\/mirrix.be\/de\/wp-json\/wp\/v2\/media?parent=10621"}],"wp:term":[{"taxonomy":"product_brand","embeddable":true,"href":"https:\/\/mirrix.be\/de\/wp-json\/wp\/v2\/product_brand?post=10621"},{"taxonomy":"product_cat","embeddable":true,"href":"https:\/\/mirrix.be\/de\/wp-json\/wp\/v2\/product_cat?post=10621"},{"taxonomy":"product_tag","embeddable":true,"href":"https:\/\/mirrix.be\/de\/wp-json\/wp\/v2\/product_tag?post=10621"},{"taxonomy":"merk","embeddable":true,"href":"https:\/\/mirrix.be\/de\/wp-json\/wp\/v2\/merk?post=10621"}],"curies":[{"name":"wp","href":"https:\/\/api.w.org\/{rel}","templated":true}]}}