{"id":10648,"date":"2025-05-26T10:31:49","date_gmt":"2025-05-26T08:31:49","guid":{"rendered":"https:\/\/mirrix.be\/mini-mirrix-loreli-5%e2%80%b3-13-cm-kleiner-rahmen-grosse-moeglichkeiten\/"},"modified":"2025-08-19T16:53:43","modified_gmt":"2025-08-19T14:53:43","slug":"mini-mirrix-loreli-5-13-cm","status":"publish","type":"product","link":"https:\/\/mirrix.be\/de\/mini-mirrix-loreli-5-13-cm\/","title":{"rendered":"Mini Mirrix Loreli 5\u2033 = 13 cm \u2013 Kleiner Rahmen, gro\u00dfe M\u00f6glichkeiten"},"content":{"rendered":"<h2>Warum den Mini Mirrix Loreli w\u00e4hlen?<\/h2>\n<p>Der Mini Mirrix Loreli ist klein, aber sehr benutzerfreundlich.<\/p>\n<p>Der Loreli wiegt nur 700\u202fg und passt problemlos in eine Tasche oder einen Koffer. Trotz seiner Gr\u00f6\u00dfe ist er stabil genug f\u00fcr anspruchsvolle Webarbeiten.<\/p>\n<ul>\n<li><strong>Webbreite:<\/strong> max. 6,5 cm<\/li>\n<li><strong>Standard-Webl\u00e4ngelengte:<\/strong> 18 cm \u2013 Bis zu 38 cm mit durchgehender Kette<\/li>\n<li><strong>Rahmenbreite:<\/strong> 13 cm breed<\/li>\n<\/ul>\n<h2><\/h2>\n<h2>Geeignet f\u00fcr Perlen und Textil<\/h2>\n<p>Dank der <strong>endbearbeitungsfreien<\/strong> <strong>Kettkette<\/strong> k\u00f6nnen Sie Perlen auff\u00e4deln oder Miniaturteppiche weben. Am Ende m\u00fcssen Sie nur zwei Kettf\u00e4den vern\u00e4hen \u2013 das bedeutet weniger Nacharbeit nach dem Abnehmen Ihres Werkst\u00fccks.<\/p>\n<p>&nbsp;<\/p>\n<p>M\u00f6chten Sie ein l\u00e4ngeres Werkst\u00fcck anfertigen? Dann verwenden Sie die <strong>durchgehende Kette<\/strong>. Damit k\u00f6nnen Sie bis zu 38 cm lang weben.<\/p>\n<p>&nbsp;<\/p>\n<p>\u27a1\ufe0f Du suchst ein etwas gr\u00f6\u00dferes Modell? Dann schau dir den <a href=\"https:\/\/mirrix.be\/de\/zach-webrahmen-22-55-cm\/\" target=\"_blank\" rel=\"noopener\">Mirrix Zach<\/a> an.<\/p>\n<p>&nbsp;<\/p>\n<p>&nbsp;<\/p>\n<h2>Lieferumfang<\/h2>\n<p>Standardm\u00e4\u00dfig erhalten Sie:<\/p>\n<ul>\n<li>Mini Mirrix Loreli Webrahmen<\/li>\n<li>Ahornholz-Klammern<\/li>\n<li>Gewindestange f\u00fcr durchgehende Kette<\/li>\n<li>Litzenleiste (Spirale) 5,5 cm<\/li>\n<li>1,8\u202fm Texsolv-Kordel<\/li>\n<li>Zwei d\u00fcnne St\u00e4be mit S-Haken (f\u00fcr das No-Finish-System)<\/li>\n<li>Gedruckte Anleitung<\/li>\n<\/ul>\n<p>&nbsp;<\/p>\n<h2>Material und Haltbarkeit<\/h2>\n<p>Der Mini Mirrix Loreli ist aus hochwertigen Materialien gefertigt:<\/p>\n<ul>\n<li>Aluminiumtr\u00e4ger (leicht und stabil)<\/li>\n<li>St\u00e4be aus Stahl und Kupfer (rostfrei)<br \/>\n<strong>Sie kaufen also einen Webrahmen, der langlebig ist und Ihnen jahrelang kreative Freude bereitet.<\/strong><\/li>\n<\/ul>\n<p>&nbsp;<\/p>\n<h2>Warum Weefweelde?<\/h2>\n<p><a href=\"https:\/\/mirrix.be\/\" target=\"_blank\" rel=\"noopener\">Weefweelde<\/a> ist der offizielle Vertriebspartner f\u00fcr <a href=\"https:\/\/mirrixlooms.com\/\" target=\"_blank\" rel=\"noopener\">Mirrix-Webrahmen<\/a> in der EU. Wenn Sie bei uns bestellen, erhalten Sie:<\/p>\n<ul>\n<li><strong>Schnellen Versand<\/strong> aus Belgien<\/li>\n<li><strong>Eigener Weberfahrung<\/strong>: wir weben selbst<\/li>\n<li><strong>Pers\u00f6nlicher Beratung und Support <\/strong><\/li>\n<\/ul>\n<p>&nbsp;<\/p>\n<p>Noch Fragen? Stellen Sie Ihre Frage \u00fcber unsere <a href=\"https:\/\/mirrix.be\/de\/kontakt\/\" target=\"_blank\" rel=\"noopener\">Kontaktseite<\/a>.<\/p>\n<p>&nbsp;<\/p>\n<p>&nbsp;<\/p>\n<h2>Videos: So starten Sie mit Ihrem Webrahmen<\/h2>\n<p>M\u00f6chten Sie wissen, wie Sie den Loreli 5\u201d-Webrahmen richtig aufbauen? Sehen Sie sich die folgenden Videos mit klaren Anleitungen f\u00fcr den Aufbau an:<\/p>\n<ul>\n<li>Aufziehen mit durchgehender Kette f\u00fcr Gobelin<\/li>\n<li>Aufziehen mit durchgehender Kette f\u00fcr Perlenweben<\/li>\n<li>Perlenweben mit und ohne Litzenheber<\/li>\n<\/ul>\n","protected":false},"excerpt":{"rendered":"<p>Der <strong>Mini Mirrix Loreli <\/strong>ist der kleinste Webrahmen im <a href=\"https:\/\/mirrixlooms.com\/\" target=\"_blank\" rel=\"noopener\">Mirrix-Sortiment<\/a>.<\/p>\n<p>Mit einer Breite von 13 cm eignet er sich ideal f\u00fcr das <strong>Perlenweben<\/strong> und <strong>Miniatur-Tapisserien<\/strong>.<\/p>\n<p>Ideal zum Mitnehmen oder f\u00fcr den schnellen Aufbau.<\/p>\n<p>Trotz seiner kompakten Gr\u00f6\u00dfe bietet dieses Modell \u00fcberraschend viele M\u00f6glichkeiten.<\/p>\n<p>&nbsp;<\/p>\n<p>&nbsp;<\/p>\n<p><strong><em>Nutzen Sie die Gelegenheit: <\/em><\/strong><\/p>\n<p>&nbsp;<\/p>\n","protected":false},"featured_media":9930,"template":"","meta":[],"product_brand":[],"product_cat":[424,359],"product_tag":[],"merk":[],"class_list":{"0":"post-10648","1":"product","2":"type-product","3":"status-publish","4":"has-post-thumbnail","6":"product_cat-im-angebot","7":"product_cat-mirrix-standwebrahmen-de","9":"first","10":"instock","11":"sale","12":"taxable","13":"shipping-taxable","14":"purchasable","15":"product-type-simple"},"_links":{"self":[{"href":"https:\/\/mirrix.be\/de\/wp-json\/wp\/v2\/product\/10648","targetHints":{"allow":["GET"]}}],"collection":[{"href":"https:\/\/mirrix.be\/de\/wp-json\/wp\/v2\/product"}],"about":[{"href":"https:\/\/mirrix.be\/de\/wp-json\/wp\/v2\/types\/product"}],"wp:featuredmedia":[{"embeddable":true,"href":"https:\/\/mirrix.be\/de\/wp-json\/wp\/v2\/media\/9930"}],"wp:attachment":[{"href":"https:\/\/mirrix.be\/de\/wp-json\/wp\/v2\/media?parent=10648"}],"wp:term":[{"taxonomy":"product_brand","embeddable":true,"href":"https:\/\/mirrix.be\/de\/wp-json\/wp\/v2\/product_brand?post=10648"},{"taxonomy":"product_cat","embeddable":true,"href":"https:\/\/mirrix.be\/de\/wp-json\/wp\/v2\/product_cat?post=10648"},{"taxonomy":"product_tag","embeddable":true,"href":"https:\/\/mirrix.be\/de\/wp-json\/wp\/v2\/product_tag?post=10648"},{"taxonomy":"merk","embeddable":true,"href":"https:\/\/mirrix.be\/de\/wp-json\/wp\/v2\/merk?post=10648"}],"curies":[{"name":"wp","href":"https:\/\/api.w.org\/{rel}","templated":true}]}}