{"id":10683,"date":"2024-08-28T10:26:31","date_gmt":"2024-08-28T08:26:31","guid":{"rendered":"https:\/\/mirrix.be\/chloe-pocket-loom-5%e2%80%b3-127-cm-8%e2%80%b3-20-cm-praeziser-und-vielseitiger-webrahmen\/"},"modified":"2025-09-02T16:01:23","modified_gmt":"2025-09-02T14:01:23","slug":"chloe-pocket-loom-13-20-cm","status":"publish","type":"product","link":"https:\/\/mirrix.be\/de\/chloe-pocket-loom-13-20-cm\/","title":{"rendered":"Chloe Pocket Loom 5\u2033 = 12,7 cm \/ 8\u2033 = 20 cm \u2013 Pr\u00e4ziser und vielseitiger Webrahmen"},"content":{"rendered":"<h2>Warum den Chloe Pocket Loom w\u00e4hlen?<\/h2>\n<p><strong>Nahezu fertiges Werk direkt vom Webrahmen<\/strong><\/p>\n<p>Dank der durchgehenden Kette ist dein Webst\u00fcck beim Abnehmen fast fertig. Nur Anfang und Ende m\u00fcssen noch eingearbeitet werden. <\/p>\n<p><strong>Exakte Fadenspannung<\/strong><\/p>\n<p>Mit der Gewindestange kannst du die H\u00f6he des Rahmens anpassen und die Kettf\u00e4den auch w\u00e4hrend des Webens exakt spannen. So verhinderst du lose F\u00e4den oder Verzerrungen.  <\/p>\n<p><strong>Erh\u00e4ltlich in 2 Breiten<\/strong><\/p>\n<h2>Technische Daten \u2013 Chloe Pocket Loom<\/h2>\n<table>\n<thead>\n<tr>\n<td>Merkmal<\/td>\n<td>Wert<\/td>\n<\/tr>\n<\/thead>\n<tbody>\n<tr>\n<td>Webbreite<\/td>\n<td>12,7 cm oder 20 cm<\/td>\n<\/tr>\n<tr>\n<td>Webl\u00e4nge<\/td>\n<td>20 cm standard<\/td>\n<\/tr>\n<tr>\n<td>Gewindestangen (optional)<\/td>\n<td>20, 30, 37 oder 50 cm <\/td>\n<\/tr>\n<tr>\n<td>Litzen<\/td>\n<td>4 S\u00e4tze (3, 4, 5 und 5,5 Faden\/cm)<\/td>\n<\/tr>\n<tr>\n<td>Zubeh\u00f6r<\/td>\n<td>2 Schl\u00fcssel zum Einstellen von H\u00f6he und Spannung<\/td>\n<\/tr>\n<\/tbody>\n<\/table>\n<h2><\/h2>\n<h2>Mit oder ohne St\u00e4nder?<\/h2>\n<table>\n<thead>\n<tr>\n<td>Option<\/td>\n<td>Vorteil<\/td>\n<\/tr>\n<\/thead>\n<tbody>\n<tr>\n<td>Ohne St\u00e4nder<\/td>\n<td>Leicht, kompakt und ideal f\u00fcr das Arbeiten auf dem Scho\u00df<\/td>\n<\/tr>\n<tr>\n<td>Mit verstellbarem St\u00e4nder<\/td>\n<td>CoBequemes Weben im Stehen, beide H\u00e4nde frei<\/td>\n<\/tr>\n<\/tbody>\n<\/table>\n<p>Der St\u00e4nder ist auch separat erh\u00e4ltlich und h\u00f6henverstellbar. <\/p>\n<h2><\/h2>\n<h2>Im Lieferumfang enthalten<\/h2>\n<ul>\n<li>Chloe Pocket Loom (12,7 cm oder 20 cm breit)<\/li>\n<li>4 S\u00e4tze Litzen aus Aluminium<\/li>\n<li>2 Einstellschl\u00fcssel<\/li>\n<li>Gedruckte Anleitung<\/li>\n<\/ul>\n<h2>Warum bei Weefweelde bestellen?<\/h2>\n<p><a href=\"https:\/\/weefweelde.be\/\" target=\"_blank\" rel=\"noopener\">Weefweelde<\/a> ist der offizielle Vertriebspartner von <a href=\"https:\/\/mirrixlooms.com\/\" target=\"_blank\" rel=\"noopener\">Mirrix-Webrahmen<\/a> in der EU. Du profitierst von: <\/p>\n<ul>\n<li>Schneller Versand aus Belgien<\/li>\n<li>Pers\u00f6nlicher Beratung und Unterst\u00fctzung<\/li>\n<li>Erprobten und getesteten Produkten<\/li>\n<\/ul>\n<h2>Videos: So starten Sie mit Ihrem Webrahmen<\/h2>\n<p>Sehen Sie sich die folgenden Videos an:<\/p>\n<ul>\n<li>Ein kurzer Eindruck vom Chloe Loom<\/li>\n<li>Weben mit Perlen<\/li>\n<\/ul>\n<p>\u27a1\ufe0f Fragen? Kontaktiere uns \u00fcber unsere <a href=\"https:\/\/mirrix.be\/de\/kontakt\/\" target=\"_blank\" rel=\"noopener\">Kontaktseite<\/a> <\/p>\n<p>&nbsp;<\/p>\n<p>&nbsp;<\/p>\n","protected":false},"excerpt":{"rendered":"<p>Du m\u00f6chtest deine eigenen Armb\u00e4nder, Wanddekorationen oder kleine Textilbilder weben? Dann ist der Chloe Pocket Loom genau das Richtige f\u00fcr dich.<\/p>\n<p>Das <strong>Chloe Pocket Loom<\/strong> ist ein leichtes und vielseitiges Webger\u00e4t, geeignet sowohl f\u00fcr Perlenarbeiten als auch f\u00fcr kleine Tapisserien.<\/p>\n<p><strong>Nutzen Sie jetzt unser spezielles Angebot:<br \/>\n<\/strong><\/p>\n<p>Beim Kauf des Mirrix Chloe erhalten Sie ein kostenloses Starterset mit 4 Garnfarben (4 x 10 g), darunter 1 Multicolor-Garn und 15 g Kettgarn. Der perfekte Einstieg, um sofort loszuweben. <\/p>\n<p><strong>Wie geben Sie Ihre Wunschoption an?<\/strong><\/p>\n<p>Sehen Sie ein Set, das perfekt zu Ihnen passt? Gro\u00dfartig! <\/p>\n<p>Sie k\u00f6nnen den Namen Ihres Lieblingssets im Feld \u201eBestellhinweise\u201c angeben, das Sie w\u00e4hrend des Bestellvorgangs finden.<\/p>\n<p><strong>Haben Sie es vergessen? Kein Problem! <\/strong><\/p>\n<p>Wenn Sie sich von uns \u00fcberraschen lassen, w\u00e4hlen wir gerne ein harmonisches und inspirierendes Set f\u00fcr Sie aus. So ist Ihnen ein sch\u00f6ner Start in Ihr Webabenteuer sicher! <\/p>\n<p><strong>Bitte beachten Sie: Abweichungen von den gezeigten Sets sind nicht m\u00f6glich.<\/strong> Wir garantieren, dass jedes Set der perfekte Start f\u00fcr Ihr Webabenteuer ist!<\/p>\n<p>&nbsp;<\/p>\n<p>&nbsp;<\/p>\n","protected":false},"featured_media":20406,"template":"","meta":[],"product_brand":[],"product_cat":[359],"product_tag":[432,433,425,407,427,408,431,436,428,430,429,399,426,437,434,438,435],"merk":[176],"class_list":{"0":"post-10683","1":"product","2":"type-product","3":"status-publish","4":"has-post-thumbnail","6":"product_cat-mirrix-standwebrahmen-de","7":"product_tag-bodenteppich","8":"product_tag-kleiner-webrahmen-de","9":"product_tag-kleiner-webrahmen","10":"product_tag-perlenweben","11":"product_tag-stehender-webrahmen","12":"product_tag-tapisserie-de","13":"product_tag-teppiche-weben","14":"product_tag-tischmodell","15":"product_tag-tischwebrahmen","16":"product_tag-tischwebrahmen-de","17":"product_tag-tischwebrahmen-kaufen","18":"product_tag-wandteppich","19":"product_tag-weben-lernen","20":"product_tag-webrahmen","21":"product_tag-webrahmen-kaufen","22":"product_tag-webrahmen-kaufen-de","23":"product_tag-webrahmen-tischmodell","24":"merk-mirrix","26":"first","27":"instock","28":"sale","29":"taxable","30":"shipping-taxable","31":"purchasable","32":"product-type-variable"},"_links":{"self":[{"href":"https:\/\/mirrix.be\/de\/wp-json\/wp\/v2\/product\/10683","targetHints":{"allow":["GET"]}}],"collection":[{"href":"https:\/\/mirrix.be\/de\/wp-json\/wp\/v2\/product"}],"about":[{"href":"https:\/\/mirrix.be\/de\/wp-json\/wp\/v2\/types\/product"}],"wp:featuredmedia":[{"embeddable":true,"href":"https:\/\/mirrix.be\/de\/wp-json\/wp\/v2\/media\/20406"}],"wp:attachment":[{"href":"https:\/\/mirrix.be\/de\/wp-json\/wp\/v2\/media?parent=10683"}],"wp:term":[{"taxonomy":"product_brand","embeddable":true,"href":"https:\/\/mirrix.be\/de\/wp-json\/wp\/v2\/product_brand?post=10683"},{"taxonomy":"product_cat","embeddable":true,"href":"https:\/\/mirrix.be\/de\/wp-json\/wp\/v2\/product_cat?post=10683"},{"taxonomy":"product_tag","embeddable":true,"href":"https:\/\/mirrix.be\/de\/wp-json\/wp\/v2\/product_tag?post=10683"},{"taxonomy":"merk","embeddable":true,"href":"https:\/\/mirrix.be\/de\/wp-json\/wp\/v2\/merk?post=10683"}],"curies":[{"name":"wp","href":"https:\/\/api.w.org\/{rel}","templated":true}]}}