{"id":10852,"date":"2024-09-16T15:41:43","date_gmt":"2024-09-16T13:41:43","guid":{"rendered":"https:\/\/mirrix.be\/kettfadenfreies-kit-fuer-mirrix-webrahmen\/"},"modified":"2025-08-19T20:26:50","modified_gmt":"2025-08-19T18:26:50","slug":"kettfadenfreies-kit-fuer-mirrix-webrahmen","status":"publish","type":"product","link":"https:\/\/mirrix.be\/de\/kettfadenfreies-kit-fuer-mirrix-webrahmen\/","title":{"rendered":"Kettfadenfreies Kit f\u00fcr Mirrix-Webrahmen"},"content":{"rendered":"<h2>Was ist das Kettfadenfreies Kit (No Warp-Ends Kit)?<\/h2>\n<p>Mit diesem cleveren Kit weben Sie Perlen, ohne am Ende viele Kettf\u00e4den vern\u00e4hen zu m\u00fcssen.<\/p>\n<p>Nur der erste und der letzte Kettfaden m\u00fcssen manuell eingezogen werde. Die restlichen verschwinden unsichtbar, da die Kette aus einem einzigen, durchgehenden Faden besteht.<\/p>\n<p>&nbsp;<\/p>\n<h2>F\u00fcr wen ist es geeignet?<\/h2>\n<p>Dieses Kit ist ideal f\u00fcr:<\/p>\n<ul>\n<li>Schmuckweber*innen (Armb\u00e4nder, Ketten \u2026)<\/li>\n<li>Dekost\u00fccke wie Lesezeichen oder kleine Wandbilder<\/li>\n<li>alle, die das Vern\u00e4hen von Kettf\u00e4den vermeiden m\u00f6chten<\/li>\n<\/ul>\n<p>Sie beenden Ihr Projekt direkt am Rahmen, ohne sichtbare F\u00e4den und ohne Nachbearbeitung.<\/p>\n<p>&nbsp;<\/p>\n<h2>Wie funktioniert es?<\/h2>\n<ul>\n<li>Beim Weben ist die Kette unter Spannung<\/li>\n<li>Nach dem Abnehmen entspannen sich die F\u00e4den und ziehen sich leicht wieder auf ihre urspr\u00fcngliche L\u00e4nge zusamme<\/li>\n<li>Die Kettf\u00e4den verschwinden im Gewebe<\/li>\n<li>Nur Anfangs- und Endfaden m\u00fcssen eingezogen werden<\/li>\n<\/ul>\n<p>&nbsp;<\/p>\n<h2>F\u00fcr welche Modelle geeignet?<\/h2>\n<p>Dieses Kit ist kompatibel mit:<\/p>\n<ul>\n<li><a href=\"https:\/\/mirrix.be\/de\/lani-webrahmen-kompakt\/\" target=\"_blank\" rel=\"noopener\">Lani<\/a><\/li>\n<li><a href=\"https:\/\/mirrix.be\/de\/little-guy-webrahmen-12-30-cm\/\" target=\"_blank\" rel=\"noopener\">Little Guy<\/a><\/li>\n<li><a href=\"https:\/\/mirrix.be\/de\/big-sister-webrahmen-40-cm\/\" target=\"_blank\" rel=\"noopener\">Big Sister<\/a><\/li>\n<\/ul>\n<p>Die d\u00fcnnen St\u00e4be eignen sich besonders f\u00fcr kleine Rahmen.<\/p>\n<p>Wenn Sie einen gr\u00f6\u00dferen Rahmen oder einen mit Litzenheber verwenden, empfehlen wir das <a href=\"https:\/\/mirrix.be\/de\/zusatz-kettstangen-kit-fuer-mirrix-webrahmen\/\" target=\"_blank\" rel=\"noopener\">Zusatz-Kettstangen-Kit.<\/a><\/p>\n<p>&nbsp;<\/p>\n<h2>Warum Weefweelde?<\/h2>\n<p><a href=\"https:\/\/weefweelde.be\/\" target=\"_blank\" rel=\"noopener\">Weefweelde<\/a> ist der offizielle Vertriebspartner f\u00fcr <a href=\"https:\/\/mirrixlooms.com\/\" target=\"_blank\" rel=\"noopener\">Mirrix-Webst\u00fchle<\/a> in der EU.<\/p>\n<p>Wir bieten Ihnen:<\/p>\n<ul>\n<li>Fachkundige und pers\u00f6nliche Beratung<\/li>\n<li>Schnellen Versand direkt aus Belgien<\/li>\n<li>Online- und Offline-Support<\/li>\n<\/ul>\n<p>&nbsp;<\/p>\n<h2>Anleitungsvideos<\/h2>\n<p>Sie m\u00f6chten das Kit ausprobieren? Sehen Sie sich unsere Schritt-f\u00fcr-Schritt-Videos an.<\/p>\n<p>\u27a1\ufe0f Fragen? Kontaktieren Sie uns \u00fcber unsere <a href=\"https:\/\/mirrix.be\/de\/kontakt\/\" target=\"_blank\" rel=\"noopener\">Kontaktseite<\/a><\/p>\n<p>&nbsp;<\/p>\n<p>BEntdecken Sie auch unsere <a href=\"https:\/\/mirrix.be\/de\/produkt-kategorie\/mirrix-standwebrahmen-de\/\" target=\"_blank\" rel=\"noopener\">Mirrix-Webrahmen<\/a>, <a href=\"https:\/\/mirrix.be\/de\/texsolv-schnuere-fuer-mirrix-webrahmen\/\" target=\"_blank\" rel=\"noopener\">Texsolv-Kordeln<\/a> und weiteres <a href=\"https:\/\/mirrix.be\/algemene-toebehoren\/eu-toebehoren\/\" target=\"_blank\" rel=\"noopener\">Zubeh\u00f6r<\/a> zum Perlenweben.<\/p>\n","protected":false},"excerpt":{"rendered":"<p>Sie m\u00f6chten keine Kettf\u00e4den mehr vern\u00e4hen? Das <strong>Kettfadenfreies Kit <\/strong>erm\u00f6glicht ein sauberes Finish beim Perlenweben, ganz ohne Nacharbeit.<\/p>\n<p>Dieses Kit ist ausschlie\u00dflich mit den Modellen Lani, Little Guy und Big Sister kompatibel.<\/p>\n<p>F\u00fcr gr\u00f6\u00dfere Rahmen empfehlen wir das <u>Zusatz-Kettstangen-Kit<\/u>, da die d\u00fcnnen Stangen dieses Sets bei hoher Spannung verbiegen k\u00f6nnten.<\/p>\n","protected":false},"featured_media":10853,"template":"","meta":[],"product_brand":[],"product_cat":[440,462],"product_tag":[],"merk":[],"class_list":{"0":"post-10852","1":"product","2":"type-product","3":"status-publish","4":"has-post-thumbnail","6":"product_cat-mirrix-zubehor","7":"product_cat-mirrix-zubehor-de","9":"first","10":"instock","11":"sale","12":"taxable","13":"shipping-taxable","14":"purchasable","15":"product-type-variable"},"_links":{"self":[{"href":"https:\/\/mirrix.be\/de\/wp-json\/wp\/v2\/product\/10852","targetHints":{"allow":["GET"]}}],"collection":[{"href":"https:\/\/mirrix.be\/de\/wp-json\/wp\/v2\/product"}],"about":[{"href":"https:\/\/mirrix.be\/de\/wp-json\/wp\/v2\/types\/product"}],"wp:featuredmedia":[{"embeddable":true,"href":"https:\/\/mirrix.be\/de\/wp-json\/wp\/v2\/media\/10853"}],"wp:attachment":[{"href":"https:\/\/mirrix.be\/de\/wp-json\/wp\/v2\/media?parent=10852"}],"wp:term":[{"taxonomy":"product_brand","embeddable":true,"href":"https:\/\/mirrix.be\/de\/wp-json\/wp\/v2\/product_brand?post=10852"},{"taxonomy":"product_cat","embeddable":true,"href":"https:\/\/mirrix.be\/de\/wp-json\/wp\/v2\/product_cat?post=10852"},{"taxonomy":"product_tag","embeddable":true,"href":"https:\/\/mirrix.be\/de\/wp-json\/wp\/v2\/product_tag?post=10852"},{"taxonomy":"merk","embeddable":true,"href":"https:\/\/mirrix.be\/de\/wp-json\/wp\/v2\/merk?post=10852"}],"curies":[{"name":"wp","href":"https:\/\/api.w.org\/{rel}","templated":true}]}}