{"id":11034,"date":"2024-09-17T10:49:13","date_gmt":"2024-09-17T08:49:13","guid":{"rendered":"https:\/\/mirrix.be\/zusatz-kettstangen-kit-fuer-mirrix-webrahmen\/"},"modified":"2025-10-14T11:34:15","modified_gmt":"2025-10-14T09:34:15","slug":"zusatz-kettstangen-kit-fuer-mirrix-webrahmen","status":"publish","type":"product","link":"https:\/\/mirrix.be\/de\/zusatz-kettstangen-kit-fuer-mirrix-webrahmen\/","title":{"rendered":"Zusatz-Kettstangen-Kit f\u00fcr Mirrix-Webrahmen"},"content":{"rendered":"<h2>Was ist das Zusatz-Kettstangen-Kit?<\/h2>\n<p>Mit dem Zusatz-Kettstangen-Kit (oder Extra Warping Bar Kit auf Englisch) k\u00f6nnen Sie Ihren Mirrix-Webrahmen ausschlie\u00dflich an der Vorderseite bespannen.<\/p>\n<p>So sparen Sie Kettf\u00e4den und haben gleichzeitig besseren Zugang zu Ihrem Gewebe. Perfekt f\u00fcr kleinere oder pr\u00e4zise Projekte.<\/p>\n<p>Ideal f\u00fcr:<\/p>\n<ul>\n<li>Perlenweben mit Handst\u00fctze hinter dem Rahmen<\/li>\n<li>Tapisserie von der R\u00fcckseite<\/li>\n<li>Projekte mit begrenzter Kettl\u00e4nge<\/li>\n<\/ul>\n<h2><\/h2>\n<h2>Was ist im Lieferumfang enthalten?<\/h2>\n<p>Jedes Kit enth\u00e4lt:<\/p>\n<ul>\n<li>1 zus\u00e4tzliche Kettstange<\/li>\n<li>Texsolv-Kordel<\/li>\n<li>4 Metallclips zur Befestigung<\/li>\n<\/ul>\n<p>&nbsp;<\/p>\n<p>Zusammen mit der Standard-Kettstange (f\u00fcr den Litzenheber) haben Sie dann zwei Stangen, zwischen denen die kontinuierliche Kette gespannt wird.<\/p>\n<p>&nbsp;<\/p>\n<h2>Wie viel Texsolv-Kordel ist enthalten?<\/h2>\n<p>Die L\u00e4nge der <a href=\"https:\/\/mirrix.be\/texsolv-koordjes-2\/\">Texsolv-Korde<\/a>l h\u00e4ngt vom Modell Ihres Webrahmens ab: <\/p>\n<table>\n<thead>\n<tr>\n<td>Rahmenbreite<\/td>\n<td>Kordell\u00e4nge<\/td>\n<\/tr>\n<\/thead>\n<tbody>\n<tr>\n<td>Bis 50 cm<\/td>\n<td>3 Meter<\/td>\n<\/tr>\n<tr>\n<td>55 \u2013 90 cm<\/td>\n<td>5 Meter<\/td>\n<\/tr>\n<\/tbody>\n<\/table>\n<p>&nbsp;<\/p>\n<p>Wir legen immer ausreichend Kordel f\u00fcr Ihr Modell bei.<\/p>\n<p>&nbsp;<\/p>\n<h2>F\u00fcr welche Webrahmen geeignet?<\/h2>\n<p>Dieses Kit ist kompatibel mit folgenden Modellen:<\/p>\n<ul>\n<li><a href=\"https:\/\/mirrix.be\/lani-loom\/\">Lani<\/a><\/li>\n<li><a href=\"https:\/\/mirrix.be\/de\/little-guy-webrahmen-12-30-cm\/\">Little Guy<\/a><\/li>\n<li><a href=\"https:\/\/mirrix.be\/big-sister\/\">Big Sister<\/a><\/li>\n<li>Deb<\/li>\n<li><a href=\"https:\/\/mirrix.be\/fr\/metier-a-tisser-zach-22-55-cm\/\">Zach<\/a><\/li>\n<li>McKinley<\/li>\n<li><a href=\"https:\/\/mirrix.be\/joni\/\">Joni<\/a><\/li>\n<li><a href=\"https:\/\/mirrix.be\/de\/zeus-webrahmen-38-97-cm\/\">Zeus<\/a><\/li>\n<li><a href=\"https:\/\/mirrix.be\/lily-loom\/\">Lily<\/a>,<\/li>\n<\/ul>\n<p>&nbsp;<\/p>\n<p>Bitte pr\u00fcfen Sie vor der Bestellung Ihr Modell.<\/p>\n<p>&nbsp;<\/p>\n<h2>Warum nur an der Vorderseite ketten?<\/h2>\n<ul>\n<li>Spart Garn, kein Abfall hinter dem Rahmen<\/li>\n<li>Bessere Sicht auf Vorder- und R\u00fcckseite<\/li>\n<li>Mehr Platz f\u00fcr die H\u00e4nde hinter dem Fach<\/li>\n<li>Ideal f\u00fcr feine Details, Proben und Experimente<\/li>\n<\/ul>\n<p>&nbsp;<\/p>\n<h2>Warum Weefweelde?<\/h2>\n<p><a href=\"https:\/\/weefweelde.be\/\" target=\"_blank\" rel=\"noopener\">Weefweelde<\/a> ist der offizielle Vertriebspartner f\u00fcr <a href=\"https:\/\/mirrixlooms.com\/\" target=\"_blank\" rel=\"noopener\">Mirrix-Webst\u00fchle<\/a> in der EU.<\/p>\n<p>Wir bieten Ihnen:<\/p>\n<ul>\n<li>Fachkundige und pers\u00f6nliche Beratung<\/li>\n<li>Schnellen Versand direkt aus Belgien<\/li>\n<li>Online- und Offline-Support<\/li>\n<\/ul>\n<p>&nbsp;<\/p>\n<h2>Anleitungsvideos<\/h2>\n<p>Sie m\u00f6chten Ihr Kit einrichten? Sehen Sie sich unser Anleitungsvideo an. <\/p>\n<p>Eine <a href=\"https:\/\/mirrix.be\/wp-content\/uploads\/2024\/09\/warping-with-the-Extra-Warping-Bar-Kit-3.pdf\">englische Anleitung<\/a> ist ebenfalls verf\u00fcgbar.<\/p>\n<p>&nbsp;<\/p>\n<p>Auf der Suche nach einem <a href=\"https:\/\/mirrix.be\/weefshop\/?jsf=epro-loop-builder:weefproducten&amp;tax=merk:176\">Webrahmen<\/a> oder Zubeh\u00f6r? Entdecken Sie unsere Mirrix-Kollektion und <a href=\"https:\/\/mirrix.be\/algemene-toebehoren\/\">Zubeh\u00f6r<\/a>  <\/p>\n","protected":false},"excerpt":{"rendered":"<p>M\u00f6chten Sie eine k\u00fcrzere oder einseitige Kette aufziehen?<\/p>\n<p>Mit dem Zusatz-Kettstangen-Kit arbeiten Sie sparsam und effizient \u2013 ideal f\u00fcr Perlenstickereien oder Tapisserien von der R\u00fcckseite.<\/p>\n<p><\/p>\n","protected":false},"featured_media":11035,"template":"","meta":[],"product_brand":[],"product_cat":[462,673,440],"product_tag":[446],"merk":[176],"class_list":{"0":"post-11034","1":"product","2":"type-product","3":"status-publish","4":"has-post-thumbnail","6":"product_cat-mirrix-zubehor-de","7":"product_cat-mirrix-zubehor-de-2","8":"product_cat-mirrix-zubehor","9":"product_tag-zusatz-kettstangen-kit","10":"merk-mirrix","12":"first","13":"instock","14":"sale","15":"taxable","16":"shipping-taxable","17":"purchasable","18":"product-type-variable"},"_links":{"self":[{"href":"https:\/\/mirrix.be\/de\/wp-json\/wp\/v2\/product\/11034","targetHints":{"allow":["GET"]}}],"collection":[{"href":"https:\/\/mirrix.be\/de\/wp-json\/wp\/v2\/product"}],"about":[{"href":"https:\/\/mirrix.be\/de\/wp-json\/wp\/v2\/types\/product"}],"wp:featuredmedia":[{"embeddable":true,"href":"https:\/\/mirrix.be\/de\/wp-json\/wp\/v2\/media\/11035"}],"wp:attachment":[{"href":"https:\/\/mirrix.be\/de\/wp-json\/wp\/v2\/media?parent=11034"}],"wp:term":[{"taxonomy":"product_brand","embeddable":true,"href":"https:\/\/mirrix.be\/de\/wp-json\/wp\/v2\/product_brand?post=11034"},{"taxonomy":"product_cat","embeddable":true,"href":"https:\/\/mirrix.be\/de\/wp-json\/wp\/v2\/product_cat?post=11034"},{"taxonomy":"product_tag","embeddable":true,"href":"https:\/\/mirrix.be\/de\/wp-json\/wp\/v2\/product_tag?post=11034"},{"taxonomy":"merk","embeddable":true,"href":"https:\/\/mirrix.be\/de\/wp-json\/wp\/v2\/merk?post=11034"}],"curies":[{"name":"wp","href":"https:\/\/api.w.org\/{rel}","templated":true}]}}