{"id":11182,"date":"2024-09-18T22:14:51","date_gmt":"2024-09-18T20:14:51","guid":{"rendered":"https:\/\/mirrix.be\/zusaetzliche-federn-warp-coils-fuer-mirrix-webrahmen\/"},"modified":"2025-10-16T11:56:29","modified_gmt":"2025-10-16T09:56:29","slug":"zusatzliche-federn-warp-coils-fuer-mirrix-webrahmen","status":"publish","type":"product","link":"https:\/\/mirrix.be\/de\/zusatzliche-federn-warp-coils-fuer-mirrix-webrahmen\/","title":{"rendered":"Zus\u00e4tzliche Federn (Warp Coils) f\u00fcr Mirrix-Webrahmen"},"content":{"rendered":"<h2>Wann brauchen Sie zus\u00e4tzliche Federn?<\/h2>\n<p>Wenn Sie den Kettabstand \u00e4ndern oder eine besch\u00e4digte Feder ersetzen m\u00f6chten, sind diese zus\u00e4tzlichen Federn (Warp Coils oder Springs) ideal.<\/p>\n<p>Sie sind mit allen Mirrix-Webrahmen kompatibel.<\/p>\n<p>Verf\u00fcgbare Varianten<\/p>\n<p>Jede Feder entspricht einem bestimmten Kettabstand:<\/p>\n<table>\n<thead>\n<tr>\n<td>Dents\/cm<\/td>\n<td>Gebruik<\/td>\n<\/tr>\n<\/thead>\n<tbody>\n<tr>\n<td>2 Dents\/cm<\/td>\n<td>dickes Garn, gro\u00dfe Fach\u00f6ffnung<\/td>\n<\/tr>\n<tr>\n<td>3 Dents\/cm<\/td>\n<td>strukturierte Standardkette<\/td>\n<\/tr>\n<tr>\n<td>4 Dents\/cm<\/td>\n<td>kleine Tapisserieprojekte<\/td>\n<\/tr>\n<tr>\n<td>5 Dents\/cm<\/td>\n<td>feines Garn, Detailarbeit<\/td>\n<\/tr>\n<tr>\n<td>5,5 Dents\/cm<\/td>\n<td>zwischen fein und sehr fein<\/td>\n<\/tr>\n<tr>\n<td>6,5 Dents\/cm<\/td>\n<td>ultrafeine Arbeiten<\/td>\n<\/tr>\n<tr>\n<td>7 Dents\/cm<\/td>\n<td>standard bei Litzenheber-Rahmen<\/td>\n<\/tr>\n<tr>\n<td>8 Dents\/cm<\/td>\n<td>extrem feine Kette, Perlenweben<\/td>\n<\/tr>\n<\/tbody>\n<\/table>\n<p>&nbsp;<\/p>\n<p>Alle Federn sind an den Enden beschichtet und einfach zu montieren.<\/p>\n<p>&nbsp;<\/p>\n<h2><strong>Wie verwendet man die Federn?<\/strong><\/h2>\n<p>Spannen Sie die zus\u00e4tzliche Federn zwischen der oberen und\/oder unteren Leiste Ihres Mirrix-Rahmens.<\/p>\n<p>Sie sorgen f\u00fcr gleichm\u00e4\u00dfige Spannung und pr\u00e4zisen Abstand der Kettf\u00e4den \u00fcber die gesamte Gewebel\u00e4nge.<\/p>\n<p>Alle Mirrix-Modelle ab Lani sind mit mindestens einer Standardfeder (5,5 Dents\/cm) an der oberen Leiste ausgestattet.<\/p>\n<p>Hat Ihr Rahmen bereits Federn?<\/p>\n<p>Hat Ihr Webrahmen keine oberen oder unteren Federn? Dann empfehlen wir das Unterer-Federn-Kit.<\/p>\n<p>Das enth\u00e4lt das Folgendes:<\/p>\n<ul>\n<li>1 Halterung (f\u00fcr oben oder unten)<\/li>\n<li>4 Federn: 3, 5, 5,5 und 7 Dents\/cm<\/li>\n<\/ul>\n<p>&nbsp;<\/p>\n<p>Danach k\u00f6nnen Sie bei Bedarf weitere Federn erg\u00e4nzen.<\/p>\n<p>&nbsp;<\/p>\n<h2>Sind Federn beim Kauf eines Rahmens enthalten?<\/h2>\n<p>Ja. Alle <strong>Modelle mit Litzenhebersystem<\/strong> (<a href=\"https:\/\/mirrix.be\/lani-loom\/\">Lani<\/a>, <a href=\"https:\/\/mirrix.be\/de\/little-guy-webrahmen-12-30-cm\/\">Little Guy,<\/a> <a href=\"https:\/\/mirrix.be\/big-sister\/\">Big Sister<\/a>, <a href=\"https:\/\/mirrix.be\/fr\/metier-a-tisser-zach-22-55-cm\/\">Zach<\/a>, <a href=\"https:\/\/mirrix.be\/joni\/\">Joni<\/a>, <a href=\"https:\/\/mirrix.be\/de\/zeus-webrahmen-38-97-cm\/\">Zeus<\/a>, <a href=\"https:\/\/mirrix.be\/lily-loom\/\">Lily<\/a>) werden mit 4 Federn f\u00fcr die obere Leiste geliefert: 3, 5, 5,5 und 7 Dents\/cm    <\/p>\n<p>&nbsp;<\/p>\n<h2>Warum Weefweelde?<\/h2>\n<p><a href=\"https:\/\/weefweelde.be\/\" target=\"_blank\" rel=\"noopener\">Weefweelde<\/a> ist der offizielle Vertriebspartner f\u00fcr <a href=\"https:\/\/mirrixlooms.com\/\" target=\"_blank\" rel=\"noopener\">Mirrix-Webst\u00fchle<\/a> in der EU.<\/p>\n<p>Wir bieten Ihnen:<\/p>\n<ul>\n<li>Fachkundige und pers\u00f6nliche Beratung<\/li>\n<li>Schnellen Versand direkt aus Belgien<\/li>\n<li>Online- und Offline-Support<\/li>\n<\/ul>\n<p>&nbsp;<\/p>\n<p>\u27a1\ufe0f Fragen? Kontaktieren Sie uns \u00fcber unsere <a href=\"https:\/\/mirrix.be\/contact\/\">Kontaktseite<\/a><\/p>\n<p>&nbsp;<\/p>\n<p>Auf der Suche nach einem Webrahmen oder Zubeh\u00f6r?<br \/>Entdecken Sie unsere <a href=\"https:\/\/mirrix.be\/weefshop\/?jsf=epro-loop-builder:weefproducten&amp;tax=merk:176\">Mirrix-Webrahmen<\/a> und <a href=\"https:\/\/mirrix.be\/algemene-toebehoren\/\">Zubeh\u00f6rteile<\/a> Dann werfen Sie unbedingt einen Blick auf unser Sortiment.<\/p>\n<p>&nbsp;<\/p>\n","protected":false},"excerpt":{"rendered":"<p>Verwenden Sie <strong>zus\u00e4tzliche Federn<\/strong>, um die Kettfadendichte an Ihrem Mirrix-Rahmen individuell anzupassen. Erh\u00e4ltlich in acht Varianten, von 2 bis 8 Dents pro Zentimeter. <\/p>\n","protected":false},"featured_media":11183,"template":"","meta":[],"product_brand":[],"product_cat":[440,462],"product_tag":[],"merk":[176],"class_list":{"0":"post-11182","1":"product","2":"type-product","3":"status-publish","4":"has-post-thumbnail","6":"product_cat-mirrix-zubehor","7":"product_cat-mirrix-zubehor-de","8":"merk-mirrix","10":"first","11":"instock","12":"sale","13":"taxable","14":"shipping-taxable","15":"purchasable","16":"product-type-variable"},"_links":{"self":[{"href":"https:\/\/mirrix.be\/de\/wp-json\/wp\/v2\/product\/11182","targetHints":{"allow":["GET"]}}],"collection":[{"href":"https:\/\/mirrix.be\/de\/wp-json\/wp\/v2\/product"}],"about":[{"href":"https:\/\/mirrix.be\/de\/wp-json\/wp\/v2\/types\/product"}],"wp:featuredmedia":[{"embeddable":true,"href":"https:\/\/mirrix.be\/de\/wp-json\/wp\/v2\/media\/11183"}],"wp:attachment":[{"href":"https:\/\/mirrix.be\/de\/wp-json\/wp\/v2\/media?parent=11182"}],"wp:term":[{"taxonomy":"product_brand","embeddable":true,"href":"https:\/\/mirrix.be\/de\/wp-json\/wp\/v2\/product_brand?post=11182"},{"taxonomy":"product_cat","embeddable":true,"href":"https:\/\/mirrix.be\/de\/wp-json\/wp\/v2\/product_cat?post=11182"},{"taxonomy":"product_tag","embeddable":true,"href":"https:\/\/mirrix.be\/de\/wp-json\/wp\/v2\/product_tag?post=11182"},{"taxonomy":"merk","embeddable":true,"href":"https:\/\/mirrix.be\/de\/wp-json\/wp\/v2\/merk?post=11182"}],"curies":[{"name":"wp","href":"https:\/\/api.w.org\/{rel}","templated":true}]}}