{"id":11265,"date":"2024-09-16T15:49:22","date_gmt":"2024-09-16T13:49:22","guid":{"rendered":"https:\/\/mirrix.be\/s-haken-fuer-das-mirrix-kettfadenfreies-kit\/"},"modified":"2024-09-16T15:49:22","modified_gmt":"2024-09-16T13:49:22","slug":"s-haken-fuer-das-mirrix-kettfadenfreies-kit","status":"publish","type":"product","link":"https:\/\/mirrix.be\/de\/s-haken-fuer-das-mirrix-kettfadenfreies-kit\/","title":{"rendered":"S-Haken f\u00fcr das Mirrix Kettfadenfreies Kit"},"content":{"rendered":"<h2>Was sind S-Haken?<\/h2>\n<p>S-Haken sind kleine Metallhaken, die zusammen mit dem <a href=\"https:\/\/mirrix.be\/de\/kettfadenfreies-kit-fuer-mirrix-webrahmen\/\" target=\"_blank\" rel=\"noopener\">Kettfadenfreies Kit<\/a> von Mirrix verwendet werden.<\/p>\n<p>Sie verbinden Ihre Kettf\u00e4den mit zwei Metallstangen, sodass Ihr Gewebe unter Spannung bleibt, ohne sichtbare Kettenden.<\/p>\n<h2>Wann braucht man zus\u00e4tzliche S-Haken?<\/h2>\n<p>Das Standardkit enth\u00e4lt bereits einige S-Haken. F\u00fcr breitere Webarbeiten ben\u00f6tigen Sie jedoch oft mehr Haken, um die Kettf\u00e4den gleichm\u00e4\u00dfig zu verteilen. Diese Sets sind daf\u00fcr ideal. <\/p>\n<h2>Was ist im Set enthalten?<\/h2>\n<p>Jedes Set enth\u00e4lt 20 S-Haken.<\/p>\n<p>Ausreichend f\u00fcr ein deutlich breiteres Webprojekt.<\/p>\n<h2>Vorteile auf einen Blick<\/h2>\n<ul>\n<li>F\u00fcr das Mirrix Kettfadenfreies Kit<\/li>\n<li>Ideal f\u00fcr Perlen, Schmuck und schmale Tapisserien<\/li>\n<li>Gleichm\u00e4\u00dfige Spannung bei breiten Ketten<\/li>\n<li>Wiederverwendbar und einfach in der Handhabung<\/li>\n<\/ul>\n<p>&nbsp;<\/p>\n<h2>Warum Weefweelde?<\/h2>\n<p><a href=\"https:\/\/mirrix.be\/\" target=\"_blank\" rel=\"noopener\">Weefweelde<\/a> ist der offizielle Vertriebspartner f\u00fcr <a href=\"https:\/\/mirrixlooms.com\/\" target=\"_blank\" rel=\"noopener\">Mirrix-Webst\u00fchle<\/a> in der EU.<\/p>\n<p>Wir bieten Ihnen:<\/p>\n<ul>\n<li>Fachkundige und pers\u00f6nliche Beratung<\/li>\n<li>Schnellen Versand direkt aus Belgien<\/li>\n<li>Online- und Vor-Ort-Support durch Weefweelde<\/li>\n<\/ul>\n<p>&nbsp;<\/p>\n<h2>Anleitungsvideos<\/h2>\n<p>Sie m\u00f6chten die S-Haken direkt anwenden? Sehen Sie sich unser Anleitungsvideo an, Schritt f\u00fcr Schritt erkl\u00e4rt. <\/p>\n<p>&nbsp;<\/p>\n<p>\u27a1\ufe0f Fragen? Kontaktieren Sie uns \u00fcber unsere <a href=\"https:\/\/mirrix.be\/de\/kontakt\/\" target=\"_blank\" rel=\"noopener\">Kontaktseite<\/a><\/p>\n<p>&nbsp;<\/p>\n<p>Sie suchen das <a href=\"https:\/\/mirrix.be\/de\/kettfadenfreies-kit-fuer-mirrix-webrahmen\/\" target=\"_blank\" rel=\"noopener\">Kettfadenfreies Kit<\/a> oder weiteres Zubeh\u00f6r? Finden Sie alles in unserem <a href=\"https:\/\/mirrix.be\/de\/shop\/\" target=\"_blank\" rel=\"noopener\">Onlineshop<\/a>  <\/p>\n","protected":false},"excerpt":{"rendered":"<p>Weben Sie in gr\u00f6\u00dferem Format mit dem Kettfadenfreies Kit? F\u00fcgen Sie zus\u00e4tzliche <strong>S-Haken<\/strong> hinzu, f\u00fcr gleichm\u00e4\u00dfige Spannung und saubere Kettf\u00fchrung bei breiten Projekten.<\/p>\n","protected":false},"featured_media":11259,"template":"","meta":[],"product_brand":[],"product_cat":[440,462],"product_tag":[],"merk":[],"class_list":{"0":"post-11265","1":"product","2":"type-product","3":"status-publish","4":"has-post-thumbnail","6":"product_cat-mirrix-zubehor","7":"product_cat-mirrix-zubehor-de","9":"first","10":"instock","11":"sale","12":"taxable","13":"shipping-taxable","14":"purchasable","15":"product-type-simple"},"_links":{"self":[{"href":"https:\/\/mirrix.be\/de\/wp-json\/wp\/v2\/product\/11265","targetHints":{"allow":["GET"]}}],"collection":[{"href":"https:\/\/mirrix.be\/de\/wp-json\/wp\/v2\/product"}],"about":[{"href":"https:\/\/mirrix.be\/de\/wp-json\/wp\/v2\/types\/product"}],"wp:featuredmedia":[{"embeddable":true,"href":"https:\/\/mirrix.be\/de\/wp-json\/wp\/v2\/media\/11259"}],"wp:attachment":[{"href":"https:\/\/mirrix.be\/de\/wp-json\/wp\/v2\/media?parent=11265"}],"wp:term":[{"taxonomy":"product_brand","embeddable":true,"href":"https:\/\/mirrix.be\/de\/wp-json\/wp\/v2\/product_brand?post=11265"},{"taxonomy":"product_cat","embeddable":true,"href":"https:\/\/mirrix.be\/de\/wp-json\/wp\/v2\/product_cat?post=11265"},{"taxonomy":"product_tag","embeddable":true,"href":"https:\/\/mirrix.be\/de\/wp-json\/wp\/v2\/product_tag?post=11265"},{"taxonomy":"merk","embeddable":true,"href":"https:\/\/mirrix.be\/de\/wp-json\/wp\/v2\/merk?post=11265"}],"curies":[{"name":"wp","href":"https:\/\/api.w.org\/{rel}","templated":true}]}}