{"id":11315,"date":"2024-09-16T13:56:59","date_gmt":"2024-09-16T11:56:59","guid":{"rendered":"https:\/\/mirrix.be\/texsolv-schnuere-fuer-mirrix-webrahmen\/"},"modified":"2025-08-19T21:32:17","modified_gmt":"2025-08-19T19:32:17","slug":"texsolv-schnuere-fuer-mirrix-webrahmen","status":"publish","type":"product","link":"https:\/\/mirrix.be\/de\/texsolv-schnuere-fuer-mirrix-webrahmen\/","title":{"rendered":"Texsolv-Schn\u00fcre f\u00fcr Mirrix-Webrahmen"},"content":{"rendered":"<h2>Was sind Texsolv-Schn\u00fcre?<\/h2>\n<p>Texsolv-Schn\u00fcre sind fertige Verbindungsschn\u00fcre f\u00fcr das Litzenhebersystem von Mirrix.<\/p>\n<p>Sie verbinden abwechselnd die Kettf\u00e4den mit der vorderen oder hinteren Litzenstange.<\/p>\n<p>Durch Drehen des Hebels wechseln gerade und ungerade F\u00e4den ihre Position.<\/p>\n<p>So entsteht das Fach beim Weben.<\/p>\n<p>&nbsp;<\/p>\n<h2>Welche Variante brauche ich?<\/h2>\n<p>Mirrix bietet zwei Litzenhebersysteme an:<\/p>\n<table>\n<thead>\n<tr>\n<td>Litzenhebersystem-Typen<\/td>\n<td>Fachh\u00f6he<\/td>\n<td>Verpakking<\/td>\n<td>Menge<\/td>\n<\/tr>\n<\/thead>\n<tbody>\n<tr>\n<td>Standard<\/td>\n<td>2 cm<\/td>\n<td>Rolle<\/td>\n<td>100<\/td>\n<\/tr>\n<tr>\n<td>Verl\u00e4ngert<\/td>\n<td>4 cm<\/td>\n<td>vorgeschnitten<\/td>\n<td>100<\/td>\n<\/tr>\n<\/tbody>\n<\/table>\n<p>&nbsp;<\/p>\n<p><strong>Hinweis<\/strong>: Bei der Rollenvariante m\u00fcssen Sie die Schn\u00fcre an der kurzen \u00d6ffnung auseinanderschneiden.<\/p>\n<p>&nbsp;<\/p>\n<h2>Sind Texsolv-Schn\u00fcre wiederverwendbar?<\/h2>\n<p>Ja, sie sind:<\/p>\n<ul>\n<li>langlebig und abriebfest<\/li>\n<li>leicht zu befestigen<\/li>\n<li>d\u00fcnn genug f\u00fcr enge Kettabst\u00e4nde<\/li>\n<li>wiederverwendbar, also eine nachhaltige L\u00f6sung<\/li>\n<\/ul>\n<p>&nbsp;<\/p>\n<h2>Was bei sehr dichter Kette?<\/h2>\n<p>Wenn Sie mit mehr als 7 F\u00e4den pro cm arbeiten (z.\u202fB. mit dickerem Garn), empfehlen wir, <strong>eigene Litzen zu knoten<\/strong>.<\/p>\n<p>Dazu eignet sich z.\u202fB. unser <a href=\"https:\/\/mirrix.be\/de\/kettgarn-seine-twine\/\" target=\"_blank\" rel=\"noopener\">Liina Seine Twine<\/a>.<\/p>\n<p>D\u00fcnn, stark und flexibel.<\/p>\n<p>Entdecken Sie in diesem Video, wie Sie Ihre <a href=\"https:\/\/www.youtube.com\/watch?v=OCGXAvnKKq8\" target=\"_blank\" rel=\"noopener\">eigenen Sch\u00fcre herstellen k\u00f6nnen<\/a>.<\/p>\n<h2><\/h2>\n<h2><\/h2>\n<p>&nbsp;<\/p>\n<h2><\/h2>\n<h2>Warum Weefweelde?<\/h2>\n<p><a href=\"https:\/\/mirrix.be\/\" target=\"_blank\" rel=\"noopener\">Weefweelde<\/a> ist der offizielle Vertriebspartner f\u00fcr <a href=\"https:\/\/mirrixlooms.com\/\" target=\"_blank\" rel=\"noopener\">Mirrix-Webst\u00fchle<\/a> in der EU.<\/p>\n<p>Wir bieten Ihnen:<\/p>\n<ul>\n<li>Fachkundige und pers\u00f6nliche Beratung<\/li>\n<li>Schnellen Versand direkt aus Belgien<\/li>\n<li>Online- und Offline-Support<\/li>\n<\/ul>\n<p>&nbsp;<\/p>\n<h2>Anleitungsvideos<\/h2>\n<p>Sie m\u00f6chten eigene Texsolv-Schn\u00fcre machen?<\/p>\n<p>\ud83d\udcfd\ufe0f Entdecken Sie in diesem Video, wie Sie Ihre eigenen Schn\u00fcre herstellen k\u00f6nnen.<\/p>\n<p>&nbsp;<\/p>\n<p>\u27a1\ufe0f Fragen? Kontaktieren Sie uns \u00fcber unsere <a href=\"https:\/\/mirrix.be\/de\/kontakt\/\" target=\"_blank\" rel=\"noopener\">Kontaktseite<\/a> Wir helfen Ihnen gerne weiter.<\/p>\n<p>&nbsp;<\/p>\n<p>Auf der Suche nach einem Webrahmen oder Zubeh\u00f6r?<br \/>\nEntdecken Sie unsere <a href=\"https:\/\/mirrix.be\/de\/produkt-kategorie\/mirrix-standwebrahmen-de\/\" target=\"_blank\" rel=\"noopener\">Mirrix-Webrahmen<\/a> und <a href=\"https:\/\/mirrix.be\/de\/shop\/\" target=\"_blank\" rel=\"noopener\">Zubeh\u00f6rteile<\/a><\/p>\n","protected":false},"excerpt":{"rendered":"<p>Mit <strong>Texsolv-Schn\u00fcren<\/strong> verbinden Sie die Kettf\u00e4den Ihres Mirrix-Webrahmens schnell und einfach mit dem Litzenhebersystem.<\/p>\n<p>Erh\u00e4ltlich auf der Rolle oder vorgeschnitten im 100er-Set, f\u00fcr Standard oder verl\u00e4ngertes Fach.<\/p>\n<p>&nbsp;<\/p>\n","protected":false},"featured_media":11316,"template":"","meta":[],"product_brand":[],"product_cat":[440,462],"product_tag":[457,458,360,456,455],"merk":[],"class_list":{"0":"post-11315","1":"product","2":"type-product","3":"status-publish","4":"has-post-thumbnail","6":"product_cat-mirrix-zubehor","7":"product_cat-mirrix-zubehor-de","8":"product_tag-litzenheber","9":"product_tag-litzenheber-mirrix","10":"product_tag-mirrix-de","11":"product_tag-texsolv-de","12":"product_tag-texsolv-schnure","14":"first","15":"instock","16":"sale","17":"taxable","18":"shipping-taxable","19":"purchasable","20":"product-type-variable"},"_links":{"self":[{"href":"https:\/\/mirrix.be\/de\/wp-json\/wp\/v2\/product\/11315","targetHints":{"allow":["GET"]}}],"collection":[{"href":"https:\/\/mirrix.be\/de\/wp-json\/wp\/v2\/product"}],"about":[{"href":"https:\/\/mirrix.be\/de\/wp-json\/wp\/v2\/types\/product"}],"wp:featuredmedia":[{"embeddable":true,"href":"https:\/\/mirrix.be\/de\/wp-json\/wp\/v2\/media\/11316"}],"wp:attachment":[{"href":"https:\/\/mirrix.be\/de\/wp-json\/wp\/v2\/media?parent=11315"}],"wp:term":[{"taxonomy":"product_brand","embeddable":true,"href":"https:\/\/mirrix.be\/de\/wp-json\/wp\/v2\/product_brand?post=11315"},{"taxonomy":"product_cat","embeddable":true,"href":"https:\/\/mirrix.be\/de\/wp-json\/wp\/v2\/product_cat?post=11315"},{"taxonomy":"product_tag","embeddable":true,"href":"https:\/\/mirrix.be\/de\/wp-json\/wp\/v2\/product_tag?post=11315"},{"taxonomy":"merk","embeddable":true,"href":"https:\/\/mirrix.be\/de\/wp-json\/wp\/v2\/merk?post=11315"}],"curies":[{"name":"wp","href":"https:\/\/api.w.org\/{rel}","templated":true}]}}