{"id":11413,"date":"2024-09-17T18:04:05","date_gmt":"2024-09-17T16:04:05","guid":{"rendered":"https:\/\/mirrix.be\/harvey-staender-fuer-mirrix-webrahmen\/"},"modified":"2025-08-05T12:07:25","modified_gmt":"2025-08-05T10:07:25","slug":"harvey-stander-fur-mirrix-webrahmen","status":"publish","type":"product","link":"https:\/\/mirrix.be\/de\/harvey-stander-fur-mirrix-webrahmen\/","title":{"rendered":"Harvey-St\u00e4nder f\u00fcr Mirrix-Webrahmen"},"content":{"rendered":"<h2>Was ist der Harvey-St\u00e4nder? (Oder Harvey sitting\/standing loom stand)<\/h2>\n<p>Der Harvey-St\u00e4nder ist ein stabiler Dreibein-St\u00e4nder f\u00fcr Mirrix-Webrahmen.<\/p>\n<p>Er h\u00e4lt den Rahmen sicher und bietet sechs einstellbare H\u00f6hen.<\/p>\n<p>Durch das Staffelei-Design arbeiten Sie aufrecht, frei und mit idealer K\u00f6rperhaltung, fast wie auf einer Leinwand.<\/p>\n<p>&nbsp;<\/p>\n<h2>Mit welchen Rahmen ist er kompatibel?<\/h2>\n<p>Der St\u00e4nder ist mit allen Mirrix-Modellen ab <a href=\"https:\/\/mirrix.be\/de\/lani-webrahmen-kompakt\/\" target=\"_blank\" rel=\"noopener\">Lani<\/a> kompatibel.<\/p>\n<p>Nicht geeignet f\u00fcr die Saffron und <a href=\"https:\/\/mirrix.be\/de\/chloe-pocket-loom-13-20-cm\/\" target=\"_blank\" rel=\"noopener\">Chloe Pocket Loom<\/a>.<\/p>\n<p>&nbsp;<\/p>\n<h2>Warum den Harvey-St\u00e4nder w\u00e4hlen?<\/h2>\n<ul>\n<li>Schneller Auf- und Abbau des Webrahmens<\/li>\n<li>Integriertes Fach f\u00fcr Garn, Perlen und Werkzeuge<\/li>\n<li>Ergonomisch: Weben im Sitzen oder Stehen<\/li>\n<li>Platzsparende Alternative zum Arbeitstisch<\/li>\n<\/ul>\n<p>&nbsp;<\/p>\n<h2>H\u00f6henverstellung<\/h2>\n<p>Der St\u00e4nder ist auf sechs Arbeitsh\u00f6hen einstellbar:<\/p>\n<table>\n<thead>\n<tr>\n<td>H\u00f6he<\/td>\n<td>Verwendung<\/td>\n<\/tr>\n<\/thead>\n<tbody>\n<tr>\n<td>55 cm<\/td>\n<td>im Sitzen<\/td>\n<\/tr>\n<tr>\n<td>65 cm<\/td>\n<td>im Sitzen<\/td>\n<\/tr>\n<tr>\n<td>75 cm<\/td>\n<td>im Stehen<\/td>\n<\/tr>\n<tr>\n<td>85 cm<\/td>\n<td>im Stehen<\/td>\n<\/tr>\n<tr>\n<td>95 cm<\/td>\n<td>im Stehen<\/td>\n<\/tr>\n<tr>\n<td>105 cm<\/td>\n<td>im Stehen<\/td>\n<\/tr>\n<\/tbody>\n<\/table>\n<p>&nbsp;<\/p>\n<p>Passen Sie den Rahmen Ihrer K\u00f6rperhaltung und Ihrem Arbeitsplatz an.<\/p>\n<p>&nbsp;<\/p>\n<h2>Lieferumfang<\/h2>\n<p>Der St\u00e4nder enth\u00e4lt:<\/p>\n<ul>\n<li>ein stabiles Dreibein-Gestell<\/li>\n<li>eine zentrale Stange mit Ablagefach<\/li>\n<li>zwei C-Klemmen zur sicheren Befestigung<\/li>\n<\/ul>\n<p>&nbsp;<\/p>\n<p>Gewicht: 8 kg<\/p>\n<p>&nbsp;<\/p>\n<h2>Warum Weefweelde?<\/h2>\n<p><a href=\"https:\/\/mirrix.be\/\" target=\"_blank\" rel=\"noopener\">Weefweelde<\/a> ist der offizielle Vertriebspartner f\u00fcr <a href=\"https:\/\/mirrixlooms.com\/\" target=\"_blank\" rel=\"noopener\">Mirrix-Webst\u00fchle<\/a> in der EU.<\/p>\n<p>Wir bieten Ihnen:<\/p>\n<ul>\n<li>Fachkundige und pers\u00f6nliche Beratung<\/li>\n<li>Schnellen Versand direkt aus Belgien<\/li>\n<li>Online- und Offline-Support<\/li>\n<\/ul>\n<p>&nbsp;<\/p>\n<p>\u27a1\ufe0f Fragen? Kontaktieren Sie uns \u00fcber unsere <a href=\"https:\/\/mirrix.be\/de\/kontakt\/\" target=\"_blank\" rel=\"noopener\">Kontaktseite<\/a> Wir helfen Ihnen gerne weiter.<\/p>\n<p>&nbsp;<\/p>\n<p>Entdecken Sie auch unsere <a href=\"https:\/\/mirrix.be\/de\/produkt-kategorie\/mirrix-standwebrahmen-de\/\" target=\"_blank\" rel=\"noopener\">Mirrix Webrahmen<\/a> und <a href=\"https:\/\/mirrix.be\/de\/shop\/\" target=\"_blank\" rel=\"noopener\">Zubeh\u00f6r<\/a><\/p>\n","protected":false},"excerpt":{"rendered":"<p>Weben Sie bequem, ergonomisch und mit perfekter Sicht, mit dem <strong>Harvey-St\u00e4nder.<\/strong><\/p>\n<p>Passend f\u00fcr alle Mirrix-Webrahmen ab Modell Lani.<br \/>\nW\u00e4hlen Sie Ihre optimale H\u00f6he, zum Sitzen oder Stehen.<\/p>\n","protected":false},"featured_media":19995,"template":"","meta":[],"product_brand":[],"product_cat":[440,462,673],"product_tag":[],"merk":[176],"class_list":{"0":"post-11413","1":"product","2":"type-product","3":"status-publish","4":"has-post-thumbnail","6":"product_cat-mirrix-zubehor","7":"product_cat-mirrix-zubehor-de","8":"product_cat-mirrix-zubehor-de-2","9":"merk-mirrix","11":"first","12":"instock","13":"sale","14":"taxable","15":"shipping-taxable","16":"purchasable","17":"product-type-simple"},"_links":{"self":[{"href":"https:\/\/mirrix.be\/de\/wp-json\/wp\/v2\/product\/11413","targetHints":{"allow":["GET"]}}],"collection":[{"href":"https:\/\/mirrix.be\/de\/wp-json\/wp\/v2\/product"}],"about":[{"href":"https:\/\/mirrix.be\/de\/wp-json\/wp\/v2\/types\/product"}],"wp:featuredmedia":[{"embeddable":true,"href":"https:\/\/mirrix.be\/de\/wp-json\/wp\/v2\/media\/19995"}],"wp:attachment":[{"href":"https:\/\/mirrix.be\/de\/wp-json\/wp\/v2\/media?parent=11413"}],"wp:term":[{"taxonomy":"product_brand","embeddable":true,"href":"https:\/\/mirrix.be\/de\/wp-json\/wp\/v2\/product_brand?post=11413"},{"taxonomy":"product_cat","embeddable":true,"href":"https:\/\/mirrix.be\/de\/wp-json\/wp\/v2\/product_cat?post=11413"},{"taxonomy":"product_tag","embeddable":true,"href":"https:\/\/mirrix.be\/de\/wp-json\/wp\/v2\/product_tag?post=11413"},{"taxonomy":"merk","embeddable":true,"href":"https:\/\/mirrix.be\/de\/wp-json\/wp\/v2\/merk?post=11413"}],"curies":[{"name":"wp","href":"https:\/\/api.w.org\/{rel}","templated":true}]}}