{"id":11451,"date":"2024-09-17T18:25:45","date_gmt":"2024-09-17T16:25:45","guid":{"rendered":"https:\/\/mirrix.be\/verlaengerte-litzenstuetze-fuer-mirrix-webrahmen\/"},"modified":"2026-01-14T17:20:24","modified_gmt":"2026-01-14T16:20:24","slug":"verlangerte-litzenstutze-fuer-mirrix-webrahmen","status":"publish","type":"product","link":"https:\/\/mirrix.be\/de\/verlangerte-litzenstutze-fuer-mirrix-webrahmen\/","title":{"rendered":"Verl\u00e4ngerte Litzenst\u00fctze f\u00fcr Mirrix-Webrahmen"},"content":{"rendered":"<h2>Was bewirkt die verl\u00e4ngerte Litzenst\u00fctze? (Shed Exxtender)<\/h2>\n<p>Diese Erweiterung verdoppelt die Fachh\u00f6he Ihres Rahmens: von ca. 2 cm auf nahezu 4 cm, und das macht den Unterschied. <\/p>\n<p>Damit wird es viel einfacher:<\/p>\n<ul>\n<li>mit einer Gobelinnadel zu arbeiten<\/li>\n<li>ein Schiffchen oder eine Spule durch das Fach zu f\u00fchren<\/li>\n<li>dicke oder unregelm\u00e4\u00dfige Garne einzuweben<\/li>\n<\/ul>\n<h2>Kompatibilit\u00e4t<\/h2>\n<p>Die verl\u00e4ngerte Litzenst\u00fctze (oder Shed Extenders in Englisch) passt auf alle Mirrix-Rahmen ab 20\u202fcm Breite, die mit einem Litzenheber ausgestattet sind.<\/p>\n<p>Besonders geeignet f\u00fcr Tapisserien und gr\u00f6\u00dfere Projekte, bei denen Sie tief in das Fach einarbeiten. <\/p>\n<h2><\/h2>\n<h2>Lieferumfang<\/h2>\n<p>Jedes Set enth\u00e4lt:<\/p>\n<ul>\n<li>2 handgefertigte Holzclips mit Metallschrauben<\/li>\n<li>Metallstifte f\u00fcr den Litzenheber (je nach Modell)<\/li>\n<li>2 Kunststoffschrauben mit Fl\u00fcgelmuttern<\/li>\n<li>Kunststoffklemmen<\/li>\n<li>eine klare Schritt-f\u00fcr-Schritt-Anleitung<\/li>\n<\/ul>\n<p>Alles, was Sie f\u00fcr die Montage ben\u00f6tigen, ist dabei.<\/p>\n<p>&nbsp;<\/p>\n<h2>Warum ein gr\u00f6\u00dferes Fach?<\/h2>\n<p>Ein breiteres Fach bietet:<\/p>\n<ul>\n<li>schnelleres Arbeiten bei gr\u00f6\u00dferen Projekten<\/li>\n<li>weniger Frust beim Durchf\u00fchren von Garn<\/li>\n<li>besseren Zugang f\u00fcr Werkzeuge und Finger<\/li>\n<\/ul>\n<p>&nbsp;<\/p>\n<p>Ideal f\u00fcr bildhafte Tapisserien, bei denen Sie tief in das Fach einarbeiten.<\/p>\n<p>&nbsp;<\/p>\n<h2>Warum Weefweelde?<\/h2>\n<p><a href=\"https:\/\/weefweelde.be\/\" target=\"_blank\" rel=\"noopener\">Weefweelde<\/a> ist der offizielle Vertriebspartner f\u00fcr <a href=\"https:\/\/mirrixlooms.com\/\" target=\"_blank\" rel=\"noopener\">Mirrix-Webst\u00fchle<\/a> in der EU.<\/p>\n<p>Wir bieten Ihnen:<\/p>\n<ul>\n<li>Fachkundige und pers\u00f6nliche Beratung<\/li>\n<li>Schnellen Versand direkt aus Belgien<\/li>\n<li>Online- und Offline-Support<\/li>\n<\/ul>\n<p>&nbsp;<\/p>\n<h2>Anleitung: gleich starten<\/h2>\n<p>Bereit f\u00fcr den Einbau Ihrer verl\u00e4ngerten Litzenst\u00fctze? Laden Sie die Schritt-f\u00fcr-Schritt-Anleitung als PDF herunter. <\/p>\n<p>&nbsp;<\/p>\n<p>\u27a1\ufe0f Fragen? Kontaktieren Sie uns \u00fcber unsere <a href=\"https:\/\/mirrix.be\/contact\/\">Kontaktseite<\/a><\/p>\n<p>&nbsp;<\/p>\n<p>Sie suchen einen passenden <a href=\"https:\/\/mirrix.be\/product-categorie\/mirrix-tapisseriegetouwen\/\">Mirrix-Webrahmen<\/a> oder <a href=\"https:\/\/mirrix.be\/texsolv-koordjes-2\/\">Texsolv-Schn\u00fcre<\/a>? Dann st\u00f6bern Sie durch unsere Webrahmen-Kollektion <\/p>\n","protected":false},"excerpt":{"rendered":"<p>Weben Sie gerne mit einer Spule, einem Garnkn\u00e4uel oder einem Wollkn\u00e4uel und besitzen Sie ein Standard-Hebelsystem?<\/p>\n<p>Met het <strong>verlengde steun hevelsysteem<\/strong> voor Mirrix getouwen krijg je een grotere opening tussen de kettingdraden.<\/p>\n<p>Dieses Upgrade verwandelt Ihr Standard-System in ein verl\u00e4ngertes Litzenhebersystem. F\u00fcr schnelleres und bequemeres Weben. <\/p>\n","protected":false},"featured_media":11452,"template":"","meta":[],"product_brand":[],"product_cat":[462,440],"product_tag":[],"merk":[],"class_list":{"0":"post-11451","1":"product","2":"type-product","3":"status-publish","4":"has-post-thumbnail","6":"product_cat-mirrix-zubehor-de","7":"product_cat-mirrix-zubehor","9":"first","10":"instock","11":"sale","12":"taxable","13":"shipping-taxable","14":"purchasable","15":"product-type-variable"},"_links":{"self":[{"href":"https:\/\/mirrix.be\/de\/wp-json\/wp\/v2\/product\/11451","targetHints":{"allow":["GET"]}}],"collection":[{"href":"https:\/\/mirrix.be\/de\/wp-json\/wp\/v2\/product"}],"about":[{"href":"https:\/\/mirrix.be\/de\/wp-json\/wp\/v2\/types\/product"}],"wp:featuredmedia":[{"embeddable":true,"href":"https:\/\/mirrix.be\/de\/wp-json\/wp\/v2\/media\/11452"}],"wp:attachment":[{"href":"https:\/\/mirrix.be\/de\/wp-json\/wp\/v2\/media?parent=11451"}],"wp:term":[{"taxonomy":"product_brand","embeddable":true,"href":"https:\/\/mirrix.be\/de\/wp-json\/wp\/v2\/product_brand?post=11451"},{"taxonomy":"product_cat","embeddable":true,"href":"https:\/\/mirrix.be\/de\/wp-json\/wp\/v2\/product_cat?post=11451"},{"taxonomy":"product_tag","embeddable":true,"href":"https:\/\/mirrix.be\/de\/wp-json\/wp\/v2\/product_tag?post=11451"},{"taxonomy":"merk","embeddable":true,"href":"https:\/\/mirrix.be\/de\/wp-json\/wp\/v2\/merk?post=11451"}],"curies":[{"name":"wp","href":"https:\/\/api.w.org\/{rel}","templated":true}]}}