{"id":11491,"date":"2025-06-06T21:14:01","date_gmt":"2025-06-06T19:14:01","guid":{"rendered":"https:\/\/mirrix.be\/verlaengerte-gewindestangen-fuer-chloe-und-saffron\/"},"modified":"2025-08-19T21:37:24","modified_gmt":"2025-08-19T19:37:24","slug":"verlangerte-gewindestangen-fur-chloe-und-saffron","status":"publish","type":"product","link":"https:\/\/mirrix.be\/de\/verlangerte-gewindestangen-fur-chloe-und-saffron\/","title":{"rendered":"Verl\u00e4ngerte Gewindestangen f\u00fcr Chloe und Saffron"},"content":{"rendered":"<h2>Welche L\u00e4nge passt am besten?<\/h2>\n<table>\n<thead>\n<tr>\n<td>Stangenl\u00e4nge<\/td>\n<td>Max. Webl\u00e4nge Chloe<\/td>\n<td>Max. Webl\u00e4nge Saffron<\/td>\n<\/tr>\n<\/thead>\n<tbody>\n<tr>\n<td>20 cm (kurz)<\/td>\n<td>13 cm<\/td>\n<td>15 cm<\/td>\n<\/tr>\n<tr>\n<td>30 cm (Standard)<\/td>\n<td>20 cm<\/td>\n<td>23 cm<\/td>\n<\/tr>\n<tr>\n<td>37 cm (lang)<\/td>\n<td>28 cm<\/td>\n<td>30 cm<\/td>\n<\/tr>\n<tr>\n<td>50 cm (extra lang \u2013 20&#8243;)<\/td>\n<td>42 cm<\/td>\n<td>45 cm<\/td>\n<\/tr>\n<\/tbody>\n<\/table>\n<p><strong>Hinweis<\/strong>: Die maximale Webl\u00e4nge h\u00e4ngt vom Rahmen ab, da die Stangen bei Chloe und Saffron unterschiedlich montiert werden.<\/p>\n<p>\u27a1\ufe0f Unsicher? <a href=\"https:\/\/mirrix.be\/de\/kontakt\/\" target=\"_blank\" rel=\"noopener\">Kontaktieren Sie uns<\/a> gern.<\/p>\n<p>&nbsp;<\/p>\n<h2>Verl\u00e4ngerte Gewindestangen &#8211; Kompatibilit\u00e4t<\/h2>\n<p>Diese verl\u00e4ngerte Gewindestangen sind kompatibel mit:<\/p>\n<ul>\n<li><a href=\"https:\/\/mirrix.be\/de\/chloe-pocket-loom-13-20-cm\/\" target=\"_blank\" rel=\"noopener\">Chloe Loom<\/a><\/li>\n<li>Saffron Loom<\/li>\n<\/ul>\n<p>&nbsp;<\/p>\n<p>Kombinieren Sie sie auch mit anderem Zubeh\u00f6r wie der Spule mit <a href=\"https:\/\/mirrix.be\/de\/texsolv-schnuere-fuer-mirrix-webrahmen\/\" target=\"_blank\" rel=\"noopener\">Texsolv-Schn\u00fcren.<\/a><\/p>\n<p>&nbsp;<\/p>\n<h2>Warum Weefweelde?<\/h2>\n<p><a href=\"https:\/\/mirrix.be\/\" target=\"_blank\" rel=\"noopener\">Weefweelde<\/a> ist der offizielle Vertriebspartner f\u00fcr <a href=\"https:\/\/mirrixlooms.com\/\" target=\"_blank\" rel=\"noopener\">Mirrix-Webst\u00fchle<\/a> in der EU.<\/p>\n<p>Wir bieten Ihnen:<\/p>\n<ul>\n<li>Fachkundige und pers\u00f6nliche Beratung<\/li>\n<li>Schnellen Versand direkt aus Belgien<\/li>\n<li>Online- und Vor-Ort-Support durch Weefweelde<\/li>\n<\/ul>\n<p>&nbsp;<\/p>\n<p>\u27a1\ufe0f Fragen? Kontaktieren Sie uns \u00fcber unsere <a href=\"https:\/\/mirrix.be\/de\/kontakt\/\" target=\"_blank\" rel=\"noopener\">Kontaktseite<\/a> Wir helfen Ihnen gerne weiter.<\/p>\n","protected":false},"excerpt":{"rendered":"<p>Sie verwenden einen <a href=\"https:\/\/mirrix.be\/de\/chloe-pocket-loom-13-20-cm\/\" target=\"_blank\" rel=\"noopener\">Chloe Webrahmen<\/a> oder einen Saffron Webrahmen? Gebrauch <strong>verl\u00e4ngerte Gewindestangen<\/strong>! Damit vergr\u00f6\u00dfern Sie ganz einfach die maximale Webl\u00e4nge Ihres Rahmens \u2013 f\u00fcr mehr H\u00f6he auf Ihrem Mini-Webrahmen.<\/p>\n<p>Erh\u00e4ltlich in vier L\u00e4ngen: 20, 30, 37 und 50 cm. Ersetzen Sie einfach die Standardstange durch die gew\u00fcnschte l\u00e4ngere Variante.<\/p>\n","protected":false},"featured_media":11477,"template":"","meta":[],"product_brand":[],"product_cat":[440,462],"product_tag":[],"merk":[],"class_list":{"0":"post-11491","1":"product","2":"type-product","3":"status-publish","4":"has-post-thumbnail","6":"product_cat-mirrix-zubehor","7":"product_cat-mirrix-zubehor-de","9":"first","10":"instock","11":"sale","12":"taxable","13":"shipping-taxable","14":"purchasable","15":"product-type-variable"},"_links":{"self":[{"href":"https:\/\/mirrix.be\/de\/wp-json\/wp\/v2\/product\/11491","targetHints":{"allow":["GET"]}}],"collection":[{"href":"https:\/\/mirrix.be\/de\/wp-json\/wp\/v2\/product"}],"about":[{"href":"https:\/\/mirrix.be\/de\/wp-json\/wp\/v2\/types\/product"}],"wp:featuredmedia":[{"embeddable":true,"href":"https:\/\/mirrix.be\/de\/wp-json\/wp\/v2\/media\/11477"}],"wp:attachment":[{"href":"https:\/\/mirrix.be\/de\/wp-json\/wp\/v2\/media?parent=11491"}],"wp:term":[{"taxonomy":"product_brand","embeddable":true,"href":"https:\/\/mirrix.be\/de\/wp-json\/wp\/v2\/product_brand?post=11491"},{"taxonomy":"product_cat","embeddable":true,"href":"https:\/\/mirrix.be\/de\/wp-json\/wp\/v2\/product_cat?post=11491"},{"taxonomy":"product_tag","embeddable":true,"href":"https:\/\/mirrix.be\/de\/wp-json\/wp\/v2\/product_tag?post=11491"},{"taxonomy":"merk","embeddable":true,"href":"https:\/\/mirrix.be\/de\/wp-json\/wp\/v2\/merk?post=11491"}],"curies":[{"name":"wp","href":"https:\/\/api.w.org\/{rel}","templated":true}]}}