{"id":11634,"date":"2025-07-25T17:32:20","date_gmt":"2025-07-25T15:32:20","guid":{"rendered":"https:\/\/mirrix.be\/zusaetzliches-litzenstuetzsystem-mit-verlaengertem-fach\/"},"modified":"2025-12-02T18:55:20","modified_gmt":"2025-12-02T17:55:20","slug":"zusatzliches-litzenstutzsystem-mit-verlangertem-fach","status":"publish","type":"product","link":"https:\/\/mirrix.be\/de\/zusatzliches-litzenstutzsystem-mit-verlangertem-fach\/","title":{"rendered":"Litzenst\u00fctzsystem mit verl\u00e4ngertem Fach"},"content":{"rendered":"<ul>\n<li>F\u00fcr Lani, Little Guy, Big Sister, Deb, Zach, McKinley, Joni, Zeus<\/li>\n<\/ul>\n<p>Dies ist ein zus\u00e4tzliches Hebelsystem f\u00fcr Ihren Mirrix-Webstuhl f\u00fcr diejenigen, die<\/p>\n<ul>\n<li>urspr\u00fcnglich keine gekauft haben oder<\/li>\n<li>f\u00fcr diejenigen, die ein zweites Hebelsystem f\u00fcr ihr Webstuhl m\u00f6chten.<\/li>\n<\/ul>\n<p>Durch ein zweites Hebelsystem an Ihrem Mirrix anzubringen k\u00f6nnen Sie k\u00f6nnen Sie Techniken verwenden beim Weben von Teppichen, wie zum Beispiel eine K\u00f6perbindung.<\/p>\n<p>Sie erhalten das Hebelsystem mit verl\u00e4ngerten Stiften, einem Satz verl\u00e4ngerter St\u00fctzen, einen Griff und einen Inbusschl\u00fcssel.<\/p>\n<p>&nbsp;<\/p>\n<p>So befestigen Sie Holzklammern an Ihrem Webstuhl:<\/p>\n<ul>\n<li>Schieben Sie die Kupferstange nach oben und entfernen Sie sie vom Schraubenteil.<\/li>\n<li>Entfernen Sie mit einer feinen Zange die R\u00f6hrchen, die sich unten in den Kupferrohren befinden.<\/li>\n<li>Entfernen Sie die alten Klammern (falls sich bereits Holzklammer auf dem Webstuhl befanden).<\/li>\n<li>Schieben Sie die neuen Holzclips auf die Kupferseitenstangen.<\/li>\n<li>Setzen Sie die Metallh\u00fclsen wieder in die seitlichen Kupferstangen ein.<\/li>\n<li>Setzen Sie die beiden H\u00e4lften des Webstuhls wieder zusammen.<\/li>\n<\/ul>\n<p>&nbsp;<\/p>\n","protected":false},"excerpt":{"rendered":"<p>M\u00f6chten Sie auf Ihrem Mirrix-Webrahmen weitere Webtechniken ausprobieren? Dieses zus\u00e4tzliche <strong>Litzenst\u00fctzsystem mit verl\u00e4ngertem Fach<\/strong> erweitert die M\u00f6glichkeiten Ihres Lani, Little Guy, Big Sister, Zach, Joni oder Zeus. <\/p>\n","protected":false},"featured_media":10025,"template":"","meta":[],"product_brand":[],"product_cat":[440,462],"product_tag":[],"merk":[176],"class_list":{"0":"post-11634","1":"product","2":"type-product","3":"status-publish","4":"has-post-thumbnail","6":"product_cat-mirrix-zubehor","7":"product_cat-mirrix-zubehor-de","8":"merk-mirrix","10":"first","11":"instock","12":"sale","13":"taxable","14":"shipping-taxable","15":"purchasable","16":"product-type-variable"},"_links":{"self":[{"href":"https:\/\/mirrix.be\/de\/wp-json\/wp\/v2\/product\/11634","targetHints":{"allow":["GET"]}}],"collection":[{"href":"https:\/\/mirrix.be\/de\/wp-json\/wp\/v2\/product"}],"about":[{"href":"https:\/\/mirrix.be\/de\/wp-json\/wp\/v2\/types\/product"}],"wp:featuredmedia":[{"embeddable":true,"href":"https:\/\/mirrix.be\/de\/wp-json\/wp\/v2\/media\/10025"}],"wp:attachment":[{"href":"https:\/\/mirrix.be\/de\/wp-json\/wp\/v2\/media?parent=11634"}],"wp:term":[{"taxonomy":"product_brand","embeddable":true,"href":"https:\/\/mirrix.be\/de\/wp-json\/wp\/v2\/product_brand?post=11634"},{"taxonomy":"product_cat","embeddable":true,"href":"https:\/\/mirrix.be\/de\/wp-json\/wp\/v2\/product_cat?post=11634"},{"taxonomy":"product_tag","embeddable":true,"href":"https:\/\/mirrix.be\/de\/wp-json\/wp\/v2\/product_tag?post=11634"},{"taxonomy":"merk","embeddable":true,"href":"https:\/\/mirrix.be\/de\/wp-json\/wp\/v2\/merk?post=11634"}],"curies":[{"name":"wp","href":"https:\/\/api.w.org\/{rel}","templated":true}]}}