{"id":11829,"date":"2025-07-24T17:35:23","date_gmt":"2025-07-24T15:35:23","guid":{"rendered":"https:\/\/mirrix.be\/zusaetzlicher-unterer-kettbaum\/"},"modified":"2025-12-14T19:28:29","modified_gmt":"2025-12-14T18:28:29","slug":"zusatzlicher-unterer-kettbaum","status":"publish","type":"product","link":"https:\/\/mirrix.be\/de\/zusatzlicher-unterer-kettbaum\/","title":{"rendered":"zus\u00e4tzlicher unterer Kettbaum"},"content":{"rendered":"<h2>Was macht der zus\u00e4tzliche untere Kettbaum?<\/h2>\n<p>Befestigen Sie diesen zus\u00e4tzlichen Kettbaum mit den mitgelieferten Klemmen an der R\u00fcckseite des unteren Balkens Ihres Rahmens.<\/p>\n<p>So vergr\u00f6\u00dfern Sie den Abstand zwischen den vorderen und hinteren Kettf\u00e4den um fast 4 cm.<\/p>\n<p>Insgesamt entsteht dadurch mehr Raum zwischen den beiden Kettlagen.<\/p>\n<h2>Warum einen zus\u00e4tzlichen unteren Kettbaum verwenden?<\/h2>\n<ul>\n<li><strong>Ideal f\u00fcr Perlenweber<\/strong>: Sie k\u00f6nnen Ihre Hand leichter hinter die Kette f\u00fchren, um Perlen zu platzieren.<\/li>\n<li><strong>Hilfreich f\u00fcr Gobelinweber<\/strong>: Mehr Platz zwischen den Kettlagen bedeutet mehr Bewegungsfreiheit.<\/li>\n<li><strong>Einfache Montage<\/strong>: Der Kettbaum wird mit Klemmen geliefert und l\u00e4sst sich problemlos befestigen.<\/li>\n<\/ul>\n<p>&nbsp;<\/p>\n<p>Hinweis: Dieser zus\u00e4tzliche Kettbaum erh\u00f6ht nicht die Fachh\u00f6he, nur den Abstand zwischen den beiden Kettlagen.<\/p>\n<p>Mit diesem zus\u00e4tzlichen unteren Kettbaum holen Sie noch mehr aus Ihrem <a href=\"https:\/\/mirrixlooms.com\/\" target=\"_blank\" rel=\"noopener\">Mirrix-Webrahmen<\/a> heraus, sei es <a href=\"https:\/\/mirrix.be\/de\/lani-webrahmen-kompakt\/\" target=\"_blank\" rel=\"noopener\">Lani<\/a>, <a href=\"https:\/\/mirrix.be\/de\/little-guy-webrahmen-12-30-cm\/\" target=\"_blank\" rel=\"noopener\">Little Guy<\/a>, <a href=\"https:\/\/mirrix.be\/de\/big-sister-webrahmen-40-cm\/\" target=\"_blank\" rel=\"noopener\">Big Sister<\/a>, <a href=\"https:\/\/mirrix.be\/de\/zach-webrahmen-22-55-cm\/\" target=\"_blank\" rel=\"noopener\">Zach<\/a>, <a href=\"https:\/\/mirrix.be\/de\/joni-webrahmen-80-cm\/\">Joni<\/a> oder <a href=\"https:\/\/mirrix.be\/de\/zeus-webrahmen-38-97-cm\/\" target=\"_blank\" rel=\"noopener\">Zeus<\/a>.<\/p>\n<p>Lassen Sie Ihrer Kreativit\u00e4t freien Lauf!<\/p>\n<h2>Fragen oder Hilfe n\u00f6tig?<\/h2>\n<p><a href=\"https:\/\/mirrix.be\/de\/kontakt\/\" target=\"_blank\" rel=\"noopener\">Kontaktieren Sie uns<\/a>. Wir helfen gerne weiter.<\/p>\n<p>&nbsp;<\/p>\n","protected":false},"excerpt":{"rendered":"<p>Befestigen Sie diese zus\u00e4tzliche Stange mit den mitgelieferten Klammern an der R\u00fcckseite der unteren Stange Ihres Webstuhls.<\/p>\n<p>Dadurch vergr\u00f6\u00dfert sich der Abstand zwischen den vorderen und hinteren Kettf\u00e4den um knapp 4 cm.<\/p>\n<p>Dies ist ideal f\u00fcr alle, die breite Perlenst\u00fccke nach der traditionellen Methode weben, da Sie Ihre Hand leicht hinter die Kettf\u00e4den stecken k\u00f6nnen, um die Perlen an ihrem Platz zu halten.<\/p>\n<p>Es funktioniert auch sehr gut f\u00fcr Wandteppichweber, die mehr Platz zwischen den vorderen und hinteren Kettf\u00e4den haben m\u00f6chten.<\/p>\n<p>Anmerkung: Der Unterbalken vergr\u00f6\u00dfert nicht die Gr\u00f6\u00dfe des Schafts, sondern nur den Abstand zwischen den beiden Lagen Kettf\u00e4den.<\/p>\n","protected":false},"featured_media":9967,"template":"","meta":[],"product_brand":[],"product_cat":[462,440],"product_tag":[],"merk":[176],"class_list":{"0":"post-11829","1":"product","2":"type-product","3":"status-publish","4":"has-post-thumbnail","6":"product_cat-mirrix-zubehor-de","7":"product_cat-mirrix-zubehor","8":"merk-mirrix","10":"first","11":"instock","12":"sale","13":"taxable","14":"shipping-taxable","15":"purchasable","16":"product-type-variable"},"_links":{"self":[{"href":"https:\/\/mirrix.be\/de\/wp-json\/wp\/v2\/product\/11829","targetHints":{"allow":["GET"]}}],"collection":[{"href":"https:\/\/mirrix.be\/de\/wp-json\/wp\/v2\/product"}],"about":[{"href":"https:\/\/mirrix.be\/de\/wp-json\/wp\/v2\/types\/product"}],"wp:featuredmedia":[{"embeddable":true,"href":"https:\/\/mirrix.be\/de\/wp-json\/wp\/v2\/media\/9967"}],"wp:attachment":[{"href":"https:\/\/mirrix.be\/de\/wp-json\/wp\/v2\/media?parent=11829"}],"wp:term":[{"taxonomy":"product_brand","embeddable":true,"href":"https:\/\/mirrix.be\/de\/wp-json\/wp\/v2\/product_brand?post=11829"},{"taxonomy":"product_cat","embeddable":true,"href":"https:\/\/mirrix.be\/de\/wp-json\/wp\/v2\/product_cat?post=11829"},{"taxonomy":"product_tag","embeddable":true,"href":"https:\/\/mirrix.be\/de\/wp-json\/wp\/v2\/product_tag?post=11829"},{"taxonomy":"merk","embeddable":true,"href":"https:\/\/mirrix.be\/de\/wp-json\/wp\/v2\/merk?post=11829"}],"curies":[{"name":"wp","href":"https:\/\/api.w.org\/{rel}","templated":true}]}}