{"id":11864,"date":"2024-11-08T20:52:26","date_gmt":"2024-11-08T19:52:26","guid":{"rendered":"https:\/\/mirrix.be\/gebogene-edelstahlnadel\/"},"modified":"2025-08-08T16:58:22","modified_gmt":"2025-08-08T14:58:22","slug":"gebogene-edelstahlnadel","status":"publish","type":"product","link":"https:\/\/mirrix.be\/de\/gebogene-edelstahlnadel\/","title":{"rendered":"gebogene Edelstahlnadel"},"content":{"rendered":"<p>Mit dieser gebogenen, goldfarbenen Edelstahlnadel k\u00f6nnen Sie perfekte Blinds\u00e4ume und andere feine N\u00e4harbeiten durchf\u00fchren. Gesamtl\u00e4nge 7 cm, davon \u00fcber 1,5 cm gebogen. <\/p>\n","protected":false},"excerpt":{"rendered":"<p>Gebogene 7-cm-Nadel aus rostfreiem Stahl<\/p>\n<p>Diese werden pro 2er-Set verkauft.<\/p>\n<p>Ideal f\u00fcr feine N\u00e4harbeiten wie Blinds\u00e4ume oder andere S\u00e4ume oder N\u00e4hte.<\/p>\n","protected":false},"featured_media":9485,"template":"","meta":[],"product_brand":[],"product_cat":[479,480,651],"product_tag":[482,483,481],"merk":[],"class_list":{"0":"post-11864","1":"product","2":"type-product","3":"status-publish","4":"has-post-thumbnail","6":"product_cat-diverse-de","7":"product_cat-verschieden","8":"product_cat-verschieden-de","9":"product_tag-blindsaum","10":"product_tag-dunne-gebogene-nadel","11":"product_tag-hohlsaum","13":"first","14":"instock","15":"taxable","16":"shipping-taxable","17":"purchasable","18":"product-type-simple"},"_links":{"self":[{"href":"https:\/\/mirrix.be\/de\/wp-json\/wp\/v2\/product\/11864","targetHints":{"allow":["GET"]}}],"collection":[{"href":"https:\/\/mirrix.be\/de\/wp-json\/wp\/v2\/product"}],"about":[{"href":"https:\/\/mirrix.be\/de\/wp-json\/wp\/v2\/types\/product"}],"wp:featuredmedia":[{"embeddable":true,"href":"https:\/\/mirrix.be\/de\/wp-json\/wp\/v2\/media\/9485"}],"wp:attachment":[{"href":"https:\/\/mirrix.be\/de\/wp-json\/wp\/v2\/media?parent=11864"}],"wp:term":[{"taxonomy":"product_brand","embeddable":true,"href":"https:\/\/mirrix.be\/de\/wp-json\/wp\/v2\/product_brand?post=11864"},{"taxonomy":"product_cat","embeddable":true,"href":"https:\/\/mirrix.be\/de\/wp-json\/wp\/v2\/product_cat?post=11864"},{"taxonomy":"product_tag","embeddable":true,"href":"https:\/\/mirrix.be\/de\/wp-json\/wp\/v2\/product_tag?post=11864"},{"taxonomy":"merk","embeddable":true,"href":"https:\/\/mirrix.be\/de\/wp-json\/wp\/v2\/merk?post=11864"}],"curies":[{"name":"wp","href":"https:\/\/api.w.org\/{rel}","templated":true}]}}