{"id":11889,"date":"2024-09-05T16:14:33","date_gmt":"2024-09-05T14:14:33","guid":{"rendered":"https:\/\/mirrix.be\/?post_type=product&#038;p=11889"},"modified":"2025-08-10T15:27:07","modified_gmt":"2025-08-10T13:27:07","slug":"gewellte-anpressleiste","status":"publish","type":"product","link":"https:\/\/mirrix.be\/de\/gewellte-anpressleiste\/","title":{"rendered":"gewellte Anpressleiste"},"content":{"rendered":"<p>Die hochwertig lackierte, gewellte Anpressleiste ist in drei Gr\u00f6\u00dfen erh\u00e4ltlich: 40, 50 und 70 cm.<br \/>\nDa sie unten spitz zulaufen, k\u00f6nnen Sie Ihre Kettf\u00e4den damit perfekt an Ihren Stoff anschlagen.<br \/>\nDer Abstand der B\u00f6gen h\u00e4ngt selbstverst\u00e4ndlich von der L\u00e4nge der Leiste ab.<br \/>\nDieses praktische Werkzeug ist f\u00fcr alle Arten von Webst\u00fchlen sehr wertvoll!<br \/>\n&#8212;&#8212;<\/p>\n","protected":false},"excerpt":{"rendered":"<p>Die gewellte Anpressleiste ist eine h\u00f6lzerne Leiste mit Wellen, die es Ihnen erm\u00f6glicht, Ihren Stoff zu biegen und zu pressen.<\/p>\n<p>So erzielen Sie besondere, originelle Effekte in Ihrem Gewebe.<\/p>\n<p>Vor allem in der freien Weberei wird diese Technik verwendet \u2013 es lohnt sich also auf jeden Fall, damit zu experimentieren!<\/p>\n","protected":false},"featured_media":9596,"template":"","meta":[],"product_brand":[],"product_cat":[479,480,651],"product_tag":[644,645],"merk":[221],"class_list":{"0":"post-11889","1":"product","2":"type-product","3":"status-publish","4":"has-post-thumbnail","6":"product_cat-diverse-de","7":"product_cat-verschieden","8":"product_cat-verschieden-de","9":"product_tag-vrij-weven-de","10":"product_tag-zen-weben","11":"merk-weefweelde","13":"first","14":"instock","15":"taxable","16":"shipping-taxable","17":"purchasable","18":"product-type-variable"},"_links":{"self":[{"href":"https:\/\/mirrix.be\/de\/wp-json\/wp\/v2\/product\/11889","targetHints":{"allow":["GET"]}}],"collection":[{"href":"https:\/\/mirrix.be\/de\/wp-json\/wp\/v2\/product"}],"about":[{"href":"https:\/\/mirrix.be\/de\/wp-json\/wp\/v2\/types\/product"}],"wp:featuredmedia":[{"embeddable":true,"href":"https:\/\/mirrix.be\/de\/wp-json\/wp\/v2\/media\/9596"}],"wp:attachment":[{"href":"https:\/\/mirrix.be\/de\/wp-json\/wp\/v2\/media?parent=11889"}],"wp:term":[{"taxonomy":"product_brand","embeddable":true,"href":"https:\/\/mirrix.be\/de\/wp-json\/wp\/v2\/product_brand?post=11889"},{"taxonomy":"product_cat","embeddable":true,"href":"https:\/\/mirrix.be\/de\/wp-json\/wp\/v2\/product_cat?post=11889"},{"taxonomy":"product_tag","embeddable":true,"href":"https:\/\/mirrix.be\/de\/wp-json\/wp\/v2\/product_tag?post=11889"},{"taxonomy":"merk","embeddable":true,"href":"https:\/\/mirrix.be\/de\/wp-json\/wp\/v2\/merk?post=11889"}],"curies":[{"name":"wp","href":"https:\/\/api.w.org\/{rel}","templated":true}]}}