{"id":11896,"date":"2025-06-06T15:55:07","date_gmt":"2025-06-06T13:55:07","guid":{"rendered":"https:\/\/mirrix.be\/?post_type=product&#038;p=11896"},"modified":"2025-08-21T11:26:59","modified_gmt":"2025-08-21T09:26:59","slug":"kettgarn-seine-twine","status":"publish","type":"product","link":"https:\/\/mirrix.be\/de\/kettgarn-seine-twine\/","title":{"rendered":"Kettgarn Seine Twine"},"content":{"rendered":"<p>Das Kettgarn \u201eSeine Twine\u201c besteht zu 100 % aus Baumwolle und ist in den Farbvarianten Ecru, Beige und Schwarz erh\u00e4ltlich.<\/p>\n<p>Seine Twine ist eine allgemeine Bezeichnung f\u00fcr ein Garn, das extrem stark, haltbar und widerstandsf\u00e4hig gegen Spannung und Verschlei\u00df ist. <\/p>\n<p>Es ist also ideal f\u00fcr Ihren Kettfaden. Die Dicke des Garns ist durchaus f\u00fcr eine Dichte von bis zu 7 F\u00e4den pro cm geeignet.<\/p>\n<p>Da es nicht fusselt, k\u00f6nnen die Kettf\u00e4den sehr dicht beieinander liegen, ohne sich gegenseitig zu beeinflussen oder statische Elektrizit\u00e4t zu erzeugen, die das Weben extrem erschweren w\u00fcrde.<\/p>\n","protected":false},"excerpt":{"rendered":"<p>Das Kettgarn Seine Twine ist auch als \u201eFischergarn\u201c bekannt.<\/p>\n<p>Trotz seiner Feinheit ist es ein sehr starkes, haltbares und strapazierf\u00e4higes Garn.<\/p>\n<p>Eine Spule enth\u00e4lt ca. 2.600 Meter Garn und ist in den Farben Ecru, Beige und Schwarz erh\u00e4ltlich. <\/p>\n","protected":false},"featured_media":9039,"template":"","meta":[],"product_brand":[],"product_cat":[479,424,480,651],"product_tag":[],"merk":[221],"class_list":{"0":"post-11896","1":"product","2":"type-product","3":"status-publish","4":"has-post-thumbnail","6":"product_cat-diverse-de","7":"product_cat-im-angebot","8":"product_cat-verschieden","9":"product_cat-verschieden-de","10":"merk-weefweelde","12":"first","13":"instock","14":"featured","15":"taxable","16":"shipping-taxable","17":"purchasable","18":"product-type-variable"},"_links":{"self":[{"href":"https:\/\/mirrix.be\/de\/wp-json\/wp\/v2\/product\/11896","targetHints":{"allow":["GET"]}}],"collection":[{"href":"https:\/\/mirrix.be\/de\/wp-json\/wp\/v2\/product"}],"about":[{"href":"https:\/\/mirrix.be\/de\/wp-json\/wp\/v2\/types\/product"}],"wp:featuredmedia":[{"embeddable":true,"href":"https:\/\/mirrix.be\/de\/wp-json\/wp\/v2\/media\/9039"}],"wp:attachment":[{"href":"https:\/\/mirrix.be\/de\/wp-json\/wp\/v2\/media?parent=11896"}],"wp:term":[{"taxonomy":"product_brand","embeddable":true,"href":"https:\/\/mirrix.be\/de\/wp-json\/wp\/v2\/product_brand?post=11896"},{"taxonomy":"product_cat","embeddable":true,"href":"https:\/\/mirrix.be\/de\/wp-json\/wp\/v2\/product_cat?post=11896"},{"taxonomy":"product_tag","embeddable":true,"href":"https:\/\/mirrix.be\/de\/wp-json\/wp\/v2\/product_tag?post=11896"},{"taxonomy":"merk","embeddable":true,"href":"https:\/\/mirrix.be\/de\/wp-json\/wp\/v2\/merk?post=11896"}],"curies":[{"name":"wp","href":"https:\/\/api.w.org\/{rel}","templated":true}]}}