{"id":12619,"date":"2024-08-14T09:30:14","date_gmt":"2024-08-14T07:30:14","guid":{"rendered":"https:\/\/mirrix.be\/flachshuetle\/"},"modified":"2024-08-14T09:30:14","modified_gmt":"2024-08-14T07:30:14","slug":"flachshuetle","status":"publish","type":"product","link":"https:\/\/mirrix.be\/de\/flachshuetle\/","title":{"rendered":"Flachsh\u00fctle"},"content":{"rendered":"<p>Flachsh\u00fctles haben eine Kerbe f\u00fcr jeden Schussfaden.<br \/>Sie eignen sich perfekt zum Weben auf einem Lamellenwebstuhl, sowie f\u00fcr dickere F\u00e4den.<br \/>Sie k\u00f6nnen mehr Faden aufnehmen als eine herk\u00f6mmliche Spule und sind in verschiedenen L\u00e4ngen erh\u00e4ltlich. Dadurch lassen sich die F\u00e4den leicht einlegen und entfernen.<br \/>Das Aufwickeln des Schussfadens geht schnell. Sie wickeln eine ganze Fadenl\u00e4nge auf einmal auf.<br \/>Wir haben uns f\u00fcr die flachen Websch\u00fctzen der Marke Kromski entschieden, da sie eine sch\u00f6ne, lackierte Oberfl\u00e4che haben und zu einem sehr g\u00fcnstigen Preis angeboten werden.   <\/p>\n","protected":false},"excerpt":{"rendered":"<p>Eine Flachsh\u00fctle ist wahrscheinlich die \u00e4lteste und genaueste Methode f\u00fcr das Verwenden wird f\u00fcr das Weben Verwebung der Schussf\u00e4den auf deinem Webprojekt verwendet wird.<br \/>Wir bieten sie in L\u00e4ngen von 10 bis 80 cm an.<\/p>\n","protected":false},"featured_media":9251,"template":"","meta":[],"product_brand":[],"product_cat":[479,612,651,480],"product_tag":[615,617,613,614,616],"merk":[168,221],"class_list":{"0":"post-12619","1":"product","2":"type-product","3":"status-publish","4":"has-post-thumbnail","6":"product_cat-diverse-de","7":"product_cat-kromski-accessoires-de","8":"product_cat-verschieden-de","9":"product_cat-verschieden","10":"product_tag-handweefgetouw-de","11":"product_tag-hevelrietgetouw-de","12":"product_tag-kromski-de","13":"product_tag-weaving-de","14":"product_tag-weefgetouw-met-schachten-de","15":"merk-kromski","16":"merk-weefweelde","18":"first","19":"instock","20":"taxable","21":"shipping-taxable","22":"purchasable","23":"product-type-variable"},"_links":{"self":[{"href":"https:\/\/mirrix.be\/de\/wp-json\/wp\/v2\/product\/12619","targetHints":{"allow":["GET"]}}],"collection":[{"href":"https:\/\/mirrix.be\/de\/wp-json\/wp\/v2\/product"}],"about":[{"href":"https:\/\/mirrix.be\/de\/wp-json\/wp\/v2\/types\/product"}],"wp:featuredmedia":[{"embeddable":true,"href":"https:\/\/mirrix.be\/de\/wp-json\/wp\/v2\/media\/9251"}],"wp:attachment":[{"href":"https:\/\/mirrix.be\/de\/wp-json\/wp\/v2\/media?parent=12619"}],"wp:term":[{"taxonomy":"product_brand","embeddable":true,"href":"https:\/\/mirrix.be\/de\/wp-json\/wp\/v2\/product_brand?post=12619"},{"taxonomy":"product_cat","embeddable":true,"href":"https:\/\/mirrix.be\/de\/wp-json\/wp\/v2\/product_cat?post=12619"},{"taxonomy":"product_tag","embeddable":true,"href":"https:\/\/mirrix.be\/de\/wp-json\/wp\/v2\/product_tag?post=12619"},{"taxonomy":"merk","embeddable":true,"href":"https:\/\/mirrix.be\/de\/wp-json\/wp\/v2\/merk?post=12619"}],"curies":[{"name":"wp","href":"https:\/\/api.w.org\/{rel}","templated":true}]}}