{"id":12657,"date":"2024-08-29T09:40:32","date_gmt":"2024-08-29T07:40:32","guid":{"rendered":"https:\/\/mirrix.be\/tapisserienadel\/"},"modified":"2025-08-26T11:35:06","modified_gmt":"2025-08-26T09:35:06","slug":"tapisserienadel","status":"publish","type":"product","link":"https:\/\/mirrix.be\/de\/tapisserienadel\/","title":{"rendered":"Tapisserienadel"},"content":{"rendered":"<p>Unsere Tapisserienadeln sind entweder Holznadeln oder Spulen. Sie sind vorne spitz, um die F\u00e4den zu weben, und hinten rund, um sie festzuziehen. Der mittlere Teil hat eine Aussparung, in die Sie das Garn einwickeln. Nach dem Weben k\u00f6nnen Sie die Nadel an der Seite des Gewebes h\u00e4ngen lassen. Sp\u00e4ter nehmen Sie sie wieder auf, um das n\u00e4chste St\u00fcck zu weben.<\/p>\n<p>Wir haben drei Modelle.<\/p>\n<p>&#8211; kleine Spulen. Sie sind 10,5 cm lang.<\/p>\n<p>-mit stumpfe Kugel und feiner Spitze vorne. Sie ist 15,5 cm lang.<br \/>\nAuf sie k\u00f6nnen Sie viel Garn aufwickeln. Sie brauchen aber mehr Platz zum Weben.<\/p>\n<p>&#8211; mit einer feineren, l\u00e4ngeren Spitze, einer Gesamtl\u00e4nge von 17,5 cm, mit der Sie Ihre F\u00e4den leichter weben k\u00f6nnen, auf die Sie jedoch weniger Garn aufwickeln k\u00f6nnen.<\/p>\n<p>&nbsp;<\/p>\n","protected":false},"excerpt":{"rendered":"<p>Die Tapisserienadel wird verwendet zum Weben von Tapisserien.<\/p>\n<p>Ideal f\u00fcr feine Webarbeiten mit kleinen Details!<\/p>\n<p>Wir bieten sie in drei verschiedenen L\u00e4ngen (und Dicken) an.<\/p>\n","protected":false},"featured_media":9689,"template":"","meta":[],"product_brand":[],"product_cat":[479,651,480],"product_tag":[623,622,431],"merk":[],"class_list":{"0":"post-12657","1":"product","2":"type-product","3":"status-publish","4":"has-post-thumbnail","6":"product_cat-diverse-de","7":"product_cat-verschieden-de","8":"product_cat-verschieden","9":"product_tag-spinnspule","10":"product_tag-tapisserienadel","11":"product_tag-teppiche-weben","13":"first","14":"instock","15":"taxable","16":"shipping-taxable","17":"purchasable","18":"product-type-variable"},"_links":{"self":[{"href":"https:\/\/mirrix.be\/de\/wp-json\/wp\/v2\/product\/12657","targetHints":{"allow":["GET"]}}],"collection":[{"href":"https:\/\/mirrix.be\/de\/wp-json\/wp\/v2\/product"}],"about":[{"href":"https:\/\/mirrix.be\/de\/wp-json\/wp\/v2\/types\/product"}],"wp:featuredmedia":[{"embeddable":true,"href":"https:\/\/mirrix.be\/de\/wp-json\/wp\/v2\/media\/9689"}],"wp:attachment":[{"href":"https:\/\/mirrix.be\/de\/wp-json\/wp\/v2\/media?parent=12657"}],"wp:term":[{"taxonomy":"product_brand","embeddable":true,"href":"https:\/\/mirrix.be\/de\/wp-json\/wp\/v2\/product_brand?post=12657"},{"taxonomy":"product_cat","embeddable":true,"href":"https:\/\/mirrix.be\/de\/wp-json\/wp\/v2\/product_cat?post=12657"},{"taxonomy":"product_tag","embeddable":true,"href":"https:\/\/mirrix.be\/de\/wp-json\/wp\/v2\/product_tag?post=12657"},{"taxonomy":"merk","embeddable":true,"href":"https:\/\/mirrix.be\/de\/wp-json\/wp\/v2\/merk?post=12657"}],"curies":[{"name":"wp","href":"https:\/\/api.w.org\/{rel}","templated":true}]}}