{"id":12689,"date":"2024-08-29T09:26:19","date_gmt":"2024-08-29T07:26:19","guid":{"rendered":"https:\/\/mirrix.be\/webkamm\/"},"modified":"2024-08-29T09:26:19","modified_gmt":"2024-08-29T07:26:19","slug":"webkamm","status":"publish","type":"product","link":"https:\/\/mirrix.be\/de\/webkamm\/","title":{"rendered":"Webkamm"},"content":{"rendered":"<p>Mit einem Webkamm k\u00f6nnen Sie Ihr Gewebe ganz einfach an den Stellen andr\u00fccken, an denen es n\u00f6tig ist.<br \/>\nEr ist vor allem f\u00fcr Tapisserien unverzichtbar, um das Gewebe regelm\u00e4\u00dfig andr\u00fccken zu k\u00f6nnen.<br \/>\nUnsere Webk\u00e4mme sind nicht zu breit, sodass Sie gezielt an der gew\u00fcnschten Stelle arbeiten k\u00f6nnen.<br \/>\nF\u00fcr feine Arbeiten oder eine hohe Kettdichte (hohe Anzahl an F\u00e4den pro cm) empfehlen wir das Modell mit Metallstiften. F\u00fcr gr\u00f6bere Arbeiten reicht der g\u00fcnstigere Holzkamm aus.<\/p>\n","protected":false},"excerpt":{"rendered":"<p>Ein Webkamm erm\u00f6glicht es Ihnen, die Schussf\u00e4den Ihres Gewebes lokal anzudr\u00fccken.<br \/>\nInsbesondere beim Weben von Wandteppichen ist er unverzichtbar.<\/p>\n","protected":false},"featured_media":9234,"template":"","meta":[],"product_brand":[],"product_cat":[479,424,651,480],"product_tag":[632,408,630,631],"merk":[],"class_list":{"0":"post-12689","1":"product","2":"type-product","3":"status-publish","4":"has-post-thumbnail","6":"product_cat-diverse-de","7":"product_cat-im-angebot","8":"product_cat-verschieden-de","9":"product_cat-verschieden","10":"product_tag-gewebes-lokal-anzudrucken","11":"product_tag-tapisserie-de","12":"product_tag-weben","13":"product_tag-webrahm","15":"first","16":"instock","17":"sale","18":"taxable","19":"shipping-taxable","20":"purchasable","21":"product-type-variable"},"_links":{"self":[{"href":"https:\/\/mirrix.be\/de\/wp-json\/wp\/v2\/product\/12689","targetHints":{"allow":["GET"]}}],"collection":[{"href":"https:\/\/mirrix.be\/de\/wp-json\/wp\/v2\/product"}],"about":[{"href":"https:\/\/mirrix.be\/de\/wp-json\/wp\/v2\/types\/product"}],"wp:featuredmedia":[{"embeddable":true,"href":"https:\/\/mirrix.be\/de\/wp-json\/wp\/v2\/media\/9234"}],"wp:attachment":[{"href":"https:\/\/mirrix.be\/de\/wp-json\/wp\/v2\/media?parent=12689"}],"wp:term":[{"taxonomy":"product_brand","embeddable":true,"href":"https:\/\/mirrix.be\/de\/wp-json\/wp\/v2\/product_brand?post=12689"},{"taxonomy":"product_cat","embeddable":true,"href":"https:\/\/mirrix.be\/de\/wp-json\/wp\/v2\/product_cat?post=12689"},{"taxonomy":"product_tag","embeddable":true,"href":"https:\/\/mirrix.be\/de\/wp-json\/wp\/v2\/product_tag?post=12689"},{"taxonomy":"merk","embeddable":true,"href":"https:\/\/mirrix.be\/de\/wp-json\/wp\/v2\/merk?post=12689"}],"curies":[{"name":"wp","href":"https:\/\/api.w.org\/{rel}","templated":true}]}}