{"id":12735,"date":"2024-09-10T18:16:28","date_gmt":"2024-09-10T16:16:28","guid":{"rendered":"https:\/\/mirrix.be\/weberschere\/"},"modified":"2024-09-10T18:16:28","modified_gmt":"2024-09-10T16:16:28","slug":"weberschere","status":"publish","type":"product","link":"https:\/\/mirrix.be\/de\/weberschere\/","title":{"rendered":"Weberschere"},"content":{"rendered":"<p>Diese Weberscheren wurden speziell f\u00fcr feine Stick- und Tapisseriearbeiten entwickelt.<br \/>Sie haben eine sehr feine Spitze und sind rasiermesserscharf, um sehr feine Schnitte ausf\u00fchren zu k\u00f6nnen. Die Schneiden sind aus hochwertigem Edelstahl gefertigt.  <\/p>\n<p>Ein guter Rat: Niemals f\u00fcr Papier oder andere Materialien verwenden.<br \/>Stoffscheren d\u00fcrfen nur zum Schneiden von Stoff verwendet werden, da sie sonst sehr schnell stumpf werden. <\/p>\n","protected":false},"excerpt":{"rendered":"<p>Weberscheren aus rostfreiem Stahl f\u00fcr sehr feine und pr\u00e4zise Schnitte.<\/p>\n<p>Die gro\u00dfen \u00d6sen am hinteren Ende, die scharfe Schneide und die feine Spitze sind ideal f\u00fcr Tapisseriearbeiten.<\/p>\n<p>Erh\u00e4ltlich in Silber mit Blumenmuster oder in Schwarz.<\/p>\n","protected":false},"featured_media":9131,"template":"","meta":[],"product_brand":[],"product_cat":[479,480,651],"product_tag":[617,613,643,646,644,630,647,645],"merk":[],"class_list":{"0":"post-12735","1":"product","2":"type-product","3":"status-publish","4":"has-post-thumbnail","6":"product_cat-diverse-de","7":"product_cat-verschieden","8":"product_cat-verschieden-de","9":"product_tag-hevelrietgetouw-de","10":"product_tag-kromski-de","11":"product_tag-tapisserie-weben","12":"product_tag-tapisserie-webstuhl","13":"product_tag-vrij-weven-de","14":"product_tag-weben","15":"product_tag-weberschere","16":"product_tag-zen-weben","18":"first","19":"instock","20":"taxable","21":"shipping-taxable","22":"purchasable","23":"product-type-variable"},"_links":{"self":[{"href":"https:\/\/mirrix.be\/de\/wp-json\/wp\/v2\/product\/12735","targetHints":{"allow":["GET"]}}],"collection":[{"href":"https:\/\/mirrix.be\/de\/wp-json\/wp\/v2\/product"}],"about":[{"href":"https:\/\/mirrix.be\/de\/wp-json\/wp\/v2\/types\/product"}],"wp:featuredmedia":[{"embeddable":true,"href":"https:\/\/mirrix.be\/de\/wp-json\/wp\/v2\/media\/9131"}],"wp:attachment":[{"href":"https:\/\/mirrix.be\/de\/wp-json\/wp\/v2\/media?parent=12735"}],"wp:term":[{"taxonomy":"product_brand","embeddable":true,"href":"https:\/\/mirrix.be\/de\/wp-json\/wp\/v2\/product_brand?post=12735"},{"taxonomy":"product_cat","embeddable":true,"href":"https:\/\/mirrix.be\/de\/wp-json\/wp\/v2\/product_cat?post=12735"},{"taxonomy":"product_tag","embeddable":true,"href":"https:\/\/mirrix.be\/de\/wp-json\/wp\/v2\/product_tag?post=12735"},{"taxonomy":"merk","embeddable":true,"href":"https:\/\/mirrix.be\/de\/wp-json\/wp\/v2\/merk?post=12735"}],"curies":[{"name":"wp","href":"https:\/\/api.w.org\/{rel}","templated":true}]}}