{"id":12841,"date":"2024-09-05T10:59:53","date_gmt":"2024-09-05T08:59:53","guid":{"rendered":"https:\/\/mirrix.be\/webereitempel\/"},"modified":"2024-09-05T10:59:53","modified_gmt":"2024-09-05T08:59:53","slug":"webereitempel","status":"publish","type":"product","link":"https:\/\/mirrix.be\/de\/webereitempel\/","title":{"rendered":"Webereitempel"},"content":{"rendered":"<p>Der Webereitempel ist ein praktisches Hilfsmittel f\u00fcr Anf\u00e4nger, um die Spannung des Kettfadens \u2013 und damit den Rand \u2013 gleichm\u00e4\u00dfig zu halten. Au\u00dferdem ist er ideal, wenn es Ihnen wichtig ist, dass Ihr Gewebe sch\u00f6n breit bleibt, aber Sie k\u00f6nnen ihn auch verwenden, um gerade Breitenunterschiede zu erzeugen. <\/p>\n<p>Der Webereitempel ist in verschiedenen Gr\u00f6\u00dfen erh\u00e4ltlich, jeweils mit einer Bandbreite von 5 bis 10 cm.<\/p>\n<p>Sie stellen diesen Webereitempel auf die gew\u00fcnschte Fertigbreite Ihres Gewebes ein und befestigen ihn mit den scharfen Stiften an den Enden. <br \/>So k\u00f6nnen Sie regelm\u00e4\u00dfig \u00fcberpr\u00fcfen, ob Ihr Gewebe die gleiche Breite beibeh\u00e4lt, indem Sie ihn regelm\u00e4\u00dfig auf ein neues St\u00fcck gewebten Stoff setzen. Sie sind in den Breiten 15-20 cm, 20-27 cm, 25-32 cm, 30-43 cm und 40-60 cm erh\u00e4ltlich.<\/p>\n<p>Der Anpassungsabstand betr\u00e4gt jeweils 8 mm.<\/p>\n<p>Dadurch k\u00f6nnen Sie die Breite Ihres Gewebes genau einhalten.<\/p>\n","protected":false},"excerpt":{"rendered":"<p>Unser Webereitempel ist ein praktisches Hilfsmittel, um Ihren gewebten Stoff auf einer festen, gew\u00fcnschten Breite zu halten. Au\u00dferdem ist er ideal, wenn es Ihnen wichtig ist, dass Ihr Gewebe sch\u00f6n breit bleibt, aber Sie k\u00f6nnen ihn auch verwenden, um gerade Breitenunterschiede zu erzeugen! <\/p>\n","protected":false},"featured_media":12769,"template":"","meta":[],"product_brand":[],"product_cat":[479,480,651],"product_tag":[],"merk":[],"class_list":{"0":"post-12841","1":"product","2":"type-product","3":"status-publish","4":"has-post-thumbnail","6":"product_cat-diverse-de","7":"product_cat-verschieden","8":"product_cat-verschieden-de","10":"first","11":"instock","12":"taxable","13":"shipping-taxable","14":"purchasable","15":"product-type-variable"},"_links":{"self":[{"href":"https:\/\/mirrix.be\/de\/wp-json\/wp\/v2\/product\/12841","targetHints":{"allow":["GET"]}}],"collection":[{"href":"https:\/\/mirrix.be\/de\/wp-json\/wp\/v2\/product"}],"about":[{"href":"https:\/\/mirrix.be\/de\/wp-json\/wp\/v2\/types\/product"}],"wp:featuredmedia":[{"embeddable":true,"href":"https:\/\/mirrix.be\/de\/wp-json\/wp\/v2\/media\/12769"}],"wp:attachment":[{"href":"https:\/\/mirrix.be\/de\/wp-json\/wp\/v2\/media?parent=12841"}],"wp:term":[{"taxonomy":"product_brand","embeddable":true,"href":"https:\/\/mirrix.be\/de\/wp-json\/wp\/v2\/product_brand?post=12841"},{"taxonomy":"product_cat","embeddable":true,"href":"https:\/\/mirrix.be\/de\/wp-json\/wp\/v2\/product_cat?post=12841"},{"taxonomy":"product_tag","embeddable":true,"href":"https:\/\/mirrix.be\/de\/wp-json\/wp\/v2\/product_tag?post=12841"},{"taxonomy":"merk","embeddable":true,"href":"https:\/\/mirrix.be\/de\/wp-json\/wp\/v2\/merk?post=12841"}],"curies":[{"name":"wp","href":"https:\/\/api.w.org\/{rel}","templated":true}]}}