{"id":20252,"date":"2025-10-13T09:47:31","date_gmt":"2025-10-13T07:47:31","guid":{"rendered":"https:\/\/mirrix.be\/19-mirrix-deb-webrahmen\/"},"modified":"2026-01-12T14:19:42","modified_gmt":"2026-01-12T13:19:42","slug":"19-mirrix-deb-webrahmen","status":"publish","type":"product","link":"https:\/\/mirrix.be\/de\/19-mirrix-deb-webrahmen\/","title":{"rendered":"19&#8243; Mirrix Deb-Webrahmen"},"content":{"rendered":"<h2>Kompaktes Format, gro\u00dfes Potenzial<\/h2>\n<p>Viele Weberinnen und Weber suchten etwas zwischen dem 40 cm breiten <a href=\"https:\/\/mirrix.be\/de\/big-sister-webrahmen-40-cm\/\" target=\"_blank\" rel=\"noopener\">Big Sister<\/a>-Webrahmen und dem 55 cm breiten <a href=\"https:\/\/mirrix.be\/de\/zach-webrahmen-22-55-cm\/\" target=\"_blank\" rel=\"noopener\">Zach<\/a>-Webrahmen.<\/p>\n<p>Das Ergebnis? Der ultraleichte <strong>Mirrix Deb-Webrahmen<\/strong>, der nur 2,7 kg wiegt und Projekte bis zu 40 cm Breite und 90 cm L\u00e4nge erm\u00f6glicht. <\/p>\n<p>Perfekt f\u00fcr Workshops, Reisen oder kleine R\u00e4ume.<\/p>\n<p>\u27a1\ufe0f Sie suchen ein noch kompakteres Modell? Entdecken Sie den Little Guy-Webrahmen.<br \/>\u27a1\ufe0f Oder m\u00f6chten Sie gr\u00f6\u00dfer arbeiten? Entdecken Sie den <a href=\"https:\/\/mirrix.be\/de\/zach-webrahmen-22-55-cm\/\" target=\"_blank\" rel=\"noopener\">Zach<\/a>-Webrahmen.  <\/p>\n<h2>Was macht den Deb-Webrahmen besonders?<\/h2>\n<ul>\n<li>Leicht und tragbar: nur 2,7 kg<\/li>\n<li>Professionelle Spannung dank des Mirrix-Systems<\/li>\n<li>Langlebige Materialien: Aluminium, Stahl, Kupfer und Ahornholz<\/li>\n<li>Vielseitig: geeignet f\u00fcr Tapisserie und Perlenweben<\/li>\n<\/ul>\n<p>&nbsp;<\/p>\n<p>Der Deb-Webrahmen kann mit den zwei mitgelieferten klappbaren Beinen auf dem Tisch aufgestellt oder f\u00fcr zus\u00e4tzliche Stabilit\u00e4t mit dem <a href=\"https:\/\/mirrix.be\/harvey-staander\/\" target=\"_blank\" rel=\"noopener\">Mirrix Harvey-St\u00e4nder <\/a>verwendet werden.<\/p>\n<h2>Technische Daten<\/h2>\n<table>\n<thead>\n<tr>\n<td><strong>Eigenschaft<\/strong><\/td>\n<td><strong>Specifikation<\/strong><\/td>\n<\/tr>\n<\/thead>\n<tbody>\n<tr>\n<td>Webbreite<\/td>\n<td>40 cm<\/td>\n<\/tr>\n<tr>\n<td><\/td>\n<td>Webl\u00e4nge (ohne Litzenheber)<\/td>\n<p>90 cm (mit Endloskette)<br \/>\n<\/tr>\n<tr>\n<td><\/td>\n<td>Webl\u00e4nge (mit Litzenheber)<\/td>\n<p>80 cm (mit Endloskette)<br \/>\n<\/tr>\n<tr>\n<td><\/td>\n<td>Breite des Webrahmens<\/td>\n<p>18 cm<br \/>\n<\/tr>\n<tr>\n<td><\/td>\n<td>Gewicht<\/td>\n<p>2,7 kg<br \/>\n<\/tr>\n<tr>\n<td><\/td>\n<td>Material<\/td>\n<p>Aluminium, Stahl, Kupfer, Ahornholz<br \/>\n<\/tr>\n<tr>\n<td><\/td>\n<td>Aufstellung<\/td>\n<p>Aufrecht, mit Beinen oder mit <a href=\"https:\/\/mirrix.be\/harvey-staander\/\" target=\"_blank\" rel=\"noopener\">Harvey-St\u00e4nder<\/a><br \/>\n<\/tr>\n<\/tbody>\n<\/table>\n<p>\ud83d\udca1 Tipp: Die angegebene Webbreite ber\u00fccksichtigt bereits den Kettfadenverlust, den kleinen Teil des Garns, der am Anfang und Ende des Gewebes verloren geht.<\/p>\n<h2>Im Lieferumfang des Standardmodells enthalten<\/h2>\n<p>Mit Standard-Litzenheber:<\/p>\n<ul>\n<li>Vier Federn: 3, 5, 5.5 und 7 F\u00e4den pro cm<\/li>\n<li>Standard-Litzenheber und Griff<\/li>\n<li>Zwei Holzklammern<\/li>\n<li>Kettstange, Flachschl\u00fcssel, Inbusschl\u00fcssel und Federstange<\/li>\n<li>Gedruckte Anleitung<\/li>\n<\/ul>\n<p>&nbsp;<\/p>\n<p>Mit verl\u00e4ngertem Litzenheber:<\/p>\n<ul>\n<li>Vier Federn: 3, 5, 5.5 und 7 F\u00e4den pro cm<\/li>\n<li>Verl\u00e4ngerter Litzenheber und Griff<\/li>\n<li>Zwei verl\u00e4ngerte Holzklammern<\/li>\n<li>Kettstange, Flachschl\u00fcssel, Inbusschl\u00fcssel und Federstange<\/li>\n<li>Gedruckte Anleitung<\/li>\n<\/ul>\n<h2>Standard- oder verl\u00e4ngerter Litzenheber?<\/h2>\n<p>Das <a href=\"https:\/\/mirrix.be\/blog\/hoe-werkt-het-hevelsysteem-van-mirrix\/\" target=\"_blank\" rel=\"noopener\">Hebelsystem<\/a> (oder die Fachbildungsvorrichtung) hilft Ihnen, die F\u00e4den abwechselnd nach vorne zu ziehen, sodass der Sprung \u2013 die \u00d6ffnung, durch die Sie den Schussfaden ziehen \u2013 automatisch entsteht. Dadurch wird das Weben schneller und ergonomischer. <\/p>\n<table width=\"565\">\n<thead>\n<tr>\n<strong><\/p>\n<td>Nutzungssituation<\/td>\n<p><\/strong><\/p>\n<td><strong>Beste Wahl<\/strong><\/td>\n<td><strong>Vorteil<\/strong><\/td>\n<\/tr>\n<\/thead>\n<tbody>\n<tr>\n<td>K\u00fcrzere Webarbeiten<\/td>\n<td>Standard-Litzenheber<\/td>\n<td>Kompakt, ideal f\u00fcr unterwegs<\/td>\n<\/tr>\n<tr>\n<td>L\u00e4ngere Webarbeiten<\/td>\n<td>Verl\u00e4ngerter Litzenheber<\/td>\n<td>Mehr Arbeitsraum und stabilere Spannung<\/td>\n<\/tr>\n<\/tbody>\n<\/table>\n<h2>Erweiterungen<\/h2>\n<p>M\u00f6chten Sie l\u00e4ngere St\u00fccke weben?<br \/>\nF\u00fcgen Sie <a href=\"https:\/\/mirrix.be\/aanbouw-schroefdraadstangen\/\" target=\"_blank\" rel=\"noopener\">Verl\u00e4ngerungs-Gewindest\u00e4ngen <\/a>hinzu, um bis zu 60 cm zus\u00e4tzliche Webl\u00e4nge zu erzielen.<\/p>\n<h2>Warum den Deb-Webrahmen w\u00e4hlen?<\/h2>\n<p>\u2705 Kompakt und leicht: ideal f\u00fcr unterwegs<br \/>\n\u2705 Pr\u00e4zise Spannung dank des Mirrix-Systems<br \/>\n\u2705 Geeignet f\u00fcr Tapisserie und Perlenweben<br \/>\n\u2705 Wahl zwischen Standard- oder verl\u00e4ngertem Litzenheber<br \/>\n\u2705 Hergestellt aus langlebigen Materialien<\/p>\n<h2>Bestellen Sie Ihren Deb-Webrahmen noch heute<\/h2>\n<p>Suchen Sie einen tragbaren Webrahmen mit professionellen M\u00f6glichkeiten?<br \/>\nDer Mirrix Deb-Webrahmen ist Ihr perfekter kreativer Reisebegleiter.<\/p>\n<p>\ud83d\udc46 F\u00fcgen Sie dieses Produkt Ihrem <strong>Warenkorb<\/strong> hinzu.<\/p>\n<p>Haben Sie Fragen zu diesem Produkt? <a href=\"https:\/\/mirrix.be\/de\/kontakt\/\" target=\"_blank\" rel=\"noopener\">Kontaktieren Sie uns.<\/a> Wir helfen Ihnen gerne weiter.<\/p>\n","protected":false},"excerpt":{"rendered":"<p>Der <strong>Mirrix Deb-Webrahmen<\/strong> (19\u201d \/ 40 cm Webbreite) schlie\u00dft die L\u00fccke zwischen dem <a href=\"https:\/\/mirrix.be\/big-sister\/\" target=\"_blank\" rel=\"noopener\">Big Sister <\/a>und dem <a href=\"https:\/\/mirrix.be\/fr\/metier-a-tisser-zach-22-55-cm\/\" target=\"_blank\" rel=\"noopener\">Zach<\/a>.<\/p>\n<p>Leicht, tragbar und dennoch \u00fcberraschend ger\u00e4umig, ideal f\u00fcr Weberinnen und Weber, die auch unterwegs kreativ sein m\u00f6chten, ohne auf Qualit\u00e4t oder Webbreite zu verzichten.<\/p>\n","protected":false},"featured_media":20044,"template":"","meta":[],"product_brand":[],"product_cat":[359],"product_tag":[],"merk":[176],"class_list":{"0":"post-20252","1":"product","2":"type-product","3":"status-publish","4":"has-post-thumbnail","6":"product_cat-mirrix-standwebrahmen-de","7":"merk-mirrix","9":"first","10":"instock","11":"sale","12":"taxable","13":"shipping-taxable","14":"purchasable","15":"product-type-variable"},"_links":{"self":[{"href":"https:\/\/mirrix.be\/de\/wp-json\/wp\/v2\/product\/20252","targetHints":{"allow":["GET"]}}],"collection":[{"href":"https:\/\/mirrix.be\/de\/wp-json\/wp\/v2\/product"}],"about":[{"href":"https:\/\/mirrix.be\/de\/wp-json\/wp\/v2\/types\/product"}],"wp:featuredmedia":[{"embeddable":true,"href":"https:\/\/mirrix.be\/de\/wp-json\/wp\/v2\/media\/20044"}],"wp:attachment":[{"href":"https:\/\/mirrix.be\/de\/wp-json\/wp\/v2\/media?parent=20252"}],"wp:term":[{"taxonomy":"product_brand","embeddable":true,"href":"https:\/\/mirrix.be\/de\/wp-json\/wp\/v2\/product_brand?post=20252"},{"taxonomy":"product_cat","embeddable":true,"href":"https:\/\/mirrix.be\/de\/wp-json\/wp\/v2\/product_cat?post=20252"},{"taxonomy":"product_tag","embeddable":true,"href":"https:\/\/mirrix.be\/de\/wp-json\/wp\/v2\/product_tag?post=20252"},{"taxonomy":"merk","embeddable":true,"href":"https:\/\/mirrix.be\/de\/wp-json\/wp\/v2\/merk?post=20252"}],"curies":[{"name":"wp","href":"https:\/\/api.w.org\/{rel}","templated":true}]}}