{"id":20267,"date":"2025-10-13T09:55:27","date_gmt":"2025-10-13T07:55:27","guid":{"rendered":"https:\/\/mirrix.be\/28-mirrix-mckinley-webrahmen\/"},"modified":"2025-11-17T13:51:39","modified_gmt":"2025-11-17T12:51:39","slug":"28-mirrix-mckinley-webrahmen","status":"publish","type":"product","link":"https:\/\/mirrix.be\/de\/28-mirrix-mckinley-webrahmen\/","title":{"rendered":"28&#8243; Mirrix McKinley Webrahmen"},"content":{"rendered":"<h2>F\u00fcr wen ist der McKinley Webrahmen geeignet?<\/h2>\n<p>Der McKinley-Webrahmen ist ideal f\u00fcr Weberinnen und Weber, die gro\u00dfe Wandteppiche oder umfangreiche Wandarbeiten herstellen m\u00f6chten.<\/p>\n<p>Dank seiner <strong>einzigartigen Proportionen<\/strong> k\u00f6nnen Sie breiter und l\u00e4nger weben als mit den meisten Tischwebst\u00fchlen.<\/p>\n<p>\u27a1\ufe0f Sie bevorzugen kompakteres Arbeiten? Entdecken Sie den <a href=\"https:\/\/mirrix.be\/de\/19-mirrix-deb-webrahmen\/\" target=\"_blank\" rel=\"noopener\">Deb-Webrahmen<\/a> (40 cm breit).<br \/>\n\u27a1\ufe0f Oder entscheiden Sie sich f\u00fcr den <a href=\"https:\/\/mirrix.be\/de\/joni-webrahmen-80-cm\/\" target=\"_blank\" rel=\"noopener\">Joni-Webrahmen<\/a>: gleich hoch, aber mit einer noch breiteren Webfl\u00e4che.<\/p>\n<h2>Was macht den McKinley Webrahmen besonders?<\/h2>\n<ul>\n<li>Doppelte obere und untere Balken f\u00fcr zus\u00e4tzliche Stabilit\u00e4t<\/li>\n<li>Webbreite von 63,5 cm: ideal f\u00fcr gr\u00f6\u00dfere Tapisserieprojekte<\/li>\n<li>Webl\u00e4nge bis 150 cm mit Endloskette<\/li>\n<li>Perfekte Spannung dank des Mirrix-Systems<\/li>\n<li>Verwendung auf dem Tisch oder mit dem <a href=\"https:\/\/mirrix.be\/harvey-staander\/\" target=\"_blank\" rel=\"noopener\">Mirrix Harvey-St\u00e4nder<\/a><\/li>\n<\/ul>\n<p>&nbsp;<\/p>\n<p>Kurz gesagt: Der McKinley ist ein professioneller Webrahmen, der St\u00e4rke und Pr\u00e4zision vereint.<\/p>\n<h2>Technische Daten<\/h2>\n<table>\n<thead>\n<tr>\n<td><strong>Eigenschaft<\/strong><\/td>\n<td><strong>Specifikation<\/strong><\/td>\n<\/tr>\n<\/thead>\n<tbody>\n<tr>\n<td>Webbreite<\/td>\n<td>63,5 cm<\/td>\n<\/tr>\n<tr>\n<td>Webl\u00e4nge (ohne Litzenheber)<\/td>\n<td>150 cm (mit Endloskette)<\/td>\n<\/tr>\n<tr>\n<td>Webl\u00e4nge (mit Litzenheber)<\/td>\n<td>140 cm (mit Endloskette)<\/td>\n<\/tr>\n<tr>\n<td>Breite des Webstuhls<\/td>\n<td>71 cm<\/td>\n<\/tr>\n<tr>\n<td>Gewicht<\/td>\n<td>5 kg<\/td>\n<\/tr>\n<tr>\n<td>Material<\/td>\n<td>Aluminium, Stahl, Kupfer, Ahornholz<\/td>\n<\/tr>\n<tr>\n<td>Aufstellung<\/td>\n<td>Aufrecht, auf Tisch oder mit <a href=\"https:\/\/mirrix.be\/de\/harvey-stander-fur-mirrix-webrahmen\/\" target=\"_blank\" rel=\"noopener\">Mirrix Harvey-St\u00e4nder<\/a><\/td>\n<\/tr>\n<\/tbody>\n<\/table>\n<p>&nbsp;<\/p>\n<p>\ud83d\udca1 Tipp: Die angegebene Webbreite ber\u00fccksichtigt bereits den Kettfadenverlust, den kleinen Teil des Garns, der am Anfang und Ende des Gewebes verloren geht.<\/p>\n<h2>Im Lieferumfang des McKinley Webrahmens enthalten<\/h2>\n<p>Mit Standard-Litzenheber:<\/p>\n<ul>\n<li>Vier Federn: 3, 5, 5.5 und 7 F\u00e4den pro cm<\/li>\n<li>Standard-Litzenheber und Griff<\/li>\n<li>Zwei Holzklammern<\/li>\n<li>Kettstange, Flachschl\u00fcssel, Inbusschl\u00fcssel und Federstange<\/li>\n<li>Gedruckte Anleitung<\/li>\n<\/ul>\n<p>&nbsp;<\/p>\n<p>Mit verl\u00e4ngertem Litzenheber:<\/p>\n<ul>\n<li>Vier Federn: 3, 5, 5.5 und 7 F\u00e4den pro cm<\/li>\n<li>Verl\u00e4ngerter Litzenheber und Griff<\/li>\n<li>Zwei verl\u00e4ngerte Holzklammern<\/li>\n<li>Kettstange, Flachschl\u00fcssel, Inbusschl\u00fcssel und Federstange<\/li>\n<li>Gedruckte Anleitung<\/li>\n<\/ul>\n<h2>Standard- oder verl\u00e4ngerter Litzenheber?<\/h2>\n<p>Der Litzenheber (auch shedding device genannt) hilft Ihnen, abwechselnd Kettf\u00e4den nach vorne anzuheben, um das Fach zu bilden, das ist die \u00d6ffnung, durch die der Schussfaden gef\u00fchrt wird. So weben Sie schneller und ergonomischer.<\/p>\n<table>\n<thead>\n<tr>\n<td><strong>Nutzungssituation<\/strong><\/td>\n<td><strong>Beste Wahl<\/strong><\/td>\n<\/tr>\n<\/thead>\n<tbody>\n<tr>\n<td>K\u00fcrzere oder kleinere Webarbeiten<\/td>\n<td>Standard-Litzenhebesystem<\/td>\n<td>Kompakt und leicht, ideal f\u00fcr den Tischgebrauch<\/td>\n<\/tr>\n<tr>\n<td>L\u00e4ngere Webarbeiten<\/td>\n<td>Verl\u00e4ngertes Litzenhebesystem<\/td>\n<td>Mehr Arbeitsraum und stabilere Fadenspannung<\/td>\n<\/tr>\n<\/tbody>\n<\/table>\n<h2>Stabil und langlebig gebaut<\/h2>\n<p>Die oberen und unteren Balken des McKinley-Webrahmens bestehen aus eloxiertem Aluminium, leicht, aber robust.<\/p>\n<p>Die Seitenteile sind aus Stahl und Kupfer gefertigt, die Klammern aus Ahornholz.<\/p>\n<p>Diese Kombination sorgt f\u00fcr einen stabilen, langlebigen und eleganten Webrahmen, der viele Jahre h\u00e4lt.<\/p>\n<h2>Warum den McKinley Webrahmen oder Webst\u00fchl w\u00e4hlen?<\/h2>\n<p>\u2705 Gro\u00dfe Webbreite von 63,5 cm<br \/>\n\u2705 Doppelte Balken f\u00fcr zus\u00e4tzliche Stabilit\u00e4t<br \/>\n\u2705 Professionelle Spannung mit Mirrix-System<br \/>\n\u2705 Wahl zwischen Standard- oder verl\u00e4ngertem Litzenheber<br \/>\n\u2705 Ideal f\u00fcr gr\u00f6\u00dfere Tapisserieprojekte<\/p>\n<h2>Bestellen Sie Ihren McKinley Webrahmen noch heute<\/h2>\n<p>M\u00f6chten Sie gro\u00df weben, mit Pr\u00e4zision und Komfort?<br \/>\nDer Mirrix McKinley-Webrahmen bietet Ihnen buchst\u00e4blich den Raum, den Sie brauchen.<\/p>\n<p>\ud83d\udc46 F\u00fcgen Sie dieses Produkt Ihrem <strong>Warenkorb<\/strong> hinzu.<\/p>\n<p>Haben Sie Fragen zu diesem Produkt? <a href=\"https:\/\/mirrix.be\/de\/kontakt\/\" target=\"_blank\" rel=\"noopener\">Kontaktieren Sie uns<\/a>. Wir helfen Ihnen gerne weiter.<\/p>\n","protected":false},"excerpt":{"rendered":"<p>Gro\u00dfe Pl\u00e4ne? Der <strong>Mirrix McKinley Webrahmen<\/strong> (63,5 cm Webbreite) ist f\u00fcr gro\u00dfe, lange Webarbeiten gemacht.<\/p>\n<p>Mit seinen doppelten Balken und der professionellen Spannung ist dieses robuste Modell ideal f\u00fcr alle, die gro\u00dfz\u00fcgig arbeiten m\u00f6chten, ohne Pr\u00e4zision oder Kontrolle zu verlieren.<\/p>\n","protected":false},"featured_media":20059,"template":"","meta":[],"product_brand":[],"product_cat":[359],"product_tag":[],"merk":[176],"class_list":{"0":"post-20267","1":"product","2":"type-product","3":"status-publish","4":"has-post-thumbnail","6":"product_cat-mirrix-standwebrahmen-de","7":"merk-mirrix","9":"first","10":"instock","11":"sale","12":"taxable","13":"shipping-taxable","14":"purchasable","15":"product-type-variable"},"_links":{"self":[{"href":"https:\/\/mirrix.be\/de\/wp-json\/wp\/v2\/product\/20267","targetHints":{"allow":["GET"]}}],"collection":[{"href":"https:\/\/mirrix.be\/de\/wp-json\/wp\/v2\/product"}],"about":[{"href":"https:\/\/mirrix.be\/de\/wp-json\/wp\/v2\/types\/product"}],"wp:featuredmedia":[{"embeddable":true,"href":"https:\/\/mirrix.be\/de\/wp-json\/wp\/v2\/media\/20059"}],"wp:attachment":[{"href":"https:\/\/mirrix.be\/de\/wp-json\/wp\/v2\/media?parent=20267"}],"wp:term":[{"taxonomy":"product_brand","embeddable":true,"href":"https:\/\/mirrix.be\/de\/wp-json\/wp\/v2\/product_brand?post=20267"},{"taxonomy":"product_cat","embeddable":true,"href":"https:\/\/mirrix.be\/de\/wp-json\/wp\/v2\/product_cat?post=20267"},{"taxonomy":"product_tag","embeddable":true,"href":"https:\/\/mirrix.be\/de\/wp-json\/wp\/v2\/product_tag?post=20267"},{"taxonomy":"merk","embeddable":true,"href":"https:\/\/mirrix.be\/de\/wp-json\/wp\/v2\/merk?post=20267"}],"curies":[{"name":"wp","href":"https:\/\/api.w.org\/{rel}","templated":true}]}}