{"id":20292,"date":"2025-10-12T14:01:51","date_gmt":"2025-10-12T12:01:51","guid":{"rendered":"https:\/\/mirrix.be\/shasta-combs-fuer-grosse-webrahmen\/"},"modified":"2025-11-18T20:35:53","modified_gmt":"2025-11-18T19:35:53","slug":"shasta-combs-fuer-grosse-webrahmen","status":"publish","type":"product","link":"https:\/\/mirrix.be\/de\/shasta-combs-fuer-grosse-webrahmen\/","title":{"rendered":"Shasta combs f\u00fcr gro\u00dfe Webrahmen"},"content":{"rendered":"<h2>Was sind Shasta combs f\u00fcr gro\u00dfe Webrahmen?<\/h2>\n<p>Die Shasta combs, auch Double Beam Shasta combs genannt, sind Aluminiumk\u00e4mme f\u00fcr Ihren Mirrix-Webrahmen. Sie f\u00fchren den Kettfaden einfach hin und her \u00fcber die K\u00e4mme und Ihre Kette ist fertig gespannt. <\/p>\n<p>Ihr Gewebe ist damit fast vollst\u00e4ndig abgeschlossen, abgesehen von den Anfangs- und Endf\u00e4den, die Sie leicht einweben k\u00f6nnen.<\/p>\n<p>Die <strong>K\u00e4mme<\/strong> wurden speziell f\u00fcr die <strong>gro\u00dfen Mirrix-Webrahmen mit Doppelbalken entwickelt,  <\/strong>eine h\u00e4ufig gew\u00fcnschte Erweiterung erfahrener Weberinnen und Weber.<\/p>\n<p>\u27a1\ufe0f Lieber ein kleinerer Webrahmen? Entdecken Sie auch die S<a href=\"https:\/\/mirrix.be\/shasta-combs-voor-kleinere-mirrix-weefgetouwen\/\" target=\"_blank\" rel=\"noopener\">hasta combs f\u00fcr kleine und mittlere Webrahmen<\/a>. <\/p>\n<h2>Was macht diese K\u00e4mme besonders?<\/h2>\n<p>Die <strong>Shasta combs f\u00fcr gro\u00dfe Webrahmen<\/strong> verbinden die Einfachheit eines <a href=\"https:\/\/mirrix.be\/de\/chloe-pocket-loom-13-20-cm\/\" target=\"_blank\" rel=\"noopener\">Chloe-Webrahmens<\/a> mit der Pr\u00e4zision des <strong>Mirrix-Spannsystems<\/strong>.<\/p>\n<p>Mit den Shasta combs k\u00f6nnen Sie Ihre Kette <strong>schnell, straff und gleichm\u00e4\u00dfig <\/strong>spannen, ohne komplizierte Schritte.<\/p>\n<p>Hinweis: Diese K\u00e4mme ersetzen das bestehende Spannsystem nicht, sondern bieten <strong>eine alternative Methode,<\/strong> die ideal f\u00fcr k\u00fcrzere <strong>Ketten oder Testprojekte<\/strong> ist.<\/p>\n<h2>Wichtige Hinweise<\/h2>\n<ul>\n<li>Nicht kompatibel mit der <strong>kettenfreien Spannmethode <\/strong>(wie bei den <a href=\"https:\/\/mirrix.be\/shasta-combs-voor-kleinere-mirrix-weefgetouwen\/\" target=\"_blank\" rel=\"noopener\">Shasta combs f\u00fcr Einzelbalken<\/a>)<\/li>\n<li>Hergestellt aus <strong>leichtem, langlebigem, pulverbeschichtetem Aluminium<\/strong><\/li>\n<li>Befestigung mit <strong>Klettverschluss<\/strong>, keine dauerhaften \u00c4nderungen erforderlich<\/li>\n<li>Erh\u00e4ltlich mit <strong>3, 4 oder 5 Z\u00e4hnen pro cm<\/strong>: W\u00e4hlen Sie die Dichte, die zu Ihrem Garn passt<\/li>\n<\/ul>\n<h2>Welcher Shasta comb ist der richtige f\u00fcr Sie?<\/h2>\n<table>\n<thead>\n<tr>\n<strong><\/p>\n<td>Nutzungssituation<\/td>\n<p><\/strong><\/p>\n<td><strong>Beste Wahl<\/strong><\/td>\n<td><strong>Vorteil<\/strong><\/td>\n<\/tr>\n<\/thead>\n<tbody>\n<tr>\n<td>Gro\u00dfe Mirrix-Webrahmen mit Doppelbalken<\/td>\n<td>Double Beam Shasta combs<\/td>\n<td>Perfekte Spannung, schnelle Einrichtung<\/td>\n<\/tr>\n<tr>\n<td>Kleine und mittlere Mirrix-Webrahmen<\/td>\n<td>Standard Shasta combs<\/td>\n<td>Kompatibel mit kettenfreier Spannmethode<\/td>\n<\/tr>\n<tr>\n<td>Test- oder Kurzprojekte<\/td>\n<td>Double Beam Shasta combs<\/td>\n<td>Schnelles Aufspannen, keine lange Kette n\u00f6tig<\/td>\n<\/tr>\n<\/tbody>\n<\/table>\n<h3><strong><strong>Warum sollten Sie sich f\u00fcr Shasta-K\u00e4mme f\u00fcr gro\u00dfe Webrahmen entscheiden?<\/strong><\/strong><\/h3>\n<p>\u2705 Schnelleres und einfacheres Spannen<br \/>\n\u2705 Straffe, gleichm\u00e4\u00dfige Kette<br \/>\n\u2705 Keine dauerhafte Anpassung erforderlich<br \/>\n\u2705 Wahl aus drei Zahnabst\u00e4nden<br \/>\n\u2705 Original Mirrix-Zubeh\u00f6r: garantierte Qualit\u00e4t<\/p>\n<h2>Bestellen Sie Ihre Shasta combs noch heute<\/h2>\n<p>Machen Sie das Spannen einfacher und erleben Sie, wie reibungslos das Arbeiten mit den <strong>Shasta combs f\u00fcr gro\u00dfe Mirrix-Webrahmen<\/strong> ist.<\/p>\n<p>\ud83d\udc46 F\u00fcgen Sie dieses Produkt Ihrem <strong>Warenkorb<\/strong> hinzu.<\/p>\n<p>Haben Sie Fragen zu diesem Produkt? <a href=\"https:\/\/mirrix.be\/contact\/\" target=\"_blank\" rel=\"noopener\">Kontaktieren Sie uns.<\/a> Wir helfen Ihnen gerne weiter.<\/p>\n","protected":false},"excerpt":{"rendered":"<p>Lernen Sie die <strong>Shasta combs f\u00fcr gro\u00dfe Mirrix-Webrahmen<\/strong> kennen. Eine clevere Erweiterung, mit der Sie schneller und einfacher spannen k\u00f6nnen. Ideal f\u00fcr alle, die lieber mit einer k\u00fcrzeren Kette arbeiten oder sofort mit dem Weben beginnen m\u00f6chten. <\/p>\n","protected":false},"featured_media":19957,"template":"","meta":[],"product_brand":[],"product_cat":[398,673,440,462],"product_tag":[],"merk":[176],"class_list":{"0":"post-20292","1":"product","2":"type-product","3":"status-publish","4":"has-post-thumbnail","6":"product_cat-mirrix-standwebrahmen","7":"product_cat-mirrix-zubehor-de-2","8":"product_cat-mirrix-zubehor","9":"product_cat-mirrix-zubehor-de","10":"merk-mirrix","12":"first","13":"onbackorder","14":"sale","15":"taxable","16":"shipping-taxable","17":"purchasable","18":"product-type-variable"},"_links":{"self":[{"href":"https:\/\/mirrix.be\/de\/wp-json\/wp\/v2\/product\/20292","targetHints":{"allow":["GET"]}}],"collection":[{"href":"https:\/\/mirrix.be\/de\/wp-json\/wp\/v2\/product"}],"about":[{"href":"https:\/\/mirrix.be\/de\/wp-json\/wp\/v2\/types\/product"}],"wp:featuredmedia":[{"embeddable":true,"href":"https:\/\/mirrix.be\/de\/wp-json\/wp\/v2\/media\/19957"}],"wp:attachment":[{"href":"https:\/\/mirrix.be\/de\/wp-json\/wp\/v2\/media?parent=20292"}],"wp:term":[{"taxonomy":"product_brand","embeddable":true,"href":"https:\/\/mirrix.be\/de\/wp-json\/wp\/v2\/product_brand?post=20292"},{"taxonomy":"product_cat","embeddable":true,"href":"https:\/\/mirrix.be\/de\/wp-json\/wp\/v2\/product_cat?post=20292"},{"taxonomy":"product_tag","embeddable":true,"href":"https:\/\/mirrix.be\/de\/wp-json\/wp\/v2\/product_tag?post=20292"},{"taxonomy":"merk","embeddable":true,"href":"https:\/\/mirrix.be\/de\/wp-json\/wp\/v2\/merk?post=20292"}],"curies":[{"name":"wp","href":"https:\/\/api.w.org\/{rel}","templated":true}]}}