{"id":20334,"date":"2025-10-12T13:37:26","date_gmt":"2025-10-12T11:37:26","guid":{"rendered":"https:\/\/mirrix.be\/shasta-combs-fuer-kleine-und-mittlere-webrahmen\/"},"modified":"2026-01-12T14:22:03","modified_gmt":"2026-01-12T13:22:03","slug":"shasta-combs-fuer-kleine-und-mittlere-webrahmen","status":"publish","type":"product","link":"https:\/\/mirrix.be\/de\/shasta-combs-fuer-kleine-und-mittlere-webrahmen\/","title":{"rendered":"Shasta combs f\u00fcr kleine und mittlere Webrahmen"},"content":{"rendered":"<h2>Was sind Shasta combs?<\/h2>\n<p>Shasta combs sind speziell entwickelte Zubeh\u00f6rteile, die das Aufziehen der Kettf\u00e4den (die vertikalen F\u00e4den Ihres Gewebes) einfacher machen.<\/p>\n<p>Sie wurden mit vier klaren Zielen entwickelt:<\/p>\n<ul>\n<li>eine einfache und schnelle M\u00f6glichkeit, die Kette zu spannen,<\/li>\n<li>weniger Nacharbeit, da nur Anfang und Ende der Kette gesichert werden m\u00fcssen,\n<\/li>\n<li>weniger Kettgarnverlust bei k\u00fcrzeren Projekten,<\/li>\n<li>nur eine Lage von Kettf\u00e4den statt zwei.<\/li>\n<\/ul>\n<p>&nbsp;<\/p>\n<p>So sparen Sie Zeit und Material, ohne an Qualit\u00e4t zu verlieren.<\/p>\n<h2>Wie funktionieren die Shasta combs?<\/h2>\n<p>Die Shasta combs verwandeln Ihren Mirrix-Webrahmen praktisch in einen gro\u00dfen <a href=\"https:\/\/mirrix.be\/de\/chloe-pocket-loom-13-20-cm\/\" target=\"_blank\" rel=\"noopener\">Chloe-Webrahmen<\/a>, jedoch mit dem professionellen <a href=\"https:\/\/mirrix.be\/blog\/hoe-werkt-het-hevelsysteem-van-mirrix\/\" target=\"_blank\" rel=\"noopener\">Mirrix-Spannsystem<\/a> und der M\u00f6glichkeit, den Mirrix-Litzenheber zu verwenden.<\/p>\n<p>Sie erhalten also die Stabilit\u00e4t eines professionellen Webrahmens, kombiniert mit der Einfachheit eines Einsteigermodells.<\/p>\n<p>\ud83d\udca1 Hinweis: Die Shasta combs sind als Erg\u00e4nzung zum bestehenden Spannsystem gedacht, nicht als Ersatz. Je nach Projekt k\u00f6nnen Sie zwischen der klassischen Spannmethode und der schnellen Shasta-Methode w\u00e4hlen. <\/p>\n<h2>Einfach zu befestigen und anzupassen<\/h2>\n<p>Dank ihres intelligenten Designs haben die Shasta combs drei Seiten.<br \/>\nSie lassen sich direkt an den oberen und unteren Balken Ihres Webrahmens klemmen.<br \/>\nIn nur wenigen Sekunden k\u00f6nnen Sie sie anbringen oder entfernen, ohne Schrauben oder \u00c4nderungen am Rahmen.<\/p>\n<h2>Ein Kamm, viele M\u00f6glichkeiten<\/h2>\n<p>Die K\u00e4mme sind in verschiedenen Kettfadendichten erh\u00e4ltlich: 3, 4 oder 5 F\u00e4den pro cm.<br \/>\nWenn Sie zus\u00e4tzlich den Feder-Kit (<a href=\"https:\/\/mirrix.be\/bodemveren-kit\/\" target=\"_blank\" rel=\"noopener\">Kit f\u00fcr untere Federn<\/a> oder obere und untere Feder-Kits) verwenden, k\u00f6nnen Sie nahezu jede gew\u00fcnschte Dichte erreichen.<\/p>\n<p>So funktionieren die Shasta combs mit fast allen Perlengr\u00f6\u00dfen und eignen sich sowohl f\u00fcr Tapisserie- als auch Perlenweben.<\/p>\n<h2>F\u00fcr welche Mirrix-Webrahmen?<\/h2>\n<table>\n<thead>\n<tr>\n<td><strong>Webrahmen<\/strong><\/td>\n<td><strong>Passender Shasta comb<\/strong><\/td>\n<td><strong>Hinweis<\/strong><\/td>\n<\/tr>\n<\/thead>\n<tbody>\n<tr>\n<a href=\"https:\/\/mirrix.be\/de\/little-guy-webrahmen-12-30-cm\/\" target=\"_blank\" rel=\"noopener\">Little Guy<\/a><\/p>\n<td>Standard Shasta comb<\/td>\n<td><\/td>\n<td>Perfekt f\u00fcr kleine Webarbeiten und Perlenprojekte<\/td>\n<\/tr>\n<tr>\n<a href=\"https:\/\/mirrix.be\/big-sister\/\" target=\"_blank\" rel=\"noopener\">Big Sister<\/a><\/p>\n<td>Standard Shasta comb<\/td>\n<td><\/td>\n<td>Praktisch f\u00fcr k\u00fcrzere Tapisserieprojekte<\/td>\n<\/tr>\n<tr>\n<td>Deb &amp; <a href=\"https:\/\/mirrix.be\/fr\/metier-a-tisser-zach-22-55-cm\/\" target=\"_blank\" rel=\"noopener\"><\/a><a href=\"https:\/\/mirrix.be\/mirrix-deb-weefgetouw\/\" target=\"_blank\" rel=\"noopener\">Zach<\/a><\/td>\n<p>Standard Shasta comb<\/p>\n<td><\/td>\n<td>Schnelles Spannen ohne Garnverschwendung<\/td>\n<\/tr>\n<tr>\n<td>Gro\u00dfe Mirrix-Webrahmen (Doppelbalken)<\/td>\n<p><a href=\"https:\/\/mirrix.be\/shasta-combs-voor-grote-weefgetouwen\/\" target=\"_blank\" rel=\"noopener\">Double Beam Shasta combs<\/a><\/p>\n<td>S<\/td>\n<td>pezielles Modell f\u00fcr Doppelbalken-Webrahmen<\/td>\n<\/tr>\n<\/tbody>\n<\/table>\n<p>Die Standardversion besteht aus pulverbeschichtetem Aluminium mit leicht gebogenen Z\u00e4hnen, langlebig, leicht und pr\u00e4zise. <\/p>\n<h2>Warum Shasta combs f\u00fcr kleine und mittlere Webrahmen w\u00e4hlen?<\/h2>\n<p>\u2705 Weniger Nacharbeit am Anfang und Ende<br \/>\n\u2705 Schnelleres Spannen ohne komplizierte Schritte<br \/>\n\u2705 Weniger Kettgarnverschwendung<br \/>\n\u2705 Geeignet f\u00fcr Tapisserie- und Perlenweben<br \/>\n\u2705 Original Mirrix-Zubeh\u00f6r, also 100 % Qualit\u00e4t garantiert<\/p>\n<h2>Bestellen Sie Ihre Shasta combs noch heute<\/h2>\n<p>Bereit, schneller und effizienter zu weben?<br \/>\nBestellen Sie Ihre Shasta combs f\u00fcr kleine und mittlere Mirrix-Webrahmen und erleben Sie den Unterschied selbst.<\/p>\n<p>\ud83d\udc46 F\u00fcgen Sie dieses Produkt Ihrem <strong>Warenkorb<\/strong> hinzu.<\/p>\n<p>Haben Sie Fragen zu diesem Produkt? <a href=\"https:\/\/mirrix.be\/contact\/\" target=\"_blank\" rel=\"noopener\">Kontaktieren Sie uns.<\/a> Wir helfen Ihnen gerne weiter.<\/p>\n","protected":false},"excerpt":{"rendered":"<p>Machen Sie das Einrichten der Kette einfacher mit den <strong>Shasta comb<\/strong>s f\u00fcr kleine und mittlere Mirrix-Webrahmen.<\/p>\n<p>Diese cleveren Aluminiumk\u00e4mme helfen Ihnen, k\u00fcrzere Ketten zu verwenden, fester zu weben und weniger nachzuarbeiten. Perfekt f\u00fcr alle, die effizient und pr\u00e4zise arbeiten m\u00f6chten. <\/p>\n<p>Sie suchen <a href=\"http:\/\/weefweelde.be\/shasta-combs-voor-grote-weefgetouwen\/\" target=\"_blank\" rel=\"noopener\">Shasta combs f\u00fcr gro\u00dfe Webrahmen<\/a>?<\/p>\n","protected":false},"featured_media":19885,"template":"","meta":[],"product_brand":[],"product_cat":[462,673,440],"product_tag":[],"merk":[176],"class_list":{"0":"post-20334","1":"product","2":"type-product","3":"status-publish","4":"has-post-thumbnail","6":"product_cat-mirrix-zubehor-de","7":"product_cat-mirrix-zubehor-de-2","8":"product_cat-mirrix-zubehor","9":"merk-mirrix","11":"first","12":"instock","13":"sale","14":"taxable","15":"shipping-taxable","16":"purchasable","17":"product-type-variable"},"_links":{"self":[{"href":"https:\/\/mirrix.be\/de\/wp-json\/wp\/v2\/product\/20334","targetHints":{"allow":["GET"]}}],"collection":[{"href":"https:\/\/mirrix.be\/de\/wp-json\/wp\/v2\/product"}],"about":[{"href":"https:\/\/mirrix.be\/de\/wp-json\/wp\/v2\/types\/product"}],"wp:featuredmedia":[{"embeddable":true,"href":"https:\/\/mirrix.be\/de\/wp-json\/wp\/v2\/media\/19885"}],"wp:attachment":[{"href":"https:\/\/mirrix.be\/de\/wp-json\/wp\/v2\/media?parent=20334"}],"wp:term":[{"taxonomy":"product_brand","embeddable":true,"href":"https:\/\/mirrix.be\/de\/wp-json\/wp\/v2\/product_brand?post=20334"},{"taxonomy":"product_cat","embeddable":true,"href":"https:\/\/mirrix.be\/de\/wp-json\/wp\/v2\/product_cat?post=20334"},{"taxonomy":"product_tag","embeddable":true,"href":"https:\/\/mirrix.be\/de\/wp-json\/wp\/v2\/product_tag?post=20334"},{"taxonomy":"merk","embeddable":true,"href":"https:\/\/mirrix.be\/de\/wp-json\/wp\/v2\/merk?post=20334"}],"curies":[{"name":"wp","href":"https:\/\/api.w.org\/{rel}","templated":true}]}}