{"id":20736,"date":"2025-12-19T12:02:11","date_gmt":"2025-12-19T11:02:11","guid":{"rendered":"https:\/\/mirrix.be\/extra-feine-kaemme-fuer-ihren-chloe-webrahmen\/"},"modified":"2026-01-07T15:18:12","modified_gmt":"2026-01-07T14:18:12","slug":"extra-feine-kaemme-fuer-ihren-chloe-webrahmen","status":"publish","type":"product","link":"https:\/\/mirrix.be\/de\/extra-feine-kaemme-fuer-ihren-chloe-webrahmen\/","title":{"rendered":"Extra feine K\u00e4mme f\u00fcr Ihren Chloe-Webrahmen"},"content":{"rendered":"<h2>Warum dieses extra Set feiner K\u00e4mme?<\/h2>\n<p>F\u00fcr die Chloe-Webrahmen k\u00f6nnen Sie ein <strong>zus\u00e4tzliches Set feiner K\u00e4mme<\/strong> kaufen: 6,3 und 7 F\u00e4den pro cm.<\/p>\n<ul>\n<li>6,3 F\u00e4den pro cm wird f\u00fcr das Weben mit Delica-Perlen 11\/0 empfohlen \u2013 f\u00fcr breitere St\u00fccke.<\/li>\n<li>7 F\u00e4den pro cm wird f\u00fcr das Weben mit Delica-Perlen 11\/0 empfohlen \u2013 f\u00fcr schmalere St\u00fccke.<\/li>\n<\/ul>\n<p>&nbsp;<\/p>\n<p>Alle K\u00e4mme sind <strong>pulverbeschichtet<\/strong>. Die Z\u00e4hne sind leicht gebogen, damit die F\u00e4den beim Weben nicht vom Webrahmen rutschen k\u00f6nnen und Ihre Kettf\u00e4den straff gespannt bleiben.<\/p>\n<p>&nbsp;<\/p>\n","protected":false},"excerpt":{"rendered":"<div class=\"elementor-element elementor-element-6f59b56 elementor-widget elementor-widget-woocommerce-product-short-description\" data-id=\"6f59b56\" data-element_type=\"widget\" data-widget_type=\"woocommerce-product-short-description.default\">\n<div class=\"elementor-widget-container\">\n<div class=\"woocommerce-product-details__short-description\">\n<p>Sie k\u00f6nnen ein <strong>Set extra feiner K\u00e4mme<\/strong> f\u00fcr Ihren Chloe-Webrahmen dazukaufen, bestehend aus:<\/p>\n<ul>\n<li>2 K\u00e4mmen mit 6,3 F\u00e4den pro cm<\/li>\n<li>und 2 K\u00e4mmen mit 7 F\u00e4den pro cm<\/li>\n<\/ul>\n<\/div>\n<\/div>\n<\/div>\n","protected":false},"featured_media":21779,"template":"","meta":[],"product_brand":[],"product_cat":[673,440,462],"product_tag":[],"merk":[176],"class_list":{"0":"post-20736","1":"product","2":"type-product","3":"status-publish","4":"has-post-thumbnail","6":"product_cat-mirrix-zubehor-de-2","7":"product_cat-mirrix-zubehor","8":"product_cat-mirrix-zubehor-de","9":"merk-mirrix","11":"first","12":"instock","13":"sale","14":"taxable","15":"shipping-taxable","16":"purchasable","17":"product-type-variable"},"_links":{"self":[{"href":"https:\/\/mirrix.be\/de\/wp-json\/wp\/v2\/product\/20736","targetHints":{"allow":["GET"]}}],"collection":[{"href":"https:\/\/mirrix.be\/de\/wp-json\/wp\/v2\/product"}],"about":[{"href":"https:\/\/mirrix.be\/de\/wp-json\/wp\/v2\/types\/product"}],"wp:featuredmedia":[{"embeddable":true,"href":"https:\/\/mirrix.be\/de\/wp-json\/wp\/v2\/media\/21779"}],"wp:attachment":[{"href":"https:\/\/mirrix.be\/de\/wp-json\/wp\/v2\/media?parent=20736"}],"wp:term":[{"taxonomy":"product_brand","embeddable":true,"href":"https:\/\/mirrix.be\/de\/wp-json\/wp\/v2\/product_brand?post=20736"},{"taxonomy":"product_cat","embeddable":true,"href":"https:\/\/mirrix.be\/de\/wp-json\/wp\/v2\/product_cat?post=20736"},{"taxonomy":"product_tag","embeddable":true,"href":"https:\/\/mirrix.be\/de\/wp-json\/wp\/v2\/product_tag?post=20736"},{"taxonomy":"merk","embeddable":true,"href":"https:\/\/mirrix.be\/de\/wp-json\/wp\/v2\/merk?post=20736"}],"curies":[{"name":"wp","href":"https:\/\/api.w.org\/{rel}","templated":true}]}}