{"id":20923,"date":"2026-01-19T11:20:23","date_gmt":"2026-01-19T10:20:23","guid":{"rendered":"https:\/\/mirrix.be\/zusaetzlicher-litzenheber-mit-einfachem-fach-2\/"},"modified":"2026-01-19T11:39:09","modified_gmt":"2026-01-19T10:39:09","slug":"zusaetzlicher-litzenheber-mit-einfachem-fach-2","status":"publish","type":"product","link":"https:\/\/mirrix.be\/de\/zusaetzlicher-litzenheber-mit-einfachem-fach-2\/","title":{"rendered":"Zus\u00e4tzlicher Litzenheber mit einfachem Fach"},"content":{"rendered":"<ul>\n<li>Kompatibel mit Lani, Little Guy, Deb, Big Sister, Zach, McKinley, Joni und Zeus.<\/li>\n<\/ul>\n<p>Dieser zus\u00e4tzliche Litzenheber mit einfachem Fach ist perfekt f\u00fcr alle, die:<\/p>\n<ul>\n<li>urspr\u00fcnglich keinen Litzenheber mit dem Webrahmen gekauft haben,<\/li>\n<li>oder einen zweiten Litzenheber hinzuf\u00fcgen m\u00f6chten, um kreativer arbeiten zu k\u00f6nnen.<\/li>\n<\/ul>\n<p>Mit einem zus\u00e4tzlichen Litzenst\u00fctzsystem k\u00f6nnen Sie beim Weben von Teppichen einfach zwischen verschiedenen Techniken wie K\u00f6per wechseln.<\/p>\n<p>Jedes Kit enth\u00e4lt: den Litzenheber mit einfachem Fach, einen Griff, einen Inbusschl\u00fcssel und optional ein Set Holzclips (falls erforderlich)<\/p>\n<p>&nbsp;<\/p>\n<p>Ben\u00f6tigen Sie ein Hebelsystem MIT oder OHNE Holzklammern?<\/p>\n<ul>\n<li>Falls Sie diese bereits an Ihrem Webstuhl haben, k\u00f6nnen Sie ein zus\u00e4tzliches Litzensystem OHNE Klemmen erwerben.<\/li>\n<li>Wenn Sie einen Mirrix-Webstuhl ohne Litzensystem erworben haben, dieser aber \u00fcber kleine Klemmen verf\u00fcgt, die keinen Platz f\u00fcr das Litzensystem bieten, ben\u00f6tigen Sie die zus\u00e4tzliche Trennvorrichtung MIT Klemmen. Wenn Sie die Trennvorrichtung separat erwerben, ben\u00f6tigen Sie ebenfalls die Trennvorrichtung MIT Klemmen. <\/li>\n<\/ul>\n<p>Sie sind sich nicht sicher? Schicken Sie uns eine E-Mail und fragen Sie nach! <\/p>\n<p>&nbsp;<\/p>\n<p>Zo plaats je houten clips op je weefgetouw:<\/p>\n<ul>\n<li>So befestigen Sie Holzklammern an Ihrem Webstuhl:<\/li>\n<li>Entfernen Sie die R\u00f6hrchen an der Unterseite der Kupferstangen mit einer feinen Zange.<\/li>\n<li>Entfernen Sie ggf. alte Holzclips.<\/li>\n<li>Schieben Sie die neuen Clips auf die Kupferseitenteile.<\/li>\n<li>Setzen Sie die Metallh\u00fclsen wieder ein.<\/li>\n<li>Setzen Sie beide H\u00e4lften des Webrahmens wieder fest zusammen.Zet de twee helften van het weefgetouw weer in elkaar.<\/li>\n<\/ul>\n<p>&nbsp;<\/p>\n<p>&nbsp;<\/p>\n<p>&nbsp;<\/p>\n","protected":false},"excerpt":{"rendered":"<p>Erweitern Sie Ihre Webm\u00f6glichkeiten mit diesem zus\u00e4tzlichen Litzenheber mit einfachem Fach f\u00fcr Mirrix-Webrahmen. Ideal f\u00fcr K\u00f6perbindungen und andere Gobelintechniken. <\/p>\n<p>Kompatibel mit Lani, Little Guy, Big Sister, Zach, Joni und Zeus.<\/p>\n","protected":false},"featured_media":10005,"template":"","meta":[],"product_brand":[],"product_cat":[462,440],"product_tag":[],"merk":[176],"class_list":{"0":"post-20923","1":"product","2":"type-product","3":"status-publish","4":"has-post-thumbnail","6":"product_cat-mirrix-zubehor-de","7":"product_cat-mirrix-zubehor","8":"merk-mirrix","10":"first","11":"instock","12":"sale","13":"taxable","14":"shipping-taxable","15":"purchasable","16":"product-type-variable"},"_links":{"self":[{"href":"https:\/\/mirrix.be\/de\/wp-json\/wp\/v2\/product\/20923","targetHints":{"allow":["GET"]}}],"collection":[{"href":"https:\/\/mirrix.be\/de\/wp-json\/wp\/v2\/product"}],"about":[{"href":"https:\/\/mirrix.be\/de\/wp-json\/wp\/v2\/types\/product"}],"wp:featuredmedia":[{"embeddable":true,"href":"https:\/\/mirrix.be\/de\/wp-json\/wp\/v2\/media\/10005"}],"wp:attachment":[{"href":"https:\/\/mirrix.be\/de\/wp-json\/wp\/v2\/media?parent=20923"}],"wp:term":[{"taxonomy":"product_brand","embeddable":true,"href":"https:\/\/mirrix.be\/de\/wp-json\/wp\/v2\/product_brand?post=20923"},{"taxonomy":"product_cat","embeddable":true,"href":"https:\/\/mirrix.be\/de\/wp-json\/wp\/v2\/product_cat?post=20923"},{"taxonomy":"product_tag","embeddable":true,"href":"https:\/\/mirrix.be\/de\/wp-json\/wp\/v2\/product_tag?post=20923"},{"taxonomy":"merk","embeddable":true,"href":"https:\/\/mirrix.be\/de\/wp-json\/wp\/v2\/merk?post=20923"}],"curies":[{"name":"wp","href":"https:\/\/api.w.org\/{rel}","templated":true}]}}