{"id":20977,"date":"2026-01-19T15:09:47","date_gmt":"2026-01-19T14:09:47","guid":{"rendered":"https:\/\/mirrix.be\/standard-litzenstuetzsystem\/"},"modified":"2026-01-19T16:08:57","modified_gmt":"2026-01-19T15:08:57","slug":"standard-litzenstuetzsystem","status":"publish","type":"product","link":"https:\/\/mirrix.be\/de\/standard-litzenstuetzsystem\/","title":{"rendered":"Standard-Litzenst\u00fctzsystem"},"content":{"rendered":"<p>Kompatibel mit Zach, Joni und Zeus.<\/p>\n<p>Sie haben einen Webrahmen mit verl\u00e4ngertem Litzenst\u00fctzsystem gekauft, m\u00f6chten aber auch mit einem kleineren Fach arbeiten? Mit dem Standard-Litzenst\u00fctzsystem<\/p>\n<p>Sie erweitern Ihre Webm\u00f6glichkeiten und wechseln m\u00fchelos zwischen dem Standard- und dem verl\u00e4ngerten Litzenheber.<\/p>\n<p>&nbsp;<\/p>\n<p>Was ist in der Box?<br \/>\nStandard-Fach-Stifte (Menge je nach Rahmengr\u00f6\u00dfe)<br \/>\nEin Set handgefertigter Holzclips (2 St\u00fcck)<br \/>\nInstallationsanleitung<\/p>\n","protected":false},"excerpt":{"rendered":"<p>Kompatibel mit Zach, Joni und Zeus. Sie haben einen Webrahmen mit verl\u00e4ngertem Litzenst\u00fctzsystem gekauft, m\u00f6chten aber auch mit einem kleineren Fach arbeiten? Mit dem Standard-Litzenst\u00fctzsystem Sie erweitern Ihre Webm\u00f6glichkeiten und wechseln m\u00fchelos zwischen dem Standard- und dem verl\u00e4ngerten Litzenheber. &nbsp; Was ist in der Box? Standard-Fach-Stifte (Menge je nach Rahmengr\u00f6\u00dfe) Ein Set handgefertigter Holzclips (2 [&hellip;]<\/p>\n","protected":false},"featured_media":9997,"template":"","meta":[],"product_brand":[],"product_cat":[462,440],"product_tag":[],"merk":[176],"class_list":{"0":"post-20977","1":"product","2":"type-product","3":"status-publish","4":"has-post-thumbnail","6":"product_cat-mirrix-zubehor-de","7":"product_cat-mirrix-zubehor","8":"merk-mirrix","10":"first","11":"instock","12":"sale","13":"taxable","14":"shipping-taxable","15":"purchasable","16":"product-type-variable"},"_links":{"self":[{"href":"https:\/\/mirrix.be\/de\/wp-json\/wp\/v2\/product\/20977","targetHints":{"allow":["GET"]}}],"collection":[{"href":"https:\/\/mirrix.be\/de\/wp-json\/wp\/v2\/product"}],"about":[{"href":"https:\/\/mirrix.be\/de\/wp-json\/wp\/v2\/types\/product"}],"wp:featuredmedia":[{"embeddable":true,"href":"https:\/\/mirrix.be\/de\/wp-json\/wp\/v2\/media\/9997"}],"wp:attachment":[{"href":"https:\/\/mirrix.be\/de\/wp-json\/wp\/v2\/media?parent=20977"}],"wp:term":[{"taxonomy":"product_brand","embeddable":true,"href":"https:\/\/mirrix.be\/de\/wp-json\/wp\/v2\/product_brand?post=20977"},{"taxonomy":"product_cat","embeddable":true,"href":"https:\/\/mirrix.be\/de\/wp-json\/wp\/v2\/product_cat?post=20977"},{"taxonomy":"product_tag","embeddable":true,"href":"https:\/\/mirrix.be\/de\/wp-json\/wp\/v2\/product_tag?post=20977"},{"taxonomy":"merk","embeddable":true,"href":"https:\/\/mirrix.be\/de\/wp-json\/wp\/v2\/merk?post=20977"}],"curies":[{"name":"wp","href":"https:\/\/api.w.org\/{rel}","templated":true}]}}