{"id":21015,"date":"2026-01-19T15:53:07","date_gmt":"2026-01-19T14:53:07","guid":{"rendered":"https:\/\/mirrix.be\/kit-fuer-untere-federn-fuer-mirrix-webrahmen-2\/"},"modified":"2026-01-19T16:05:47","modified_gmt":"2026-01-19T15:05:47","slug":"kit-fuer-untere-federn-fuer-mirrix-webrahmen-2","status":"publish","type":"product","link":"https:\/\/mirrix.be\/de\/kit-fuer-untere-federn-fuer-mirrix-webrahmen-2\/","title":{"rendered":"Kit f\u00fcr untere Federn f\u00fcr Mirrix-Webrahmen"},"content":{"rendered":"<h2>Wozu dient das Kit f\u00fcr untere Federn?<\/h2>\n<p>Dieses Zubeh\u00f6r sorgt daf\u00fcr, dass auch die unteren Kettf\u00e4den so sauber ausgerichtet sind wie die oberen.<\/p>\n<p>So bleiben Ihre Kettf\u00e4den von oben bis unten gerade, parallel und gleichm\u00e4\u00dfig gespannt.<\/p>\n<p>F\u00fcr mehr Kontrolle und Pr\u00e4zision beim Weben.<\/p>\n<p>&nbsp;<\/p>\n<h2>Was ist im Kit enthalten?<\/h2>\n<p>Jedes Kit enth\u00e4lt:<\/p>\n<ul>\n<li>zwei Messingmuttern<\/li>\n<li>eine U-f\u00f6rmige Metallf\u00fchrung<\/li>\n<li>ein Satz mit vier Federn (3, 5, 5,5 und 7 Dents\/cm)<\/li>\n<\/ul>\n<h2>F\u00fcr welche Webrahmen geeignet?<\/h2>\n<p>Das Kit passt zu allen Mirrix-Webrahmen mit Gewindestangen, ab dem Modell Saffron.<\/p>\n<p>Die Federn lassen sich einfach anbringen und bleiben beim Weben sicher fixiert.<\/p>\n<p>Tipp: Mehr Abstand<\/p>\n<p>Wenn Sie breitere Abst\u00e4nde w\u00fcnschen: Platzieren Sie einen Faden in jeder zweiten oder dritten Spirale, statt in jeder. So erzielen Sie ein lockeres Kettbild mit besserem Halt. <\/p>\n<p>&nbsp;<\/p>\n<h2>Warum untere Federn verwenden?<\/h2>\n<ul>\n<li>Gleichm\u00e4\u00dfiger Abstand oben und unten<\/li>\n<li>Kettf\u00e4den bleiben gerade und parallel<\/li>\n<li>Kein Verschieben oder Verdrehen<\/li>\n<li>Schnelleres und genaueres Aufziehen<\/li>\n<\/ul>\n<p>Wenn Sie regelm\u00e4\u00dfig weben, sind diese Federn eine wertvolle Erweiterung.<\/p>\n<p>&nbsp;<\/p>\n<h2>Warum Weefweelde?<\/h2>\n<p><a href=\"https:\/\/mirrix.be\/\" target=\"_blank\" rel=\"noopener\">Weefweelde<\/a> ist der offizielle Vertriebspartner f\u00fcr <a href=\"https:\/\/mirrixlooms.com\/\" target=\"_blank\" rel=\"noopener\">Mirrix-Webst\u00fchle<\/a> in der EU.<\/p>\n<p>Wir bieten Ihnen:<\/p>\n<ul>\n<li>Fachkundige und pers\u00f6nliche Beratung<\/li>\n<li>Schnellen Versand direkt aus Belgien<\/li>\n<li>Online- und Offline-Support<\/li>\n<\/ul>\n<p>&nbsp;<\/p>\n<p>\u27a1\ufe0f Fragen? Kontaktieren Sie uns \u00fcber unsere <a href=\"https:\/\/mirrix.be\/contact\/\" target=\"_blank\" rel=\"noopener\">Kontaktseite<\/a><\/p>\n<p>&nbsp;<\/p>\n<p>Schauen Sie sich auch unsere <a href=\"https:\/\/mirrix.be\/extra-veren\/\" target=\"_blank\" rel=\"noopener\">zus\u00e4tzlichen Federn<\/a> oder unser <a href=\"https:\/\/mirrix.be\/afwerkingsvrije-ketting-kit\/\" target=\"_blank\" rel=\"noopener\">Finish-Ketten-Kit<\/a> f\u00fcr noch mehr Pr\u00e4zision bei der Ketteneinstellung an. Entdecken Sie sie in unserem Webshop.<\/p>\n","protected":false},"excerpt":{"rendered":"<p>Mit dem <strong>Kit f\u00fcr untere Federn<\/strong> bringen Sie auch an der unteren Leiste Ihres Mirrix-Webrahmens eine Federleiste an.<\/p>\n<p>So bleiben Ihre Kettf\u00e4den von oben bis unten gerade, parallel und gleichm\u00e4\u00dfig gespannt.<\/p>\n","protected":false},"featured_media":10898,"template":"","meta":[],"product_brand":[],"product_cat":[462,440],"product_tag":[],"merk":[176],"class_list":{"0":"post-21015","1":"product","2":"type-product","3":"status-publish","4":"has-post-thumbnail","6":"product_cat-mirrix-zubehor-de","7":"product_cat-mirrix-zubehor","8":"merk-mirrix","10":"first","11":"instock","12":"sale","13":"taxable","14":"shipping-taxable","15":"purchasable","16":"product-type-variable"},"_links":{"self":[{"href":"https:\/\/mirrix.be\/de\/wp-json\/wp\/v2\/product\/21015","targetHints":{"allow":["GET"]}}],"collection":[{"href":"https:\/\/mirrix.be\/de\/wp-json\/wp\/v2\/product"}],"about":[{"href":"https:\/\/mirrix.be\/de\/wp-json\/wp\/v2\/types\/product"}],"wp:featuredmedia":[{"embeddable":true,"href":"https:\/\/mirrix.be\/de\/wp-json\/wp\/v2\/media\/10898"}],"wp:attachment":[{"href":"https:\/\/mirrix.be\/de\/wp-json\/wp\/v2\/media?parent=21015"}],"wp:term":[{"taxonomy":"product_brand","embeddable":true,"href":"https:\/\/mirrix.be\/de\/wp-json\/wp\/v2\/product_brand?post=21015"},{"taxonomy":"product_cat","embeddable":true,"href":"https:\/\/mirrix.be\/de\/wp-json\/wp\/v2\/product_cat?post=21015"},{"taxonomy":"product_tag","embeddable":true,"href":"https:\/\/mirrix.be\/de\/wp-json\/wp\/v2\/product_tag?post=21015"},{"taxonomy":"merk","embeddable":true,"href":"https:\/\/mirrix.be\/de\/wp-json\/wp\/v2\/merk?post=21015"}],"curies":[{"name":"wp","href":"https:\/\/api.w.org\/{rel}","templated":true}]}}