{"id":21044,"date":"2026-01-19T16:15:51","date_gmt":"2026-01-19T15:15:51","guid":{"rendered":"https:\/\/mirrix.be\/verlaengerungs-gewindestangen-fuer-mirrix-webrahmen\/"},"modified":"2026-01-19T16:23:21","modified_gmt":"2026-01-19T15:23:21","slug":"verlaengerungs-gewindestangen-fuer-mirrix-webrahmen","status":"publish","type":"product","link":"https:\/\/mirrix.be\/de\/verlaengerungs-gewindestangen-fuer-mirrix-webrahmen\/","title":{"rendered":"Verl\u00e4ngerungs-Gewindestangen f\u00fcr Mirrix-Webrahmen"},"content":{"rendered":"<h2>Wozu dienen die Verl\u00e4ngerungs-Gewindestangen?<\/h2>\n<p>Diese Verl\u00e4ngerungsstangen (auch Loom Extenders genannt) werden an den Standard-Seitenstangen Ihres Mirrix-Webrahmens montiert.<\/p>\n<p>So entsteht zus\u00e4tzliche Webl\u00e4nge, ideal f\u00fcr lange Projekte wie G\u00fcrtel.<\/p>\n<h2>F\u00fcr welche Modelle sind sie geeignet?<\/h2>\n<p>Es gibt passende Versionen f\u00fcr folgende Modelle: <a href=\"https:\/\/mirrix.be\/mini-mirrix-loreli\/\">Loreli<\/a>, <a href=\"https:\/\/mirrix.be\/lani-loom\/\">Lani<\/a>, <a href=\"https:\/\/mirrix.be\/de\/little-guy-webrahmen-12-30-cm\/\">Little Guy<\/a>, <a href=\"https:\/\/mirrix.be\/big-sister\/\">Big Sister<\/a> und <a href=\"https:\/\/mirrix.be\/fr\/metier-a-tisser-zach-22-55-cm\/\">Zach<\/a>. <\/p>\n<table>\n<thead>\n<tr>\n<td><strong>Modell<\/strong><\/td>\n<td><strong>Zus\u00e4tzliche Webl\u00e4nge<\/strong><\/td>\n<td><strong>Stangenl\u00e4nge<\/strong><\/td>\n<td><strong>Inclusief<\/strong><\/td>\n<\/tr>\n<\/thead>\n<tbody>\n<tr>\n<td>5&#8243; Loreli<\/td>\n<td>60 cm<\/td>\n<td>30 cm<\/td>\n<td>&#8211;<\/td>\n<\/tr>\n<tr>\n<td>8&#8243; Lani<\/td>\n<td>60 cm<\/td>\n<td>30 cm<\/td>\n<td>zus\u00e4tzliche Fu\u00dfst\u00fctze<\/td>\n<\/tr>\n<tr>\n<td>12&#8243; Little Guy<\/td>\n<td>60 cm<\/td>\n<td>30 cm<\/td>\n<td>verl\u00e4ngerte Fu\u00dfst\u00fctzen<\/td>\n<\/tr>\n<tr>\n<td>16&#8243; Big Sister<\/td>\n<td>60 cm<\/td>\n<td>30 cm<\/td>\n<td>vverl\u00e4ngerte Fu\u00dfst\u00fctzen<\/td>\n<\/tr>\n<tr>\n<td>22&#8243; Zach<\/td>\n<td>33 cm<\/td>\n<td>16,5 cm<\/td>\n<td>verl\u00e4ngerte Fu\u00dfst\u00fctzen <\/td>\n<\/tr>\n<\/tbody>\n<\/table>\n<p>&nbsp;<\/p>\n<p><strong>Hinweis<\/strong>: Diese L\u00e4ngen gelten bei Verwendung einer <strong>durchgehenden Kette<\/strong>.<\/p>\n<p>&nbsp;<\/p>\n<h2>Wie funktioniert die Montage?<\/h2>\n<p>Die Stangen werden an den Seiten Ihres Rahmens befestigt.<\/p>\n<p>Bei einigen Modellen sind zus\u00e4tzliche St\u00fctzen zur Stabilisierung enthalten. Sie weben wie gewohnt, nur eben mit mehr L\u00e4nge. <\/p>\n<p>Beispiel: Beim Loreli-Modell k\u00f6nnen Sie den Rahmen flach auf den Tisch legen, auf dem Scho\u00df verwenden oder mit dem <a href=\"https:\/\/mirrix.be\/harvey-staander\/\">Harvey-St\u00e4nder<\/a> kombinieren. <\/p>\n<p>&nbsp;<\/p>\n<h2>Warum keinen gr\u00f6\u00dferen Rahmen kaufen?<\/h2>\n<p>Mit diesem Erweiterungsset:<\/p>\n<ul>\n<li>sparen Sie Platz und Geld<\/li>\n<li>verl\u00e4ngern Sie Ihren aktuellen Rahmen<\/li>\n<\/ul>\n<ul>\n<li>vermeiden Sie den Kauf eines gr\u00f6\u00dferen Modells<\/li>\n<\/ul>\n<p>Ideal f\u00fcr gelegentlich gro\u00dfe Webst\u00fccke.<\/p>\n<p>&nbsp;<\/p>\n<h2>Warum Weefweelde?<\/h2>\n<p><a href=\"https:\/\/weefweelde.be\/\" target=\"_blank\" rel=\"noopener\">Weefweelde<\/a> ist der offizielle Vertriebspartner f\u00fcr <a href=\"https:\/\/mirrixlooms.com\/\" target=\"_blank\" rel=\"noopener\">Mirrix-Webst\u00fchle<\/a> in der EU.<\/p>\n<p>Wir bieten Ihnen:<\/p>\n<ul>\n<li>Fachkundige und pers\u00f6nliche Beratung<\/li>\n<li>Schnellen Versand direkt aus Belgien<\/li>\n<li>Online- und Offline-Support<\/li>\n<\/ul>\n<p>&nbsp;<\/p>\n<p>\u27a1\ufe0f Fragen? Kontaktieren Sie uns \u00fcber unsere <a href=\"https:\/\/mirrix.be\/contact\/\">Kontaktseite<\/a> Wir helfen Ihnen gerne weiter.<\/p>\n<p>&nbsp;<\/p>\n<p>Auf der Suche nach einem Webrahmen oder Zubeh\u00f6r?<br \/>Entdecken Sie unsere <a href=\"https:\/\/mirrix.be\/weefshop\/?jsf=epro-loop-builder:weefproducten&amp;tax=merk:176\">Mirrix-Webrahmen<\/a> und <a href=\"https:\/\/mirrix.be\/algemene-toebehoren\/\">Zubeh\u00f6rteile<\/a><\/p>\n<p>&nbsp;<\/p>\n","protected":false},"excerpt":{"rendered":"<p>Weben Sie l\u00e4ngere St\u00fccke, ohne einen gr\u00f6\u00dferen Rahmen zu kaufen. Die <strong>Verl\u00e4ngerungs-Gewindestangen <\/strong>von Mirrix sind eine clevere Erweiterung f\u00fcr f\u00fcnf Modelle. <\/p>\n","protected":false},"featured_media":10792,"template":"","meta":[],"product_brand":[],"product_cat":[462,440],"product_tag":[],"merk":[176],"class_list":{"0":"post-21044","1":"product","2":"type-product","3":"status-publish","4":"has-post-thumbnail","6":"product_cat-mirrix-zubehor-de","7":"product_cat-mirrix-zubehor","8":"merk-mirrix","10":"first","11":"instock","12":"sale","13":"taxable","14":"shipping-taxable","15":"purchasable","16":"product-type-variable"},"_links":{"self":[{"href":"https:\/\/mirrix.be\/de\/wp-json\/wp\/v2\/product\/21044","targetHints":{"allow":["GET"]}}],"collection":[{"href":"https:\/\/mirrix.be\/de\/wp-json\/wp\/v2\/product"}],"about":[{"href":"https:\/\/mirrix.be\/de\/wp-json\/wp\/v2\/types\/product"}],"wp:featuredmedia":[{"embeddable":true,"href":"https:\/\/mirrix.be\/de\/wp-json\/wp\/v2\/media\/10792"}],"wp:attachment":[{"href":"https:\/\/mirrix.be\/de\/wp-json\/wp\/v2\/media?parent=21044"}],"wp:term":[{"taxonomy":"product_brand","embeddable":true,"href":"https:\/\/mirrix.be\/de\/wp-json\/wp\/v2\/product_brand?post=21044"},{"taxonomy":"product_cat","embeddable":true,"href":"https:\/\/mirrix.be\/de\/wp-json\/wp\/v2\/product_cat?post=21044"},{"taxonomy":"product_tag","embeddable":true,"href":"https:\/\/mirrix.be\/de\/wp-json\/wp\/v2\/product_tag?post=21044"},{"taxonomy":"merk","embeddable":true,"href":"https:\/\/mirrix.be\/de\/wp-json\/wp\/v2\/merk?post=21044"}],"curies":[{"name":"wp","href":"https:\/\/api.w.org\/{rel}","templated":true}]}}