{"id":21063,"date":"2026-01-19T16:53:52","date_gmt":"2026-01-19T15:53:52","guid":{"rendered":"https:\/\/mirrix.be\/chloe-pocket-loom-10%e2%80%b3-25-cm-tragbarer-praeziser-vielseitiger-webrahmen\/"},"modified":"2026-01-19T16:53:52","modified_gmt":"2026-01-19T15:53:52","slug":"chloe-pocket-loom-10%e2%80%b3-25-cm-tragbarer-praeziser-vielseitiger-webrahmen","status":"publish","type":"product","link":"https:\/\/mirrix.be\/de\/chloe-pocket-loom-10%e2%80%b3-25-cm-tragbarer-praeziser-vielseitiger-webrahmen\/","title":{"rendered":"Chloe Pocket Loom 10\u2033 (25 cm): Tragbarer, pr\u00e4ziser &amp; vielseitiger Webrahmen"},"content":{"rendered":"<h2>Warum den Chloe Pocket Loom 10\u2033 w\u00e4hlen?<\/h2>\n<ol>\n<li><strong>Die perfekte Balance zwischen tragbar und professionell<\/strong><\/li>\n<\/ol>\n<p>Er passt zwar nicht in die Hosentasche, ist aber mit nur 1 kg \u00fcberraschend leicht und einfach zu transportieren. Gleichzeitig kannst du damit gr\u00f6\u00dfere und feine Webst\u00fccke anfertigen, von Mustern bis zu professionellen Perlenarmb\u00e4ndern und kleinen Wandteppichen. <\/p>\n<ol start=\"2\">\n<li><strong>F\u00fcr Perlen und Tapisserie geeignet<\/strong><\/li>\n<\/ol>\n<p>Mit dem Chloe Pocket Loom 10\u2033 kannst du ganz einfach Perlen oder Tapisserie weben. Die leicht gebogenen, pulverbeschichteten K\u00e4mme oben und unten erm\u00f6glichen ein schnelles und pr\u00e4zises Spannen der Kette, f\u00fcr optimale Spannung und Dichte. <\/p>\n<p>Dank der durchgehenden Kette musst du nur Anfang und Ende vern\u00e4hen. Das bedeutet: vier saubere Webkanten, ohne aufwendige Nachbearbeitung. <\/p>\n<p>Die K\u00e4mme lassen sich leicht austauschen, ideal f\u00fcr verschiedene Garnst\u00e4rken und Perlengr\u00f6\u00dfen.<\/p>\n<ol start=\"3\">\n<li><strong>Ideal f\u00fcr Einsteiger und Profis<\/strong><\/li>\n<\/ol>\n<p>Anf\u00e4nger sch\u00e4tzen die einfache Handhabung und kompakte Form. Erfahrene Weber*innen nutzen den Chloe Webrahmen f\u00fcr Muster oder auf Reisen. Dieses Modell verbindet Lernfreude mit professionellen Ergebnissen.  <\/p>\n<h2>Technische Daten \u2013 Chloe Pocket Loom 10\u2033<\/h2>\n<table>\n<thead>\n<tr>\n<td width=\"139\">Merkmal<\/td>\n<td>Details<\/td>\n<\/tr>\n<\/thead>\n<tbody>\n<tr>\n<td width=\"139\">Webbreite<\/td>\n<td>25 cm<\/td>\n<\/tr>\n<tr>\n<td width=\"139\">Weeflengte<\/td>\n<td>28 cm<\/td>\n<\/tr>\n<tr>\n<td width=\"139\">Gesamtbreite des Rahmens<\/td>\n<td>26,5 cm<\/td>\n<\/tr>\n<tr>\n<td width=\"139\">Gewicht<\/td>\n<td>1 kg<\/td>\n<\/tr>\n<tr>\n<td width=\"139\">Material<\/td>\n<td>Aluminium (wie bei der <a href=\"https:\/\/mirrixlooms.com\/collections\/classic-series-looms\" target=\"_blank\" rel=\"noopener\">Classic-Serie<\/a>)<\/td>\n<\/tr>\n<tr>\n<td width=\"139\">Kammteilungen<\/td>\n<td>3, 4, 5, 5,5, 6,5 und 7 F\u00e4den\/cm (8\u201318 EPI)<\/td>\n<\/tr>\n<\/tbody>\n<\/table>\n<p>&nbsp;<\/p>\n<h2>Lieferumfang<\/h2>\n<p>Beim Kauf des Chloe Pocket Loom 10\u2033 erh\u00e4ltst du:<\/p>\n<ul>\n<li>1 obere und 1 untere Leiste<\/li>\n<li>4 Sets mit Metallk\u00e4mmen (3 bis 5,5 F\u00e4den\/cm)<\/li>\n<li>2 Kettstangen (f\u00fcr 28 cm Webl\u00e4nge)<\/li>\n<li>2 ma\u00dfgefertigte Montageschl\u00fcssel<\/li>\n<li>4 Fl\u00fcgelmuttern<\/li>\n<li>6 Unterlegscheiben<\/li>\n<li>2 Sechskantmuttern<\/li>\n<li>2 Hutmuttern<\/li>\n<li>2 schwarze Endkappen<\/li>\n<li>Gedruckte Anleitung<\/li>\n<\/ul>\n<p>&nbsp;<\/p>\n<p>\ud83d\udc49 Schau dir auch unsere Anleitung f\u00fcr einen einfachen Start an.<\/p>\n<h2>Was ist der Unterschied zwischen den Chloe Pocket Looms?<\/h2>\n<table style=\"height: 241px;\" width=\"429\">\n<thead>\n<tr>\n<td>Modell<\/td>\n<td>Weefbreedte<\/td>\n<td>Gewicht<\/td>\n<\/tr>\n<\/thead>\n<tbody>\n<tr>\n<td>Chloe 5&#8243;<\/td>\n<td>12,7 cm<\/td>\n<td>0,3 kg<\/td>\n<\/tr>\n<tr>\n<td>Chloe 8&#8243;<\/td>\n<td>20 cm<\/td>\n<td>0,8 kg<\/td>\n<\/tr>\n<tr>\n<td>Chloe 10&#8243;<\/td>\n<td>25 cm<\/td>\n<td>1 kg<\/td>\n<\/tr>\n<\/tbody>\n<\/table>\n<p>\ud83d\udc49 Vergleiche mit den Seiten <a href=\"https:\/\/mirrix.be\/de\/chloe-pocket-loom-13-20-cm\/\" target=\"_blank\" rel=\"noopener\">Chloe 5\u2033<\/a> und <a href=\"https:\/\/mirrix.be\/de\/chloe-pocket-loom-13-20-cm\/\" target=\"_blank\" rel=\"noopener\">Chloe 8\u2033<\/a>.<\/p>\n<h2>N\u00fctzliches Zubeh\u00f6r<\/h2>\n<ul>\n<li>Du webst lieber ergonomisch am Tisch? Bestelle den <a href=\"https:\/\/mirrix.be\/de\/chloe-staander-2\/\" target=\"_blank\" rel=\"noopener\">Chloe-St\u00e4nder<\/a> gleich mit. <\/li>\n<li>Du brauchst<a href=\"https:\/\/mirrix.be\/set-extra-fijne-kammen-voor-chloe\/\" target=\"_blank\" rel=\"noopener\"> zus\u00e4tzliche Kammsets <\/a>mit 6,3 und 7 F\u00e4den pro cm? Entdecke unser <a href=\"https:\/\/mirrix.be\/de\/diverse-de\/verschieden\/\">Mirrix-Zubeh\u00f6r<\/a> <\/li>\n<\/ul>\n","protected":false},"excerpt":{"rendered":"<p>Der <strong>Chloe Pocket Loom 10\u201c<\/strong> ist ein leichter und zugleich stabiler Webrahmen f\u00fcr Perlen- und Tapisserie-Weberei, ideal f\u00fcr Anf\u00e4nger, Fortgeschrittene und Profis.<\/p>\n<p>Mit einer Webbreite von 25 cm ist dies das gr\u00f6\u00dfte Modell der Chloe-Serie von Mirrix. Perfekt f\u00fcr alle, die mehr Fl\u00e4che zum Weben wollen, ohne auf Mobilit\u00e4t zu verzichten. <\/p>\n","protected":false},"featured_media":20722,"template":"","meta":[],"product_brand":[],"product_cat":[212,368],"product_tag":[],"merk":[176],"class_list":{"0":"post-21063","1":"product","2":"type-product","3":"status-publish","4":"has-post-thumbnail","6":"product_cat-mirrix","7":"product_cat-mirrix-tapisseriegetouwen","8":"merk-mirrix","10":"first","11":"onbackorder","12":"taxable","13":"shipping-taxable","14":"purchasable","15":"product-type-variable"},"_links":{"self":[{"href":"https:\/\/mirrix.be\/de\/wp-json\/wp\/v2\/product\/21063","targetHints":{"allow":["GET"]}}],"collection":[{"href":"https:\/\/mirrix.be\/de\/wp-json\/wp\/v2\/product"}],"about":[{"href":"https:\/\/mirrix.be\/de\/wp-json\/wp\/v2\/types\/product"}],"wp:featuredmedia":[{"embeddable":true,"href":"https:\/\/mirrix.be\/de\/wp-json\/wp\/v2\/media\/20722"}],"wp:attachment":[{"href":"https:\/\/mirrix.be\/de\/wp-json\/wp\/v2\/media?parent=21063"}],"wp:term":[{"taxonomy":"product_brand","embeddable":true,"href":"https:\/\/mirrix.be\/de\/wp-json\/wp\/v2\/product_brand?post=21063"},{"taxonomy":"product_cat","embeddable":true,"href":"https:\/\/mirrix.be\/de\/wp-json\/wp\/v2\/product_cat?post=21063"},{"taxonomy":"product_tag","embeddable":true,"href":"https:\/\/mirrix.be\/de\/wp-json\/wp\/v2\/product_tag?post=21063"},{"taxonomy":"merk","embeddable":true,"href":"https:\/\/mirrix.be\/de\/wp-json\/wp\/v2\/merk?post=21063"}],"curies":[{"name":"wp","href":"https:\/\/api.w.org\/{rel}","templated":true}]}}