{"id":9568,"date":"2025-03-04T21:47:08","date_gmt":"2025-03-04T20:47:08","guid":{"rendered":"https:\/\/mirrix.be\/zeus-webrahmen-38%e2%80%b3-97-cm-stark-breit-und-ideal-fuer-grosse-projekte\/"},"modified":"2025-08-19T20:05:18","modified_gmt":"2025-08-19T18:05:18","slug":"zeus-webrahmen-38-97-cm","status":"publish","type":"product","link":"https:\/\/mirrix.be\/de\/zeus-webrahmen-38-97-cm\/","title":{"rendered":"Zeus-Webrahmen 38\u2033 = 97 cm \u2013 Stark, breit und ideal f\u00fcr gro\u00dfe Projekte"},"content":{"rendered":"<h2>Wie viel kann man mit dem Zeus 38\u2033 weben?<\/h2>\n<ul>\n<li>Ohne Litzenheber: bis zu 155 cm Webl\u00e4nge (mit durchgehender Kette)<\/li>\n<li>Mit Litzenheber: bis zu 145 cm Webl\u00e4nge (mit durchgehender Kette)<\/li>\n<\/ul>\n<p>Diese Webl\u00e4ngen ber\u00fccksichtigen bereits einen kleinen Verlust an Kettf\u00e4den am Anfang und Ende des Gewebes.<\/p>\n<p>\ud83d\udca1 <strong>Tipp<\/strong>: Beginnen Sie mit dem Litzenheber und entfernen Sie ihn am Ende. So genie\u00dfen Sie den Komfort des Ger\u00e4ts und erreichen nahezu die volle L\u00e4nge von 155 cm. <\/p>\n<h2>Lieferumfang<\/h2>\n<p>Beim Kauf des Zeus 38\u2033 erhalten Sie:<\/p>\n<ul>\n<li>Litzenheber mit Griff<\/li>\n<li>Einstellschl\u00fcssel (flach) und Inbusschl\u00fcssel<\/li>\n<li>Obere Litzenleiste<\/li>\n<li>Vier Litzen aus Aluminium (3, 5, 5,5 und 7 F\u00e4den\/cm)<\/li>\n<li>Gedruckte Anleitung<\/li>\n<\/ul>\n<p>\ud83d\udca1 <strong>Tipp<\/strong>: Bestellen Sie <a href=\"https:\/\/mirrix.be\/de\/texsolv-schnuere-fuer-mirrix-webrahmen\/\" target=\"_blank\" rel=\"noopener\">Texsolv-Kordeln <\/a>dazu, um Ihre Kettf\u00e4den sicher zu befestigen.<\/p>\n<h2>Zus\u00e4tzliche Optionen und Zubeh\u00f6r<\/h2>\n<p>Holen Sie noch mehr aus Ihrem Zeus 38\u2033 heraus, mit diesen Erweiterungen: <\/p>\n<ul>\n<li>Harvey-St\u00e4nder \u2013 stabiler Standfu\u00df f\u00fcr vertikales Arbeiten<\/li>\n<li>Zus\u00e4tzlicher Kettstangen-Kit \u2013 f\u00fcr durchgehende Kette ohne Knoten<\/li>\n<li>Kit f\u00fcr untere Litzen und zus\u00e4tzliche Litzen \u2013 mehr Flexibilit\u00e4t beim Aufketten<\/li>\n<li>Verl\u00e4ngerte Fu\u00dfst\u00fctzen und Gewindestangen \u2013 +25 cm Webl\u00e4nge<\/li>\n<li>Texsolv-Kordeln \u2013 f\u00fcr zus\u00e4tzlichen Halt und Spannung<\/li>\n<\/ul>\n<h2>Technische Daten \u2013 Zeus 38\u2033 Webrahmen<\/h2>\n<table>\n<thead>\n<tr>\n<td>Merkmal<\/td>\n<td>Waarde<\/td>\n<\/tr>\n<\/thead>\n<tbody>\n<tr>\n<td>Weefbreedte<\/td>\n<td>89 cm<\/td>\n<\/tr>\n<tr>\n<td>Maximale Webl\u00e4nge<\/td>\n<td>155 cm<\/td>\n<\/tr>\n<tr>\n<td>Rahmenbreite<\/td>\n<td>97 cm<\/td>\n<\/tr>\n<tr>\n<td>Gewicht<\/td>\n<td>6,4 kg<\/td>\n<\/tr>\n<tr>\n<td>Materialien<\/td>\n<td>Aluminium, Stahl, Kupfer, Ahornholz<\/td>\n<\/tr>\n<tr>\n<td><\/td>\n<td><\/td>\n<\/tr>\n<\/tbody>\n<\/table>\n<p>\ud83d\udd17 Entdecken Sie auch unsere anderen Modelle wie den <a href=\"https:\/\/mirrix.be\/de\/zach-webrahmen-22-55-cm\/\" target=\"_blank\" rel=\"noopener\">Zach 22<\/a>\u2033 oder den <a href=\"https:\/\/mirrix.be\/de\/little-guy-webrahmen-12-30-cm\/\" target=\"_blank\" rel=\"noopener\">Little Guy 12<\/a>\u2033<\/p>\n<h2>Warum Weefweelde?<\/h2>\n<p><a href=\"https:\/\/mirrix.be\/\" target=\"_blank\" rel=\"noopener\">Weefweelde<\/a> ist der offizielle Vertriebspartner f\u00fcr <a href=\"https:\/\/mirrixlooms.com\/\" target=\"_blank\" rel=\"noopener\">Mirrix-Webrahmen<\/a> in der EU.<\/p>\n<p>Wir bieten Ihnen:<\/p>\n<ul>\n<li>Fachkundige und pers\u00f6nliche Beratung<\/li>\n<li>Schnellen Versand direkt aus Belgien<\/li>\n<li>Online- und Vor-Ort-Support durch Weefweelde<\/li>\n<\/ul>\n<h2>Videos: So starten Sie mit Ihrem Webrahmen<\/h2>\n<p>Sehen Sie sich unsere Videoanleitungen an: <\/p>\n<ul>\n<li>Aufziehen mit durchgehender Kette f\u00fcr Gobelin<\/li>\n<li>Aufziehen mit durchgehender Kette f\u00fcr Perlenweben<\/li>\n<li>Perlenweben mit und ohne Litzenheber<\/li>\n<\/ul>\n<p>&nbsp;<\/p>\n<p>\u27a1\ufe0f Fragen? Kontaktieren Sie uns \u00fcber unsere <a href=\"https:\/\/mirrix.be\/de\/kontakt\/\" target=\"_blank\" rel=\"noopener\">Kontaktseite<\/a> <\/p>\n","protected":false},"excerpt":{"rendered":"<p>Der <strong>Zeus<\/strong> 38\u2033 von Mirrix ist ein leistungsstarker, robuster Webrahmen f\u00fcr gro\u00dfformatige Arbeiten. Mit einer effektiven Webbreite von 89 cm eignet er sich perfekt f\u00fcr gro\u00dfe Wandteppiche oder mehrere kleinere Projekte nebeneinander. Wie alle Mirrix-Modelle ist er auch f\u00fcr das Perlenweben geeignet.   <\/p>\n<p>Dank seines stabilen Designs bleibt der Rahmen auch bei langen Websessions standfest. \u00dcber die Gewindestangen l\u00e4sst sich die Spannung der Kettf\u00e4den jederzeit exakt einstellen.  Dank des cleveren Designs mit klappbaren Beinen l\u00e4sst es sich dennoch leicht verstauen.<\/p>\n","protected":false},"featured_media":9556,"template":"","meta":[],"product_brand":[],"product_cat":[359,398],"product_tag":[362,360,361],"merk":[],"class_list":{"0":"post-9568","1":"product","2":"type-product","3":"status-publish","4":"has-post-thumbnail","6":"product_cat-mirrix-standwebrahmen-de","7":"product_cat-mirrix-standwebrahmen","8":"product_tag-metiers-a-tapisserie-de","9":"product_tag-mirrix-de","10":"product_tag-zeus-de","12":"first","13":"instock","14":"sale","15":"taxable","16":"shipping-taxable","17":"purchasable","18":"product-type-variable"},"_links":{"self":[{"href":"https:\/\/mirrix.be\/de\/wp-json\/wp\/v2\/product\/9568","targetHints":{"allow":["GET"]}}],"collection":[{"href":"https:\/\/mirrix.be\/de\/wp-json\/wp\/v2\/product"}],"about":[{"href":"https:\/\/mirrix.be\/de\/wp-json\/wp\/v2\/types\/product"}],"wp:featuredmedia":[{"embeddable":true,"href":"https:\/\/mirrix.be\/de\/wp-json\/wp\/v2\/media\/9556"}],"wp:attachment":[{"href":"https:\/\/mirrix.be\/de\/wp-json\/wp\/v2\/media?parent=9568"}],"wp:term":[{"taxonomy":"product_brand","embeddable":true,"href":"https:\/\/mirrix.be\/de\/wp-json\/wp\/v2\/product_brand?post=9568"},{"taxonomy":"product_cat","embeddable":true,"href":"https:\/\/mirrix.be\/de\/wp-json\/wp\/v2\/product_cat?post=9568"},{"taxonomy":"product_tag","embeddable":true,"href":"https:\/\/mirrix.be\/de\/wp-json\/wp\/v2\/product_tag?post=9568"},{"taxonomy":"merk","embeddable":true,"href":"https:\/\/mirrix.be\/de\/wp-json\/wp\/v2\/merk?post=9568"}],"curies":[{"name":"wp","href":"https:\/\/api.w.org\/{rel}","templated":true}]}}