{"id":11540,"date":"2024-06-05T09:44:42","date_gmt":"2024-06-05T07:44:42","guid":{"rendered":"https:\/\/mirrix.be\/?page_id=11540"},"modified":"2025-08-12T19:09:49","modified_gmt":"2025-08-12T17:09:49","slug":"politique-de-cookies","status":"publish","type":"page","link":"https:\/\/mirrix.be\/fr\/politique-de-cookies\/","title":{"rendered":"Politique de cookies"},"content":{"rendered":"\t\t<div data-elementor-type=\"wp-page\" data-elementor-id=\"11540\" class=\"elementor elementor-11540 elementor-314\" data-elementor-post-type=\"page\">\n\t\t\t\t<div class=\"elementor-element elementor-element-739f1534 e-flex e-con-boxed e-con e-parent\" data-id=\"739f1534\" data-element_type=\"container\" data-e-type=\"container\" data-settings=\"{&quot;jet_parallax_layout_list&quot;:[]}\">\n\t\t\t\t\t<div class=\"e-con-inner\">\n\t\t\t\t<div class=\"elementor-element elementor-element-475b35b elementor-widget elementor-widget-heading\" data-id=\"475b35b\" data-element_type=\"widget\" data-e-type=\"widget\" data-widget_type=\"heading.default\">\n\t\t\t\t<div class=\"elementor-widget-container\">\n\t\t\t\t\t<h1 class=\"elementor-heading-title elementor-size-default\">Politique en mati\u00e8re de cookies<\/h1>\t\t\t\t<\/div>\n\t\t\t\t<\/div>\n\t\t\t\t<div class=\"elementor-element elementor-element-14c89aae elementor-widget elementor-widget-shortcode\" data-id=\"14c89aae\" data-element_type=\"widget\" data-e-type=\"widget\" data-widget_type=\"shortcode.default\">\n\t\t\t\t<div class=\"elementor-widget-container\">\n\t\t\t\t\t\t\t<div class=\"elementor-shortcode\">La pr\u00e9sente politique en mati\u00e8re de cookies a \u00e9t\u00e9 mise \u00e0 jour pour la derni\u00e8re fois le 04\/07\/2025 et s'applique aux citoyens et r\u00e9sidents permanents l\u00e9gaux de l'Espace \u00e9conomique europ\u00e9en et de la Suisse.\n1. Introduction\nNotre site, https:\/\/mirrix.be (ci-apr\u00e8s d\u00e9nomm\u00e9 \u00ab le site \u00bb), utilise des cookies et d'autres techniques connexes. (Ci-apr\u00e8s, toutes les techniques sont d\u00e9nomm\u00e9es \u00ab cookies \u00bb pour plus de commodit\u00e9). Des cookies sont \u00e9galement plac\u00e9s par des tiers auxquels nous faisons appel. Dans le document ci-dessous, nous vous informons sur l'utilisation des cookies sur notre site.\n2. Que sont les cookies ?\nUn cookie est un petit fichier simple qui est envoy\u00e9 avec les pages de ce site et stock\u00e9 par votre navigateur sur le disque dur de votre ordinateur ou autre appareil. Les informations qui y sont stock\u00e9es peuvent \u00eatre renvoy\u00e9es \u00e0 nos serveurs ou \u00e0 ceux des tiers concern\u00e9s lors d'une prochaine visite.\n3. Que sont les scripts ?\nUn script est un morceau de code de programme utilis\u00e9 pour assurer le bon fonctionnement de notre site et le rendre interactif. Ce code est ex\u00e9cut\u00e9 sur notre serveur ou sur votre \u00e9quipement.\n4. Qu'est-ce qu'une balise web ?\nUne balise web (\u00e9galement appel\u00e9e pixel invisible) est un petit \u00e9l\u00e9ment de texte ou d'image invisible sur un site qui est utilis\u00e9 pour cartographier le trafic sur un site. Pour ce faire, diff\u00e9rentes donn\u00e9es vous concernant sont enregistr\u00e9es \u00e0 l'aide de balises web.\n5. Cookies\n5.1 Cookies techniques ou fonctionnels\nCertains cookies permettent \u00e0 certaines parties du site web de fonctionner correctement et de conserver vos pr\u00e9f\u00e9rences. En pla\u00e7ant des cookies fonctionnels, nous facilitons votre visite sur notre site web. Ainsi, lorsque vous visitez notre site web, vous n'avez pas \u00e0 saisir plusieurs fois les m\u00eames informations et les articles restent dans votre panier jusqu'\u00e0 ce que vous ayez effectu\u00e9 le paiement. Nous pouvons placer ces cookies sans votre consentement.\n5.2 Cookies statistiques\nNous utilisons des cookies statistiques afin d'optimiser l'exp\u00e9rience de nos utilisateurs. Les cookies statistiques nous permettent de mieux comprendre l'utilisation de notre site. Nous vous demandons votre consentement pour installer des cookies statistiques.\n5.3 Cookies marketing\/de suivi\nLes cookies marketing\/de suivi sont des cookies ou toute autre forme de stockage local utilis\u00e9s pour cr\u00e9er des profils d'utilisateurs dans le but d'afficher des publicit\u00e9s ou de suivre l'utilisateur sur ce site ou sur diff\u00e9rents sites \u00e0 des fins marketing similaires.\n6. Cookies install\u00e9s\nGoogle Fonts\nMarketing\nConsentement au service google-fonts \nGoogle reCAPTCHA\nMarketing, fonctionnel\nConsentement au service google-recaptcha \nComplianz\nFonctionnel\nConsentement au service complianz \nWistia\nStatistiques, marketing\nConsentement au service wistia \nElementor\nStatistiques (anonymes)\nConsentement au service Elementor \nWordPress\nFonctionnel\nConsentement au service WordPress \nWordfence\nFonctionnel\nConsentement au service Wordfence \nBurst Statistics\nStatistiques (anonymes)\nConsentement au service Burst Statistics \nDivers\nObjectif en cours d'examen\nConsentement au service divers \n7. Consentement\nLorsque vous visitez notre site pour la premi\u00e8re fois, nous affichons une fen\u00eatre contextuelle expliquant les cookies. En cliquant sur \u00ab Enregistrer les pr\u00e9f\u00e9rences \u00bb, vous nous autorisez \u00e0 utiliser les cat\u00e9gories de cookies et les plug-ins que vous avez s\u00e9lectionn\u00e9s dans la fen\u00eatre contextuelle et qui sont d\u00e9crits dans la politique en mati\u00e8re de cookies. Vous pouvez d\u00e9sactiver l'installation de cookies via votre navigateur, mais vous devez alors tenir compte du fait que notre site risque de ne plus fonctionner de mani\u00e8re optimale.\n7.1 G\u00e9rer votre consentement aux cookies\nFonctionnel Toujours actif \nPr\u00e9f\u00e9rences Pr\u00e9f\u00e9rences \nStatistiques Statistiques \nMarketing Marketing \n8. Activer\/d\u00e9sactiver et supprimer les cookies\nVous pouvez supprimer les cookies automatiquement ou manuellement via votre navigateur Internet. Vous pouvez \u00e9galement indiquer que certains cookies ne peuvent pas \u00eatre plac\u00e9s. Une autre possibilit\u00e9 consiste \u00e0 configurer votre navigateur Internet de mani\u00e8re \u00e0 recevoir un message lorsqu'un cookie est plac\u00e9. Vous trouverez plus d'informations sur ces possibilit\u00e9s dans les instructions de la fonction d'aide de votre navigateur.\nAttention : notre site peut ne pas fonctionner de mani\u00e8re optimale si tous les cookies sont d\u00e9sactiv\u00e9s. Si vous supprimez les cookies de votre navigateur, ils seront \u00e0 nouveau plac\u00e9s apr\u00e8s votre accord lors d'une nouvelle visite sur notre site.\n9. Vos droits en mati\u00e8re de donn\u00e9es \u00e0 caract\u00e8re personnel\nVous disposez des droits suivants en mati\u00e8re de donn\u00e9es \u00e0 caract\u00e8re personnel :\n\u2022 Vous avez le droit de savoir pourquoi vos donn\u00e9es \u00e0 caract\u00e8re personnel sont n\u00e9cessaires, ce qu'il en advient et combien de temps elles sont conserv\u00e9es.\n\u2022 Droit d'acc\u00e8s : vous pouvez demander \u00e0 consulter les donn\u00e9es que nous traitons \u00e0 votre sujet.\n\u2022 Droit de rectification et de compl\u00e9ment : vous avez le droit de compl\u00e9ter, corriger, supprimer ou bloquer vos donn\u00e9es personnelles quand vous le souhaitez.\n\u2022 Si vous nous autorisez \u00e0 traiter vos donn\u00e9es, vous avez le droit de retirer cette autorisation et de faire supprimer vos donn\u00e9es personnelles.\n\u2022 Droit \u00e0 la portabilit\u00e9 des donn\u00e9es : vous avez le droit de demander toutes vos donn\u00e9es personnelles.\n10. Coordonn\u00e9es\nPour toute question et\/ou remarque concernant notre politique en mati\u00e8re de cookies et la pr\u00e9sente d\u00e9claration, vous pouvez nous contacter aux coordonn\u00e9es suivantes :\nWeefweelde\nMeerbos 18, 9260 Wichelen\nBelgique\nSite web : https:\/\/mirrix.be\nE-mail : info@mirrix.eu\nCette politique en mati\u00e8re de cookies a \u00e9t\u00e9 synchronis\u00e9e avec cookiedatabase.org le 06\/08\/2025.\n<\/div>\n\t\t\t\t\t\t<\/div>\n\t\t\t\t<\/div>\n\t\t\t\t\t<\/div>\n\t\t\t\t<\/div>\n\t\t\t\t<\/div>\n\t\t","protected":false},"excerpt":{"rendered":"<p>Politique en mati\u00e8re de cookies La pr\u00e9sente politique en mati\u00e8re de cookies a \u00e9t\u00e9 mise \u00e0 jour pour la derni\u00e8re fois le 04\/07\/2025 et s&rsquo;applique aux citoyens et r\u00e9sidents permanents l\u00e9gaux de l&rsquo;Espace \u00e9conomique europ\u00e9en et de la Suisse. 1. Introduction Notre site, https:\/\/mirrix.be (ci-apr\u00e8s d\u00e9nomm\u00e9 \u00ab le site \u00bb), utilise des cookies et d&rsquo;autres [&hellip;]<\/p>\n","protected":false},"author":2,"featured_media":0,"parent":0,"menu_order":0,"comment_status":"closed","ping_status":"closed","template":"","meta":{"footnotes":""},"class_list":["post-11540","page","type-page","status-publish","hentry"],"_links":{"self":[{"href":"https:\/\/mirrix.be\/fr\/wp-json\/wp\/v2\/pages\/11540","targetHints":{"allow":["GET"]}}],"collection":[{"href":"https:\/\/mirrix.be\/fr\/wp-json\/wp\/v2\/pages"}],"about":[{"href":"https:\/\/mirrix.be\/fr\/wp-json\/wp\/v2\/types\/page"}],"author":[{"embeddable":true,"href":"https:\/\/mirrix.be\/fr\/wp-json\/wp\/v2\/users\/2"}],"replies":[{"embeddable":true,"href":"https:\/\/mirrix.be\/fr\/wp-json\/wp\/v2\/comments?post=11540"}],"version-history":[{"count":0,"href":"https:\/\/mirrix.be\/fr\/wp-json\/wp\/v2\/pages\/11540\/revisions"}],"wp:attachment":[{"href":"https:\/\/mirrix.be\/fr\/wp-json\/wp\/v2\/media?parent=11540"}],"curies":[{"name":"wp","href":"https:\/\/api.w.org\/{rel}","templated":true}]}}