{"id":11573,"date":"2024-09-17T14:09:51","date_gmt":"2024-09-17T12:09:51","guid":{"rendered":"https:\/\/mirrix.be\/?page_id=11573"},"modified":"2025-08-13T10:58:24","modified_gmt":"2025-08-13T08:58:24","slug":"politique-de-retour","status":"publish","type":"page","link":"https:\/\/mirrix.be\/fr\/politique-de-retour\/","title":{"rendered":"Politique de retour"},"content":{"rendered":"\t\t<div data-elementor-type=\"wp-page\" data-elementor-id=\"11573\" class=\"elementor elementor-11573 elementor-5032\" data-elementor-post-type=\"page\">\n\t\t\t\t<div class=\"elementor-element elementor-element-d92fbd6 e-flex e-con-boxed e-con e-parent\" data-id=\"d92fbd6\" data-element_type=\"container\" data-e-type=\"container\" data-settings=\"{&quot;jet_parallax_layout_list&quot;:[]}\">\n\t\t\t\t\t<div class=\"e-con-inner\">\n\t\t<div class=\"elementor-element elementor-element-6bacb33 e-con-full e-flex e-con e-child\" data-id=\"6bacb33\" data-element_type=\"container\" data-e-type=\"container\" data-settings=\"{&quot;jet_parallax_layout_list&quot;:[]}\">\n\t\t\t\t<div class=\"elementor-element elementor-element-1d580b1 elementor-widget elementor-widget-heading\" data-id=\"1d580b1\" data-element_type=\"widget\" data-e-type=\"widget\" data-widget_type=\"heading.default\">\n\t\t\t\t<div class=\"elementor-widget-container\">\n\t\t\t\t\t<h1 class=\"elementor-heading-title elementor-size-default\">Droit de r\u00e9tractation<\/h1>\t\t\t\t<\/div>\n\t\t\t\t<\/div>\n\t\t\t\t<div class=\"elementor-element elementor-element-3a3f728 elementor-widget elementor-widget-text-editor\" data-id=\"3a3f728\" data-element_type=\"widget\" data-e-type=\"widget\" data-widget_type=\"text-editor.default\">\n\t\t\t\t<div class=\"elementor-widget-container\">\n\t\t\t\t\t\t\t\t\t<p>Les dispositions du pr\u00e9sent article s&rsquo;appliquent uniquement aux Clients qui, en leur qualit\u00e9 de consommateurs, ach\u00e8tent des articles en ligne aupr\u00e8s de Marka BV.<\/p><p>Le Client a le droit de se r\u00e9tracter du contrat dans un d\u00e9lai de 14 jours calendaires sans avoir \u00e0 motiver sa d\u00e9cision.<\/p><p>Le d\u00e9lai de r\u00e9tractation expire 14 jours calendaires apr\u00e8s le jour o\u00f9 le Client ou un tiers d\u00e9sign\u00e9 par le Client, qui n&rsquo;est pas le transporteur, prend physiquement possession du bien. Si l&rsquo;exp\u00e9dition de la commande totale s&rsquo;effectue en plusieurs livraisons, la date de r\u00e9ception de l&rsquo;article sp\u00e9cifique s&rsquo;applique et non la totalit\u00e9 de la commande.<\/p><p>Pour les contrats portant sur la livraison r\u00e9guli\u00e8re de marchandises pendant une p\u00e9riode d\u00e9termin\u00e9e, la date \u00e0 laquelle le Client ou un tiers d\u00e9sign\u00e9 par le Client, qui n&rsquo;est pas le transporteur, prend physiquement possession du premier bien est prise en compte.<\/p><p>Pour exercer son droit de r\u00e9tractation, le Client doit informer Marka BV, Meerbos 18, 9260 Wichelen, Belgique, de sa d\u00e9cision de se r\u00e9tracter du contrat par une d\u00e9claration \u00e9crite sans \u00e9quivoque envoy\u00e9e par courrier recommand\u00e9 ou par e-mail avec l&rsquo;option \u00ab confirmation de livraison \u00bb. Si cela se fait par e-mail, le Client doit conserver la preuve d&rsquo;envoi afin de pouvoir la pr\u00e9senter \u00e0 la demande expresse de Marka BV. Le Client peut utiliser \u00e0 cet effet un formulaire type de r\u00e9tractation qui peut \u00eatre obtenu sur simple demande aupr\u00e8s de Marka BV, mais il n&rsquo;y est pas oblig\u00e9.<\/p><p>Afin de respecter le d\u00e9lai de r\u00e9tractation, le Client doit envoyer sa notification concernant l&rsquo;exercice de son droit de r\u00e9tractation avant l&rsquo;expiration du d\u00e9lai de r\u00e9tractation.<\/p><p>Le Client doit renvoyer ou remettre les marchandises \u00e0 Marka BV sans d\u00e9lai, et en tout \u00e9tat de cause au plus tard 14 jours calendaires apr\u00e8s la date \u00e0 laquelle il a communiqu\u00e9 sa d\u00e9cision de r\u00e9tractation \u00e0 Marka BV. Le Client est dans les d\u00e9lais s&rsquo;il renvoie les marchandises avant l&rsquo;expiration du d\u00e9lai de 14 jours calendaires.<\/p><p>Les frais directs de renvoi des marchandises sont \u00e0 la charge du Client.<\/p><p>Le Client est pri\u00e9 de renvoyer les articles dans leur \u00e9tat et leur emballage d&rsquo;origine, avec tous les accessoires fournis et les modes d&#8217;emploi. Si le produit retourn\u00e9 a subi une perte de valeur de quelque mani\u00e8re que ce soit, Marka BV se r\u00e9serve le droit de tenir le Client responsable et d&rsquo;exiger une indemnisation pour toute perte de valeur des marchandises r\u00e9sultant d&rsquo;une utilisation des marchandises par le Client qui va au-del\u00e0 de ce qui est n\u00e9cessaire pour d\u00e9terminer la nature, les caract\u00e9ristiques et le fonctionnement des marchandises.<\/p><p>Tous les articles retourn\u00e9s sont examin\u00e9s attentivement. Le principe de base est que le consommateur ne peut inspecter l&rsquo;article que comme il le ferait dans un magasin. Les articles retourn\u00e9s ne doivent pas avoir \u00e9t\u00e9 utilis\u00e9s. Si un article a subi une d\u00e9pr\u00e9ciation en raison de son utilisation par le client, celle-ci sera factur\u00e9e au client.<\/p><p>Si le client r\u00e9silie le contrat, Marka BV remboursera au client tous les paiements re\u00e7us de celui-ci jusqu&rsquo;\u00e0 ce moment-l\u00e0, y compris les frais de livraison standard, au plus tard 14 jours apr\u00e8s avoir r\u00e9cup\u00e9r\u00e9 tous les articles, ou jusqu&rsquo;\u00e0 ce que le client ait d\u00e9montr\u00e9 qu&rsquo;il a renvoy\u00e9 les articles, selon la premi\u00e8re \u00e9ventualit\u00e9.<\/p><p>Les frais suppl\u00e9mentaires \u00e9ventuels r\u00e9sultant du choix par le Client d&rsquo;un mode de livraison autre que la livraison standard la moins ch\u00e8re propos\u00e9e par Marka BV ne seront pas rembours\u00e9s.<\/p><div id=\"ConnectiveDocSignExtentionInstalled\" data-extension-version=\"1.0.4\">\u00a0<\/div>\t\t\t\t\t\t\t\t<\/div>\n\t\t\t\t<\/div>\n\t\t\t\t<\/div>\n\t\t\t\t\t<\/div>\n\t\t\t\t<\/div>\n\t\t\t\t<\/div>\n\t\t","protected":false},"excerpt":{"rendered":"<p>Droit de r\u00e9tractation Les dispositions du pr\u00e9sent article s&rsquo;appliquent uniquement aux Clients qui, en leur qualit\u00e9 de consommateurs, ach\u00e8tent des articles en ligne aupr\u00e8s de Marka BV. Le Client a le droit de se r\u00e9tracter du contrat dans un d\u00e9lai de 14 jours calendaires sans avoir \u00e0 motiver sa d\u00e9cision. Le d\u00e9lai de r\u00e9tractation expire [&hellip;]<\/p>\n","protected":false},"author":2,"featured_media":0,"parent":0,"menu_order":0,"comment_status":"closed","ping_status":"closed","template":"","meta":{"footnotes":""},"class_list":["post-11573","page","type-page","status-publish","hentry"],"_links":{"self":[{"href":"https:\/\/mirrix.be\/fr\/wp-json\/wp\/v2\/pages\/11573","targetHints":{"allow":["GET"]}}],"collection":[{"href":"https:\/\/mirrix.be\/fr\/wp-json\/wp\/v2\/pages"}],"about":[{"href":"https:\/\/mirrix.be\/fr\/wp-json\/wp\/v2\/types\/page"}],"author":[{"embeddable":true,"href":"https:\/\/mirrix.be\/fr\/wp-json\/wp\/v2\/users\/2"}],"replies":[{"embeddable":true,"href":"https:\/\/mirrix.be\/fr\/wp-json\/wp\/v2\/comments?post=11573"}],"version-history":[{"count":0,"href":"https:\/\/mirrix.be\/fr\/wp-json\/wp\/v2\/pages\/11573\/revisions"}],"wp:attachment":[{"href":"https:\/\/mirrix.be\/fr\/wp-json\/wp\/v2\/media?parent=11573"}],"curies":[{"name":"wp","href":"https:\/\/api.w.org\/{rel}","templated":true}]}}