{"id":12231,"date":"2024-08-07T12:54:04","date_gmt":"2024-08-07T10:54:04","guid":{"rendered":"https:\/\/mirrix.be\/contact\/"},"modified":"2025-08-30T21:01:10","modified_gmt":"2025-08-30T19:01:10","slug":"contact","status":"publish","type":"page","link":"https:\/\/mirrix.be\/fr\/contact\/","title":{"rendered":"Contact"},"content":{"rendered":"<h1>Contact<\/h1>\n<p data-sourcepos=\"11:1-11:155\"><strong>Avez-vous des questions ? N&rsquo;h\u00e9sitez pas \u00e0 nous contacter. <\/strong><\/p>\n<p data-sourcepos=\"11:1-11:155\">Nous sommes impatients de vous aider et vous accueillir dans le merveilleux monde du tissage et tapisserie.<\/p>\n<p>Souhaitez-vous que nous vous contactions par t\u00e9l\u00e9phone ?<\/p>\n<p>&#8211;&gt; envoyez nous votre num\u00e9ro de t\u00e9l\u00e9phone et nous vous appellerons.<\/p>\n<p>&nbsp;<\/p>\n<p>Marka BV, Meerbos 18, 9260 Wichelen, Belgique<\/p>\n<p>BE 0662.681.729<\/p>\n<p>IBAN: BE46 6451 0455 6436\u00a0 | BIC: JVBABE22XXX<\/p>\n<p><iframe title=\"Weefweelde, Meerbos 18, 9260 Wichelen, Belgique\" src=\"https:\/\/maps.google.com\/maps?q=Weefweelde%2C%20Meerbos%2018%2C%209260%20wichelen%2C%20Belgium&amp;t=m&amp;z=15&amp;output=embed&amp;iwloc=near\" aria-label=\"Weefweelde, Meerbos 18, 9260 wichelen, Belgium\"><\/iframe><\/p>\n","protected":false},"excerpt":{"rendered":"<p>Contact Avez-vous des questions ? N&rsquo;h\u00e9sitez pas \u00e0 nous contacter. Nous sommes impatients de vous aider et vous accueillir dans le merveilleux monde du tissage et tapisserie. Souhaitez-vous que nous vous contactions par t\u00e9l\u00e9phone ? &#8211;&gt; envoyez nous votre num\u00e9ro de t\u00e9l\u00e9phone et nous vous appellerons. &nbsp; Marka BV, Meerbos 18, 9260 Wichelen, Belgique BE [&hellip;]<\/p>\n","protected":false},"author":1,"featured_media":0,"parent":0,"menu_order":0,"comment_status":"closed","ping_status":"closed","template":"","meta":{"footnotes":""},"class_list":["post-12231","page","type-page","status-publish","hentry"],"_links":{"self":[{"href":"https:\/\/mirrix.be\/fr\/wp-json\/wp\/v2\/pages\/12231","targetHints":{"allow":["GET"]}}],"collection":[{"href":"https:\/\/mirrix.be\/fr\/wp-json\/wp\/v2\/pages"}],"about":[{"href":"https:\/\/mirrix.be\/fr\/wp-json\/wp\/v2\/types\/page"}],"author":[{"embeddable":true,"href":"https:\/\/mirrix.be\/fr\/wp-json\/wp\/v2\/users\/1"}],"replies":[{"embeddable":true,"href":"https:\/\/mirrix.be\/fr\/wp-json\/wp\/v2\/comments?post=12231"}],"version-history":[{"count":0,"href":"https:\/\/mirrix.be\/fr\/wp-json\/wp\/v2\/pages\/12231\/revisions"}],"wp:attachment":[{"href":"https:\/\/mirrix.be\/fr\/wp-json\/wp\/v2\/media?parent=12231"}],"curies":[{"name":"wp","href":"https:\/\/api.w.org\/{rel}","templated":true}]}}