{"id":12983,"date":"2024-06-04T09:30:59","date_gmt":"2024-06-04T07:30:59","guid":{"rendered":"https:\/\/mirrix.be\/confidentialite-2\/"},"modified":"2025-08-31T20:46:21","modified_gmt":"2025-08-31T18:46:21","slug":"confidentialite-2","status":"publish","type":"page","link":"https:\/\/mirrix.be\/fr\/confidentialite-2\/","title":{"rendered":"Confidentialit\u00e9"},"content":{"rendered":"\t\t<div data-elementor-type=\"wp-page\" data-elementor-id=\"12983\" class=\"elementor elementor-12983 elementor-3\" data-elementor-post-type=\"page\">\n\t\t\t\t<div class=\"elementor-element elementor-element-2132d0d e-flex e-con-boxed e-con e-parent\" data-id=\"2132d0d\" data-element_type=\"container\" data-e-type=\"container\" data-settings=\"{&quot;jet_parallax_layout_list&quot;:[]}\">\n\t\t\t\t\t<div class=\"e-con-inner\">\n\t\t<div class=\"elementor-element elementor-element-41a228d e-con-full e-flex e-con e-child\" data-id=\"41a228d\" data-element_type=\"container\" data-e-type=\"container\" data-settings=\"{&quot;jet_parallax_layout_list&quot;:[]}\">\n\t\t\t\t<div class=\"elementor-element elementor-element-a139fe0 elementor-widget elementor-widget-heading\" data-id=\"a139fe0\" data-element_type=\"widget\" data-e-type=\"widget\" data-widget_type=\"heading.default\">\n\t\t\t\t<div class=\"elementor-widget-container\">\n\t\t\t\t\t<h1 class=\"elementor-heading-title elementor-size-default\">Confidentialit\u00e9<\/h1>\t\t\t\t<\/div>\n\t\t\t\t<\/div>\n\t\t\t\t<div class=\"elementor-element elementor-element-c22e65f elementor-widget elementor-widget-text-editor\" data-id=\"c22e65f\" data-element_type=\"widget\" data-e-type=\"widget\" data-widget_type=\"text-editor.default\">\n\t\t\t\t<div class=\"elementor-widget-container\">\n\t\t\t\t\t\t\t\t\t<p>Ce site web est propri\u00e9t\u00e9 de Marka BV (<strong>Mirrix UE<\/strong>). En acc\u00e9dant \u00e0 et en utilisant le site web, vous d\u00e9clarez express\u00e9ment d&rsquo;accepter les suivantes conditions g\u00e9n\u00e9rales g\u00e9n\u00e9rales. <\/p><p><strong>Adresse: <\/strong><span class=\"cmplz-contact-address\">Meerbos 18, 9260 wichelen, Belgique<\/span><br><strong>E-mail: <\/strong>info@mirrix.eu<br><strong>TAV:<\/strong>BE0662 681 729<\/p>\t\t\t\t\t\t\t\t<\/div>\n\t\t\t\t<\/div>\n\t\t\t\t<div class=\"elementor-element elementor-element-523e85e elementor-widget elementor-widget-heading\" data-id=\"523e85e\" data-element_type=\"widget\" data-e-type=\"widget\" data-widget_type=\"heading.default\">\n\t\t\t\t<div class=\"elementor-widget-container\">\n\t\t\t\t\t<h4 class=\"elementor-heading-title elementor-size-default\">Donn\u00e9es \u00e0 caract\u00e8re personnel que nous traitons<\/h4>\t\t\t\t<\/div>\n\t\t\t\t<\/div>\n\t\t\t\t<div class=\"elementor-element elementor-element-4869ad3 elementor-widget elementor-widget-text-editor\" data-id=\"4869ad3\" data-element_type=\"widget\" data-e-type=\"widget\" data-widget_type=\"text-editor.default\">\n\t\t\t\t<div class=\"elementor-widget-container\">\n\t\t\t\t\t\t\t\t\t<p>Mirrix UE traite vos donn\u00e9es personnelles lorsque vous utilisez nos services et\/ou lorsque vous nous fournissez donn\u00e9es vous-m\u00eame \u00e0 nous fournissez.<\/p><p>Ci-dessous vous trouverez un aper\u00e7u des donn\u00e9es \u00e0 caract\u00e8re personnel que nous traitons :<\/p><ul><li>Pr\u00e9nom et nom<\/li><li>Adresse e-mail<\/li><li>T\u00e9l\u00e9phone num\u00e9ro<\/li><li>Nom de l&rsquo;entreprise, adresse coordonn\u00e9es entreprise, num\u00e9ro de TVA<\/li><li>Navigateur Internet et type d&rsquo;appareil<\/li><\/ul>\t\t\t\t\t\t\t\t<\/div>\n\t\t\t\t<\/div>\n\t\t\t\t<div class=\"elementor-element elementor-element-187ab1f elementor-widget elementor-widget-heading\" data-id=\"187ab1f\" data-element_type=\"widget\" data-e-type=\"widget\" data-widget_type=\"heading.default\">\n\t\t\t\t<div class=\"elementor-widget-container\">\n\t\t\t\t\t<h4 class=\"elementor-heading-title elementor-size-default\">Particuli\u00e8res et\/ou sensibles donn\u00e9es \u00e0 caract\u00e8re personnel que nous traitons<\/h4>\t\t\t\t<\/div>\n\t\t\t\t<\/div>\n\t\t\t\t<div class=\"elementor-element elementor-element-058b661 elementor-widget elementor-widget-text-editor\" data-id=\"058b661\" data-element_type=\"widget\" data-e-type=\"widget\" data-widget_type=\"text-editor.default\">\n\t\t\t\t<div class=\"elementor-widget-container\">\n\t\t\t\t\t\t\t\t\t<p>Notre site web et\/ou service n&rsquo;a pas l&rsquo;intention de collecter des donn\u00e9es sur les visiteurs du site web \u00e2g\u00e9s de moins de 16 ans. Sauf si ils ont l&rsquo;autorisation de leurs parents ou tuteur. Nous ne pouvons toutefois pas v\u00e9rifier si un visiteur \u00e2g\u00e9 de plus de 16 ans. Nous recommandons aux parents de s&rsquo;impliquer dans les activit\u00e9s en ligne de leurs enfants, afin d&rsquo; \u00e9viter ainsi que il donn\u00e9es sur les enfants soient collect\u00e9es sans le consentement parental. Si vous en \u00eates convaincu que nous sans cette autorisation personnelles donn\u00e9es avons collect\u00e9es sur un mineur, contactez-nous \u00e0 l&rsquo;adresse <a href=\"mailto:info@mirrix.eu\">info@mirrix.eu<\/a>, et nous supprimerons ces informations.    <\/p>\t\t\t\t\t\t\t\t<\/div>\n\t\t\t\t<\/div>\n\t\t\t\t<div class=\"elementor-element elementor-element-55a57f3 elementor-widget elementor-widget-heading\" data-id=\"55a57f3\" data-element_type=\"widget\" data-e-type=\"widget\" data-widget_type=\"heading.default\">\n\t\t\t\t<div class=\"elementor-widget-container\">\n\t\t\t\t\t<h4 class=\"elementor-heading-title elementor-size-default\">Dans quel but et sur la base de quel fondement nous traitons les donn\u00e9es \u00e0 caract\u00e8re personnel ?<\/h4>\t\t\t\t<\/div>\n\t\t\t\t<\/div>\n\t\t\t\t<div class=\"elementor-element elementor-element-f839d98 elementor-widget elementor-widget-text-editor\" data-id=\"f839d98\" data-element_type=\"widget\" data-e-type=\"widget\" data-widget_type=\"text-editor.default\">\n\t\t\t\t<div class=\"elementor-widget-container\">\n\t\t\t\t\t\t\t\t\t<ul><li>Mirrix UE traite vos donn\u00e9es \u00e0 caract\u00e8re personnel aux fins suivantes :<\/li><li>Envoi de notre newsletter et\/ou brochure publicitaire<\/li><li>Vous pouvez nous appeler ou nous envoyer un e-mail si cela est n\u00e9cessaire afin de pouvoir fournir nos services<\/li><li>Vous informer sur les modifications apport\u00e9es \u00e0 nos services et produits<\/li><li>Pour marchandises et services chez vous livrer livrer<\/li><li>Mirrix UE analyse votre comportement sur le site web afin d&rsquo; l&rsquo;utiliser pour am\u00e9liorer le site web et l&rsquo;offre de produits et services en fonction de vos pr\u00e9f\u00e9rences.<\/li><\/ul><p>Vous n&rsquo;\u00eates pas tenu \u00e0 communiquer vos donn\u00e9es personnelles librement, mais il est logique que la fourniture de certains services impossible lorsque tu refuses le traitement des donn\u00e9es.<\/p>\t\t\t\t\t\t\t\t<\/div>\n\t\t\t\t<\/div>\n\t\t\t\t<div class=\"elementor-element elementor-element-d1b4df9 elementor-widget elementor-widget-heading\" data-id=\"d1b4df9\" data-element_type=\"widget\" data-e-type=\"widget\" data-widget_type=\"heading.default\">\n\t\t\t\t<div class=\"elementor-widget-container\">\n\t\t\t\t\t<h4 class=\"elementor-heading-title elementor-size-default\">Combien de temps conservons-nous les donn\u00e9es \u00e0 caract\u00e8re personnel ?<\/h4>\t\t\t\t<\/div>\n\t\t\t\t<\/div>\n\t\t\t\t<div class=\"elementor-element elementor-element-2d5879a elementor-widget elementor-widget-text-editor\" data-id=\"2d5879a\" data-element_type=\"widget\" data-e-type=\"widget\" data-widget_type=\"text-editor.default\">\n\t\t\t\t<div class=\"elementor-widget-container\">\n\t\t\t\t\t\t\t\t\t<p>Mirrix UE conserve vos donn\u00e9es personnelles pas plus longtemps que strictement n\u00e9cessaire pour pour atteindre les objectifs pour lesquels vos donn\u00e9es sont collect\u00e9es. Nous appliquons les suivantes dur\u00e9es de conservation pour les suivantes (cat\u00e9gories) de donn\u00e9es \u00e0 caract\u00e8re personnel : <\/p><ul><li>Tant que vous \u00eates client chez Weefweelde vos donn\u00e9es seront conserv\u00e9es.<\/li><li>Si vous n&rsquo;\u00eates plus client de, les donn\u00e9es personnelles sont supprim\u00e9es dans les 3 mois, \u00e0 l&rsquo;exception des donn\u00e9es que Weefweelde est l\u00e9galement tenue de conserver, telles que par exemple les factures et les documents comptables documents.<\/li><li>Dans le cas d&rsquo;un prospect, les donn\u00e9es \u00e0 caract\u00e8re personnel sont supprim\u00e9es 3 mois apr\u00e8s le dernier contact.<\/li><\/ul>\t\t\t\t\t\t\t\t<\/div>\n\t\t\t\t<\/div>\n\t\t\t\t<div class=\"elementor-element elementor-element-3d387b6 elementor-widget elementor-widget-heading\" data-id=\"3d387b6\" data-element_type=\"widget\" data-e-type=\"widget\" data-widget_type=\"heading.default\">\n\t\t\t\t<div class=\"elementor-widget-container\">\n\t\t\t\t\t<h4 class=\"elementor-heading-title elementor-size-default\">Partage de donn\u00e9es \u00e0 caract\u00e8re personnel avec des tiers<\/h4>\t\t\t\t<\/div>\n\t\t\t\t<\/div>\n\t\t\t\t<div class=\"elementor-element elementor-element-6f1d6d9 elementor-widget elementor-widget-text-editor\" data-id=\"6f1d6d9\" data-element_type=\"widget\" data-e-type=\"widget\" data-widget_type=\"text-editor.default\">\n\t\t\t\t<div class=\"elementor-widget-container\">\n\t\t\t\t\t\t\t\t\t<p>Mirrix UE fournit exclusivement des donn\u00e9es \u00e0 des tiers et uniquement si cela est n\u00e9cessaire pour l&rsquo;ex\u00e9cution de notre accord avec vous ou pour respecter une obligation l\u00e9gale .<\/p>\t\t\t\t\t\t\t\t<\/div>\n\t\t\t\t<\/div>\n\t\t\t\t<div class=\"elementor-element elementor-element-faf0358 elementor-widget elementor-widget-heading\" data-id=\"faf0358\" data-element_type=\"widget\" data-e-type=\"widget\" data-widget_type=\"heading.default\">\n\t\t\t\t<div class=\"elementor-widget-container\">\n\t\t\t\t\t<h4 class=\"elementor-heading-title elementor-size-default\">Donn\u00e9es consulter, modifier ou supprimer<\/h4>\t\t\t\t<\/div>\n\t\t\t\t<\/div>\n\t\t\t\t<div class=\"elementor-element elementor-element-f6572e7 elementor-widget elementor-widget-text-editor\" data-id=\"f6572e7\" data-element_type=\"widget\" data-e-type=\"widget\" data-widget_type=\"text-editor.default\">\n\t\t\t\t<div class=\"elementor-widget-container\">\n\t\t\t\t\t\t\t\t\t<p>Vous avez le droit de consulter, corriger ou supprimer vos donn\u00e9es personnelles. En outre vous avez le droit de retirer votre \u00e9ventuel consentement au traitement des donn\u00e9es ou de faire valoir votre opposition au traitement de vos donn\u00e9es \u00e0 caract\u00e8re personnel par Mirrix UE et vous avez le droit \u00e0 la portabilit\u00e9 des donn\u00e9es. Cela signifie que vous pouvez nous faire parvenir une demande afin d&rsquo;obtenir les donn\u00e9es \u00e0 caract\u00e8re personnel que nous d\u00e9tenons \u00e0 vous ou une autre personne.  <\/p><p>Vous pouvez une demande d&rsquo;acc\u00e8s, de rectification, de suppression, transfert de vos donn\u00e9es \u00e0 caract\u00e8re personnel ou demande de retrait de votre consentement ou objection au traitement de vos donn\u00e9es personnelles envoyer \u00e0 <a href=\"mailto:info@mirrix.eu\">info@mirrix.eu<\/a>.<\/p><p>Pour \u00eatre certain que la demande d&rsquo;acc\u00e8s par consultation par vous est effectu\u00e9e, nous vous demandons une copie de votre pi\u00e8ce d&rsquo;identit\u00e9 soit par e-mail \u00e0 l&rsquo;adresse <a href=\"mailto:info@weefweelde.be\">info@mirrix.eu<\/a>, par courrier postal \u00e0 l&rsquo;adresse suivante Meerbos 18, 9260 Wichelen, Belgique, en joignant une copie de votre carte d&rsquo;identit\u00e9. Nous r\u00e9pondrons aussi rapidement que possible, dans un d\u00e9lai de quatre semaines, \u00e0 la suite de votre demande. <\/p><p>Mirrix UE souhaite \u00e9galement attirer votre attention sur le fait que vous avez la possibilit\u00e9 de d\u00e9poser une plainte aupr\u00e8s de la Commission belge de la protection de la vie priv\u00e9e : Commission pour la protection de la vie priv\u00e9e et des libert\u00e9s li\u00e9es au traitement des donn\u00e9es \u00e0 caract\u00e8re personnel, rue de la Presse 35, 1000 Bruxelles, T\u00e9l. +32 (0)2 274 48 00, Fax +32 (0)2 274 48 35, e-mail : <a href=\"mailto:commission@privacycommission.be\">commission@privacycommission.be.<\/a><\/p>\t\t\t\t\t\t\t\t<\/div>\n\t\t\t\t<\/div>\n\t\t\t\t<div class=\"elementor-element elementor-element-f894ef0 elementor-widget elementor-widget-heading\" data-id=\"f894ef0\" data-element_type=\"widget\" data-e-type=\"widget\" data-widget_type=\"heading.default\">\n\t\t\t\t<div class=\"elementor-widget-container\">\n\t\t\t\t\t<h4 class=\"elementor-heading-title elementor-size-default\">Comment nous prot\u00e9geons les donn\u00e9es \u00e0 caract\u00e8re personnel<\/h4>\t\t\t\t<\/div>\n\t\t\t\t<\/div>\n\t\t\t\t<div class=\"elementor-element elementor-element-653ba67 elementor-widget elementor-widget-text-editor\" data-id=\"653ba67\" data-element_type=\"widget\" data-e-type=\"widget\" data-widget_type=\"text-editor.default\">\n\t\t\t\t<div class=\"elementor-widget-container\">\n\t\t\t\t\t\t\t\t\t<p>Mirrix UE prend la protection de vos donn\u00e9es au s\u00e9rieux et prend les mesures appropri\u00e9es pour \u00e9viter un abus, perte, acc\u00e8s non autoris\u00e9, ind\u00e9sirable divulgation et non autoris\u00e9e modification contre \u00e0 aller. Si vous avez l&rsquo;id\u00e9e que vos donn\u00e9es ne sont tout de m\u00eame pas bien s\u00e9curis\u00e9es ou qu&rsquo;il y a des indices d&rsquo;abus il existe des indices d&rsquo;utilisation abusive, veuillez nous contacter \u00e0 l&rsquo;adresse <a href=\"mailto:info@mirrix.eu\">info@mirrix.eu<\/a>. <\/p><p><em>Derni\u00e8re modification le 5 juin 2024. <\/em><\/p>\t\t\t\t\t\t\t\t<\/div>\n\t\t\t\t<\/div>\n\t\t\t\t<\/div>\n\t\t\t\t\t<\/div>\n\t\t\t\t<\/div>\n\t\t\t\t<\/div>\n\t\t","protected":false},"excerpt":{"rendered":"<p>Confidentialit\u00e9 Ce site web est propri\u00e9t\u00e9 de Marka BV (Mirrix UE). En acc\u00e9dant \u00e0 et en utilisant le site web, vous d\u00e9clarez express\u00e9ment d&rsquo;accepter les suivantes conditions g\u00e9n\u00e9rales g\u00e9n\u00e9rales. Adresse: Meerbos 18, 9260 wichelen, BelgiqueE-mail: info@mirrix.euTAV:BE0662 681 729 Donn\u00e9es \u00e0 caract\u00e8re personnel que nous traitons Mirrix UE traite vos donn\u00e9es personnelles lorsque vous utilisez nos [&hellip;]<\/p>\n","protected":false},"author":1,"featured_media":0,"parent":0,"menu_order":0,"comment_status":"closed","ping_status":"closed","template":"","meta":{"footnotes":""},"class_list":["post-12983","page","type-page","status-publish","hentry"],"_links":{"self":[{"href":"https:\/\/mirrix.be\/fr\/wp-json\/wp\/v2\/pages\/12983","targetHints":{"allow":["GET"]}}],"collection":[{"href":"https:\/\/mirrix.be\/fr\/wp-json\/wp\/v2\/pages"}],"about":[{"href":"https:\/\/mirrix.be\/fr\/wp-json\/wp\/v2\/types\/page"}],"author":[{"embeddable":true,"href":"https:\/\/mirrix.be\/fr\/wp-json\/wp\/v2\/users\/1"}],"replies":[{"embeddable":true,"href":"https:\/\/mirrix.be\/fr\/wp-json\/wp\/v2\/comments?post=12983"}],"version-history":[{"count":0,"href":"https:\/\/mirrix.be\/fr\/wp-json\/wp\/v2\/pages\/12983\/revisions"}],"wp:attachment":[{"href":"https:\/\/mirrix.be\/fr\/wp-json\/wp\/v2\/media?parent=12983"}],"curies":[{"name":"wp","href":"https:\/\/api.w.org\/{rel}","templated":true}]}}