{"id":21439,"date":"2026-02-11T10:04:22","date_gmt":"2026-02-11T09:04:22","guid":{"rendered":"https:\/\/mirrix.be\/learn\/"},"modified":"2026-02-19T16:24:06","modified_gmt":"2026-02-19T15:24:06","slug":"learn","status":"publish","type":"page","link":"https:\/\/mirrix.be\/fr\/learn\/","title":{"rendered":"Learn"},"content":{"rendered":"\t\t<div data-elementor-type=\"wp-page\" data-elementor-id=\"21439\" class=\"elementor elementor-21439 elementor-21308\" data-elementor-post-type=\"page\">\n\t\t\t\t<div class=\"elementor-element elementor-element-73b15c3b e-flex e-con-boxed e-con e-parent\" data-id=\"73b15c3b\" data-element_type=\"container\" data-e-type=\"container\" data-settings=\"{&quot;jet_parallax_layout_list&quot;:[]}\">\n\t\t\t\t\t<div class=\"e-con-inner\">\n\t\t\t\t<div class=\"elementor-element elementor-element-d8965cf elementor-widget elementor-widget-text-editor\" data-id=\"d8965cf\" data-element_type=\"widget\" data-e-type=\"widget\" data-widget_type=\"text-editor.default\">\n\t\t\t\t<div class=\"elementor-widget-container\">\n\t\t\t\t\t\t\t\t\t&nbsp;\r\n<div id=\"ConnectiveDocSignExtentionInstalled\" data-extension-version=\"1.0.4\"><\/div>\t\t\t\t\t\t\t\t<\/div>\n\t\t\t\t<\/div>\n\t\t\t\t\t<\/div>\n\t\t\t\t<\/div>\n\t\t<div class=\"elementor-element elementor-element-0beee0f e-flex e-con-boxed e-con e-parent\" data-id=\"0beee0f\" data-element_type=\"container\" data-e-type=\"container\" data-settings=\"{&quot;jet_parallax_layout_list&quot;:[]}\">\n\t\t\t\t\t<div class=\"e-con-inner\">\n\t\t\t\t<div class=\"elementor-element elementor-element-6336da6 elementor-widget elementor-widget-heading\" data-id=\"6336da6\" data-element_type=\"widget\" data-e-type=\"widget\" data-widget_type=\"heading.default\">\n\t\t\t\t<div class=\"elementor-widget-container\">\n\t\t\t\t\t<h1 class=\"elementor-heading-title elementor-size-default\">Learn<\/h1>\t\t\t\t<\/div>\n\t\t\t\t<\/div>\n\t\t\t\t<div class=\"elementor-element elementor-element-67fb405 elementor-widget elementor-widget-spacer\" data-id=\"67fb405\" data-element_type=\"widget\" data-e-type=\"widget\" data-widget_type=\"spacer.default\">\n\t\t\t\t<div class=\"elementor-widget-container\">\n\t\t\t\t\t\t\t<div class=\"elementor-spacer\">\n\t\t\t<div class=\"elementor-spacer-inner\"><\/div>\n\t\t<\/div>\n\t\t\t\t\t\t<\/div>\n\t\t\t\t<\/div>\n\t\t\t\t<div class=\"elementor-element elementor-element-57de575 elementor-grid-3 elementor-grid-tablet-2 elementor-grid-mobile-1 elementor-widget elementor-widget-loop-grid\" data-id=\"57de575\" data-element_type=\"widget\" data-e-type=\"widget\" data-settings=\"{&quot;template_id&quot;:21408,&quot;masonry&quot;:&quot;yes&quot;,&quot;pagination_type&quot;:&quot;load_more_infinite_scroll&quot;,&quot;row_gap&quot;:{&quot;unit&quot;:&quot;px&quot;,&quot;size&quot;:50,&quot;sizes&quot;:[]},&quot;_skin&quot;:&quot;post&quot;,&quot;columns&quot;:&quot;3&quot;,&quot;columns_tablet&quot;:&quot;2&quot;,&quot;columns_mobile&quot;:&quot;1&quot;,&quot;edit_handle_selector&quot;:&quot;[data-elementor-type=\\&quot;loop-item\\&quot;]&quot;,&quot;load_more_spinner&quot;:{&quot;value&quot;:&quot;fas fa-spinner&quot;,&quot;library&quot;:&quot;fa-solid&quot;},&quot;row_gap_tablet&quot;:{&quot;unit&quot;:&quot;px&quot;,&quot;size&quot;:&quot;&quot;,&quot;sizes&quot;:[]},&quot;row_gap_mobile&quot;:{&quot;unit&quot;:&quot;px&quot;,&quot;size&quot;:&quot;&quot;,&quot;sizes&quot;:[]}}\" data-widget_type=\"loop-grid.post\">\n\t\t\t\t<div class=\"elementor-widget-container\">\n\t\t\t\t\t\t\t<div class=\"elementor-loop-container elementor-grid\" role=\"list\">\n\t\t<style id=\"loop-21408\">.elementor-21408 .elementor-element.elementor-element-0d4e4c0{--display:flex;--flex-direction:column;--container-widget-width:100%;--container-widget-height:initial;--container-widget-flex-grow:0;--container-widget-align-self:initial;--flex-wrap-mobile:wrap;--gap:10px 10px;--row-gap:10px;--column-gap:10px;--border-radius:0px 0px 0px 0px;box-shadow:0px 4px 44px 0px rgba(0, 0, 0, 0.1);--padding-top:20px;--padding-bottom:55px;--padding-left:20px;--padding-right:20px;}.elementor-21408 .elementor-element.elementor-element-0d4e4c0:hover{box-shadow:0px 2px 25px 0px rgba(0, 0, 0, 0.2);}.elementor-21408 .elementor-element.elementor-element-0ff0b86 img{width:100%;height:260px;object-fit:cover;object-position:center center;filter:brightness( 100% ) contrast( 100% ) saturate( 100% ) blur( 0px ) hue-rotate( 0deg );transition-duration:0.3s;}.elementor-21408 .elementor-element.elementor-element-0ff0b86:hover img{filter:brightness( 105% ) contrast( 100% ) saturate( 105% ) blur( 0px ) hue-rotate( 0deg );}.elementor-21408 .elementor-element.elementor-element-0ff0b86{width:100%;max-width:100%;}.elementor-21408 .elementor-element.elementor-element-0ff0b86:not( .elementor-widget-image ) .elementor-widget-container, .elementor-21408 .elementor-element.elementor-element-0ff0b86.elementor-widget-image .elementor-widget-container img{-webkit-mask-image:url( https:\/\/mirrix.be\/wp-content\/uploads\/2024\/06\/Foto_3.svg );-webkit-mask-size:cover;-webkit-mask-position:top center;}.elementor-21408 .elementor-element.elementor-element-577600b .elementor-heading-title{font-family:\"Cormorant Garamond\", Sans-serif;font-size:30px;font-weight:600;text-transform:none;font-style:normal;text-decoration:none;line-height:1.2em;letter-spacing:0em;word-spacing:0em;color:var( --e-global-color-text );}.elementor-21408 .elementor-element.elementor-element-577600b > .elementor-widget-container{margin:24px 0px 0px 0px;}.elementor-21408 .elementor-element.elementor-element-1c7f09b{font-family:\"Optika\", Sans-serif;font-size:16px;font-weight:400;line-height:22px;}.elementor-21408 .elementor-element.elementor-element-1c7f09b > .elementor-widget-container{margin:0px 0px -10px 0px;}@media(max-width:1024px){.elementor-21408 .elementor-element.elementor-element-0ff0b86 img{height:200px;}}@media(max-width:767px){.elementor-21408 .elementor-element.elementor-element-0d4e4c0{--gap:0px 0px;--row-gap:0px;--column-gap:0px;}.elementor-21408 .elementor-element.elementor-element-0ff0b86 img{height:168px;}.elementor-21408 .elementor-element.elementor-element-577600b{text-align:start;}.elementor-21408 .elementor-element.elementor-element-577600b .elementor-heading-title{font-size:30px;}}<\/style>\t\t<div data-elementor-type=\"loop-item\" data-elementor-id=\"21408\" class=\"elementor elementor-21408 e-loop-item e-loop-item-21673 post-21673 learn type-learn status-publish has-post-thumbnail hentry\" data-elementor-post-type=\"elementor_library\" data-custom-edit-handle=\"1\">\n\t\t\t<a class=\"elementor-element elementor-element-0d4e4c0 e-con-full e-flex elementor-invisible e-con e-parent\" data-id=\"0d4e4c0\" data-element_type=\"container\" data-e-type=\"container\" data-settings=\"{&quot;jet_parallax_layout_list&quot;:[],&quot;animation&quot;:&quot;fadeInUp&quot;}\" href=\"https:\/\/mirrix.be\/fr\/learn\/atasha-khiev-tissage-experimental\/\">\n\t\t\t\t<div class=\"elementor-element elementor-element-0ff0b86 elementor-widget__width-inherit elementor-widget elementor-widget-theme-post-featured-image elementor-widget-image\" data-id=\"0ff0b86\" data-element_type=\"widget\" data-e-type=\"widget\" data-widget_type=\"theme-post-featured-image.default\">\n\t\t\t\t<div class=\"elementor-widget-container\">\n\t\t\t\t\t\t\t\t\t\t\t\t\t\t\t<img fetchpriority=\"high\" decoding=\"async\" width=\"1800\" height=\"1654\" src=\"https:\/\/mirrix.be\/wp-content\/uploads\/2026\/03\/Werk-van-Natasha-Khiev.png\" class=\"attachment-full size-full wp-image-21642\" alt=\"Tissage exp\u00e9rimental : aper\u00e7u du travail de Natasha Kiev\" srcset=\"https:\/\/mirrix.be\/wp-content\/uploads\/2026\/03\/Werk-van-Natasha-Khiev.png 1800w, https:\/\/mirrix.be\/wp-content\/uploads\/2026\/03\/Werk-van-Natasha-Khiev-300x276.png 300w, https:\/\/mirrix.be\/wp-content\/uploads\/2026\/03\/Werk-van-Natasha-Khiev-1024x941.png 1024w, https:\/\/mirrix.be\/wp-content\/uploads\/2026\/03\/Werk-van-Natasha-Khiev-768x706.png 768w, https:\/\/mirrix.be\/wp-content\/uploads\/2026\/03\/Werk-van-Natasha-Khiev-1536x1411.png 1536w, https:\/\/mirrix.be\/wp-content\/uploads\/2026\/03\/Werk-van-Natasha-Khiev-600x551.png 600w\" sizes=\"(max-width: 1800px) 100vw, 1800px\" \/>\t\t\t\t\t\t\t\t\t\t\t\t\t\t\t<\/div>\n\t\t\t\t<\/div>\n\t\t\t\t<div class=\"elementor-element elementor-element-577600b elementor-widget elementor-widget-theme-post-title elementor-page-title elementor-widget-heading\" data-id=\"577600b\" data-element_type=\"widget\" data-e-type=\"widget\" data-widget_type=\"theme-post-title.default\">\n\t\t\t\t<div class=\"elementor-widget-container\">\n\t\t\t\t\t<h4 class=\"elementor-heading-title elementor-size-default\">Collaboration avec Natasha Khiev : un exemple de tissage exp\u00e9rimental<\/h4>\t\t\t\t<\/div>\n\t\t\t\t<\/div>\n\t\t\t\t<div class=\"elementor-element elementor-element-1c7f09b elementor-widget elementor-widget-text-editor\" data-id=\"1c7f09b\" data-element_type=\"widget\" data-e-type=\"widget\" data-widget_type=\"text-editor.default\">\n\t\t\t\t<div class=\"elementor-widget-container\">\n\t\t\t\t\t\t\t\t\t<p>\u00c0 premi\u00e8re vue, un m\u00e9tier \u00e0 tisser semble \u00eatre un outil calme. On tend les fils, on ajoute la trame et l\u2019on construit lentement une image. Mais certains cr\u00e9ateurs l\u2019utilisent d\u2019une toute autre mani\u00e8re. Pour eux, le tissage exp\u00e9rimental est [&#8230;]\t\t\t\t\t\t\t\t<\/div>\n\t\t\t\t<\/div>\n\t\t\t\t<\/a>\n\t\t\t\t<\/div>\n\t\t\t\t<div data-elementor-type=\"loop-item\" data-elementor-id=\"21408\" class=\"elementor elementor-21408 e-loop-item e-loop-item-21710 post-21710 learn type-learn status-publish has-post-thumbnail hentry\" data-elementor-post-type=\"elementor_library\" data-custom-edit-handle=\"1\">\n\t\t\t<a class=\"elementor-element elementor-element-0d4e4c0 e-con-full e-flex elementor-invisible e-con e-parent\" data-id=\"0d4e4c0\" data-element_type=\"container\" data-e-type=\"container\" data-settings=\"{&quot;jet_parallax_layout_list&quot;:[],&quot;animation&quot;:&quot;fadeInUp&quot;}\" href=\"https:\/\/mirrix.be\/fr\/learn\/collaboration-avec-liz-whiteside\/\">\n\t\t\t\t<div class=\"elementor-element elementor-element-0ff0b86 elementor-widget__width-inherit elementor-widget elementor-widget-theme-post-featured-image elementor-widget-image\" data-id=\"0ff0b86\" data-element_type=\"widget\" data-e-type=\"widget\" data-widget_type=\"theme-post-featured-image.default\">\n\t\t\t\t<div class=\"elementor-widget-container\">\n\t\t\t\t\t\t\t\t\t\t\t\t\t\t\t<img decoding=\"async\" width=\"1386\" height=\"1516\" src=\"https:\/\/mirrix.be\/wp-content\/uploads\/2026\/03\/Liz-Whiteside.avif\" class=\"attachment-full size-full wp-image-21680\" alt=\"Foto de Liz Whiteside\" srcset=\"https:\/\/mirrix.be\/wp-content\/uploads\/2026\/03\/Liz-Whiteside.avif 1386w, https:\/\/mirrix.be\/wp-content\/uploads\/2026\/03\/Liz-Whiteside-274x300.avif 274w, https:\/\/mirrix.be\/wp-content\/uploads\/2026\/03\/Liz-Whiteside-936x1024.avif 936w, https:\/\/mirrix.be\/wp-content\/uploads\/2026\/03\/Liz-Whiteside-768x840.avif 768w, https:\/\/mirrix.be\/wp-content\/uploads\/2026\/03\/Liz-Whiteside-600x656.avif 600w\" sizes=\"(max-width: 1386px) 100vw, 1386px\" \/>\t\t\t\t\t\t\t\t\t\t\t\t\t\t\t<\/div>\n\t\t\t\t<\/div>\n\t\t\t\t<div class=\"elementor-element elementor-element-577600b elementor-widget elementor-widget-theme-post-title elementor-page-title elementor-widget-heading\" data-id=\"577600b\" data-element_type=\"widget\" data-e-type=\"widget\" data-widget_type=\"theme-post-title.default\">\n\t\t\t\t<div class=\"elementor-widget-container\">\n\t\t\t\t\t<h4 class=\"elementor-heading-title elementor-size-default\">Collaboration avec Liz Whiteside : apprendre \u00e0 tisser avec Mirrix<\/h4>\t\t\t\t<\/div>\n\t\t\t\t<\/div>\n\t\t\t\t<div class=\"elementor-element elementor-element-1c7f09b elementor-widget elementor-widget-text-editor\" data-id=\"1c7f09b\" data-element_type=\"widget\" data-e-type=\"widget\" data-widget_type=\"text-editor.default\">\n\t\t\t\t<div class=\"elementor-widget-container\">\n\t\t\t\t\t\t\t\t\t<p>Vous voulez apprendre la tapisserie ? Vous tomberez vite sur le travail de Liz Whiteside. Cette artiste de la tapisserie aide chacun \u00e0 apprendre, pas \u00e0 pas, \u00e0 cr\u00e9er de petites \u0153uvres d\u2019art avec du fil. Chez Mirrix, nous sommes [&#8230;]\t\t\t\t\t\t\t\t<\/div>\n\t\t\t\t<\/div>\n\t\t\t\t<\/a>\n\t\t\t\t<\/div>\n\t\t\t\t<div data-elementor-type=\"loop-item\" data-elementor-id=\"21408\" class=\"elementor elementor-21408 e-loop-item e-loop-item-21744 post-21744 learn type-learn status-publish has-post-thumbnail hentry learn-type-experiment\" data-elementor-post-type=\"elementor_library\" data-custom-edit-handle=\"1\">\n\t\t\t<a class=\"elementor-element elementor-element-0d4e4c0 e-con-full e-flex elementor-invisible e-con e-parent\" data-id=\"0d4e4c0\" data-element_type=\"container\" data-e-type=\"container\" data-settings=\"{&quot;jet_parallax_layout_list&quot;:[],&quot;animation&quot;:&quot;fadeInUp&quot;}\" href=\"https:\/\/mirrix.be\/fr\/learn\/repoussez-vos-limites-avec-natasha-khiev\/\">\n\t\t\t\t<div class=\"elementor-element elementor-element-0ff0b86 elementor-widget__width-inherit elementor-widget elementor-widget-theme-post-featured-image elementor-widget-image\" data-id=\"0ff0b86\" data-element_type=\"widget\" data-e-type=\"widget\" data-widget_type=\"theme-post-featured-image.default\">\n\t\t\t\t<div class=\"elementor-widget-container\">\n\t\t\t\t\t\t\t\t\t\t\t\t\t\t\t<img decoding=\"async\" width=\"1075\" height=\"1237\" src=\"https:\/\/mirrix.be\/wp-content\/uploads\/2026\/02\/Natasha-Khiev.png\" class=\"attachment-full size-full wp-image-21743\" alt=\"\" srcset=\"https:\/\/mirrix.be\/wp-content\/uploads\/2026\/02\/Natasha-Khiev.png 1075w, https:\/\/mirrix.be\/wp-content\/uploads\/2026\/02\/Natasha-Khiev-261x300.png 261w, https:\/\/mirrix.be\/wp-content\/uploads\/2026\/02\/Natasha-Khiev-890x1024.png 890w, https:\/\/mirrix.be\/wp-content\/uploads\/2026\/02\/Natasha-Khiev-768x884.png 768w, https:\/\/mirrix.be\/wp-content\/uploads\/2026\/02\/Natasha-Khiev-600x690.png 600w\" sizes=\"(max-width: 1075px) 100vw, 1075px\" \/>\t\t\t\t\t\t\t\t\t\t\t\t\t\t\t<\/div>\n\t\t\t\t<\/div>\n\t\t\t\t<div class=\"elementor-element elementor-element-577600b elementor-widget elementor-widget-theme-post-title elementor-page-title elementor-widget-heading\" data-id=\"577600b\" data-element_type=\"widget\" data-e-type=\"widget\" data-widget_type=\"theme-post-title.default\">\n\t\t\t\t<div class=\"elementor-widget-container\">\n\t\t\t\t\t<h4 class=\"elementor-heading-title elementor-size-default\">Repoussez vos limites avec Natasha Khiev<\/h4>\t\t\t\t<\/div>\n\t\t\t\t<\/div>\n\t\t\t\t<div class=\"elementor-element elementor-element-1c7f09b elementor-widget elementor-widget-text-editor\" data-id=\"1c7f09b\" data-element_type=\"widget\" data-e-type=\"widget\" data-widget_type=\"text-editor.default\">\n\t\t\t\t<div class=\"elementor-widget-container\">\n\t\t\t\t\t\t\t\t\t<p>Vous tissez d\u00e9j\u00e0 depuis quelque temps. Vous connaissez les techniques de base. Mais vous sentez qu\u2019il y a davantage \u00e0 explorer : plus de structure, plus de profondeur, plus de possibilit\u00e9s qu\u2019une simple surface plane. L\u2019artiste textile Natasha Khiev vous [&#8230;]\t\t\t\t\t\t\t\t<\/div>\n\t\t\t\t<\/div>\n\t\t\t\t<\/a>\n\t\t\t\t<\/div>\n\t\t\t\t<div data-elementor-type=\"loop-item\" data-elementor-id=\"21408\" class=\"elementor elementor-21408 e-loop-item e-loop-item-21690 post-21690 learn type-learn status-publish has-post-thumbnail hentry learn-type-library\" data-elementor-post-type=\"elementor_library\" data-custom-edit-handle=\"1\">\n\t\t\t<a class=\"elementor-element elementor-element-0d4e4c0 e-con-full e-flex elementor-invisible e-con e-parent\" data-id=\"0d4e4c0\" data-element_type=\"container\" data-e-type=\"container\" data-settings=\"{&quot;jet_parallax_layout_list&quot;:[],&quot;animation&quot;:&quot;fadeInUp&quot;}\" href=\"https:\/\/mirrix.be\/fr\/learn\/tapestry-with-pulled-warp-susan-iverson\/\">\n\t\t\t\t<div class=\"elementor-element elementor-element-0ff0b86 elementor-widget__width-inherit elementor-widget elementor-widget-theme-post-featured-image elementor-widget-image\" data-id=\"0ff0b86\" data-element_type=\"widget\" data-e-type=\"widget\" data-widget_type=\"theme-post-featured-image.default\">\n\t\t\t\t<div class=\"elementor-widget-container\">\n\t\t\t\t\t\t\t\t\t\t\t\t\t\t\t<img loading=\"lazy\" decoding=\"async\" width=\"800\" height=\"1000\" src=\"https:\/\/mirrix.be\/wp-content\/uploads\/2026\/02\/Tapestry-pulled-warp.jpg\" class=\"attachment-full size-full wp-image-21689\" alt=\"Tapestry Pulled warp\" srcset=\"https:\/\/mirrix.be\/wp-content\/uploads\/2026\/02\/Tapestry-pulled-warp.jpg 800w, https:\/\/mirrix.be\/wp-content\/uploads\/2026\/02\/Tapestry-pulled-warp-240x300.jpg 240w, https:\/\/mirrix.be\/wp-content\/uploads\/2026\/02\/Tapestry-pulled-warp-768x960.jpg 768w, https:\/\/mirrix.be\/wp-content\/uploads\/2026\/02\/Tapestry-pulled-warp-600x750.jpg 600w\" sizes=\"(max-width: 800px) 100vw, 800px\" \/>\t\t\t\t\t\t\t\t\t\t\t\t\t\t\t<\/div>\n\t\t\t\t<\/div>\n\t\t\t\t<div class=\"elementor-element elementor-element-577600b elementor-widget elementor-widget-theme-post-title elementor-page-title elementor-widget-heading\" data-id=\"577600b\" data-element_type=\"widget\" data-e-type=\"widget\" data-widget_type=\"theme-post-title.default\">\n\t\t\t\t<div class=\"elementor-widget-container\">\n\t\t\t\t\t<h4 class=\"elementor-heading-title elementor-size-default\">Tapestry with Pulled Warp \u2013 Susan Iverson<\/h4>\t\t\t\t<\/div>\n\t\t\t\t<\/div>\n\t\t\t\t<div class=\"elementor-element elementor-element-1c7f09b elementor-widget elementor-widget-text-editor\" data-id=\"1c7f09b\" data-element_type=\"widget\" data-e-type=\"widget\" data-widget_type=\"text-editor.default\">\n\t\t\t\t<div class=\"elementor-widget-container\">\n\t\t\t\t\t\t\t\t\t<p>Tapestry with Pulled Warp de Susan Iverson est l\u2019ouvrage de r\u00e9f\u00e9rence pour toute personne qui souhaite aller au-del\u00e0 du tissage plat. Il montre comment la tension, la technique et la structure donnent litt\u00e9ralement une nouvelle dimension au textile tiss\u00e9 gr\u00e2ce [&#8230;]\t\t\t\t\t\t\t\t<\/div>\n\t\t\t\t<\/div>\n\t\t\t\t<\/a>\n\t\t\t\t<\/div>\n\t\t\t\t<div data-elementor-type=\"loop-item\" data-elementor-id=\"21408\" class=\"elementor elementor-21408 e-loop-item e-loop-item-21699 post-21699 learn type-learn status-publish has-post-thumbnail hentry learn-type-library\" data-elementor-post-type=\"elementor_library\" data-custom-edit-handle=\"1\">\n\t\t\t<a class=\"elementor-element elementor-element-0d4e4c0 e-con-full e-flex elementor-invisible e-con e-parent\" data-id=\"0d4e4c0\" data-element_type=\"container\" data-e-type=\"container\" data-settings=\"{&quot;jet_parallax_layout_list&quot;:[],&quot;animation&quot;:&quot;fadeInUp&quot;}\" href=\"https:\/\/mirrix.be\/fr\/learn\/the-art-of-tapestry-weaving-rebecca-mezoff\/\">\n\t\t\t\t<div class=\"elementor-element elementor-element-0ff0b86 elementor-widget__width-inherit elementor-widget elementor-widget-theme-post-featured-image elementor-widget-image\" data-id=\"0ff0b86\" data-element_type=\"widget\" data-e-type=\"widget\" data-widget_type=\"theme-post-featured-image.default\">\n\t\t\t\t<div class=\"elementor-widget-container\">\n\t\t\t\t\t\t\t\t\t\t\t\t\t\t\t<img loading=\"lazy\" decoding=\"async\" width=\"535\" height=\"648\" src=\"https:\/\/mirrix.be\/wp-content\/uploads\/2026\/02\/The-art-of-tapestry-boek-1.jpg\" class=\"attachment-full size-full wp-image-21696\" alt=\"Couverture du livre The Art of Tapestry Weaving\" srcset=\"https:\/\/mirrix.be\/wp-content\/uploads\/2026\/02\/The-art-of-tapestry-boek-1.jpg 535w, https:\/\/mirrix.be\/wp-content\/uploads\/2026\/02\/The-art-of-tapestry-boek-1-248x300.jpg 248w\" sizes=\"(max-width: 535px) 100vw, 535px\" \/>\t\t\t\t\t\t\t\t\t\t\t\t\t\t\t<\/div>\n\t\t\t\t<\/div>\n\t\t\t\t<div class=\"elementor-element elementor-element-577600b elementor-widget elementor-widget-theme-post-title elementor-page-title elementor-widget-heading\" data-id=\"577600b\" data-element_type=\"widget\" data-e-type=\"widget\" data-widget_type=\"theme-post-title.default\">\n\t\t\t\t<div class=\"elementor-widget-container\">\n\t\t\t\t\t<h4 class=\"elementor-heading-title elementor-size-default\">The Art of Tapestry Weaving \u2013 Rebecca Mezoff<\/h4>\t\t\t\t<\/div>\n\t\t\t\t<\/div>\n\t\t\t\t<div class=\"elementor-element elementor-element-1c7f09b elementor-widget elementor-widget-text-editor\" data-id=\"1c7f09b\" data-element_type=\"widget\" data-e-type=\"widget\" data-widget_type=\"text-editor.default\">\n\t\t\t\t<div class=\"elementor-widget-container\">\n\t\t\t\t\t\t\t\t\t<p>Il y a les livres de tissage. Et puis il y a The Art of Tapestry Weaving. Le livre de Rebecca Mezoff est consid\u00e9r\u00e9 par des tisserands du monde entier comme l\u2019ouvrage de r\u00e9f\u00e9rence en tapisserie. Non pas parce qu\u2019il [&#8230;]\t\t\t\t\t\t\t\t<\/div>\n\t\t\t\t<\/div>\n\t\t\t\t<\/a>\n\t\t\t\t<\/div>\n\t\t\t\t<div data-elementor-type=\"loop-item\" data-elementor-id=\"21408\" class=\"elementor elementor-21408 e-loop-item e-loop-item-21724 post-21724 learn type-learn status-publish has-post-thumbnail hentry learn-type-technique\" data-elementor-post-type=\"elementor_library\" data-custom-edit-handle=\"1\">\n\t\t\t<a class=\"elementor-element elementor-element-0d4e4c0 e-con-full e-flex elementor-invisible e-con e-parent\" data-id=\"0d4e4c0\" data-element_type=\"container\" data-e-type=\"container\" data-settings=\"{&quot;jet_parallax_layout_list&quot;:[],&quot;animation&quot;:&quot;fadeInUp&quot;}\" href=\"https:\/\/mirrix.be\/fr\/learn\/liz-whiteside-studio\/\">\n\t\t\t\t<div class=\"elementor-element elementor-element-0ff0b86 elementor-widget__width-inherit elementor-widget elementor-widget-theme-post-featured-image elementor-widget-image\" data-id=\"0ff0b86\" data-element_type=\"widget\" data-e-type=\"widget\" data-widget_type=\"theme-post-featured-image.default\">\n\t\t\t\t<div class=\"elementor-widget-container\">\n\t\t\t\t\t\t\t\t\t\t\t\t\t\t\t<img loading=\"lazy\" decoding=\"async\" width=\"954\" height=\"1498\" src=\"https:\/\/mirrix.be\/wp-content\/uploads\/2026\/02\/fe9e2b_567d5b59af0f4ca1bc4ce0356a23875fmv2.avif\" class=\"attachment-full size-full wp-image-21723\" alt=\"\" srcset=\"https:\/\/mirrix.be\/wp-content\/uploads\/2026\/02\/fe9e2b_567d5b59af0f4ca1bc4ce0356a23875fmv2.avif 954w, https:\/\/mirrix.be\/wp-content\/uploads\/2026\/02\/fe9e2b_567d5b59af0f4ca1bc4ce0356a23875fmv2-191x300.avif 191w, https:\/\/mirrix.be\/wp-content\/uploads\/2026\/02\/fe9e2b_567d5b59af0f4ca1bc4ce0356a23875fmv2-652x1024.avif 652w, https:\/\/mirrix.be\/wp-content\/uploads\/2026\/02\/fe9e2b_567d5b59af0f4ca1bc4ce0356a23875fmv2-768x1206.avif 768w, https:\/\/mirrix.be\/wp-content\/uploads\/2026\/02\/fe9e2b_567d5b59af0f4ca1bc4ce0356a23875fmv2-600x942.avif 600w\" sizes=\"(max-width: 954px) 100vw, 954px\" \/>\t\t\t\t\t\t\t\t\t\t\t\t\t\t\t<\/div>\n\t\t\t\t<\/div>\n\t\t\t\t<div class=\"elementor-element elementor-element-577600b elementor-widget elementor-widget-theme-post-title elementor-page-title elementor-widget-heading\" data-id=\"577600b\" data-element_type=\"widget\" data-e-type=\"widget\" data-widget_type=\"theme-post-title.default\">\n\t\t\t\t<div class=\"elementor-widget-container\">\n\t\t\t\t\t<h4 class=\"elementor-heading-title elementor-size-default\">Liz Whiteside Studio<\/h4>\t\t\t\t<\/div>\n\t\t\t\t<\/div>\n\t\t\t\t<div class=\"elementor-element elementor-element-1c7f09b elementor-widget elementor-widget-text-editor\" data-id=\"1c7f09b\" data-element_type=\"widget\" data-e-type=\"widget\" data-widget_type=\"text-editor.default\">\n\t\t\t\t<div class=\"elementor-widget-container\">\n\t\t\t\t\t\t\t\t\t<p>Apprendre la tapisserie avec quelqu\u2019un qui vous guide calmement, \u00e9tape par \u00e9tape. C\u2019est exactement ce que fait Liz Whiteside dans son Liz Whiteside Studio. Dans ses cours en ligne, vous apprenez \u00e0 peindre avec du fil, depuis votre tout premier [&#8230;]\t\t\t\t\t\t\t\t<\/div>\n\t\t\t\t<\/div>\n\t\t\t\t<\/a>\n\t\t\t\t<\/div>\n\t\t\t\t<\/div>\n\t\t\t\t\t<span class=\"e-load-more-spinner\">\n\t\t\t\t<svg aria-hidden=\"true\" class=\"e-font-icon-svg e-fas-spinner\" viewBox=\"0 0 512 512\" xmlns=\"http:\/\/www.w3.org\/2000\/svg\"><path d=\"M304 48c0 26.51-21.49 48-48 48s-48-21.49-48-48 21.49-48 48-48 48 21.49 48 48zm-48 368c-26.51 0-48 21.49-48 48s21.49 48 48 48 48-21.49 48-48-21.49-48-48-48zm208-208c-26.51 0-48 21.49-48 48s21.49 48 48 48 48-21.49 48-48-21.49-48-48-48zM96 256c0-26.51-21.49-48-48-48S0 229.49 0 256s21.49 48 48 48 48-21.49 48-48zm12.922 99.078c-26.51 0-48 21.49-48 48s21.49 48 48 48 48-21.49 48-48c0-26.509-21.491-48-48-48zm294.156 0c-26.51 0-48 21.49-48 48s21.49 48 48 48 48-21.49 48-48c0-26.509-21.49-48-48-48zM108.922 60.922c-26.51 0-48 21.49-48 48s21.49 48 48 48 48-21.49 48-48-21.491-48-48-48z\"><\/path><\/svg>\t\t\t<\/span>\n\t\t\n\t\t\t\t\t\t<\/div>\n\t\t\t\t<\/div>\n\t\t\t\t\t<\/div>\n\t\t\t\t<\/div>\n\t\t\t\t<\/div>\n\t\t","protected":false},"excerpt":{"rendered":"<p>&nbsp; Learn<\/p>\n","protected":false},"author":2,"featured_media":0,"parent":0,"menu_order":4,"comment_status":"closed","ping_status":"closed","template":"","meta":{"footnotes":""},"class_list":["post-21439","page","type-page","status-publish","hentry"],"_links":{"self":[{"href":"https:\/\/mirrix.be\/fr\/wp-json\/wp\/v2\/pages\/21439","targetHints":{"allow":["GET"]}}],"collection":[{"href":"https:\/\/mirrix.be\/fr\/wp-json\/wp\/v2\/pages"}],"about":[{"href":"https:\/\/mirrix.be\/fr\/wp-json\/wp\/v2\/types\/page"}],"author":[{"embeddable":true,"href":"https:\/\/mirrix.be\/fr\/wp-json\/wp\/v2\/users\/2"}],"replies":[{"embeddable":true,"href":"https:\/\/mirrix.be\/fr\/wp-json\/wp\/v2\/comments?post=21439"}],"version-history":[{"count":1,"href":"https:\/\/mirrix.be\/fr\/wp-json\/wp\/v2\/pages\/21439\/revisions"}],"predecessor-version":[{"id":21440,"href":"https:\/\/mirrix.be\/fr\/wp-json\/wp\/v2\/pages\/21439\/revisions\/21440"}],"wp:attachment":[{"href":"https:\/\/mirrix.be\/fr\/wp-json\/wp\/v2\/media?parent=21439"}],"curies":[{"name":"wp","href":"https:\/\/api.w.org\/{rel}","templated":true}]}}