{"id":10042,"date":"2024-09-12T18:29:04","date_gmt":"2024-09-12T16:29:04","guid":{"rendered":"https:\/\/mirrix.be\/?post_type=product&#038;p=10042"},"modified":"2025-08-19T17:25:55","modified_gmt":"2025-08-19T15:25:55","slug":"metier-a-tisser-big-sister","status":"publish","type":"product","link":"https:\/\/mirrix.be\/fr\/metier-a-tisser-big-sister\/","title":{"rendered":"M\u00e9tier \u00e0 tisser Big Sister 16\u2033 = 40 cm \u2013 Puissant, l\u00e9ger et polyvalent"},"content":{"rendered":"<h2>Quelle est la capacit\u00e9 du Big Sister ?<\/h2>\n<p>La largeur effective de tissage du m\u00e9tier Big Sister est de 33 cm.<\/p>\n<p>Selon la version et l\u2019utilisation du syst\u00e8me de lisse :<\/p>\n<table>\n<thead>\n<tr>\n<td width=\"116\">Sans syst\u00e8me de lisse<\/td>\n<td width=\"158\">Avec syst\u00e8me de lisse<\/td>\n<\/tr>\n<\/thead>\n<tbody>\n<tr>\n<td width=\"116\">90 cm (standard)<\/td>\n<td width=\"158\">80 cm (standard)<\/td>\n<\/tr>\n<tr>\n<td width=\"116\">130 cm (allong\u00e9)<\/td>\n<td width=\"158\">120 cm (allong\u00e9)<\/td>\n<\/tr>\n<\/tbody>\n<\/table>\n<p>Ces longueurs tiennent d\u00e9j\u00e0 compte d\u2019une petite perte de fil de cha\u00eene au d\u00e9but et \u00e0 la fin de votre ouvrage.<\/p>\n<p>\ud83d\udca1 Astuce : commencez avec le syst\u00e8me de lisse, puis retirez-le \u00e0 la fin pour utiliser toute la longueur disponible.<\/p>\n<h2>Contenu de la bo\u00eete<\/h2>\n<p>Dans la bo\u00eete vous trouverez :<\/p>\n<ul>\n<li>M\u00e9tier \u00e0 tisser Big Sister<\/li>\n<li>Syst\u00e8me de lisses<\/li>\n<li>Une cl\u00e9 plate et une cl\u00e9 Allen<\/li>\n<li>Barre sup\u00e9rieure pour ressorts<\/li>\n<li>4 ressorts en aluminium (3, 5, 5,5 et 7 fils\/cm)<\/li>\n<\/ul>\n<p>&nbsp;<\/p>\n<p>\ud83d\udca1 Astuce : vous pouvez espacer davantage vos fils de cha\u00eene en les enroulant autour de chaque 2e, 3e ou 4e dent du peigne.<\/p>\n<h2>Materiaalinfo<\/h2>\n<ul>\n<li>Barres sup\u00e9rieure et inf\u00e9rieure : aluminium anodis\u00e9<\/li>\n<li>Tiges lat\u00e9rales : acier et cuivre<\/li>\n<li>Pinces : \u00e9rable<\/li>\n<\/ul>\n<h2>Accessoires optionnels<\/h2>\n<ul>\n<li>Support Harvey<\/li>\n<li>Kit de barre de cha\u00eene suppl\u00e9mentaire<\/li>\n<li>Ressorts suppl\u00e9mentaires<\/li>\n<li>Repose-pieds prolong\u00e9s<\/li>\n<li>Kit de ressorts inf\u00e9rieurs<\/li>\n<li>Cordons Texsolv (pour attacher les fils de cha\u00eene)<\/li>\n<li>Tiges filet\u00e9es pour +25 cm de longueur de tissage<\/li>\n<\/ul>\n<p>&nbsp;<\/p>\n<p>\ud83d\udd0e Envie de d\u00e9couvrir <u>d\u2019autres m\u00e9tiers Mirrix<\/u> ? Consultez le <a href=\"https:\/\/mirrix.be\/fr\/metier-a-tisser-little-guy-12-30-cm\/\" target=\"_blank\" rel=\"noopener\">Little Guy <\/a>ou le <a href=\"https:\/\/mirrix.be\/fr\/metier-a-tisser-zeus-38-97-cm\/\" target=\"_blank\" rel=\"noopener\">Zeus<\/a>. <\/p>\n<h2>Pourquoi choisir Weefweelde ?<\/h2>\n<p><a href=\"https:\/\/mirrix.be\/\" target=\"_blank\" rel=\"noopener\">Weefweelde<\/a> est le distributeur officiel des m\u00e9tiers \u00e0 tisser <a href=\"https:\/\/mirrixlooms.com\/\" target=\"_blank\" rel=\"noopener\">Mirrix<\/a> en Belgique et au-del\u00e0. Nous proposons :<\/p>\n<ul>\n<li>Des conseils d\u2019experts<\/li>\n<li>Une livraison rapide depuis notre stock en Belgique<\/li>\n<li>Des notices claires et un accompagnement personnalis\u00e9<\/li>\n<\/ul>\n<h2>Vid\u00e9os : Bien d\u00e9marrer avec votre m\u00e9tier<\/h2>\n<p>Vous voulez savoir comment installer correctement un m\u00e9tier \u00e0 tisser Big Sister ?<\/p>\n<p>D\u00e9couvrez comment monter correctement le Lani gr\u00e2ce \u00e0 nos tutoriels vid\u00e9o :<\/p>\n<ul>\n<li><a href=\"https:\/\/www.youtube.com\/watch?v=BGB6Ufs28tk\" target=\"_blank\" rel=\"noopener\">Montage avec cha\u00eene continue pour la tapisserie<\/a><\/li>\n<li><a href=\"https:\/\/www.youtube.com\/watch?v=exP6cEOiaFo\" target=\"_blank\" rel=\"noopener\">Montage avec cha\u00eene continue pour le tissage de perles<\/a><\/li>\n<li><a href=\"https:\/\/youtu.be\/OqjyKEI8dVM\" target=\"_blank\" rel=\"noopener\">Tissage de perles avec ou sans syst\u00e8me de lisse<\/a><\/li>\n<\/ul>\n","protected":false},"excerpt":{"rendered":"<p>Le m\u00e9tier \u00e0 tisser<strong> Big Sister<\/strong> est le mod\u00e8le le plus populaire de la gamme Mirrix.<\/p>\n<p>Assez compact pour tenir dans un salon ou un atelier, il est n\u00e9anmoins assez puissant pour de plus grands projets de tissage.<\/p>\n<p>Gr\u00e2ce \u00e0 son design astucieux, le tissage devient simple et agr\u00e9able \u2014 id\u00e9al pour cr\u00e9er des bijoux, des tissages de perles ou de petites tapisseries murales. <\/p>\n<p>Ce m\u00e9tier convient aussi bien pour un usage domestique qu\u2019en d\u00e9placement.<\/p>\n<p>Avec une largeur de 40 cm et un poids de seulement 2 \u00e0 2,5 kg, il est facile \u00e0 transporter.<\/p>\n<p>Vous pouvez l\u2019installer partout sans compromis sur la stabilit\u00e9 ou la pr\u00e9cision. Et gr\u00e2ce \u00e0 ses pieds int\u00e9gr\u00e9s repliables, il se range tout aussi facilement. <\/p>\n<p>Choisissez la version qui vous convient : le mod\u00e8le standard ou une version allong\u00e9e avec plus de longueur de tissage. Chaque m\u00e9tier est livr\u00e9 avec le syst\u00e8me de lisse pratique de Mirrix. Vous n\u2019en avez pas besoin ? Il peut \u00eatre retir\u00e9 facilement.   <\/p>\n<p>Quelle est la diff\u00e9rence ? La <strong>version allong\u00e9e<\/strong> offre jusqu\u2019\u00e0 <strong>40 cm de longueur de tissage suppl\u00e9mentaire , <\/strong>id\u00e9al pour les projets plus ambitieux.  <\/p>\n","protected":false},"featured_media":19754,"template":"","meta":[],"product_brand":[],"product_cat":[354],"product_tag":[],"merk":[],"class_list":{"0":"post-10042","1":"product","2":"type-product","3":"status-publish","4":"has-post-thumbnail","6":"product_cat-metiers-a-tisser-mirrix","8":"first","9":"instock","10":"sale","11":"featured","12":"taxable","13":"shipping-taxable","14":"purchasable","15":"product-type-variable"},"_links":{"self":[{"href":"https:\/\/mirrix.be\/fr\/wp-json\/wp\/v2\/product\/10042","targetHints":{"allow":["GET"]}}],"collection":[{"href":"https:\/\/mirrix.be\/fr\/wp-json\/wp\/v2\/product"}],"about":[{"href":"https:\/\/mirrix.be\/fr\/wp-json\/wp\/v2\/types\/product"}],"wp:featuredmedia":[{"embeddable":true,"href":"https:\/\/mirrix.be\/fr\/wp-json\/wp\/v2\/media\/19754"}],"wp:attachment":[{"href":"https:\/\/mirrix.be\/fr\/wp-json\/wp\/v2\/media?parent=10042"}],"wp:term":[{"taxonomy":"product_brand","embeddable":true,"href":"https:\/\/mirrix.be\/fr\/wp-json\/wp\/v2\/product_brand?post=10042"},{"taxonomy":"product_cat","embeddable":true,"href":"https:\/\/mirrix.be\/fr\/wp-json\/wp\/v2\/product_cat?post=10042"},{"taxonomy":"product_tag","embeddable":true,"href":"https:\/\/mirrix.be\/fr\/wp-json\/wp\/v2\/product_tag?post=10042"},{"taxonomy":"merk","embeddable":true,"href":"https:\/\/mirrix.be\/fr\/wp-json\/wp\/v2\/merk?post=10042"}],"curies":[{"name":"wp","href":"https:\/\/api.w.org\/{rel}","templated":true}]}}