{"id":10115,"date":"2024-08-28T10:26:31","date_gmt":"2024-08-28T08:26:31","guid":{"rendered":"https:\/\/mirrix.be\/chlmetier-a-tisser-chloe-pocket-5%e2%80%b3-127-cm-8%e2%80%b3-20-cm-precis-et-polyvalent\/"},"modified":"2025-10-03T10:23:00","modified_gmt":"2025-10-03T08:23:00","slug":"metier-a-tisser-chloe-pocket","status":"publish","type":"product","link":"https:\/\/mirrix.be\/fr\/metier-a-tisser-chloe-pocket\/","title":{"rendered":"M\u00e9tier \u00e0 tisser Chloe Pocket 5\u2033 = 12,7 cm \/ 8\u2033 = 20 cm \u2013 Pr\u00e9cis et polyvalent"},"content":{"rendered":"<h2>Pourquoi choisir le Chloe Pocket Loom ?<\/h2>\n<p><strong>Ouvrage presque fini \u00e0 la sortie du m\u00e9tier<\/strong><\/p>\n<p>Gr\u00e2ce \u00e0 la cha\u00eene continue, votre cr\u00e9ation est en grande partie termin\u00e9e d\u00e8s qu\u2019elle quitte le m\u00e9tier. Il suffit de rentrer les fils de d\u00e9but et de fin. <\/p>\n<p><strong>Tension de cha\u00eene ultra pr\u00e9cise<\/strong><\/p>\n<h2>La tige filet\u00e9e permet d\u2019ajuster la hauteur du m\u00e9tier et de tendre les fils de cha\u00eene avec pr\u00e9cision, m\u00eame pendant le tissage. Cela \u00e9vite les fils l\u00e2ches ou les d\u00e9formations.  <\/h2>\n<p><strong>Disponible en 2 largeurs<\/strong><\/p>\n<h2>Sp\u00e9cifications \u2013 Chloe Pocket Loom<\/h2>\n<table>\n<thead>\n<tr>\n<td>Caract\u00e9ristique<\/td>\n<td>Valeur<\/td>\n<\/tr>\n<\/thead>\n<tbody>\n<tr>\n<td>Largeur de tissage<\/td>\n<td>12,7 cm ou 20 cm<\/td>\n<\/tr>\n<tr>\n<td>Longueur de tissage<\/td>\n<td>20 cm standard<\/td>\n<\/tr>\n<tr>\n<td>Tiges filet\u00e9es (option)<\/td>\n<td>20, 30, 37 ou 50 cm <\/td>\n<\/tr>\n<tr>\n<td>Peignes<\/td>\n<td>4 jeux (3, 4, 5 et 5,5 fils\/cm)<\/td>\n<\/tr>\n<tr>\n<td>Accessoires inclus<\/td>\n<td>2 cl\u00e9s pour le r\u00e9glage de la hauteur et de la tension<\/td>\n<\/tr>\n<\/tbody>\n<\/table>\n<h2><\/h2>\n<h2>Avec ou sans support ?<\/h2>\n<table>\n<thead>\n<tr>\n<td>Option<\/td>\n<td>Avantage<\/td>\n<\/tr>\n<\/thead>\n<tbody>\n<tr>\n<td>Sans support<\/td>\n<td>L\u00e9ger, compact et id\u00e9al sur les genoux<\/td>\n<\/tr>\n<tr>\n<td>Avec support r\u00e9glable<\/td>\n<td>Tissage debout confortable, les mains libres<\/td>\n<\/tr>\n<\/tbody>\n<\/table>\n<p>\ud83d\udca1 Le support peut aussi \u00eatre command\u00e9 s\u00e9par\u00e9ment. Sa hauteur est r\u00e9glable. <\/p>\n<h2><\/h2>\n<h2>Contenu de la bo\u00eete<\/h2>\n<ul>\n<li>Chloe Pocket Loom (12,7 ou 20 cm de large)<\/li>\n<li>4 jeux de peignes en aluminium<\/li>\n<li>2 cl\u00e9s de r\u00e9glage<\/li>\n<li>Instructions imprim\u00e9es claires<\/li>\n<\/ul>\n<h2>Pourquoi acheter chez Weefweelde ?<\/h2>\n<p><a href=\"https:\/\/weefweelde.be\/\" target=\"_blank\" rel=\"noopener\">Weefweelde<\/a> est le distributeur officiel des m\u00e9tiers \u00e0 tisser <a href=\"https:\/\/mirrixlooms.com\/\" target=\"_blank\" rel=\"noopener\">Mirrix<\/a> dans l\u2019UE. Vous b\u00e9n\u00e9ficiez de : <\/p>\n<ul>\n<li>Une exp\u00e9dition rapide depuis la Belgique<\/li>\n<li>Des conseils et soutien personnalis\u00e9s<\/li>\n<li>Des produits test\u00e9s et utilis\u00e9s par notre \u00e9quipe<\/li>\n<\/ul>\n<h2>Vid\u00e9os : Bien d\u00e9marrer avec votre m\u00e9tier<\/h2>\n<p>\u00c0 regarder :<\/p>\n<ul>\n<li>une br\u00e8ve impression de l&rsquo; Choe Loom\n<\/li>\n<li>tissage de perles sans et avec syst\u00e8me de lisse\n<\/li>\n<\/ul>\n<p>&nbsp;<\/p>\n<p>\u27a1\ufe0f Des questions ? Contactez-nous via notre <a href=\"https:\/\/mirrix.be\/fr\/contact\/\" target=\"_blank\" rel=\"noopener\">page de contact<\/a> <\/p>\n<p>&nbsp;<\/p>\n<p>&nbsp;<\/p>\n","protected":false},"excerpt":{"rendered":"<p>Envie de cr\u00e9er vos propres bracelets, d\u00e9corations murales ou petits panneaux ?<\/p>\n<p>Le <strong>Chloe Pocket Loom<\/strong> est fait pour vous.L\u00e9ger et polyvalent, ce m\u00e9tier est parfait pour le tissage de perles comme pour la petite tapisserie.<\/p>\n<p><strong>Profitez d\u00e8s maintenant de notre offre sp\u00e9ciale :<br \/>\n<\/strong><\/p>\n<p>Lorsque vous achetez le Mirrix Chloe, vous recevez un pack de d\u00e9marrage gratuit avec 4 couleurs de fil (4 x 10g), dont 1 multicolore et 15g de fil de cha\u00eene. C&rsquo;est le moyen id\u00e9al pour commencer tout de suite. <\/p>\n<p><strong>Comment indiquer votre pr\u00e9f\u00e9rence ?<\/strong><\/p>\n<p>Vous avez trouv\u00e9 un ensemble qui vous convient parfaitement ? Fantastique ! <\/p>\n<p>Vous pouvez indiquer le nom de votre ensemble pr\u00e9f\u00e9r\u00e9 dans le champ \u00ab Remarques concernant la commande \u00bb qui appara\u00eet pendant le processus de commande.<\/p>\n<p><strong>Vous avez oubli\u00e9 ? Pas de probl\u00e8me ! <\/strong><\/p>\n<p>Si vous nous laissez vous surprendre, nous serons ravis de vous composer un ensemble harmonieux et inspirant. Vous \u00eates ainsi assur\u00e9 de bien d\u00e9marrer votre aventure dans le monde du tissage ! <\/p>\n<p><strong>Attention : aucune modification des ensembles pr\u00e9sent\u00e9s n&rsquo;est possible.<\/strong> Nous garantissons que chaque kit constitue un point de d\u00e9part id\u00e9al pour votre aventure dans le tissage !<\/p>\n<p>&nbsp;<\/p>\n<p>&nbsp;<\/p>\n","protected":false},"featured_media":20405,"template":"","meta":[],"product_brand":[],"product_cat":[354],"product_tag":[388,376,384,373,387,385,377,375,374,386,372,383,382,381,380,379,378],"merk":[176],"class_list":{"0":"post-10115","1":"product","2":"type-product","3":"status-publish","4":"has-post-thumbnail","6":"product_cat-metiers-a-tisser-mirrix","7":"product_tag-acheter-metier-a-tisser","8":"product_tag-acheter-metier-a-tisser-de-table","9":"product_tag-acheter-un-metier-a-tisser","10":"product_tag-apprendre-a-tisser","11":"product_tag-metier-a-tisser","12":"product_tag-metier-a-tisser-de-table-fr-2","13":"product_tag-metier-a-tisser-de-table-fr","14":"product_tag-metier-a-tisser-de-table","15":"product_tag-metier-a-tisser-vertical","16":"product_tag-modele-de-table","17":"product_tag-petit-metier","18":"product_tag-petit-metier-a-tisser","19":"product_tag-tapis-de-sol","20":"product_tag-tapisserie-fr-2","21":"product_tag-tapisserie-fr","22":"product_tag-tissage-de-perles","23":"product_tag-tissage-de-tapis","24":"merk-mirrix","26":"first","27":"instock","28":"sale","29":"taxable","30":"shipping-taxable","31":"purchasable","32":"product-type-variable"},"_links":{"self":[{"href":"https:\/\/mirrix.be\/fr\/wp-json\/wp\/v2\/product\/10115","targetHints":{"allow":["GET"]}}],"collection":[{"href":"https:\/\/mirrix.be\/fr\/wp-json\/wp\/v2\/product"}],"about":[{"href":"https:\/\/mirrix.be\/fr\/wp-json\/wp\/v2\/types\/product"}],"wp:featuredmedia":[{"embeddable":true,"href":"https:\/\/mirrix.be\/fr\/wp-json\/wp\/v2\/media\/20405"}],"wp:attachment":[{"href":"https:\/\/mirrix.be\/fr\/wp-json\/wp\/v2\/media?parent=10115"}],"wp:term":[{"taxonomy":"product_brand","embeddable":true,"href":"https:\/\/mirrix.be\/fr\/wp-json\/wp\/v2\/product_brand?post=10115"},{"taxonomy":"product_cat","embeddable":true,"href":"https:\/\/mirrix.be\/fr\/wp-json\/wp\/v2\/product_cat?post=10115"},{"taxonomy":"product_tag","embeddable":true,"href":"https:\/\/mirrix.be\/fr\/wp-json\/wp\/v2\/product_tag?post=10115"},{"taxonomy":"merk","embeddable":true,"href":"https:\/\/mirrix.be\/fr\/wp-json\/wp\/v2\/merk?post=10115"}],"curies":[{"name":"wp","href":"https:\/\/api.w.org\/{rel}","templated":true}]}}