{"id":10221,"date":"2024-09-15T20:17:28","date_gmt":"2024-09-15T18:17:28","guid":{"rendered":"https:\/\/mirrix.be\/metier-a-tisser-joni-32%e2%80%b3-80-cm-large-stable-et-concu-pour-les-grands-projets\/"},"modified":"2026-02-08T09:08:17","modified_gmt":"2026-02-08T08:08:17","slug":"metier-a-tisser-joni-80-cm","status":"publish","type":"product","link":"https:\/\/mirrix.be\/fr\/metier-a-tisser-joni-80-cm\/","title":{"rendered":"M\u00e9tier \u00e0 tisser Joni 32\u2033 = 80 cm \u2013 Large, stable et con\u00e7u pour les grands projets"},"content":{"rendered":"<h2>Qu\u2019est-ce qui rend le Joni sp\u00e9cial ?<\/h2>\n<p>Le m\u00e9tier Joni est solide et mobile<\/p>\n<p>Malgr\u00e9 sa taille, le Joni reste relativement l\u00e9ger (5,6 kg) et facile \u00e0 d\u00e9placer.<\/p>\n<p>Gr\u00e2ce \u00e0 sa structure en aluminium anodis\u00e9 et son design astucieux, vous gardez toujours un contr\u00f4le parfait.<\/p>\n<p>Et avec ses pieds repliables int\u00e9gr\u00e9s, il se range facilement.<\/p>\n<h2><\/h2>\n<h2>Syst\u00e8me de lisse inclus<\/h2>\n<p>Le syst\u00e8me de lisse, standard ou allong\u00e9, permet de tisser plus vite et plus pr\u00e9cis\u00e9ment.<\/p>\n<p>La version allong\u00e9e augmente l\u2019ouverture de tissage de 2 cm \u00e0 4 cm \u2014 pratique pour les fils plus \u00e9pais.<\/p>\n<h2><\/h2>\n<h2>Pour perles et textile.<\/h2>\n<p>Comme tous les m\u00e9tiers Mirrix, le Joni convient aussi bien au tissage de perles qu\u2019\u00e0 la tapisserie.<\/p>\n<p>Gr\u00e2ce \u00e0 ses 74 cm de largeur, vous pouvez m\u00eame monter plusieurs projets \u00e9troits <u>c\u00f4te \u00e0 c\u00f4te<\/u>.<\/p>\n<p>&nbsp;<\/p>\n<p>Sp\u00e9cifications \u2013 M\u00e9tier Joni<\/p>\n<table>\n<thead>\n<tr>\n<td>Caract\u00e9ristique<\/td>\n<td>Valeur<\/td>\n<td width=\"42\"><\/td>\n<\/tr>\n<\/thead>\n<tbody>\n<tr>\n<td width=\"164\">Largeur de tissage<\/td>\n<td colspan=\"2\" width=\"227\">74 cm<\/td>\n<\/tr>\n<tr>\n<td width=\"164\">Largeur du m\u00e9tier<\/td>\n<td colspan=\"2\" width=\"227\">80 cm<\/td>\n<\/tr>\n<tr>\n<td width=\"164\">Longueur avec syst\u00e8me de lisse<\/td>\n<td colspan=\"2\" width=\"227\">140 cm<\/td>\n<\/tr>\n<tr>\n<td width=\"164\">Longueur sans syst\u00e8me de lisse<\/td>\n<td colspan=\"2\" width=\"227\">150 cm<\/td>\n<\/tr>\n<tr>\n<td>Gewicht<\/td>\n<td>5,6 kg<\/td>\n<td width=\"42\"><\/td>\n<\/tr>\n<tr>\n<td>Peignes inclus<\/td>\n<td>3, 5, 5,5 et 7 fils\/cm<\/td>\n<td width=\"42\"><\/td>\n<\/tr>\n<tr>\n<td><\/td>\n<td><\/td>\n<td width=\"42\"><\/td>\n<\/tr>\n<\/tbody>\n<\/table>\n<p>&nbsp;<\/p>\n<p>Les longueurs tiennent compte d\u2019une petite perte de fil de cha\u00eene au d\u00e9but et \u00e0 la fin de l\u2019ouvrage.<\/p>\n<p>&nbsp;<\/p>\n<p>\ud83d\udca1 Astuce : commencez avec le syst\u00e8me de lisses, puis retirez-le \u00e0 la fin pour profiter pleinement des 150 cm. <\/p>\n<p>&nbsp;<\/p>\n<p>&nbsp;<\/p>\n<p>\u27a1\ufe0f Vous cherchez un mod\u00e8le plus compact, mais performant ? D\u00e9couvrez le <a href=\"https:\/\/mirrix.be\/fr\/metier-a-tisser-zach-22-55-cm\/\">Zach Loom<\/a>. <\/p>\n<p>&nbsp;<\/p>\n<h2>Contenu de la bo\u00eete<\/h2>\n<ul>\n<li>M\u00e9tier Joni avec syst\u00e8me de lisse<\/li>\n<li>Poign\u00e9e du dispositif de lisse, cl\u00e9 d\u2019ajustage plate et cl\u00e9 Allen<\/li>\n<li>Barre sup\u00e9rieure pour ressorts, 4 ressorts en aluminium (3, 5, 5,5 et 7 fils\/cm)<\/li>\n<li>Manuel imprim\u00e9<\/li>\n<\/ul>\n<p>&nbsp;<\/p>\n<h2>Accessoires optionnels<\/h2>\n<ul>\n<li>Grand support<\/li>\n<li>Kit de ressorts et barres de cha\u00eene suppl\u00e9mentaires<\/li>\n<li>Kit de ressorts inf\u00e9rieurs<\/li>\n<li>Repose-pieds prolong\u00e9s<\/li>\n<li>Cordons Texsolv (pour attacher les fils de cha\u00eene)<\/li>\n<li>Tiges filet\u00e9es pour +25 cm de longueur de tissage<\/li>\n<\/ul>\n<p>&nbsp;<\/p>\n<h2>Mat\u00e9riaux<\/h2>\n<ul>\n<li>Barres en aluminium<\/li>\n<li>Tiges en cuivre et acier<\/li>\n<li>Pinces en \u00e9rable<\/li>\n<li>\n<\/li>\n<\/ul>\n<h2>Pourquoi choisir Weefweelde ?<\/h2>\n<p><a href=\"https:\/\/weefweelde.be\/\" target=\"_blank\" rel=\"noopener\">Weefweelde<\/a> est le distributeur officiel des <a href=\"https:\/\/mirrixlooms.com\/\" target=\"_blank\" rel=\"noopener\">m\u00e9tiers Mirrix <\/a>dans l\u2019Union europ\u00e9enne. Commander chez nous, c\u2019est b\u00e9n\u00e9ficier de :<\/p>\n<ul>\n<li>Une livraison rapide depuis la Belgique<\/li>\n<li>Des conseils personnalis\u00e9s<\/li>\n<li>Une exp\u00e9rience pratique sur tous les mod\u00e8les<\/li>\n<\/ul>\n<p>&nbsp;<\/p>\n<h2>Vid\u00e9os : Bien d\u00e9marrer avec votre m\u00e9tier<\/h2>\n<p>Vous souhaitez savoir comment installer correctement le m\u00e9tier \u00e0 tisser Joni ? D\u00e9couvrez comment monter correctement le Lani gr\u00e2ce \u00e0 nos tutoriels vid\u00e9o :<\/p>\n<ul>\n<li>Le montage avec cha\u00eene continue pour la tapisserie<\/li>\n<li>Le montage avec cha\u00eene continue pour le tissage de perles<\/li>\n<li>Le tissage de perles avec et sans syst\u00e8me de lisses<\/li>\n<\/ul>\n<p>&nbsp;<\/p>\n<p>&nbsp;<\/p>\n<p>\u27a1\ufe0f Des questions ? <a href=\"https:\/\/mirrix.be\/fr\/contact\/\">Contactez-nous ici.<\/a> <\/p>\n<p>&nbsp;<\/p>\n","protected":false},"excerpt":{"rendered":"<p>Le Joni Loom est l\u2019un des m\u00e9tiers les plus larges de la gamme Mirrix. Il est id\u00e9al pour celles et ceux qui veulent voir grand, sans devoir installer un m\u00e9tier encombrant chez eux. Gr\u00e2ce aux doubles barres en haut et en bas, le m\u00e9tier est \u00e0 la fois robuste et stable. <\/p>\n<p>Le m\u00e9tier \u00e0 tisser Joni n&rsquo;a qu&rsquo;une largeur de tissage effective de 74 cm !<\/p>\n<p>Cela ne signifie bien s\u00fbr pas que vous devez toujours tisser \u00e0 cette largeur, comme jamais sur nos m\u00e9tiers \u00e0 tisser : vous d\u00e9terminez vous-m\u00eame la largeur de la cha\u00eene. La longueur maximale de tissage de 150 cm offre bien s\u00fbr des possibilit\u00e9s incroyables. <\/p>\n<p>Joni est disponible avec un syst\u00e8me de siphon standard ou prolong\u00e9, avec ou sans cordons Texsolv. Vous pouvez bien s\u00fbr toujours les commander s\u00e9par\u00e9ment. <\/p>\n","protected":false},"featured_media":10222,"template":"","meta":[],"product_brand":[],"product_cat":[354],"product_tag":[],"merk":[],"class_list":{"0":"post-10221","1":"product","2":"type-product","3":"status-publish","4":"has-post-thumbnail","6":"product_cat-metiers-a-tisser-mirrix","8":"first","9":"instock","10":"sale","11":"taxable","12":"shipping-taxable","13":"purchasable","14":"product-type-variable"},"_links":{"self":[{"href":"https:\/\/mirrix.be\/fr\/wp-json\/wp\/v2\/product\/10221","targetHints":{"allow":["GET"]}}],"collection":[{"href":"https:\/\/mirrix.be\/fr\/wp-json\/wp\/v2\/product"}],"about":[{"href":"https:\/\/mirrix.be\/fr\/wp-json\/wp\/v2\/types\/product"}],"wp:featuredmedia":[{"embeddable":true,"href":"https:\/\/mirrix.be\/fr\/wp-json\/wp\/v2\/media\/10222"}],"wp:attachment":[{"href":"https:\/\/mirrix.be\/fr\/wp-json\/wp\/v2\/media?parent=10221"}],"wp:term":[{"taxonomy":"product_brand","embeddable":true,"href":"https:\/\/mirrix.be\/fr\/wp-json\/wp\/v2\/product_brand?post=10221"},{"taxonomy":"product_cat","embeddable":true,"href":"https:\/\/mirrix.be\/fr\/wp-json\/wp\/v2\/product_cat?post=10221"},{"taxonomy":"product_tag","embeddable":true,"href":"https:\/\/mirrix.be\/fr\/wp-json\/wp\/v2\/product_tag?post=10221"},{"taxonomy":"merk","embeddable":true,"href":"https:\/\/mirrix.be\/fr\/wp-json\/wp\/v2\/merk?post=10221"}],"curies":[{"name":"wp","href":"https:\/\/api.w.org\/{rel}","templated":true}]}}