{"id":10277,"date":"2024-08-28T14:37:22","date_gmt":"2024-08-28T12:37:22","guid":{"rendered":"https:\/\/mirrix.be\/metier-a-tisser-lani-8%e2%80%b3-compact-et-precis-pour-un-tissage-raffine\/"},"modified":"2025-08-19T17:45:29","modified_gmt":"2025-08-19T15:45:29","slug":"metier-a-tisser-lani-loom","status":"publish","type":"product","link":"https:\/\/mirrix.be\/fr\/metier-a-tisser-lani-loom\/","title":{"rendered":"M\u00e9tier \u00e0 tisser Lani 12\u2033 \u2013 Compact et pr\u00e9cis pour un tissage raffin\u00e9"},"content":{"rendered":"<h2>Pourquoi choisir le Lani ?<\/h2>\n<p><strong>Des performances compl\u00e8tes au format mini<\/strong><\/p>\n<p>Le Lani Loom est construit comme un v\u00e9ritable m\u00e9tier Mirrix, mais dans un format pratique.<\/p>\n<p>Aluminium robuste, tiges en inox et syst\u00e8me de lisse en option font de ce mod\u00e8le un partenaire fiable pour un travail de pr\u00e9cision.<\/p>\n<p><strong>Travailler avec ou sans syst\u00e8me de lisse<\/strong><\/p>\n<p>Gr\u00e2ce au syst\u00e8me de lisse unique de Mirrix, les fils de cha\u00eene altern\u00e9s se placent automatiquement vers l\u2019avant ou l\u2019arri\u00e8re. Cela rend le tissage non seulement plus rapide, mais garantit aussi un alignement parfait des fils. <\/p>\n<p>&nbsp;<\/p>\n<p>\ud83d\udca1 Astuce : commencez \u00e0 tisser avec le syst\u00e8me de lisse et ne le retirez qu\u2019\u00e0 la toute fin. Ainsi, vous profitez pleinement de la longueur de tissage et du confort. <\/p>\n<h2><\/h2>\n<h2><\/h2>\n<h2>Sp\u00e9cifications du Lani Loom<\/h2>\n<table>\n<thead>\n<tr>\n<td><strong>Caract\u00e9ristique<\/strong><\/td>\n<td><strong>Valeur<\/strong><\/td>\n<\/tr>\n<\/thead>\n<tbody>\n<tr>\n<td>Largeur de tissage<\/td>\n<td>Max. 13 cm<\/td>\n<\/tr>\n<tr>\n<td>Longueur de tissage (avec cha\u00eene)<\/td>\n<td>66 cm sans lisse, 55 cm avec lisse<\/td>\n<\/tr>\n<tr>\n<td>Largeur du m\u00e9tier<\/td>\n<td>20 cm<\/td>\n<\/tr>\n<tr>\n<td>Poids<\/td>\n<td>1,35 kg sans lisse \u2013 1,65 kg avec lisse<\/td>\n<\/tr>\n<tr>\n<td>Peignes inclus<\/td>\n<td>3, 5, 5,5 et 7 fils\/cm<\/td>\n<\/tr>\n<tr>\n<td>Mat\u00e9riaux<\/td>\n<td>Aluminium anodis\u00e9, inox, cuivre<\/td>\n<\/tr>\n<tr>\n<td><\/td>\n<td><\/td>\n<\/tr>\n<\/tbody>\n<\/table>\n<p>&nbsp;<\/p>\n<p>&nbsp;<\/p>\n<p>\u27a1\ufe0f Vous pr\u00e9f\u00e9rez un mod\u00e8le plus simple (et moins cher) avec des peignes interchangeables, mais sans syst\u00e8me de lisses ? D\u00e9couvrez \u00e9galement le <a href=\"https:\/\/mirrix.be\/fr\/metier-a-tisser-chloe-pocket\/\">Chloe Pocket Loom<\/a>. <\/p>\n<p>&nbsp;<\/p>\n<h2>Que contient la bo\u00eete du Lani Loom ?<\/h2>\n<ul>\n<li>Le m\u00e9tier \u00e0 tisser Lani Loom<\/li>\n<li>4 peignes pour r\u00e9partir les fils \u00e0 4 densit\u00e9s diff\u00e9rentes (3 \u2013 5 \u2013 5,5 \u2013 7 fils\/cm)<\/li>\n<li>Un manuel imprim\u00e9 clair<\/li>\n<\/ul>\n<p>&nbsp;<\/p>\n<h2>Accessoires et extensions<\/h2>\n<p><strong>Vous pouvez compl\u00e9ter votre m\u00e9tier avec :<\/strong><\/p>\n<ul>\n<li>Syst\u00e8me de lisses<\/li>\n<li>Une bobine de cordons Texsolv pour attacher les fils de cha\u00eene<\/li>\n<li>Des peignes et barres de cha\u00eene suppl\u00e9mentaires<\/li>\n<li>Des tiges filet\u00e9es et ressorts inf\u00e9rieurs<\/li>\n<\/ul>\n<p>&nbsp;<\/p>\n<h2>Pourquoi acheter chez Weefweelde ?<\/h2>\n<p><a href=\"https:\/\/weefweelde.be\/\" target=\"_blank\" rel=\"noopener\">Weefweelde<\/a> est le distributeur officiel des m\u00e9tiers \u00e0 tisser <a href=\"https:\/\/mirrixlooms.com\/\" target=\"_blank\" rel=\"noopener\">Mirrix <\/a>dans l\u2019UE. Vous b\u00e9n\u00e9ficiez de :<\/p>\n<ul>\n<li>Une exp\u00e9dition rapide depuis la Belgique<\/li>\n<li>Un accompagnement en fran\u00e7ais<\/li>\n<li>Une expertise issue de notre propre pratique<\/li>\n<\/ul>\n<h2><\/h2>\n<h2>Vid\u00e9os : Bien d\u00e9marrer avec votre m\u00e9tier<\/h2>\n<p>Vous souhaitez savoir comment installer correctement le m\u00e9tier \u00e0 tisser Lani ? D\u00e9couvrez comment monter correctement le Lani gr\u00e2ce \u00e0 nos tutoriels vid\u00e9o :<\/p>\n<ul>\n<li>Le montage avec cha\u00eene continue<\/li>\n<li>Le montage avec kit de barre de cha\u00eene sans finition<\/li>\n<li>Le tissage de perles<\/li>\n<\/ul>\n<p>&nbsp;<\/p>\n<p>\u27a1\ufe0f Des questions ? <a href=\"https:\/\/mirrix.be\/contact\">Contactez-nous ici.<\/a> <\/p>\n<p>&nbsp;<\/p>\n","protected":false},"excerpt":{"rendered":"<p>Le m\u00e9tier \u00e0 tisser <strong>Lani <\/strong>est un m\u00e9tier \u00e0 tisser compact et puissant, id\u00e9al pour les perles et les petits tapisseries.<\/p>\n<p>Avec une largeur de tissage maximale de 13 cm, ce mini-m\u00e9tier Mirrix est parfait pour celles et ceux qui veulent tisser en d\u00e9placement sans faire de compromis sur la qualit\u00e9.<\/p>\n<p>Vous choisissez vous-m\u00eame si vous travaillez avec ou sans le syst\u00e8me de lisse.<\/p>\n<p>&nbsp;<\/p>\n","protected":false},"featured_media":10290,"template":"","meta":[],"product_brand":[],"product_cat":[354],"product_tag":[397,355,395,396,381],"merk":[176],"class_list":{"0":"post-10277","1":"product","2":"type-product","3":"status-publish","4":"has-post-thumbnail","6":"product_cat-metiers-a-tisser-mirrix","7":"product_tag-bracelets-fr","8":"product_tag-mirrix-fr","9":"product_tag-mirrix-lani-loom-fr","10":"product_tag-perles","11":"product_tag-tapisserie-fr-2","12":"merk-mirrix","14":"first","15":"instock","16":"sale","17":"taxable","18":"shipping-taxable","19":"purchasable","20":"product-type-variable"},"_links":{"self":[{"href":"https:\/\/mirrix.be\/fr\/wp-json\/wp\/v2\/product\/10277","targetHints":{"allow":["GET"]}}],"collection":[{"href":"https:\/\/mirrix.be\/fr\/wp-json\/wp\/v2\/product"}],"about":[{"href":"https:\/\/mirrix.be\/fr\/wp-json\/wp\/v2\/types\/product"}],"wp:featuredmedia":[{"embeddable":true,"href":"https:\/\/mirrix.be\/fr\/wp-json\/wp\/v2\/media\/10290"}],"wp:attachment":[{"href":"https:\/\/mirrix.be\/fr\/wp-json\/wp\/v2\/media?parent=10277"}],"wp:term":[{"taxonomy":"product_brand","embeddable":true,"href":"https:\/\/mirrix.be\/fr\/wp-json\/wp\/v2\/product_brand?post=10277"},{"taxonomy":"product_cat","embeddable":true,"href":"https:\/\/mirrix.be\/fr\/wp-json\/wp\/v2\/product_cat?post=10277"},{"taxonomy":"product_tag","embeddable":true,"href":"https:\/\/mirrix.be\/fr\/wp-json\/wp\/v2\/product_tag?post=10277"},{"taxonomy":"merk","embeddable":true,"href":"https:\/\/mirrix.be\/fr\/wp-json\/wp\/v2\/merk?post=10277"}],"curies":[{"name":"wp","href":"https:\/\/api.w.org\/{rel}","templated":true}]}}