{"id":10350,"date":"2025-03-19T14:33:05","date_gmt":"2025-03-19T13:33:05","guid":{"rendered":"https:\/\/mirrix.be\/lily-loom-48-122-cm\/"},"modified":"2026-01-04T22:37:11","modified_gmt":"2026-01-04T21:37:11","slug":"lily-loom-48-122-cm","status":"publish","type":"product","link":"https:\/\/mirrix.be\/fr\/lily-loom-48-122-cm\/","title":{"rendered":"Lily Loom 48&Prime; = 122 cm"},"content":{"rendered":"<h2>Pourquoi choisir le Lily Loom ?<\/h2>\n<p><strong>Grand et compact \u00e0 la fois<\/strong><\/p>\n<p>Le m\u00e9tier mesure 122 cm de large, mais ne p\u00e8se que 8,9 kg. Les pieds repliables offrent une stabilit\u00e9 suppl\u00e9mentaire pendant le tissage et permettent un rangement compact par la suite.<\/p>\n<p>Gr\u00e2ce \u00e0 sa largeur exceptionnelle, vous pouvez tisser plusieurs pi\u00e8ces en parall\u00e8le, que ce soit des tapisseries ou des ouvrages de perles.<\/p>\n<p><strong>Confortable et pr\u00e9cis<\/strong><\/p>\n<p>Vous tissez \u00e0 la verticale \u00e0 l\u2019aide d\u2019un syst\u00e8me de lisse prolong\u00e9 qui cr\u00e9e une large ouverture. Cela vous permet de travailler de fa\u00e7on ergonomique et pr\u00e9cise, m\u00eame pour les projets de grande taille.<\/p>\n<p>\u27a1\ufe0f Vous pr\u00e9f\u00e9rez un mod\u00e8le un peu plus petit ? D\u00e9couvrez le <a href=\"https:\/\/mirrix.be\/fr\/metier-a-tisser-zeus-38-97-cm\/\">Zeus Loom<\/a>.<\/p>\n<p>&nbsp;<\/p>\n<h2>Quelle est la capacit\u00e9 de tissage du Lily Loom ?<\/h2>\n<p>&nbsp;<\/p>\n<table>\n<thead>\n<tr>\n<td>Avec syst\u00e8me de lisse<\/td>\n<td>Jusqu\u2019\u00e0 205 cm<\/td>\n<\/tr>\n<\/thead>\n<tbody>\n<tr>\n<td>Sans syst\u00e8me de lisse<\/td>\n<td>Jusqu\u2019\u00e0 216 cm<\/td>\n<\/tr>\n<\/tbody>\n<\/table>\n<p>&nbsp;<\/p>\n<p>Ces longueurs tiennent d\u00e9j\u00e0 compte d\u2019une petite perte de fil de cha\u00eene au d\u00e9but et \u00e0 la fin de votre ouvrage.<\/p>\n<p>\ud83d\udca1 Astuce : Retirez le syst\u00e8me de lisse seulement \u00e0 la toute fin de votre cha\u00eene et terminez sans. Vous profitez ainsi de presque toute la longueur de 216 cm.<\/p>\n<p>&nbsp;<\/p>\n<h2>Contenu de la bo\u00eete<\/h2>\n<ul>\n<li>Le m\u00e9tier \u00e0 tisser Lily Loom avec syst\u00e8me de lisse prolong\u00e9<\/li>\n<li>Poign\u00e9e du dispositif de lisse, cl\u00e9 d\u2019ajustage plate et cl\u00e9 Allen<\/li>\n<li>Barre sup\u00e9rieure pour ressorts et 4 ressorts en aluminium (3, 4, 5, et 5,5 et fils\/cm)<\/li>\n<li>Manuel imprim\u00e9<\/li>\n<\/ul>\n<p>&nbsp;<\/p>\n<h2>Caract\u00e9ristiques techniques du Lily Loom<\/h2>\n<p>&nbsp;<\/p>\n<table>\n<thead>\n<tr>\n<td width=\"158\">Caract\u00e9ristique<\/td>\n<td width=\"245\">Valeur<\/td>\n<\/tr>\n<\/thead>\n<tbody>\n<tr>\n<td width=\"158\">Weefbreedte<\/td>\n<td width=\"245\">115 cm<\/td>\n<\/tr>\n<tr>\n<td width=\"158\">Longueur de tissage (max)<\/td>\n<td width=\"245\">216 cm<\/td>\n<\/tr>\n<tr>\n<td width=\"158\">Largeur du m\u00e9tier<\/td>\n<td width=\"245\">122 cm<\/td>\n<\/tr>\n<tr>\n<td width=\"158\">Poids<\/td>\n<td width=\"245\">8,9 kg<\/td>\n<\/tr>\n<\/tbody>\n<\/table>\n<p>&nbsp;<\/p>\n<h2>Commander et recevoir le Lily Loom<\/h2>\n<p>Le m\u00e9tier Lily est fabriqu\u00e9 sur commande.<\/p>\n<p>Comptez sur trois semaines entre la commande et la livraison \u00e0 votre domicile.<\/p>\n<p>&nbsp;<\/p>\n<h2>Options suppl\u00e9mentaires<\/h2>\n<ul>\n<li>2 paquets de cordons Texsolv pour attacher les fils de cha\u00eene<\/li>\n<li>Barres de cha\u00eene et ressorts suppl\u00e9mentaires<\/li>\n<li>Kit de ressorts inf\u00e9rieurs<\/li>\n<\/ul>\n<h2><\/h2>\n<h2>Mat\u00e9riaux<\/h2>\n<ul>\n<li>Barres en aluminium<\/li>\n<li>Barres lat\u00e9rales en acier et en cuivre<\/li>\n<\/ul>\n<ul>\n<li>Pinces en \u00e9rable<\/li>\n<\/ul>\n<p>&nbsp;<\/p>\n<h2>Pourquoi choisir Weefweelde ?<\/h2>\n<p><a href=\"https:\/\/weefweelde.be\/\" target=\"_blank\" rel=\"noopener\">Weefweelde<\/a> est le distributeur officiel des <a href=\"https:\/\/mirrixlooms.com\/\" target=\"_blank\" rel=\"noopener\">m\u00e9tiers Mirrix<\/a> dans l\u2019Union europ\u00e9enne.<\/p>\n<p>Commander chez nous, c\u2019est b\u00e9n\u00e9ficier de :<\/p>\n<ul>\n<li>Une livraison rapide depuis la Belgique<\/li>\n<li>Des conseils personnalis\u00e9s<\/li>\n<li>Une exp\u00e9rience pratique sur tous les mod\u00e8les<\/li>\n<\/ul>\n<p>&nbsp;<\/p>\n<h2>Vid\u00e9os : Bien d\u00e9marrer avec votre m\u00e9tier<\/h2>\n<p>Vous souhaitez savoir comment bien monter votre Lily Loom ? D\u00e9couvrez comment monter correctement le Lani gr\u00e2ce \u00e0 nos tutoriels vid\u00e9o :<\/p>\n<ul>\n<li>Le montage avec cha\u00eene continue pour la tapisserie<\/li>\n<li>Le montage avec cha\u00eene continue pour le tissage de perles<\/li>\n<li>Le tissage de perles avec et sans syst\u00e8me de lisses<\/li>\n<\/ul>\n<p>&nbsp;<\/p>\n<p>&nbsp;<\/p>\n<p>\u27a1\ufe0f Des questions ? <a href=\"https:\/\/mirrix.be\/contact\">Contactez-nous ici.<\/a><\/p>\n","protected":false},"excerpt":{"rendered":"<p>Le <strong>Lily Loom<\/strong> est le plus grand m\u00e9tier \u00e0 tisser Mirrix, mais en m\u00eame temps \u00e9tonnamment compact et facile \u00e0 emporter avec soi.<\/p>\n<p>Aucun autre m\u00e9tier \u00e0 tisser de tapisserie combine une telle grande surface de tissage avec un tel format pratique et une telle flexibilit\u00e9.<\/p>\n<p>Avec une largeur de tissage de 115 cm et une longueur de tissage jusqu&rsquo;\u00e0 216 cm est ce m\u00e9tier \u00e0 tisser id\u00e9al pour grandes tapisseries.<\/p>\n<p>Gr\u00e2ce \u00e0 sa conception intelligente avec des pieds repliables tu peux a45&gt; tu le tout de m\u00eame facilement ranger.<\/p>\n<p>Parfait pour ceux qui ne veulent pas de m\u00e9tier \u00e0 tisser sur pied, mais souhaitent professionnel et abordable veulent tisser.<\/p>\n<p>&nbsp;<\/p>\n","protected":false},"featured_media":10351,"template":"","meta":[],"product_brand":[],"product_cat":[354],"product_tag":[],"merk":[],"class_list":{"0":"post-10350","1":"product","2":"type-product","3":"status-publish","4":"has-post-thumbnail","6":"product_cat-metiers-a-tisser-mirrix","8":"first","9":"onbackorder","10":"sale","11":"taxable","12":"shipping-taxable","13":"purchasable","14":"product-type-variable"},"_links":{"self":[{"href":"https:\/\/mirrix.be\/fr\/wp-json\/wp\/v2\/product\/10350","targetHints":{"allow":["GET"]}}],"collection":[{"href":"https:\/\/mirrix.be\/fr\/wp-json\/wp\/v2\/product"}],"about":[{"href":"https:\/\/mirrix.be\/fr\/wp-json\/wp\/v2\/types\/product"}],"wp:featuredmedia":[{"embeddable":true,"href":"https:\/\/mirrix.be\/fr\/wp-json\/wp\/v2\/media\/10351"}],"wp:attachment":[{"href":"https:\/\/mirrix.be\/fr\/wp-json\/wp\/v2\/media?parent=10350"}],"wp:term":[{"taxonomy":"product_brand","embeddable":true,"href":"https:\/\/mirrix.be\/fr\/wp-json\/wp\/v2\/product_brand?post=10350"},{"taxonomy":"product_cat","embeddable":true,"href":"https:\/\/mirrix.be\/fr\/wp-json\/wp\/v2\/product_cat?post=10350"},{"taxonomy":"product_tag","embeddable":true,"href":"https:\/\/mirrix.be\/fr\/wp-json\/wp\/v2\/product_tag?post=10350"},{"taxonomy":"merk","embeddable":true,"href":"https:\/\/mirrix.be\/fr\/wp-json\/wp\/v2\/merk?post=10350"}],"curies":[{"name":"wp","href":"https:\/\/api.w.org\/{rel}","templated":true}]}}