{"id":10403,"date":"2024-09-10T14:53:16","date_gmt":"2024-09-10T12:53:16","guid":{"rendered":"https:\/\/mirrix.be\/metier-a-tisser-little-guy-12%e2%80%b3-30-cm-compact-polyvalent-et-performant\/"},"modified":"2025-08-19T19:53:47","modified_gmt":"2025-08-19T17:53:47","slug":"metier-a-tisser-little-guy-12-30-cm","status":"publish","type":"product","link":"https:\/\/mirrix.be\/fr\/metier-a-tisser-little-guy-12-30-cm\/","title":{"rendered":"M\u00e9tier \u00e0 tisser Little Guy 12\u2033 = 30 cm \u2013 Compact, polyvalent et performant"},"content":{"rendered":"<h2>Pourquoi choisir le Little Guy ?<\/h2>\n<p>Le Little Guy vous offre une grande polyvalence. Vous travaillez confortablement avec du fil, des perles ou les deux. <\/p>\n<p>Le syst\u00e8me de lisse est inclus, mais vous pouvez aussi le retirer pour plus de flexibilit\u00e9 \u00e0 la fin de votre travail.<\/p>\n<p>Gr\u00e2ce \u00e0 son design ing\u00e9nieux avec des pieds repliables, il se range facilement.<\/p>\n<h3><\/h3>\n<h2>Quelles tailles sont disponibles ?<\/h2>\n<table>\n<thead>\n<tr>\n<td width=\"167\">Mod\u00e8le<\/td>\n<td width=\"143\">Longueur avec syst\u00e8me de lisse<\/td>\n<td width=\"119\">Sans syst\u00e8me de lisse<\/td>\n<\/tr>\n<\/thead>\n<tbody>\n<tr>\n<td width=\"167\">Standard (30 cm de haut)<\/td>\n<td width=\"143\">55 cm<\/td>\n<td width=\"119\">65 cm<\/td>\n<\/tr>\n<tr>\n<td width=\"167\">Version allong\u00e9e<\/td>\n<td width=\"143\">80 cm<\/td>\n<td width=\"119\">90 cm<\/td>\n<\/tr>\n<\/tbody>\n<\/table>\n<p><strong>Largeur de tissage<\/strong> : 23 cm<br \/>\n<strong>Largeur du m\u00e9tier<\/strong> : 30 cm<br \/>\n<strong>Poids <\/strong>: 1,6 \u2013 1,9 kg selon la configuration<\/p>\n<h3><\/h3>\n<p>\ud83d\udca1Astuce : Retirez le syst\u00e8me de lisses \u00e0 la fin pour utiliser toute la longueur de tissage.<\/p>\n<p>&nbsp;<\/p>\n<p>\u27a1\ufe0f Vous pr\u00e9f\u00e9rez un m\u00e9tier \u00e0 tisser plus compact ? D\u00e9couvrez aussi le <a href=\"https:\/\/mirrix.be\/fr\/metier-a-tisser-lani-loom\/\" target=\"_blank\" rel=\"noopener\">Lani Loom<\/a>. <\/p>\n<h2><\/h2>\n<h2>Contenu de la bo\u00eete<\/h2>\n<ul>\n<li>M\u00e9tier Mirrix Little Guy avec syst\u00e8me de lisse<\/li>\n<li>Une cl\u00e9 plate et une cl\u00e9 Allen<\/li>\n<li>Barre sup\u00e9rieure pour peignes<\/li>\n<li>4 ressorts sup\u00e9rieurs (3, 5, 5,5 et 7 fils\/cm)<\/li>\n<li>Un manuel imprim\u00e9 clair<\/li>\n<\/ul>\n<h2><\/h2>\n<h2>Accessoires en option<\/h2>\n<ul>\n<li>Grand support<\/li>\n<li>Barres de cha\u00eene et ressorts suppl\u00e9mentaires<\/li>\n<li>Kit de ressorts inf\u00e9rieurs<\/li>\n<li>Cordons Texsolv pour fixer les fils de cha\u00eene<\/li>\n<li>Repose-pieds prolong\u00e9s<\/li>\n<\/ul>\n<h2><\/h2>\n<h2>Mat\u00e9riaux<\/h2>\n<ul>\n<li>Barres en aluminium<\/li>\n<li>Barres lat\u00e9rales en acier et en cuivre<\/li>\n<li>Pinces en \u00e9rable<\/li>\n<\/ul>\n<h2><\/h2>\n<h2>Pourquoi acheter chez Weefweelde ?<\/h2>\n<p><a href=\"https:\/\/mirrixlooms.com\/\" target=\"_blank\" rel=\"noopener\">Weefweelde<\/a> est le distributeur officiel des <a href=\"https:\/\/mirrix.be\/\">m\u00e9tiers \u00e0 tisser Mirrix<\/a> dans l\u2019UE. En commandant chez nous, vous b\u00e9n\u00e9ficiez de :  <\/p>\n<ul>\n<li>Une livraison rapide depuis la Belgique<\/li>\n<li>Des conseils et soutien personnalis\u00e9s<\/li>\n<li>Une expertise pratique bas\u00e9e sur l\u2019exp\u00e9rience<\/li>\n<\/ul>\n<p>&nbsp;<\/p>\n<h2>Vid\u00e9os : Bien d\u00e9marrer avec votre m\u00e9tier<\/h2>\n<p>Vous voulez savoir comment monter correctement le m\u00e9tier \u00e0 tisser Little Guy 12\u201d ?<\/p>\n<p>D\u00e9couvrez comment monter correctement le Lani gr\u00e2ce \u00e0 nos tutoriels vid\u00e9o :<\/p>\n<ul>\n<li>Le montage avec cha\u00eene continue<\/li>\n<li>Le montage avec kit de barre de cha\u00eene sans finition<\/li>\n<li>Le tissage de perles<\/li>\n<\/ul>\n<p>&nbsp;<\/p>\n<p>\u27a1\ufe0f Des questions ? Contactez-nous via notre <a href=\"https:\/\/mirrix.be\/fr\/contact\/\" target=\"_blank\" rel=\"noopener\">page de contact<\/a> <\/p>\n","protected":false},"excerpt":{"rendered":"<p>Le <strong>Little Guy<\/strong> est un m\u00e9tier compact mais puissant, avec une largeur de tissage effective de 23 cm.<\/p>\n<p>Il allie portabilit\u00e9 et performance, et convient aussi bien pour le tissage de perles que de fils, ou une combinaison des deux.<\/p>\n<p>Utilisez-le sur vos genoux ou en position verticale sur une table.<\/p>\n<p>Gr\u00e2ce au syst\u00e8me de lisses Mirrix, vous travaillez rapidement et avec pr\u00e9cision.<\/p>\n<p>Le Little Guy existe en deux versions : la version standard et la version prolong\u00e9e, qui offre 25 cm de longueur de tissage suppl\u00e9mentaire.<\/p>\n","protected":false},"featured_media":19719,"template":"","meta":[],"product_brand":[],"product_cat":[354],"product_tag":[355,396,381,380,379,406],"merk":[],"class_list":{"0":"post-10403","1":"product","2":"type-product","3":"status-publish","4":"has-post-thumbnail","6":"product_cat-metiers-a-tisser-mirrix","7":"product_tag-mirrix-fr","8":"product_tag-perles","9":"product_tag-tapisserie-fr-2","10":"product_tag-tapisserie-fr","11":"product_tag-tissage-de-perles","12":"product_tag-tissage-mural","14":"first","15":"instock","16":"sale","17":"taxable","18":"shipping-taxable","19":"purchasable","20":"product-type-variable"},"_links":{"self":[{"href":"https:\/\/mirrix.be\/fr\/wp-json\/wp\/v2\/product\/10403","targetHints":{"allow":["GET"]}}],"collection":[{"href":"https:\/\/mirrix.be\/fr\/wp-json\/wp\/v2\/product"}],"about":[{"href":"https:\/\/mirrix.be\/fr\/wp-json\/wp\/v2\/types\/product"}],"wp:featuredmedia":[{"embeddable":true,"href":"https:\/\/mirrix.be\/fr\/wp-json\/wp\/v2\/media\/19719"}],"wp:attachment":[{"href":"https:\/\/mirrix.be\/fr\/wp-json\/wp\/v2\/media?parent=10403"}],"wp:term":[{"taxonomy":"product_brand","embeddable":true,"href":"https:\/\/mirrix.be\/fr\/wp-json\/wp\/v2\/product_brand?post=10403"},{"taxonomy":"product_cat","embeddable":true,"href":"https:\/\/mirrix.be\/fr\/wp-json\/wp\/v2\/product_cat?post=10403"},{"taxonomy":"product_tag","embeddable":true,"href":"https:\/\/mirrix.be\/fr\/wp-json\/wp\/v2\/product_tag?post=10403"},{"taxonomy":"merk","embeddable":true,"href":"https:\/\/mirrix.be\/fr\/wp-json\/wp\/v2\/merk?post=10403"}],"curies":[{"name":"wp","href":"https:\/\/api.w.org\/{rel}","templated":true}]}}